{"id":36642,"date":"2026-03-01T16:30:59","date_gmt":"2026-03-01T16:30:59","guid":{"rendered":"https:\/\/comprasyconsejos.store\/product\/thermaltake-berlin-750w-netzteil-atx-3-1-12v-2-x-6-pin-german-series\/"},"modified":"2026-03-01T16:31:02","modified_gmt":"2026-03-01T16:31:02","slug":"thermaltake-berlin-750w-netzteil-atx-3-1-12v-2-x-6-pin-german-series","status":"publish","type":"product","link":"https:\/\/comprasyconsejos.store\/en\/product\/thermaltake-berlin-750w-netzteil-atx-3-1-12v-2-x-6-pin-german-series\/","title":{"rendered":"Thermaltake Berlin 750W Netzteil | ATX 3.1 | 12V-2 x 6 Pin | German Series"},"content":{"rendered":"<p>Price: <span style=\"color:#b12704\">\u20ac83.90<\/span><br \/><i><small>(as of Mar 01, 2026 16:30:59 UTC &#8211; <span class=\"wp_automatic_amazon_disclaimer\" title=\"Product prices and availability are accurate as of the date\/time indicated and are subject to change. Any price and availability information displayed on [relevant Amazon Site(s), as applicable] at the time of purchase will apply to the purchase of this product.\">Details<\/span>)<\/small><\/i><\/p>\n<p><a href=\"https:\/\/amazon.es\/dp\/B0DNKBNV52?tag=man008-21\"><img decoding=\"async\" src=\"https:\/\/valvepress.s3.amazonaws.com\/imgs\/buy_now.png\"><\/a><br \/>\n<\/p>\n<p>                                             From the manufacturer   <\/p>\n<p>                                                  <img decoding=\"async\" alt=\"aplus content image\" src=\"https:\/\/images-na.ssl-images-amazon.com\/images\/G\/01\/x-locale\/common\/grey-pixel.gif\" class=\"a-lazy-loaded\" data-src=\"https:\/\/m.media-amazon.com\/images\/S\/aplus-media-library-service-media\/d4b50ee7-aaa0-48e5-a4fc-017af42e8c32.__CR0,0,970,300_PT0_SX970_V1___.jpg\"><img decoding=\"async\" alt=\"aplus content image\" src=\"https:\/\/m.media-amazon.com\/images\/S\/aplus-media-library-service-media\/d4b50ee7-aaa0-48e5-a4fc-017af42e8c32.__CR0,0,970,300_PT0_SX970_V1___.jpg\">  <\/p>\n<p>                                                      <img decoding=\"async\" alt=\"aplus content image\" src=\"https:\/\/images-na.ssl-images-amazon.com\/images\/G\/01\/x-locale\/common\/grey-pixel.gif\" class=\"a-spacing-mini a-lazy-loaded\" data-src=\"https:\/\/m.media-amazon.com\/images\/S\/aplus-media-library-service-media\/4307ef71-06d1-4718-b5d1-95856e72e678.__CR80,0,340,453_PT0_SX300_V1___.jpg\"><img decoding=\"async\" alt=\"aplus content image\" src=\"https:\/\/m.media-amazon.com\/images\/S\/aplus-media-library-service-media\/4307ef71-06d1-4718-b5d1-95856e72e678.__CR80,0,340,453_PT0_SX300_V1___.jpg\">  <\/p>\n<p>                                                              <img decoding=\"async\" alt=\"aplus content image\" src=\"https:\/\/images-na.ssl-images-amazon.com\/images\/G\/01\/x-locale\/common\/grey-pixel.gif\" class=\"a-spacing-mini a-lazy-loaded\" data-src=\"https:\/\/m.media-amazon.com\/images\/S\/aplus-media-library-service-media\/136276bd-e7ba-485b-bcc6-e5584bb1c333.__CR0,0,350,175_PT0_SX350_V1___.jpg\"><img decoding=\"async\" alt=\"aplus content image\" src=\"https:\/\/m.media-amazon.com\/images\/S\/aplus-media-library-service-media\/136276bd-e7ba-485b-bcc6-e5584bb1c333.__CR0,0,350,175_PT0_SX350_V1___.jpg\">                                                                 <\/p>\n<p class=\"a-spacing-small a-size-small a-color-secondary\"> Desde 1999, Thermaltake es sin\u00f3nimo de gaming de alto rendimiento. Su gama de productos abarca desde ventiladores b\u00e1sicos hasta sistemas gaming de gama alta, ofreciendo a principiantes y entusiastas del montaje de PC una amplia selecci\u00f3n para crear su equipo ideal. Para Thermaltake, alta calidad y dise\u00f1o atractivo no son conceptos opuestos, sino complementarios. <\/p>\n<h3 class=\"a-spacing-mini\"> German Series <\/h3>\n<p class=\"a-spacing-base\"> Con las fuentes Toughpower Hamburg 650W y Berlin 750W, Thermaltake presenta la nueva edici\u00f3n de la popular German Series. Esta nueva generaci\u00f3n cumple con todos los requisitos del est\u00e1ndar ATX 3.1 y viene equipada con un conector nativo PCIe Gen 5.1 (12+4 pines). Esto la convierte en una opci\u00f3n preparada para el futuro y compatible con las \u00faltimas generaciones de tarjetas gr\u00e1ficas. <\/p>\n<p>                                                  <img decoding=\"async\" alt=\"aplus content image\" src=\"https:\/\/images-na.ssl-images-amazon.com\/images\/G\/01\/x-locale\/common\/grey-pixel.gif\" class=\"a-lazy-loaded\" data-src=\"https:\/\/m.media-amazon.com\/images\/S\/aplus-media-library-service-media\/377ef830-d2ca-4ba4-a0ee-f72f0781100f.__CR0,0,970,300_PT0_SX970_V1___.jpg\"><img decoding=\"async\" alt=\"aplus content image\" src=\"https:\/\/m.media-amazon.com\/images\/S\/aplus-media-library-service-media\/377ef830-d2ca-4ba4-a0ee-f72f0781100f.__CR0,0,970,300_PT0_SX970_V1___.jpg\">  <\/p>\n<p> Product Dimensions                                            \u200f                                            :                                            \u200e                                            15 x 14 x 8.6 cm; 2.02 kg   <br \/> Manufacturer                                            \u200f                                            :                                            \u200e                                            Thermaltake   <br \/> ASIN                                            \u200f                                            :                                            \u200e                                            B0DNKBNV52   <br \/> Item model number                                            \u200f                                            :                                            \u200e                                            W0750RE   <br \/> Country\/Region of Origin                                            \u200f                                            :                                            \u200e                                            China   <br \/> Guaranteed software updates until                                            \u200f                                            :                                            \u200e                                            unknown   <br \/>  Customer reviews:                                                                                            4.6               4.6 out of 5 stars                                  (322)                                              var dpAcrHasRegisteredArcLinkClickAction;                    P.when(&#8216;A&#8217;, &#8216;ready&#8217;).execute(function(A) {                        if (dpAcrHasRegisteredArcLinkClickAction !== true) {                            dpAcrHasRegisteredArcLinkClickAction = true;                            A.declarative(                                &#8216;acrLink-click-metrics&#8217;, &#8216;click&#8217;,                                { \u00aballowLinkDefault\u00bb: true },                                function (event) {                                    if (window.ue) {                                        ue.count(\u00abacrLinkClickCount\u00bb, (ue.count(\u00abacrLinkClickCount\u00bb) || 0) + 1);                                    }                                }                            );                        }                    });                                             P.when(&#8216;A&#8217;, &#8216;cf&#8217;).execute(function(A) {                A.declarative(&#8216;acrStarsLink-click-metrics&#8217;, &#8216;click&#8217;, { \u00aballowLinkDefault\u00bb : true },  function(event){                    if(window.ue) {                        ue.count(\u00abacrStarsLinkWithPopoverClickCount\u00bb, (ue.count(\u00abacrStarsLinkWithPopoverClickCount\u00bb) || 0) + 1);                    }                });            });                          <\/p>\n<p>\ufe0f The Thermaltake Berlin is an ATX 3.1 power supply and can withstand up to 200% peak power.<br \/>\ufe0f Nativ mit dem aktuellen 12V-2+6 Pin Stecker f\u00fcr Grafikkarten der neuesten Generation ausgestattet.<br \/>\ufe0f Non-modular power supply is ideal for beginners.<br \/>\ufe0f Quiet and efficient 120mm fan<\/p>\n\n","protected":false},"excerpt":{"rendered":"<p> From the manufacturer Desde 1999, Thermaltake es sin\u00f3nimo de gaming de alto rendimiento. Su gama<\/p>","protected":false},"featured_media":36643,"comment_status":"open","ping_status":"closed","template":"","meta":[],"product_brand":[],"product_cat":[79],"product_tag":[10671,1488,1730,1490,1495,1458,10669,1499,1500,1494,4176,1492,10670,1498,1548,1485,824,361,2894],"class_list":{"0":"post-36642","1":"product","2":"type-product","3":"status-publish","4":"has-post-thumbnail","6":"product_cat-pc-power-supply-unit","7":"product_tag-12v2","8":"product_tag-650w-psu","9":"product_tag-750w","10":"product_tag-750w-psu","11":"product_tag-80-plus-gold-psu","12":"product_tag-atx","13":"product_tag-berlin","14":"product_tag-best-psu","15":"product_tag-computer-power-unit","16":"product_tag-gaming-power-supply","17":"product_tag-german","18":"product_tag-modular-psu","19":"product_tag-netzteil","20":"product_tag-pc-power-supply-price","21":"product_tag-pin","22":"product_tag-power-supply","23":"product_tag-psu","24":"product_tag-series","25":"product_tag-thermaltake","27":"first","28":"instock","29":"shipping-taxable","30":"product-type-external"},"_links":{"self":[{"href":"https:\/\/comprasyconsejos.store\/en\/wp-json\/wp\/v2\/product\/36642","targetHints":{"allow":["GET"]}}],"collection":[{"href":"https:\/\/comprasyconsejos.store\/en\/wp-json\/wp\/v2\/product"}],"about":[{"href":"https:\/\/comprasyconsejos.store\/en\/wp-json\/wp\/v2\/types\/product"}],"replies":[{"embeddable":true,"href":"https:\/\/comprasyconsejos.store\/en\/wp-json\/wp\/v2\/comments?post=36642"}],"version-history":[{"count":0,"href":"https:\/\/comprasyconsejos.store\/en\/wp-json\/wp\/v2\/product\/36642\/revisions"}],"wp:featuredmedia":[{"embeddable":true,"href":"https:\/\/comprasyconsejos.store\/en\/wp-json\/wp\/v2\/media\/36643"}],"wp:attachment":[{"href":"https:\/\/comprasyconsejos.store\/en\/wp-json\/wp\/v2\/media?parent=36642"}],"wp:term":[{"taxonomy":"product_brand","embeddable":true,"href":"https:\/\/comprasyconsejos.store\/en\/wp-json\/wp\/v2\/product_brand?post=36642"},{"taxonomy":"product_cat","embeddable":true,"href":"https:\/\/comprasyconsejos.store\/en\/wp-json\/wp\/v2\/product_cat?post=36642"},{"taxonomy":"product_tag","embeddable":true,"href":"https:\/\/comprasyconsejos.store\/en\/wp-json\/wp\/v2\/product_tag?post=36642"}],"curies":[{"name":"wp","href":"https:\/\/api.w.org\/{rel}","templated":true}]}}