{"id":36645,"date":"2026-03-01T16:32:45","date_gmt":"2026-03-01T16:32:45","guid":{"rendered":"https:\/\/comprasyconsejos.store\/product\/kingston-fury-beast-rgb-8gb-3200mt-s-ddr4-cl16-dimm-pc-desktop-memory-kf432c16bb2a-8\/"},"modified":"2026-03-01T16:32:46","modified_gmt":"2026-03-01T16:32:46","slug":"kingston-fury-beast-rgb-8gb-3200mt-s-ddr4-cl16-dimm-pc-desktop-memory-kf432c16bb2a-8","status":"publish","type":"product","link":"https:\/\/comprasyconsejos.store\/en\/product\/kingston-fury-beast-rgb-8gb-3200mt-s-ddr4-cl16-dimm-pc-desktop-memory-kf432c16bb2a-8\/","title":{"rendered":"Kingston Fury Beast RGB 8GB 3200MT\/s DDR4 CL16 DIMM PC Desktop Memory KF432C16BB2A\/8"},"content":{"rendered":"<p>Price: <span style=\"color:#b12704\">\u20ac94.68<\/span><br \/><i><small>(as of Mar 01, 2026 16:32:45 UTC &#8211; <span class=\"wp_automatic_amazon_disclaimer\" title=\"Product prices and availability are accurate as of the date\/time indicated and are subject to change. Any price and availability information displayed on [relevant Amazon Site(s), as applicable] at the time of purchase will apply to the purchase of this product.\">Details<\/span>)<\/small><\/i><\/p>\n<p><a href=\"https:\/\/amazon.es\/dp\/B0CGLTWDND?tag=man008-21\"><img decoding=\"async\" src=\"https:\/\/valvepress.s3.amazonaws.com\/imgs\/buy_now.png\"><\/a><br \/>\n<\/p>\n<p>                                             From the manufacturer   <\/p>\n<h3 class=\"a-spacing-mini\"> Memoria Kingston FURY Beast DDR5 RGB <\/h3>\n<p>                                          <img decoding=\"async\" alt=\"Memoria Kingston FURY Beast DDR5 RGB\" src=\"https:\/\/images-na.ssl-images-amazon.com\/images\/G\/01\/x-locale\/common\/grey-pixel.gif\" class=\"a-spacing-base a-lazy-loaded\" data-src=\"https:\/\/m.media-amazon.com\/images\/S\/aplus-media-library-service-media\/49047ea1-a634-4705-987c-6122a72e40ec.__CR0,0,970,600_PT0_SX970_V1___.jpg\"><img decoding=\"async\" alt=\"Memoria Kingston FURY Beast DDR5 RGB\" src=\"https:\/\/m.media-amazon.com\/images\/S\/aplus-media-library-service-media\/49047ea1-a634-4705-987c-6122a72e40ec.__CR0,0,970,600_PT0_SX970_V1___.jpg\">                                         <\/p>\n<h3 class=\"a-spacing-mini\"> D\u00e9 rienda suelta al rendimiento. <\/h3>\n<p class=\"a-spacing-base\"> Las memorias Kingston FURY Beast DDR4 RGB modernizan la est\u00e9tica y el rendimiento de cualquier sistema. Incorpora la impactante iluminaci\u00f3n RGB\u00b9, que complementa el elegante disipador t\u00e9rmico negro y alcanza impresionantes velocidades de hasta 3.733 MT\/s\u00b2. Seleccione entre los perfiles Intel XMP Certified o XMP-Ready, Preparado para AMD Ryzen, o consiga la sobreaceleraci\u00f3n autom\u00e1tica Plug N Play3 de 2.666 MT\/s para obtener toda la adrenalina que necesita para trabajar y jugar. <\/p>\n<p class=\"a-spacing-base\">\n<p>Elegante iluminaci\u00f3n RGB de bajo perfil\u00b9Kingston FURY Infrared Sync Technology patentadaIntel XMP Certified y XMP-ReadyPreparado para AMD RyzenVelocidades de hasta 3733 MT\/s\u00b2 y capacidades de hasta 128 GBFuncionalidad Plug N Play3 a 2666 MT\/s         <\/p>\n<p class=\"a-spacing-base\"> 1.Iluminaci\u00f3n personalizable con el software FURY CTRL de Kingston, o bien con el software de control de RGB de la placa base. La compatibilidad para personalizar el RGB mediante software de terceros puede variar. <\/p>\n<p class=\"a-spacing-base\"> 2.M\u00e1s informaci\u00f3n acerca de megatransferencias por segundo &#8211; MT\/s denota megatransferencias (millones de transferencias) por segundo, y representa la velocidad de datos efectiva de la memoria SDRAM de DDR (Doble velocidad de datos) en inform\u00e1tica. Un m\u00f3dulo de memoria DDR SDRAM transfiere datos en la subida y bajada de cada ciclo de reloj (1 Hz). Por ejemplo: DDR4-3200 (PC4-3200) Velocidad de reloj: 1600 MHz Velocidad de transferencia de datos: 3200 MT\/s Ancho de banda: 25.600 MB\/s (25,6 GB\/s) <\/p>\n<p class=\"a-spacing-base\"> 3.La memoria [Kingston FURY Plug N Play] funcionar\u00e1 con los sistemas DDR4 hasta la velocidad permitida por el [BIOS] del sistema del fabricante. La tecnolog\u00eda PnP no puede aumentar la velocidad de la memoria del sistema m\u00e1s de lo que permite el [BIOS] del fabricante. Los productos [Kingston FURY Plug N Play DDR4] son compatibles con las especificaciones XMP 2.0, por lo cual la sobreaceleraci\u00f3n tambi\u00e9n puede ejecutarse habilitando el perfil XMP integrado. <\/p>\n<p>                                                  <img decoding=\"async\" alt=\"Memoria Kingston FURY Beast DDR5 RGB\" src=\"https:\/\/images-na.ssl-images-amazon.com\/images\/G\/01\/x-locale\/common\/grey-pixel.gif\" class=\"a-lazy-loaded\" data-src=\"https:\/\/m.media-amazon.com\/images\/S\/aplus-media-library-service-media\/45bb9ff5-ad4e-462f-a452-548016c8b632.__CR41,0,1966,608_PT0_SX970_V1___.jpg\"><img decoding=\"async\" alt=\"Memoria Kingston FURY Beast DDR5 RGB\" src=\"https:\/\/m.media-amazon.com\/images\/S\/aplus-media-library-service-media\/45bb9ff5-ad4e-462f-a452-548016c8b632.__CR41,0,1966,608_PT0_SX970_V1___.jpg\">  <\/p>\n<h3> Iluminaci\u00f3n RGB personalizable\u00b9 de elegante dise\u00f1o <\/h3>\n<p> Transforme su sistema utilizando Kingston FURY CTRL para elegir entre m\u00e1s de una docena de patrones de iluminaci\u00f3n, o bien personalice los efectos RGB en el elegante disipador t\u00e9rmico. <\/p>\n<p>                                                  <img decoding=\"async\" alt=\"Memoria Kingston FURY Beast DDR5 RGB\" src=\"https:\/\/images-na.ssl-images-amazon.com\/images\/G\/01\/x-locale\/common\/grey-pixel.gif\" class=\"a-lazy-loaded\" data-src=\"https:\/\/m.media-amazon.com\/images\/S\/aplus-media-library-service-media\/773384ed-49cf-4b48-b4fa-7df62923a6d7.__CR41,0,1966,608_PT0_SX970_V1___.jpg\"><img decoding=\"async\" alt=\"Memoria Kingston FURY Beast DDR5 RGB\" src=\"https:\/\/m.media-amazon.com\/images\/S\/aplus-media-library-service-media\/773384ed-49cf-4b48-b4fa-7df62923a6d7.__CR41,0,1966,608_PT0_SX970_V1___.jpg\">  <\/p>\n<h3> Kingston FURY Infrared Sync Technology <\/h3>\n<p> Mantenga sincronizados los efectos luminosos de RGB con la patentada Kingston FURY Infrared Sync Technology. <\/p>\n<p>                                                  <img decoding=\"async\" alt=\"Memoria Kingston FURY Beast DDR5 RGB\" src=\"https:\/\/images-na.ssl-images-amazon.com\/images\/G\/01\/x-locale\/common\/grey-pixel.gif\" class=\"a-lazy-loaded\" data-src=\"https:\/\/m.media-amazon.com\/images\/S\/aplus-media-library-service-media\/73ea47b3-e48a-4316-b32b-c583972fbc74.__CR41,0,1966,608_PT0_SX970_V1___.jpg\"><img decoding=\"async\" alt=\"Memoria Kingston FURY Beast DDR5 RGB\" src=\"https:\/\/m.media-amazon.com\/images\/S\/aplus-media-library-service-media\/73ea47b3-e48a-4316-b32b-c583972fbc74.__CR41,0,1966,608_PT0_SX970_V1___.jpg\">  <\/p>\n<h3> Intel XMP Certified y XMP-Ready <\/h3>\n<p> Nuestros ingenieros han predefinido Intel Extreme Memory Profiles para alcanzar velocidades de hasta 3733 MT\/s\u00b2 y sacar el m\u00e1ximo partido de la memoria. <\/p>\n<p>                                                  <img decoding=\"async\" alt=\"Memoria Kingston FURY Beast DDR5 RGB\" src=\"https:\/\/images-na.ssl-images-amazon.com\/images\/G\/01\/x-locale\/common\/grey-pixel.gif\" class=\"a-lazy-loaded\" data-src=\"https:\/\/m.media-amazon.com\/images\/S\/aplus-media-library-service-media\/cf371de4-1d89-4079-b178-570bf08cca4b.__CR41,0,1966,608_PT0_SX970_V1___.jpg\"><img decoding=\"async\" alt=\"Memoria Kingston FURY Beast DDR5 RGB\" src=\"https:\/\/m.media-amazon.com\/images\/S\/aplus-media-library-service-media\/cf371de4-1d89-4079-b178-570bf08cca4b.__CR41,0,1966,608_PT0_SX970_V1___.jpg\">  <\/p>\n<h3> Preparado para AMD Ryzen <\/h3>\n<p> Conf\u00ede en su sistema basado en AMD para poner manos a la obra, en aplicaciones o juegos, con una memoria preparada para Ryzen. <\/p>\n<p> Batteries                                            \u200f                                            :                                            \u200e                                            1 AAAA batteries required.   <br \/> Language                                            \u200f                                            :                                            \u200e                                            English   <br \/> Product Dimensions                                            \u200f                                            :                                            \u200e                                            13.34 x 0.71 x 4.11 cm; 38.95 g   <br \/> Manufacturer                                            \u200f                                            :                                            \u200e                                            Kingston   <br \/> ASIN                                            \u200f                                            :                                            \u200e                                            B0CGLTWDND   <br \/> Item model number                                            \u200f                                            :                                            \u200e                                            KF432C16BB2A\/8   <br \/> Country of origin                                            \u200f                                            :                                            \u200e                                            China   <br \/> Guaranteed software updates until                                            \u200f                                            :                                            \u200e                                            unknown   <br \/>  Customer reviews:                                                                                            4.7               4.7 out of 5 stars                                  (1,287)                                              var dpAcrHasRegisteredArcLinkClickAction;                    P.when(&#8216;A&#8217;, &#8216;ready&#8217;).execute(function(A) {                        if (dpAcrHasRegisteredArcLinkClickAction !== true) {                            dpAcrHasRegisteredArcLinkClickAction = true;                            A.declarative(                                &#8216;acrLink-click-metrics&#8217;, &#8216;click&#8217;,                                { \u00aballowLinkDefault\u00bb: true },                                function (event) {                                    if (window.ue) {                                        ue.count(\u00abacrLinkClickCount\u00bb, (ue.count(\u00abacrLinkClickCount\u00bb) || 0) + 1);                                    }                                }                            );                        }                    });                                             P.when(&#8216;A&#8217;, &#8216;cf&#8217;).execute(function(A) {                A.declarative(&#8216;acrStarsLink-click-metrics&#8217;, &#8216;click&#8217;, { \u00aballowLinkDefault\u00bb : true },  function(event){                    if(window.ue) {                        ue.count(\u00abacrStarsLinkWithPopoverClickCount\u00bb, (ue.count(\u00abacrStarsLinkWithPopoverClickCount\u00bb) || 0) + 1);                    }                });            });                          <\/p>\n<p>Sleek low-profile RGB lighting\u00b9<br \/>Kingston Patented FURY Infrared Sync Technology<br \/>Intel XMP Certified and XMP-Ready<br \/>AMD Ryzen Ready<br \/>Plug N Play\u00b3 functionality at 2666 MT\/s<\/p>\n\n","protected":false},"excerpt":{"rendered":"<p> From the manufacturer Memoria Kingston FURY Beast DDR5 RGB D\u00e9 rienda suelta al rendimiento. Las<\/p>","protected":false},"featured_media":36646,"comment_status":"open","ping_status":"closed","template":"","meta":[],"product_brand":[],"product_cat":[77],"product_tag":[1480,10672,1481,622,3885,10673,535,1478,1479,787,1484,3887,3884,1482,10674,1529,1483,511,587,1487,885,1486],"class_list":{"0":"post-36645","1":"product","2":"type-product","3":"status-publish","4":"has-post-thumbnail","6":"product_cat-memory-ram","7":"product_tag-16gb-ram","8":"product_tag-3200mts","9":"product_tag-32gb-ram","10":"product_tag-8gb","11":"product_tag-beast","12":"product_tag-cl16","13":"product_tag-ddr4","14":"product_tag-ddr4-ram","15":"product_tag-ddr5-ram","16":"product_tag-desktop","17":"product_tag-desktop-ram","18":"product_tag-dimm","19":"product_tag-fury","20":"product_tag-gaming-ram","21":"product_tag-kf432c16bb2a8","22":"product_tag-kingston","23":"product_tag-laptop-ram","24":"product_tag-memory","25":"product_tag-ram","26":"product_tag-ram-price","27":"product_tag-rgb","28":"product_tag-rgb-ram","30":"first","31":"instock","32":"shipping-taxable","33":"product-type-external"},"_links":{"self":[{"href":"https:\/\/comprasyconsejos.store\/en\/wp-json\/wp\/v2\/product\/36645","targetHints":{"allow":["GET"]}}],"collection":[{"href":"https:\/\/comprasyconsejos.store\/en\/wp-json\/wp\/v2\/product"}],"about":[{"href":"https:\/\/comprasyconsejos.store\/en\/wp-json\/wp\/v2\/types\/product"}],"replies":[{"embeddable":true,"href":"https:\/\/comprasyconsejos.store\/en\/wp-json\/wp\/v2\/comments?post=36645"}],"version-history":[{"count":0,"href":"https:\/\/comprasyconsejos.store\/en\/wp-json\/wp\/v2\/product\/36645\/revisions"}],"wp:featuredmedia":[{"embeddable":true,"href":"https:\/\/comprasyconsejos.store\/en\/wp-json\/wp\/v2\/media\/36646"}],"wp:attachment":[{"href":"https:\/\/comprasyconsejos.store\/en\/wp-json\/wp\/v2\/media?parent=36645"}],"wp:term":[{"taxonomy":"product_brand","embeddable":true,"href":"https:\/\/comprasyconsejos.store\/en\/wp-json\/wp\/v2\/product_brand?post=36645"},{"taxonomy":"product_cat","embeddable":true,"href":"https:\/\/comprasyconsejos.store\/en\/wp-json\/wp\/v2\/product_cat?post=36645"},{"taxonomy":"product_tag","embeddable":true,"href":"https:\/\/comprasyconsejos.store\/en\/wp-json\/wp\/v2\/product_tag?post=36645"}],"curies":[{"name":"wp","href":"https:\/\/api.w.org\/{rel}","templated":true}]}}