{"id":36658,"date":"2026-03-01T17:32:12","date_gmt":"2026-03-01T17:32:12","guid":{"rendered":"https:\/\/comprasyconsejos.store\/product\/mars-gaming-mc-rev-atx-gaming-case-double-tempered-glass-3x-inverted-argb-fans-12-cm-vertical-graphics-card-mount-pc-tower-with-support-liquid-cooling-up-to-360-mm-black\/"},"modified":"2026-03-01T17:32:16","modified_gmt":"2026-03-01T17:32:16","slug":"mars-gaming-mc-rev-atx-gaming-case-double-tempered-glass-3x-inverted-argb-fans-12-cm-vertical-graphics-card-mount-pc-tower-with-support-liquid-cooling-up-to-360-mm-black","status":"publish","type":"product","link":"https:\/\/comprasyconsejos.store\/en\/product\/mars-gaming-mc-rev-atx-gaming-case-double-tempered-glass-3x-inverted-argb-fans-12-cm-vertical-graphics-card-mount-pc-tower-with-support-liquid-cooling-up-to-360-mm-black\/","title":{"rendered":"Mars Gaming MC-Rev, ATX Gaming Case, Double Tempered Glass, 3X Inverted ARGB Fans 12 cm, Vertical Graphics Card Mount, PC Tower with Support Liquid Cooling up to 360 mm, Black"},"content":{"rendered":"<p>Price: <span style=\"color:#b12704\">\u20ac105.90<\/span><br \/><i><small>(as of Mar 01, 2026 17:32:13 UTC &#8211; <span class=\"wp_automatic_amazon_disclaimer\" title=\"Product prices and availability are accurate as of the date\/time indicated and are subject to change. Any price and availability information displayed on [relevant Amazon Site(s), as applicable] at the time of purchase will apply to the purchase of this product.\">Details<\/span>)<\/small><\/i><\/p>\n<p><a href=\"https:\/\/amazon.es\/dp\/B0F1TRB2KX?tag=man008-21\"><img decoding=\"async\" src=\"https:\/\/valvepress.s3.amazonaws.com\/imgs\/buy_now.png\"><\/a><br \/>\n<\/p>\n<p>                                             From the manufacturer   <\/p>\n<p>                                                  <img decoding=\"async\" alt=\"aplus content image\" src=\"https:\/\/images-na.ssl-images-amazon.com\/images\/G\/01\/x-locale\/common\/grey-pixel.gif\" class=\"a-lazy-loaded\" data-src=\"https:\/\/m.media-amazon.com\/images\/S\/aplus-media-library-service-media\/ac4b99af-c324-4911-b502-bebf5900cd9b.__CR0,0,970,300_PT0_SX970_V1___.jpg\"><img decoding=\"async\" alt=\"aplus content image\" src=\"https:\/\/m.media-amazon.com\/images\/S\/aplus-media-library-service-media\/ac4b99af-c324-4911-b502-bebf5900cd9b.__CR0,0,970,300_PT0_SX970_V1___.jpg\">  <\/p>\n<p>                                                                             <img decoding=\"async\" alt=\"aplus content image\" src=\"https:\/\/images-na.ssl-images-amazon.com\/images\/G\/01\/x-locale\/common\/grey-pixel.gif\" class=\"a-spacing-base a-lazy-loaded\" data-src=\"https:\/\/m.media-amazon.com\/images\/S\/aplus-media-library-service-media\/0076a6ba-5072-4096-809c-75f6ad8cdb80.__CR0,0,5000,3093_PT0_SX970_V1___.jpg\"><img decoding=\"async\" alt=\"aplus content image\" src=\"https:\/\/m.media-amazon.com\/images\/S\/aplus-media-library-service-media\/0076a6ba-5072-4096-809c-75f6ad8cdb80.__CR0,0,5000,3093_PT0_SX970_V1___.jpg\">                                                                    <\/p>\n<p class=\"apm-text-center\">\n                                                      <img decoding=\"async\" alt=\"Primer plano de la fuente de alimentaci\u00f3n negra de la computadora con ventilador de refrigeraci\u00f3n visible a trav\u00e9s de una rejilla de malla.\" src=\"https:\/\/images-na.ssl-images-amazon.com\/images\/G\/01\/x-locale\/common\/grey-pixel.gif\" class=\"a-spacing-mini a-lazy-loaded\" data-src=\"https:\/\/m.media-amazon.com\/images\/S\/aplus-media-library-service-media\/c73a5948-9a4e-4346-a0a6-eef0e98887dd.__CR0,0,2000,2000_PT0_SX300_V1___.jpg\"><img decoding=\"async\" alt=\"Primer plano de la fuente de alimentaci\u00f3n negra de la computadora con ventilador de refrigeraci\u00f3n visible a trav\u00e9s de una rejilla de malla.\" src=\"https:\/\/m.media-amazon.com\/images\/S\/aplus-media-library-service-media\/c73a5948-9a4e-4346-a0a6-eef0e98887dd.__CR0,0,2000,2000_PT0_SX300_V1___.jpg\">  <\/p>\n<p>                                                    FUENTES DE ALIMENTACI\u00d3N                                          <\/p>\n<p> Elige la fuente de alimentaci\u00f3n que mejor se adapte a las necesidades de tu PC. <\/p>\n<p> Con diferentes potencias para ajustarse a tu ordenador, Mars Gaming ofrece fuentes de 550W, 650W, 750W, 850W o 1000W. Disfruta de las ventajas de las fuentes modulares y equipa tu PC gaming. <\/p>\n<p class=\"apm-text-center\">\n                                                      <img decoding=\"async\" alt=\"aplus content image\" src=\"https:\/\/images-na.ssl-images-amazon.com\/images\/G\/01\/x-locale\/common\/grey-pixel.gif\" class=\"a-spacing-mini a-lazy-loaded\" data-src=\"https:\/\/m.media-amazon.com\/images\/S\/aplus-media-library-service-media\/b6878f14-5c45-4650-8b27-d028b86c437a.__CR436,0,480,480_PT0_SX300_V1___.png\"><img decoding=\"async\" alt=\"aplus content image\" src=\"https:\/\/m.media-amazon.com\/images\/S\/aplus-media-library-service-media\/b6878f14-5c45-4650-8b27-d028b86c437a.__CR436,0,480,480_PT0_SX300_V1___.png\">  <\/p>\n<p>                                                    CAJAS                                          <\/p>\n<p> Construye tu ordenador ideal con cajas gaming de dise\u00f1o. <\/p>\n<p> Equ\u00edpate con estas cajas gaming y completa tu setup con torres de diferentes dise\u00f1os y tama\u00f1os. <\/p>\n<p class=\"apm-text-center\">\n                                                      <img decoding=\"async\" alt=\"aplus content image\" src=\"https:\/\/images-na.ssl-images-amazon.com\/images\/G\/01\/x-locale\/common\/grey-pixel.gif\" class=\"a-spacing-mini a-lazy-loaded\" data-src=\"https:\/\/m.media-amazon.com\/images\/S\/aplus-media-library-service-media\/27e6e79c-2201-4838-bf2a-7882b165a137.__CR118,0,480,480_PT0_SX300_V1___.png\"><img decoding=\"async\" alt=\"aplus content image\" src=\"https:\/\/m.media-amazon.com\/images\/S\/aplus-media-library-service-media\/27e6e79c-2201-4838-bf2a-7882b165a137.__CR118,0,480,480_PT0_SX300_V1___.png\">  <\/p>\n<p>                                                    AUDIO                                       <\/p>\n<p> Disfruta de la calidad de audio Mars Gaming: altavoces, auriculares y tarjetas de sonido. <\/p>\n<p> Los altavoces Mars Gaming est\u00e1n equipados con la tecnolog\u00eda m\u00e1s avanzada: con sistema Surround, graves potentes y drivers de neodimio, consigue la mejor calidad de sonido. Completa tu setup con auriculares gaming, altavoces Bluetooth inal\u00e1mbricos y tarjetas de sonido. <\/p>\n<p class=\"apm-text-center\">\n                                                      <img decoding=\"async\" alt=\"aplus content image\" src=\"https:\/\/images-na.ssl-images-amazon.com\/images\/G\/01\/x-locale\/common\/grey-pixel.gif\" class=\"a-spacing-mini a-lazy-loaded\" data-src=\"https:\/\/m.media-amazon.com\/images\/S\/aplus-media-library-service-media\/e6a1f8af-7c8d-4a57-8d30-b1bbf2facb4d.__CR310,0,480,480_PT0_SX300_V1___.png\"><img decoding=\"async\" alt=\"aplus content image\" src=\"https:\/\/m.media-amazon.com\/images\/S\/aplus-media-library-service-media\/e6a1f8af-7c8d-4a57-8d30-b1bbf2facb4d.__CR310,0,480,480_PT0_SX300_V1___.png\">  <\/p>\n<p>                                                    TECLADOS                                          <\/p>\n<p> Encuentra tu teclado gaming: mec\u00e1nico, low-profile, de membrana o h\u00edbrido. <\/p>\n<p> Mars Gaming tiene un teclado para cada PC. Elige el tuyo entre nuestra gama de teclados low-profile m\u00e1s silenciosos o los mec\u00e1nicos 100% gaming. En espa\u00f1ol o layout dual, retroiluminados con efectos de luz, nuestros teclados se adaptan a las necesidades de cualquier gamer. <\/p>\n<p class=\"apm-text-center\">\n                                                      <img decoding=\"async\" alt=\"Serie de im\u00e1genes que muestran efectos de iluminaci\u00f3n iluminados de estilo ne\u00f3n en colores rosa y azul sobre fondos oscuros, mostrando varios patrones decorativos.\" src=\"https:\/\/images-na.ssl-images-amazon.com\/images\/G\/01\/x-locale\/common\/grey-pixel.gif\" class=\"a-spacing-mini a-lazy-loaded\" data-src=\"https:\/\/m.media-amazon.com\/images\/S\/aplus-media-library-service-media\/f11ae7d0-e111-4ae9-87b6-00447b2cd0be.__CR347,0,480,480_PT0_SX300_V1___.png\"><img decoding=\"async\" alt=\"Serie de im\u00e1genes que muestran efectos de iluminaci\u00f3n iluminados de estilo ne\u00f3n en colores rosa y azul sobre fondos oscuros, mostrando varios patrones decorativos.\" src=\"https:\/\/m.media-amazon.com\/images\/S\/aplus-media-library-service-media\/f11ae7d0-e111-4ae9-87b6-00447b2cd0be.__CR347,0,480,480_PT0_SX300_V1___.png\">  <\/p>\n<p>                                                    RATONES                                          <\/p>\n<p> Encuentra tu rat\u00f3n gaming, MMO, FPS&#8230; <\/p>\n<p> Consigue el rat\u00f3n perfecto para tu ordenador. Gaming o b\u00e1sico, con sensor \u00f3ptico o l\u00e1ser, para usuarios diestros y zurdos. Desde ratones sencillos hasta los de 6, 13 o 19 botones, con o sin iluminaci\u00f3n, Mars Gaming tiene un rat\u00f3n para ti. <\/p>\n<p class=\"apm-text-center\">\n                                                      <img decoding=\"async\" alt=\"Configuraci\u00f3n para juegos con iluminaci\u00f3n RGB con silla y escritorio para juegos iluminados con iluminaci\u00f3n ambiental azul y violeta.\" src=\"https:\/\/images-na.ssl-images-amazon.com\/images\/G\/01\/x-locale\/common\/grey-pixel.gif\" class=\"a-spacing-mini a-lazy-loaded\" data-src=\"https:\/\/m.media-amazon.com\/images\/S\/aplus-media-library-service-media\/3765306c-8d19-4216-abbc-d5db0557e3f9.__CR329,0,480,480_PT0_SX300_V1___.png\"><img decoding=\"async\" alt=\"Configuraci\u00f3n para juegos con iluminaci\u00f3n RGB con silla y escritorio para juegos iluminados con iluminaci\u00f3n ambiental azul y violeta.\" src=\"https:\/\/m.media-amazon.com\/images\/S\/aplus-media-library-service-media\/3765306c-8d19-4216-abbc-d5db0557e3f9.__CR329,0,480,480_PT0_SX300_V1___.png\">  <\/p>\n<p>                                                    SILLAS                                       <\/p>\n<p> Encuentra la silla gaming que mejor se adapte a tu estilo. <\/p>\n<p> Ajustables en altura e inclinaci\u00f3n, reclinables, con reposabrazos fijos o m\u00f3viles, en m\u00faltiples colores&#8230; Las sillas Mars Gaming son perfectas para estudiar, jugar o trabajar. Ponte c\u00f3modo frente a tu ordenador y disfruta. <\/p>\n<p>                                                  <img decoding=\"async\" alt=\"El texto dice \u00abMARS GAMING\u00bb. Configuraci\u00f3n de juego con teclado y rat\u00f3n mec\u00e1nicos con iluminaci\u00f3n RGB sobre un fondo oscuro con efectos de iluminaci\u00f3n morados.\" src=\"https:\/\/images-na.ssl-images-amazon.com\/images\/G\/01\/x-locale\/common\/grey-pixel.gif\" class=\"a-lazy-loaded\" data-src=\"https:\/\/m.media-amazon.com\/images\/S\/aplus-media-library-service-media\/9b862da3-76c5-439c-8784-da62d6b4e176.__CR0,0,1940,600_PT0_SX970_V1___.png\"><img decoding=\"async\" alt=\"El texto dice \u00abMARS GAMING\u00bb. Configuraci\u00f3n de juego con teclado y rat\u00f3n mec\u00e1nicos con iluminaci\u00f3n RGB sobre un fondo oscuro con efectos de iluminaci\u00f3n morados.\" src=\"https:\/\/m.media-amazon.com\/images\/S\/aplus-media-library-service-media\/9b862da3-76c5-439c-8784-da62d6b4e176.__CR0,0,1940,600_PT0_SX970_V1___.png\">  <\/p>\n<p> Batteries                                            \u200f                                            :                                            \u200e                                            1 AAAA batteries required. (included)   <br \/> Product Dimensions                                            \u200f                                            :                                            \u200e                                            42.3 x 27.8 x 44.3 cm; 6.86 kg   <br \/> Manufacturer                                            \u200f                                            :                                            \u200e                                            MARS GAMING   <br \/> ASIN                                            \u200f                                            :                                            \u200e                                            B0F1TRB2KX   <br \/> Item model number                                            \u200f                                            :                                            \u200e                                            MCREV   <br \/> Guaranteed software updates until                                            \u200f                                            :                                            \u200e                                            unknown   <br \/>  Customer reviews:                                                                                            4.4               4.4 out of 5 stars                                  (2,804)                                              var dpAcrHasRegisteredArcLinkClickAction;                    P.when(&#8216;A&#8217;, &#8216;ready&#8217;).execute(function(A) {                        if (dpAcrHasRegisteredArcLinkClickAction !== true) {                            dpAcrHasRegisteredArcLinkClickAction = true;                            A.declarative(                                &#8216;acrLink-click-metrics&#8217;, &#8216;click&#8217;,                                { \u00aballowLinkDefault\u00bb: true },                                function (event) {                                    if (window.ue) {                                        ue.count(\u00abacrLinkClickCount\u00bb, (ue.count(\u00abacrLinkClickCount\u00bb) || 0) + 1);                                    }                                }                            );                        }                    });                                             P.when(&#8216;A&#8217;, &#8216;cf&#8217;).execute(function(A) {                A.declarative(&#8216;acrStarsLink-click-metrics&#8217;, &#8216;click&#8217;, { \u00aballowLinkDefault\u00bb : true },  function(event){                    if(window.ue) {                        ue.count(\u00abacrStarsLinkWithPopoverClickCount\u00bb, (ue.count(\u00abacrStarsLinkWithPopoverClickCount\u00bb) || 0) + 1);                    }                });            });                          <\/p>\n<p>SURROUND DESIGN AND MAXIMUM CAPACITY: The MC-REV pc enclosure incorporates double continuous tempered glass panel without screws, offering full access to the interior without tools and providing a panoramic view of the interior; In addition, it is compatible with ATX, MicroATX and Mini-ITX motherboards, with VGAs up to 420mm long, 147mm wide and heatsinks CPU up to 6. 181&#8243; high, and includes 7 slots and internal bays for 2x 3.5&#8243; HDD + 1x 2.5&#8243; SSD or 1x 3.5&#8243; HDD + 2x 2.5&#8243; SSD<br \/>ARGB COOLING WITH REVERTED AIRFLOW: The MC-REV pc tower incorporates an inverted flow ventilation system, with three 120mm ARGB fans tilted at 25\u00b0, designed to direct cold air directly to the GPU and motherboard; In addition, it offers capacity for up to 10 120mm fans, support for cooling systems liquid up to 14 .44mm and includes dual chamber structure<br \/>INVERSE CONNECTOR BASE BOARD COMPATIBILITY: The Mars Gaming MC- REV atx tower is fully compatible with reverse connector motherboards, enabling optimized cabling management; This design improves airflow and optimizes internal aesthetics, achieving superior thermal performance<br \/>VERTICAL MOUNTING FOR GRAPHIC CARDS: The MC-REV gaming box includes a steel structure for vertical installation of GPUs, this system optimizes space, improves airflow and ensures maximum stability; Complete the installation with a Riser GPU cable (not included) and enjoy professional and efficient assembly<br \/>ARGB HUB WITH REMOTE CONTROL AND ADVANCED CONNECTIVITY: The atx MC-REV pc enclosure integrates ARGB HUB and RF remote, adjusts light effects and fan speed in real time, and syncs the hub lighting with your ARGB motherboard using the included connection cable; Plus, it incorporates a bottom panel with USB-C, USB 3.0, USB 2.0, HD Audio and ports Microphone, and system internal wiring management<\/p>\n\n","protected":false},"excerpt":{"rendered":"<p> From the manufacturer FUENTES DE ALIMENTACI\u00d3N Elige la fuente de alimentaci\u00f3n que mejor se adapte<\/p>","protected":false},"featured_media":36659,"comment_status":"open","ping_status":"closed","template":"","meta":[],"product_brand":[],"product_cat":[74],"product_tag":[1370,1568,1458,1364,1371,307,1420,994,1367,989,3984,1378,617,1363,1677,644,6566,677,5574,10681,1365,1369,1923,1362,1366,1098,1676,1368,1750,1150],"class_list":{"0":"post-36658","1":"product","2":"type-product","3":"status-publish","4":"has-post-thumbnail","6":"product_cat-cases","7":"product_tag-airflow-pc-case","8":"product_tag-argb","9":"product_tag-atx","10":"product_tag-atx-case","11":"product_tag-best-pc-case","12":"product_tag-black","13":"product_tag-card","14":"product_tag-case","15":"product_tag-computer-cabinet","16":"product_tag-cooling","17":"product_tag-double","18":"product_tag-fans","19":"product_tag-gaming","20":"product_tag-gaming-pc-case","21":"product_tag-glass","22":"product_tag-graphics","23":"product_tag-inverted","24":"product_tag-liquid","25":"product_tag-mars","26":"product_tag-mcrev","27":"product_tag-mid-tower-case","28":"product_tag-mini-itx-case","29":"product_tag-mount","30":"product_tag-pc-case","31":"product_tag-rgb-pc-case","32":"product_tag-support","33":"product_tag-tempered","34":"product_tag-tempered-glass-case","35":"product_tag-tower","36":"product_tag-vertical","38":"first","39":"instock","40":"shipping-taxable","41":"product-type-external"},"_links":{"self":[{"href":"https:\/\/comprasyconsejos.store\/en\/wp-json\/wp\/v2\/product\/36658","targetHints":{"allow":["GET"]}}],"collection":[{"href":"https:\/\/comprasyconsejos.store\/en\/wp-json\/wp\/v2\/product"}],"about":[{"href":"https:\/\/comprasyconsejos.store\/en\/wp-json\/wp\/v2\/types\/product"}],"replies":[{"embeddable":true,"href":"https:\/\/comprasyconsejos.store\/en\/wp-json\/wp\/v2\/comments?post=36658"}],"version-history":[{"count":0,"href":"https:\/\/comprasyconsejos.store\/en\/wp-json\/wp\/v2\/product\/36658\/revisions"}],"wp:featuredmedia":[{"embeddable":true,"href":"https:\/\/comprasyconsejos.store\/en\/wp-json\/wp\/v2\/media\/36659"}],"wp:attachment":[{"href":"https:\/\/comprasyconsejos.store\/en\/wp-json\/wp\/v2\/media?parent=36658"}],"wp:term":[{"taxonomy":"product_brand","embeddable":true,"href":"https:\/\/comprasyconsejos.store\/en\/wp-json\/wp\/v2\/product_brand?post=36658"},{"taxonomy":"product_cat","embeddable":true,"href":"https:\/\/comprasyconsejos.store\/en\/wp-json\/wp\/v2\/product_cat?post=36658"},{"taxonomy":"product_tag","embeddable":true,"href":"https:\/\/comprasyconsejos.store\/en\/wp-json\/wp\/v2\/product_tag?post=36658"}],"curies":[{"name":"wp","href":"https:\/\/api.w.org\/{rel}","templated":true}]}}