{"id":36664,"date":"2026-03-01T18:00:56","date_gmt":"2026-03-01T18:00:56","guid":{"rendered":"https:\/\/comprasyconsejos.store\/product\/hyperx-cloud-iii-wired-wired-gaming-headset-pc-ps5-xbox-series-x-s-53mm-angled-controllers-dts-10mm-crystal-clear-microphone-usb-c-usb-a-black\/"},"modified":"2026-03-01T18:00:57","modified_gmt":"2026-03-01T18:00:57","slug":"hyperx-cloud-iii-wired-wired-gaming-headset-pc-ps5-xbox-series-x-s-53mm-angled-controllers-dts-10mm-crystal-clear-microphone-usb-c-usb-a-black","status":"publish","type":"product","link":"https:\/\/comprasyconsejos.store\/en\/product\/hyperx-cloud-iii-wired-wired-gaming-headset-pc-ps5-xbox-series-x-s-53mm-angled-controllers-dts-10mm-crystal-clear-microphone-usb-c-usb-a-black\/","title":{"rendered":"HyperX Cloud III wired Wired Gaming Headset, PC, PS5, Xbox Series X S, 53mm Angled Controllers, DTS, 10mm Crystal Clear Microphone, USB-C USB-A, Black"},"content":{"rendered":"<p>Price: <span style=\"color:#b12704\">\u20ac74.99<\/span><br \/><i><small>(as of Mar 01, 2026 18:00:56 UTC &#8211; <span class=\"wp_automatic_amazon_disclaimer\" title=\"Product prices and availability are accurate as of the date\/time indicated and are subject to change. Any price and availability information displayed on [relevant Amazon Site(s), as applicable] at the time of purchase will apply to the purchase of this product.\">Details<\/span>)<\/small><\/i><\/p>\n<p><a href=\"https:\/\/amazon.es\/dp\/B0C3BSZ56D?tag=man008-21\"><img decoding=\"async\" src=\"https:\/\/valvepress.s3.amazonaws.com\/imgs\/buy_now.png\"><\/a><br \/>\n<\/p>\n<p>                                             From the brand   <\/p>\n<p>                                              <img decoding=\"async\" alt=\"El texto dice \u00abHyperX\u00bb y \u00abTodo lo que necesitas para jugar, crear y rendir al m\u00e1ximo\u00bb. Cartel promocional de videojuegos o tecnolog\u00eda te\u00f1ido de rojo con efectos de iluminaci\u00f3n degradada.\" src=\"https:\/\/images-na.ssl-images-amazon.com\/images\/G\/01\/x-locale\/common\/grey-pixel.gif\" class=\"a-lazy-loaded\" data-src=\"https:\/\/m.media-amazon.com\/images\/S\/aplus-media-library-service-media\/acdb6c8e-f440-4036-99cc-d9c290a6cc5f.__CR0,0,1464,625_PT0_SX1464_V1___.jpg\"><img decoding=\"async\" alt=\"El texto dice \u00abHyperX\u00bb y \u00abTodo lo que necesitas para jugar, crear y rendir al m\u00e1ximo\u00bb. Cartel promocional de videojuegos o tecnolog\u00eda te\u00f1ido de rojo con efectos de iluminaci\u00f3n degradada.\" src=\"https:\/\/m.media-amazon.com\/images\/S\/aplus-media-library-service-media\/acdb6c8e-f440-4036-99cc-d9c290a6cc5f.__CR0,0,1464,625_PT0_SX1464_V1___.jpg\">  <\/p>\n<p>                                              <img decoding=\"async\" alt=\"El texto dice \u00abHyperX Cloud Alpha 2 Wireless\u00bb. Fotograf\u00edas de producto de unos auriculares para videojuegos con una combinaci\u00f3n de colores rojo y negro, que muestran efectos de iluminaci\u00f3n RGB y varios \u00e1ngulos.\" src=\"https:\/\/images-na.ssl-images-amazon.com\/images\/G\/01\/x-locale\/common\/grey-pixel.gif\" class=\"a-lazy-loaded\" data-src=\"https:\/\/m.media-amazon.com\/images\/S\/aplus-media-library-service-media\/e2bbe2f8-32fb-4f86-a3c7-6d934ab4964c.__CR0,23,463,579_PT0_SX362_V1___.png\"><img decoding=\"async\" alt=\"El texto dice \u00abHyperX Cloud Alpha 2 Wireless\u00bb. Fotograf\u00edas de producto de unos auriculares para videojuegos con una combinaci\u00f3n de colores rojo y negro, que muestran efectos de iluminaci\u00f3n RGB y varios \u00e1ngulos.\" src=\"https:\/\/m.media-amazon.com\/images\/S\/aplus-media-library-service-media\/e2bbe2f8-32fb-4f86-a3c7-6d934ab4964c.__CR0,23,463,579_PT0_SX362_V1___.png\">  <\/p>\n<p>                                              <img decoding=\"async\" alt=\"El texto dice \u00abHyperX QuadCast 2\u00bb. Micr\u00f3fono USB rojo profesional con rejilla de malla met\u00e1lica contra una espectacular iluminaci\u00f3n de fondo rojo-negro.\" src=\"https:\/\/images-na.ssl-images-amazon.com\/images\/G\/01\/x-locale\/common\/grey-pixel.gif\" class=\"a-lazy-loaded\" data-src=\"https:\/\/m.media-amazon.com\/images\/S\/aplus-media-library-service-media\/4dd366c9-9155-4c1f-95b6-cf01818513d9.__CR0,23,463,579_PT0_SX362_V1___.png\"><img decoding=\"async\" alt=\"El texto dice \u00abHyperX QuadCast 2\u00bb. Micr\u00f3fono USB rojo profesional con rejilla de malla met\u00e1lica contra una espectacular iluminaci\u00f3n de fondo rojo-negro.\" src=\"https:\/\/m.media-amazon.com\/images\/S\/aplus-media-library-service-media\/4dd366c9-9155-4c1f-95b6-cf01818513d9.__CR0,23,463,579_PT0_SX362_V1___.png\">  <\/p>\n<p>                                              <img decoding=\"async\" alt=\"El texto dice \u00abHyperX Flipcast\u00bb. Serie de im\u00e1genes promocionales que muestran perif\u00e9ricos para videojuegos, como el teclado RGB, el rat\u00f3n para videojuegos y los auriculares, en un entorno oscuro con iluminaci\u00f3n azul y roja.\" src=\"https:\/\/images-na.ssl-images-amazon.com\/images\/G\/01\/x-locale\/common\/grey-pixel.gif\" class=\"a-lazy-loaded\" data-src=\"https:\/\/m.media-amazon.com\/images\/S\/aplus-media-library-service-media\/9f7201ee-1f2d-4075-b6fe-1f431c01c702.__CR0,23,463,579_PT0_SX362_V1___.jpg\"><img decoding=\"async\" alt=\"El texto dice \u00abHyperX Flipcast\u00bb. Serie de im\u00e1genes promocionales que muestran perif\u00e9ricos para videojuegos, como el teclado RGB, el rat\u00f3n para videojuegos y los auriculares, en un entorno oscuro con iluminaci\u00f3n azul y roja.\" src=\"https:\/\/m.media-amazon.com\/images\/S\/aplus-media-library-service-media\/9f7201ee-1f2d-4075-b6fe-1f431c01c702.__CR0,23,463,579_PT0_SX362_V1___.jpg\">  <\/p>\n<p>                                              <img decoding=\"async\" alt=\"El texto dice \u00abHYPERX\u00bb y \u00abTODOS SOMOS JUGADORES\u00bb. Configuraci\u00f3n de juego que muestra a una persona con auriculares HyperX negros en el escritorio de la computadora con la pantalla iluminada.\" src=\"https:\/\/images-na.ssl-images-amazon.com\/images\/G\/01\/x-locale\/common\/grey-pixel.gif\" class=\"a-lazy-loaded\" data-src=\"https:\/\/m.media-amazon.com\/images\/S\/aplus-media-library-service-media\/0d539b2a-71e8-4ffe-91fc-dfe16ae4e69d.__CR0,23,463,579_PT0_SX362_V1___.jpg\"><img decoding=\"async\" alt=\"El texto dice \u00abHYPERX\u00bb y \u00abTODOS SOMOS JUGADORES\u00bb. Configuraci\u00f3n de juego que muestra a una persona con auriculares HyperX negros en el escritorio de la computadora con la pantalla iluminada.\" src=\"https:\/\/m.media-amazon.com\/images\/S\/aplus-media-library-service-media\/0d539b2a-71e8-4ffe-91fc-dfe16ae4e69d.__CR0,23,463,579_PT0_SX362_V1___.jpg\">  <\/p>\n<p>                                              <img decoding=\"async\" alt=\"El texto dice \u00abHYPER X\u00bb y \u00abTODOS SOMOS JUGADORES\u00bb. Varias fotos de perif\u00e9ricos para videojuegos con iluminaci\u00f3n RGB sobre fondos oscuros.\" src=\"https:\/\/images-na.ssl-images-amazon.com\/images\/G\/01\/x-locale\/common\/grey-pixel.gif\" class=\"a-lazy-loaded\" data-src=\"https:\/\/m.media-amazon.com\/images\/S\/aplus-media-library-service-media\/abf92562-16ad-4883-8803-23f73a781a42.__CR0,23,463,579_PT0_SX362_V1___.jpg\"><img decoding=\"async\" alt=\"El texto dice \u00abHYPER X\u00bb y \u00abTODOS SOMOS JUGADORES\u00bb. Varias fotos de perif\u00e9ricos para videojuegos con iluminaci\u00f3n RGB sobre fondos oscuros.\" src=\"https:\/\/m.media-amazon.com\/images\/S\/aplus-media-library-service-media\/abf92562-16ad-4883-8803-23f73a781a42.__CR0,23,463,579_PT0_SX362_V1___.jpg\">  <\/p>\n<p> Product Dimensions                                            \u200f                                            :                                            \u200e                                            8.66 x 15.49 x 19 cm; 308 g   <br \/> Manufacturer                                            \u200f                                            :                                            \u200e                                            HP   <br \/> ASIN                                            \u200f                                            :                                            \u200e                                            B0C3BSZ56D   <br \/> Item model number                                            \u200f                                            :                                            \u200e                                            727A8AA   <br \/> Country\/Region of Origin                                            \u200f                                            :                                            \u200e                                            China   <br \/> Guaranteed software updates until                                            \u200f                                            :                                            \u200e                                            unknown   <br \/>  Customer reviews:                                                                                            4.6               4.6 out of 5 stars                                  (116,071)                                              var dpAcrHasRegisteredArcLinkClickAction;                    P.when(&#8216;A&#8217;, &#8216;ready&#8217;).execute(function(A) {                        if (dpAcrHasRegisteredArcLinkClickAction !== true) {                            dpAcrHasRegisteredArcLinkClickAction = true;                            A.declarative(                                &#8216;acrLink-click-metrics&#8217;, &#8216;click&#8217;,                                { \u00aballowLinkDefault\u00bb: true },                                function (event) {                                    if (window.ue) {                                        ue.count(\u00abacrLinkClickCount\u00bb, (ue.count(\u00abacrLinkClickCount\u00bb) || 0) + 1);                                    }                                }                            );                        }                    });                                             P.when(&#8216;A&#8217;, &#8216;cf&#8217;).execute(function(A) {                A.declarative(&#8216;acrStarsLink-click-metrics&#8217;, &#8216;click&#8217;, { \u00aballowLinkDefault\u00bb : true },  function(event){                    if(window.ue) {                        ue.count(\u00abacrStarsLinkWithPopoverClickCount\u00bb, (ue.count(\u00abacrStarsLinkWithPopoverClickCount\u00bb) || 0) + 1);                    }                });            });                          <\/p>\n<p>Comfort and durability features HyperX<br \/>53mm angled drivers tuned for flawless sound<br \/>Ultra clear microphone with LED mute indicator<br \/>DTS:X Spatial Audio Headphones<br \/>Built-in audio and microphone controls, Compatible with: PC, PS5, PS4, Xbox Series X|S, Xbox One, Nintendo Switch, Mobile<\/p>\n\n","protected":false},"excerpt":{"rendered":"<p> From the brand Product Dimensions \u200f : \u200e 8.66 x 15.49 x 19 cm; 308<\/p>","protected":false},"featured_media":36665,"comment_status":"open","ping_status":"closed","template":"","meta":[],"product_brand":[],"product_cat":[48],"product_tag":[8561,10683,5959,720,307,714,1023,2954,2235,3220,866,617,712,711,717,6001,1647,1071,715,719,716,2469,718,361,399,188,750,713,1079],"class_list":{"0":"post-36664","1":"product","2":"type-product","3":"status-publish","4":"has-post-thumbnail","6":"product_cat-headsets","7":"product_tag-10mm","8":"product_tag-53mm","9":"product_tag-angled","10":"product_tag-best-headset","11":"product_tag-black","12":"product_tag-bluetooth-headset","13":"product_tag-clear","14":"product_tag-cloud","15":"product_tag-controllers","16":"product_tag-crystal","17":"product_tag-dts","18":"product_tag-gaming","19":"product_tag-gaming-headset","20":"product_tag-headset","21":"product_tag-headset-with-mic","22":"product_tag-hyperx","23":"product_tag-iii","24":"product_tag-microphone","25":"product_tag-noise-cancelling-headset","26":"product_tag-over-ear-headset","27":"product_tag-pc-headset","28":"product_tag-ps5","29":"product_tag-rgb-gaming-headset","30":"product_tag-series","31":"product_tag-usba","32":"product_tag-usbc","33":"product_tag-wired","34":"product_tag-wireless-headset","35":"product_tag-xbox","37":"first","38":"instock","39":"shipping-taxable","40":"product-type-external"},"_links":{"self":[{"href":"https:\/\/comprasyconsejos.store\/en\/wp-json\/wp\/v2\/product\/36664","targetHints":{"allow":["GET"]}}],"collection":[{"href":"https:\/\/comprasyconsejos.store\/en\/wp-json\/wp\/v2\/product"}],"about":[{"href":"https:\/\/comprasyconsejos.store\/en\/wp-json\/wp\/v2\/types\/product"}],"replies":[{"embeddable":true,"href":"https:\/\/comprasyconsejos.store\/en\/wp-json\/wp\/v2\/comments?post=36664"}],"version-history":[{"count":0,"href":"https:\/\/comprasyconsejos.store\/en\/wp-json\/wp\/v2\/product\/36664\/revisions"}],"wp:featuredmedia":[{"embeddable":true,"href":"https:\/\/comprasyconsejos.store\/en\/wp-json\/wp\/v2\/media\/36665"}],"wp:attachment":[{"href":"https:\/\/comprasyconsejos.store\/en\/wp-json\/wp\/v2\/media?parent=36664"}],"wp:term":[{"taxonomy":"product_brand","embeddable":true,"href":"https:\/\/comprasyconsejos.store\/en\/wp-json\/wp\/v2\/product_brand?post=36664"},{"taxonomy":"product_cat","embeddable":true,"href":"https:\/\/comprasyconsejos.store\/en\/wp-json\/wp\/v2\/product_cat?post=36664"},{"taxonomy":"product_tag","embeddable":true,"href":"https:\/\/comprasyconsejos.store\/en\/wp-json\/wp\/v2\/product_tag?post=36664"}],"curies":[{"name":"wp","href":"https:\/\/api.w.org\/{rel}","templated":true}]}}