{"id":36667,"date":"2026-03-01T18:17:17","date_gmt":"2026-03-01T18:17:17","guid":{"rendered":"https:\/\/comprasyconsejos.store\/product\/logitech-mk270-wireless-keyboard-and-mouse-combo-for-windows-2-4ghz-wireless-compact-mouse-8-multimedia-and-shortcut-keys-2-years-battery-pc-laptop-pc-spanish-qwerty-black\/"},"modified":"2026-03-01T18:17:20","modified_gmt":"2026-03-01T18:17:20","slug":"logitech-mk270-wireless-keyboard-and-mouse-combo-for-windows-2-4ghz-wireless-compact-mouse-8-multimedia-and-shortcut-keys-2-years-battery-pc-laptop-pc-spanish-qwerty-black","status":"publish","type":"product","link":"https:\/\/comprasyconsejos.store\/en\/product\/logitech-mk270-wireless-keyboard-and-mouse-combo-for-windows-2-4ghz-wireless-compact-mouse-8-multimedia-and-shortcut-keys-2-years-battery-pc-laptop-pc-spanish-qwerty-black\/","title":{"rendered":"Logitech MK270 Wireless Keyboard and Mouse Combo for Windows, 2.4GHz Wireless, Compact Mouse, 8 Multimedia and Shortcut Keys, 2 Years Battery, PC, Laptop PC, Spanish QWERTY &#8211; Black"},"content":{"rendered":"<p>Price: <span style=\"color:#b12704\">\u20ac27.99<\/span><br \/><i><small>(as of Mar 01, 2026 18:17:17 UTC &#8211; <span class=\"wp_automatic_amazon_disclaimer\" title=\"Product prices and availability are accurate as of the date\/time indicated and are subject to change. Any price and availability information displayed on [relevant Amazon Site(s), as applicable] at the time of purchase will apply to the purchase of this product.\">Details<\/span>)<\/small><\/i><\/p>\n<p><a href=\"https:\/\/amazon.es\/dp\/B00CHHDY66?tag=man008-21\"><img decoding=\"async\" src=\"https:\/\/valvepress.s3.amazonaws.com\/imgs\/buy_now.png\"><\/a><br \/>\n<\/p>\n<p>                                             From the manufacturer   <\/p>\n<p>                                                                                                       <img decoding=\"async\" alt=\"Wireless Combo MK270\" src=\"https:\/\/images-na.ssl-images-amazon.com\/images\/G\/01\/x-locale\/common\/grey-pixel.gif\" class=\"a-lazy-loaded\" data-src=\"https:\/\/m.media-amazon.com\/images\/S\/aplus-media-library-service-media\/bbf7cb7a-fcc3-43f6-8190-a21fd9d37913.__CR0,0,1464,600_PT0_SX1464_V1___.jpg\"><img decoding=\"async\" alt=\"Wireless Combo MK270\" src=\"https:\/\/m.media-amazon.com\/images\/S\/aplus-media-library-service-media\/bbf7cb7a-fcc3-43f6-8190-a21fd9d37913.__CR0,0,1464,600_PT0_SX1464_V1___.jpg\">                                               <\/p>\n<p>                                                            AUMENTA TU PRODUCTIVIDAD                                            <img decoding=\"async\" alt=\"Wireless Combo MK270\" src=\"https:\/\/images-na.ssl-images-amazon.com\/images\/G\/01\/x-locale\/common\/grey-pixel.gif\" class=\"a-lazy-loaded\" data-src=\"https:\/\/m.media-amazon.com\/images\/S\/aplus-media-library-service-media\/855125ba-5e43-4d49-b97d-9d07cdd8b65d.__CR0,0,650,350_PT0_SX650_V1___.jpg\"><img decoding=\"async\" alt=\"Wireless Combo MK270\" src=\"https:\/\/m.media-amazon.com\/images\/S\/aplus-media-library-service-media\/855125ba-5e43-4d49-b97d-9d07cdd8b65d.__CR0,0,650,350_PT0_SX650_V1___.jpg\">                                            RAT\u00d3N COMPACTO                                         <\/p>\n<p class=\"aplus-p3\"> El compacto y c\u00f3modo rat\u00f3n inal\u00e1mbrico est\u00e1 dise\u00f1ado para proporcionar la misma comodidad a usuarios diestros y zurdos. El fluido control del cursor facilita la navegaci\u00f3n en la mayor\u00eda de las superficies. <\/p>\n<p>                                           <img decoding=\"async\" alt=\"Wireless Combo MK270\" src=\"https:\/\/images-na.ssl-images-amazon.com\/images\/G\/01\/x-locale\/common\/grey-pixel.gif\" class=\"a-lazy-loaded\" data-src=\"https:\/\/m.media-amazon.com\/images\/S\/aplus-media-library-service-media\/b9277c9a-0515-4835-b84b-237648d4eaac.__CR0,0,650,350_PT0_SX650_V1___.jpg\"><img decoding=\"async\" alt=\"Wireless Combo MK270\" src=\"https:\/\/m.media-amazon.com\/images\/S\/aplus-media-library-service-media\/b9277c9a-0515-4835-b84b-237648d4eaac.__CR0,0,650,350_PT0_SX650_V1___.jpg\">                                            SIMPLEMENTE INAL\u00c1MBRICO                                         <\/p>\n<p class=\"aplus-p3\"> Se acabaron las interrupciones y las demoras, gracias a una conexi\u00f3n inal\u00e1mbrica robusta y fiable de 2,4 GHz con un radio de acci\u00f3n de 10 m(1). Simplemente conecta el receptor a un puerto USB de tu dispositivo para empezar a trabajar en cuesti\u00f3n de segundos. <\/p>\n<p>                                                                                              <img decoding=\"async\" alt=\"Wireless Combo MK270\" src=\"https:\/\/images-na.ssl-images-amazon.com\/images\/G\/01\/x-locale\/common\/grey-pixel.gif\" class=\"a-lazy-loaded\" data-src=\"https:\/\/m.media-amazon.com\/images\/S\/aplus-media-library-service-media\/51459d07-cd85-4f7c-9190-8ea165a4c378.__CR0,0,650,350_PT0_SX650_V1___.jpg\"><img decoding=\"async\" alt=\"Wireless Combo MK270\" src=\"https:\/\/m.media-amazon.com\/images\/S\/aplus-media-library-service-media\/51459d07-cd85-4f7c-9190-8ea165a4c378.__CR0,0,650,350_PT0_SX650_V1___.jpg\">                                            TECLADO DE TAMA\u00d1O NORMAL                                         <\/p>\n<p class=\"aplus-p3\"> C\u00f3modo, de tama\u00f1o normal y con f\u00e1cil acceso a controles multimedia, este teclado te permite hacer m\u00e1s en menos tiempo, mediante ocho controles con los que acceder a m\u00fasica, medios, ajustes de volumen, etc. <\/p>\n<p>                                           <img decoding=\"async\" alt=\"Wireless Combo MK270\" src=\"https:\/\/images-na.ssl-images-amazon.com\/images\/G\/01\/x-locale\/common\/grey-pixel.gif\" class=\"a-lazy-loaded\" data-src=\"https:\/\/m.media-amazon.com\/images\/S\/aplus-media-library-service-media\/5e945da0-bf00-417a-93f3-6ae803e0c3f9.__CR0,0,650,350_PT0_SX650_V1___.jpg\"><img decoding=\"async\" alt=\"Wireless Combo MK270\" src=\"https:\/\/m.media-amazon.com\/images\/S\/aplus-media-library-service-media\/5e945da0-bf00-417a-93f3-6ae803e0c3f9.__CR0,0,650,350_PT0_SX650_V1___.jpg\">                                            HECHO PARA RESISTIR                                         <\/p>\n<p class=\"aplus-p3\"> El teclado posee un dise\u00f1o resistente a salpicaduras, teclas duraderas y robustas patas ajustables. Las pilas del teclado ofrecen una duraci\u00f3n de 36 meses y las del rat\u00f3n 12 (3), puedes pasarte meses sin tener que cambiar las pilas. <\/p>\n<p>                                                                                                       <img decoding=\"async\" alt=\"Wireless Combo MK270\" src=\"https:\/\/images-na.ssl-images-amazon.com\/images\/G\/01\/x-locale\/common\/grey-pixel.gif\" class=\"a-lazy-loaded\" data-src=\"https:\/\/m.media-amazon.com\/images\/S\/aplus-media-library-service-media\/b361d818-4b38-47cc-8ee1-cef92b8747b8.__CR0,0,1464,600_PT0_SX1464_V1___.jpg\"><img decoding=\"async\" alt=\"Wireless Combo MK270\" src=\"https:\/\/m.media-amazon.com\/images\/S\/aplus-media-library-service-media\/b361d818-4b38-47cc-8ee1-cef92b8747b8.__CR0,0,1464,600_PT0_SX1464_V1___.jpg\">                                                                                    COMBINACI\u00d3N INAL\u00c1MBRICA FAVORITA                                        <\/p>\n<p class=\"aplus-p2 aplus-module-2-description\"> Disfruta de la conocida sensaci\u00f3n de escritura de MK270, la combinaci\u00f3n m\u00e1s vendida, creada con los mismos est\u00e1ndares de alta calidad que han convertido a Logitech en ratones y teclados. <\/p>\n<p>                                                                                     <img decoding=\"async\" alt=\"Wireless Combo MK270\" src=\"https:\/\/m.media-amazon.com\/images\/S\/aplus-media-library-service-media\/b6dbb57b-87e9-415a-85cb-98bc8b7b6c68.__CR0,0,1464,600_PT0_SX1464_V1___.jpg\">                                                    DESCUBRE LA VERSI\u00d3N SILENCIOSA MK295                                         <\/p>\n<p class=\"aplus-p3\"> Descubre la versi\u00f3n silenciosa MK295 con la tecnolog\u00eda SilentTouch de Logitech que elimina m\u00e1s del 90%(6) de ruidos molestos a tu alrededor, sin renunciar a la sensaci\u00f3n habitual de clic y escritura. <\/p>\n<p>                                                                                     <img decoding=\"async\" alt=\"Wireless Combo MK270\" src=\"https:\/\/m.media-amazon.com\/images\/S\/aplus-media-library-service-media\/38398a10-97cf-4cb5-988a-8f77e895bb99.__CR0,0,1464,600_PT0_SX1464_V1___.jpg\">                                                    FIABILIDAD Y DURABILIDAD                                         <\/p>\n<p class=\"aplus-p3\"> La combinaci\u00f3n inal\u00e1mbrica MK270 combina la conveniencia y la comodidad de un teclado de tama\u00f1o normal con un compacto rat\u00f3n contorneado. <\/p>\n<p>                                                                                     <img decoding=\"async\" alt=\"Wireless Combo MK270\" src=\"https:\/\/m.media-amazon.com\/images\/S\/aplus-media-library-service-media\/95563f29-ea88-4dd7-a756-bd9e1213c29c.__CR0,0,1464,600_PT0_SX1464_V1___.jpg\">                                                    HERRAMIENTAS ESSENTIAL. MEJORA DEL TRABAJO.                                         <\/p>\n<p class=\"aplus-p3\"> Completa tu entorno con el teclado, rat\u00f3n, auriculares y c\u00e1mara web adecuados para una escritura y navegaci\u00f3n mejoradas, adem\u00e1s de audio y v\u00eddeo superiores. <\/p>\n<p>                                                                                     <img decoding=\"async\" alt=\"Wireless Combo MK270\" src=\"https:\/\/m.media-amazon.com\/images\/S\/aplus-media-library-service-media\/5575fdac-eab0-4373-90da-4b7cea316728.__CR0,0,1464,600_PT0_SX1464_V1___.jpg\">                                                    C\u00c1MARA WEB HD LOGITECH C270                                         <\/p>\n<p class=\"aplus-p3\"> Videoconferencias n\u00edtidas y fluidas con una c\u00e1mara que puede montarse sobre un monitor o un estante. <\/p>\n<p>                                                                                     <img decoding=\"async\" alt=\"Wireless Combo MK270\" src=\"https:\/\/m.media-amazon.com\/images\/S\/aplus-media-library-service-media\/56876dcc-d678-49f8-a14e-2ac42cbe6d75.__CR0,0,1464,600_PT0_SX1464_V1___.jpg\">                                                    AURICULARES INAL\u00c1MBRICOS LOGITECH H390                                         <\/p>\n<p class=\"aplus-p3\"> Para llamadas por Internet n\u00edtidas con una simple conexi\u00f3n USB-A Plug and Play y un micr\u00f3fono con supresi\u00f3n de ruido. <\/p>\n<p> Batteries                                            \u200f                                            :                                            \u200e                                            2 AAA batteries required. (included)   <br \/> Is discontinued by manufacturer                                            \u200f                                            :                                            \u200e                                            No   <br \/> Language                                            \u200f                                            :                                            \u200e                                            English, English, English, English, English   <br \/> Product Dimensions                                            \u200f                                            :                                            \u200e                                            44.1 x 14.9 x 1.8 cm; 420 g   <br \/> Manufacturer                                            \u200f                                            :                                            \u200e                                            Logitech   <br \/> ASIN                                            \u200f                                            :                                            \u200e                                            B00CHHDY66   <br \/> Item model number                                            \u200f                                            :                                            \u200e                                            920-004513   <br \/> Country of origin                                            \u200f                                            :                                            \u200e                                            China   <br \/> Guaranteed software updates until                                            \u200f                                            :                                            \u200e                                            unknown   <br \/>  Customer reviews:                                                                                            4.4               4.4 out of 5 stars                                  (6,888)                                              var dpAcrHasRegisteredArcLinkClickAction;                    P.when(&#8216;A&#8217;, &#8216;ready&#8217;).execute(function(A) {                        if (dpAcrHasRegisteredArcLinkClickAction !== true) {                            dpAcrHasRegisteredArcLinkClickAction = true;                            A.declarative(                                &#8216;acrLink-click-metrics&#8217;, &#8216;click&#8217;,                                { \u00aballowLinkDefault\u00bb: true },                                function (event) {                                    if (window.ue) {                                        ue.count(\u00abacrLinkClickCount\u00bb, (ue.count(\u00abacrLinkClickCount\u00bb) || 0) + 1);                                    }                                }                            );                        }                    });                                             P.when(&#8216;A&#8217;, &#8216;cf&#8217;).execute(function(A) {                A.declarative(&#8216;acrStarsLink-click-metrics&#8217;, &#8216;click&#8217;, { \u00aballowLinkDefault\u00bb : true },  function(event){                    if(window.ue) {                        ue.count(\u00abacrStarsLinkWithPopoverClickCount\u00bb, (ue.count(\u00abacrStarsLinkWithPopoverClickCount\u00bb) || 0) + 1);                    }                });            });                          <\/p>\n<p>LIGHTWEIGHT DESIGN &#8211; Weighing only 240g, the G335 is smaller and lighter than the G733. Featuring a suspension headband that helps distribute weight and is adjustable for a custom fit<br \/>COMFORT ALL DAY &#8211; Soft memory foam ear cushions and sports mesh material are comfortable and suitable for long time use. Take your game to another level and always in style!<br \/>Plug and Play: Immerse yourself in your game and simply connect with the 3.5mm jack. These colorful headphones are compatible with PCs, laptops, consoles and some mobile devices<br \/>Headset buttons: The volume wheel is located directly on the cup to start playing or playing your music. Rotate the microphone to put it silent or to turn it aside<br \/>QUALITY SOUND &#8211; With 40mm neodymium drivers, G335 computer gaming headset provides crystal clear stereo sound that makes your game come alive<br \/>Compatible with PC and Consoles &#8211; These headset with microphone are compatible with the PlayStation 5, PlayStation 4, Xbox One, Xbox Series X | S, and Nintendo Switch &#038; Switch 2 with 3.5mm audio connection<br \/>VIVID COLORS &#8211; G335 helmets are available in multiple colors, each with its own reversible and washable elastic headband and corresponding memory foam ear pads<br \/>DISCORD CERTIFIED &#8211; These Logitech G wired headphones are Discord certified for clear, crystal clear communication as well as quality sound and voice clarity<\/p>\n\n","protected":false},"excerpt":{"rendered":"<p> From the manufacturer AUMENTA TU PRODUCTIVIDAD RAT\u00d3N COMPACTO El compacto y c\u00f3modo rat\u00f3n inal\u00e1mbrico est\u00e1<\/p>","protected":false},"featured_media":36668,"comment_status":"open","ping_status":"closed","template":"","meta":[],"product_brand":[],"product_cat":[49],"product_tag":[889,746,292,307,743,1003,1004,747,740,518,1007,159,748,739,1002,767,1005,744,858,742,1006,745,5273,537,226,741,2277],"class_list":{"0":"post-36667","1":"product","2":"type-product","3":"status-publish","4":"has-post-thumbnail","6":"product_cat-keyboards","7":"product_tag-2-4ghz","8":"product_tag-backlit-keyboard","9":"product_tag-battery","10":"product_tag-black","11":"product_tag-bluetooth-keyboard","12":"product_tag-combo","13":"product_tag-compact","14":"product_tag-compact-keyboard","15":"product_tag-gaming-keyboard","16":"product_tag-keyboard","17":"product_tag-keys","18":"product_tag-laptop","19":"product_tag-logitech","20":"product_tag-mechanical-keyboard","21":"product_tag-mk270","22":"product_tag-mouse","23":"product_tag-multimedia","24":"product_tag-office-keyboard","25":"product_tag-qwerty","26":"product_tag-rgb-keyboard","27":"product_tag-shortcut","28":"product_tag-silent-keyboard","29":"product_tag-spanish","30":"product_tag-windows","31":"product_tag-wireless","32":"product_tag-wireless-keyboard","33":"product_tag-years","35":"first","36":"instock","37":"shipping-taxable","38":"product-type-external"},"_links":{"self":[{"href":"https:\/\/comprasyconsejos.store\/en\/wp-json\/wp\/v2\/product\/36667","targetHints":{"allow":["GET"]}}],"collection":[{"href":"https:\/\/comprasyconsejos.store\/en\/wp-json\/wp\/v2\/product"}],"about":[{"href":"https:\/\/comprasyconsejos.store\/en\/wp-json\/wp\/v2\/types\/product"}],"replies":[{"embeddable":true,"href":"https:\/\/comprasyconsejos.store\/en\/wp-json\/wp\/v2\/comments?post=36667"}],"version-history":[{"count":0,"href":"https:\/\/comprasyconsejos.store\/en\/wp-json\/wp\/v2\/product\/36667\/revisions"}],"wp:featuredmedia":[{"embeddable":true,"href":"https:\/\/comprasyconsejos.store\/en\/wp-json\/wp\/v2\/media\/36668"}],"wp:attachment":[{"href":"https:\/\/comprasyconsejos.store\/en\/wp-json\/wp\/v2\/media?parent=36667"}],"wp:term":[{"taxonomy":"product_brand","embeddable":true,"href":"https:\/\/comprasyconsejos.store\/en\/wp-json\/wp\/v2\/product_brand?post=36667"},{"taxonomy":"product_cat","embeddable":true,"href":"https:\/\/comprasyconsejos.store\/en\/wp-json\/wp\/v2\/product_cat?post=36667"},{"taxonomy":"product_tag","embeddable":true,"href":"https:\/\/comprasyconsejos.store\/en\/wp-json\/wp\/v2\/product_tag?post=36667"}],"curies":[{"name":"wp","href":"https:\/\/api.w.org\/{rel}","templated":true}]}}