{"id":36670,"date":"2026-03-01T18:28:25","date_gmt":"2026-03-01T18:28:25","guid":{"rendered":"https:\/\/comprasyconsejos.store\/product\/satechi-m1-aluminium-wireless-mouse-rechargeable-usb-c-1200-dpi-elegant-ergonomic-bluetooth-mouse-for-macbook-air-pro-laptop-pc-ipad-and-more-silver\/"},"modified":"2026-03-01T18:28:27","modified_gmt":"2026-03-01T18:28:27","slug":"satechi-m1-aluminium-wireless-mouse-rechargeable-usb-c-1200-dpi-elegant-ergonomic-bluetooth-mouse-for-macbook-air-pro-laptop-pc-ipad-and-more-silver","status":"publish","type":"product","link":"https:\/\/comprasyconsejos.store\/en\/product\/satechi-m1-aluminium-wireless-mouse-rechargeable-usb-c-1200-dpi-elegant-ergonomic-bluetooth-mouse-for-macbook-air-pro-laptop-pc-ipad-and-more-silver\/","title":{"rendered":"SATECHI M1 Aluminium Wireless Mouse, Rechargeable USB C, 1200 dpi, Elegant Ergonomic Bluetooth Mouse for MacBook Air &#038; Pro, Laptop, PC, iPad and More &#8211; Silver"},"content":{"rendered":"<p>Price: <span style=\"color:#b12704\">\u20ac34.99<\/span><br \/><i><small>(as of Mar 01, 2026 18:28:25 UTC &#8211; <span class=\"wp_automatic_amazon_disclaimer\" title=\"Product prices and availability are accurate as of the date\/time indicated and are subject to change. Any price and availability information displayed on [relevant Amazon Site(s), as applicable] at the time of purchase will apply to the purchase of this product.\">Details<\/span>)<\/small><\/i><\/p>\n<p><a href=\"https:\/\/amazon.es\/dp\/B07NZ79XBY?tag=man008-21\"><img decoding=\"async\" src=\"https:\/\/valvepress.s3.amazonaws.com\/imgs\/buy_now.png\"><\/a><br \/>\n<\/p>\n<p>                                             From the brand   <\/p>\n<p>                                              <img decoding=\"async\" alt=\"\" src=\"https:\/\/images-na.ssl-images-amazon.com\/images\/G\/01\/x-locale\/common\/grey-pixel.gif\" class=\"a-lazy-loaded\" data-src=\"https:\/\/m.media-amazon.com\/images\/S\/aplus-media-library-service-media\/f7c90233-d7cc-4f52-9f27-8e44240aef6f.__CR0,0,1464,625_PT0_SX1464_V1___.png\"><img decoding=\"async\" alt=\"\" src=\"https:\/\/m.media-amazon.com\/images\/S\/aplus-media-library-service-media\/f7c90233-d7cc-4f52-9f27-8e44240aef6f.__CR0,0,1464,625_PT0_SX1464_V1___.png\">  <\/p>\n<h3> Reci\u00e9n llegado <\/h3>\n<p> Satechi Thunderbolt 5 CubeDock Docking Station <\/p>\n<p>                                              <img decoding=\"async\" alt=\"\" src=\"https:\/\/images-na.ssl-images-amazon.com\/images\/G\/01\/x-locale\/common\/grey-pixel.gif\" class=\"a-lazy-loaded\" data-src=\"https:\/\/m.media-amazon.com\/images\/S\/aplus-media-library-service-media\/fbbdc996-7631-4e23-89a6-cd787c272128.__CR0,0,724,906_PT0_SX362_V1___.png\"><img decoding=\"async\" alt=\"\" src=\"https:\/\/m.media-amazon.com\/images\/S\/aplus-media-library-service-media\/fbbdc996-7631-4e23-89a6-cd787c272128.__CR0,0,724,906_PT0_SX362_V1___.png\">  <\/p>\n<h3> CES 2026 <\/h3>\n<p> Dise\u00f1o que rinde con elegancia <\/p>\n<h3> Lanzamientos en CES 2026 <\/h3>\n<h3> Colecci\u00f3n OntheGo <\/h3>\n<p class=\"apm-brand-story-stores-link\">\n<h3> Colecci\u00f3n FindAll <\/h3>\n<p class=\"apm-brand-story-stores-link\">\n<h3> Colecci\u00f3n de Carga Qi2 <\/h3>\n<p class=\"apm-brand-story-stores-link\">\n<h3> Conectividad y Expansi\u00f3n <\/h3>\n<p class=\"apm-brand-story-stores-link\">\n<h3> Estaciones de Puertos <\/h3>\n<p class=\"apm-brand-story-stores-link\">\n<h3> Energ\u00eda y Carga <\/h3>\n<p class=\"apm-brand-story-stores-link\">\n<h3> Esenciales de Productividad <\/h3>\n<p class=\"apm-brand-story-stores-link\">\n<p>                                              <img decoding=\"async\" alt=\"\" src=\"https:\/\/images-na.ssl-images-amazon.com\/images\/G\/01\/x-locale\/common\/grey-pixel.gif\" class=\"a-lazy-loaded\" data-src=\"https:\/\/m.media-amazon.com\/images\/S\/aplus-media-library-service-media\/2ac51335-5a03-46e2-829a-5a2ad7d461a1.__CR0,0,315,145_PT0_SX315_V1___.png\"><img decoding=\"async\" alt=\"\" src=\"https:\/\/m.media-amazon.com\/images\/S\/aplus-media-library-service-media\/2ac51335-5a03-46e2-829a-5a2ad7d461a1.__CR0,0,315,145_PT0_SX315_V1___.png\">  <\/p>\n<h3> Acerca de Satechi <\/h3>\n<p> Somos m\u00e1s que otra marca de tecnolog\u00eda; somos innovadores comprometidos a ofrecerte soluciones m\u00e1s r\u00e1pidas y eficientes. <\/p>\n<p> Nuestros hubs, adaptadores y accesorios USB Tipo-C est\u00e1n dise\u00f1ados para combinar perfectamente rendimiento y estilo. No importa cu\u00e1les sean tus objetivos, nuestros productos est\u00e1n aqu\u00ed para hacer tu vida un poco m\u00e1s f\u00e1cil. <\/p>\n<p> Batteries                                            \u200f                                            :                                            \u200e                                            1 Lithium Polymer batteries required.   <br \/> Is discontinued by manufacturer                                            \u200f                                            :                                            \u200e                                            No   <br \/> Product Dimensions                                            \u200f                                            :                                            \u200e                                            12 x 7 x 0.1 cm; 87.2 g   <br \/> Manufacturer                                            \u200f                                            :                                            \u200e                                            Satechi   <br \/> ASIN                                            \u200f                                            :                                            \u200e                                            B07NZ79XBY   <br \/> Item model number                                            \u200f                                            :                                            \u200e                                            ST-ABTCMS   <br \/> Country of origin                                            \u200f                                            :                                            \u200e                                            China   <br \/> Guaranteed software updates until                                            \u200f                                            :                                            \u200e                                            unknown   <br \/>  Customer reviews:                                                                                            4.3               4.3 out of 5 stars                                  (8,737)                                              var dpAcrHasRegisteredArcLinkClickAction;                    P.when(&#8216;A&#8217;, &#8216;ready&#8217;).execute(function(A) {                        if (dpAcrHasRegisteredArcLinkClickAction !== true) {                            dpAcrHasRegisteredArcLinkClickAction = true;                            A.declarative(                                &#8216;acrLink-click-metrics&#8217;, &#8216;click&#8217;,                                { \u00aballowLinkDefault\u00bb: true },                                function (event) {                                    if (window.ue) {                                        ue.count(\u00abacrLinkClickCount\u00bb, (ue.count(\u00abacrLinkClickCount\u00bb) || 0) + 1);                                    }                                }                            );                        }                    });                                             P.when(&#8216;A&#8217;, &#8216;cf&#8217;).execute(function(A) {                A.declarative(&#8216;acrStarsLink-click-metrics&#8217;, &#8216;click&#8217;, { \u00aballowLinkDefault\u00bb : true },  function(event){                    if(window.ue) {                        ue.count(\u00abacrStarsLinkWithPopoverClickCount\u00bb, (ue.count(\u00abacrStarsLinkWithPopoverClickCount\u00bb) || 0) + 1);                    }                });            });                          <\/p>\n<p>POWERFUL BLUETOOTH CONNECTIVITY \u2013 Connect the wireless mouse easily via Bluetooth 4.2 and enjoy a stable and smooth signal with a range of up to 10 meters. Our best seller offers a seamless wearing experience, ideal for daily work and office. Compatible with MacBook, iMac, Windows Laptops, Chromebook and Tablets.<br \/>FAST AND ACCURATE TRACKING \u2013 Equipped with advanced optical sensors and a resolution of 1200 DPI, this bluetooth mouse without usb receiver ensures accurate tracking and smooth scrolling on any connected device. Note: Not recommended for 2011 and earlier Macs.<br \/>GREAT RECHARGEABLE AUTONOMY \u2013 Forget about disposable batteries with this wireless mouse that integrates a long-lasting lithium battery, with autonomy of up to 45 days. Thanks to its USB-C port, enjoy fast and efficient charging. Includes USB-C to USB cable for convenience.<br \/>ELEGANT AND ERGONOMIC DESIGN \u2013 With its high-quality aluminum finish and ergonomic curved profile, this SATECHI mouse fits comfortably in the palm of your hand. Compact and lightweight, it&#8217;s ideal for right and left handed users, and complements any modern workspace.<br \/>SATECHI WARRANTY \u2013 The M1 Wireless Mouse includes a USB-C charging cable and user manual for easy installation. For peace of mind, it comes with a 2-year limited warranty against defects in materials or workmanship. Our support team will always be on hand to help you whenever you need it.<\/p>\n\n","protected":false},"excerpt":{"rendered":"<p> From the brand Reci\u00e9n llegado Satechi Thunderbolt 5 CubeDock Docking Station CES 2026 Dise\u00f1o que<\/p>","protected":false},"featured_media":36671,"comment_status":"open","ping_status":"closed","template":"","meta":[],"product_brand":[],"product_cat":[50],"product_tag":[216,2199,765,726,759,756,775,10684,1148,761,758,162,159,160,767,163,1149,763,760,6537,764,366,133,762,226,757],"class_list":{"0":"post-36670","1":"product","2":"type-product","3":"status-publish","4":"has-post-thumbnail","6":"product_cat-mouse","7":"product_tag-air","8":"product_tag-aluminium","9":"product_tag-best-gaming-mouse","10":"product_tag-bluetooth","11":"product_tag-bluetooth-mouse","12":"product_tag-computer-mouse","13":"product_tag-dpi","14":"product_tag-elegant","15":"product_tag-ergonomic","16":"product_tag-ergonomic-mouse","17":"product_tag-gaming-mouse","18":"product_tag-ipad","19":"product_tag-laptop","20":"product_tag-macbook","21":"product_tag-mouse","22":"product_tag-pro","23":"product_tag-rechargeable","24":"product_tag-rechargeable-mouse","25":"product_tag-rgb-mouse","26":"product_tag-satechi","27":"product_tag-silent-mouse","28":"product_tag-silver","29":"product_tag-usb","30":"product_tag-usb-mouse","31":"product_tag-wireless","32":"product_tag-wireless-mouse","34":"first","35":"instock","36":"shipping-taxable","37":"product-type-external"},"_links":{"self":[{"href":"https:\/\/comprasyconsejos.store\/en\/wp-json\/wp\/v2\/product\/36670","targetHints":{"allow":["GET"]}}],"collection":[{"href":"https:\/\/comprasyconsejos.store\/en\/wp-json\/wp\/v2\/product"}],"about":[{"href":"https:\/\/comprasyconsejos.store\/en\/wp-json\/wp\/v2\/types\/product"}],"replies":[{"embeddable":true,"href":"https:\/\/comprasyconsejos.store\/en\/wp-json\/wp\/v2\/comments?post=36670"}],"version-history":[{"count":0,"href":"https:\/\/comprasyconsejos.store\/en\/wp-json\/wp\/v2\/product\/36670\/revisions"}],"wp:featuredmedia":[{"embeddable":true,"href":"https:\/\/comprasyconsejos.store\/en\/wp-json\/wp\/v2\/media\/36671"}],"wp:attachment":[{"href":"https:\/\/comprasyconsejos.store\/en\/wp-json\/wp\/v2\/media?parent=36670"}],"wp:term":[{"taxonomy":"product_brand","embeddable":true,"href":"https:\/\/comprasyconsejos.store\/en\/wp-json\/wp\/v2\/product_brand?post=36670"},{"taxonomy":"product_cat","embeddable":true,"href":"https:\/\/comprasyconsejos.store\/en\/wp-json\/wp\/v2\/product_cat?post=36670"},{"taxonomy":"product_tag","embeddable":true,"href":"https:\/\/comprasyconsejos.store\/en\/wp-json\/wp\/v2\/product_tag?post=36670"}],"curies":[{"name":"wp","href":"https:\/\/api.w.org\/{rel}","templated":true}]}}