{"id":36678,"date":"2026-03-01T20:49:48","date_gmt":"2026-03-01T20:49:48","guid":{"rendered":"https:\/\/comprasyconsejos.store\/product\/bmax-b1plus-mini-pc-win-11-intel-celeron-j3355up-to-2-5ghz-6gb-lpddr3-128gb-emmc-ssd-mini-desktop-computer-micro-pc-wifi-5-bt5-0-4k60hz-uhd-dual-display-for-office\/"},"modified":"2026-03-01T20:49:58","modified_gmt":"2026-03-01T20:49:58","slug":"bmax-b1plus-mini-pc-win-11-intel-celeron-j3355up-to-2-5ghz-6gb-lpddr3-128gb-emmc-ssd-mini-desktop-computer-micro-pc-wifi-5-bt5-0-4k60hz-uhd-dual-display-for-office","status":"publish","type":"product","link":"https:\/\/comprasyconsejos.store\/en\/product\/bmax-b1plus-mini-pc-win-11-intel-celeron-j3355up-to-2-5ghz-6gb-lpddr3-128gb-emmc-ssd-mini-desktop-computer-micro-pc-wifi-5-bt5-0-4k60hz-uhd-dual-display-for-office\/","title":{"rendered":"BMAX B1Plus Mini PC Win 11, Intel Celeron J3355(up to 2.5GHz) 6GB LPDDR3, 128GB eMMC SSD, Mini Desktop Computer, Micro PC, WiFi 5, BT5.0, 4K@60HZ UHD Dual Display for Office"},"content":{"rendered":"<p>Price: <span style=\"color:#b12704\">\u20ac179.99<\/span><br \/><i><small>(as of Mar 01, 2026 20:49:48 UTC &#8211; <span class=\"wp_automatic_amazon_disclaimer\" title=\"Product prices and availability are accurate as of the date\/time indicated and are subject to change. Any price and availability information displayed on [relevant Amazon Site(s), as applicable] at the time of purchase will apply to the purchase of this product.\">Details<\/span>)<\/small><\/i><\/p>\n<p><a href=\"https:\/\/amazon.es\/dp\/B0FP28HLM5?tag=man008-21\"><img decoding=\"async\" src=\"https:\/\/valvepress.s3.amazonaws.com\/imgs\/buy_now.png\"><\/a><br \/>\n<\/p>\n<p>                                             Product Description   <\/p>\n<p>                                                                     BMAX B1Plus Mini PC Intel J3355 6GB LPDDR3 RAM 128GB eMMC SSD                                            <img decoding=\"async\" alt=\"El texto dice \u00abBT Plus\u00bb y \u00abProcesador Intel Celeron J3455\u00bb. Moderna configuraci\u00f3n de escritorio blanca con teclado y rat\u00f3n inal\u00e1mbricos e iluminaci\u00f3n de acento azul.\" src=\"https:\/\/images-na.ssl-images-amazon.com\/images\/G\/01\/x-locale\/common\/grey-pixel.gif\" class=\"a-lazy-loaded\" data-src=\"https:\/\/m.media-amazon.com\/images\/S\/aplus-media-library-service-media\/7eac0526-7ef6-4ed8-8602-f13f2edd4de7.__CR0,0,1464,600_PT0_SX1464_V1___.jpg\"><img decoding=\"async\" alt=\"El texto dice \u00abBT Plus\u00bb y \u00abProcesador Intel Celeron J3455\u00bb. Moderna configuraci\u00f3n de escritorio blanca con teclado y rat\u00f3n inal\u00e1mbricos e iluminaci\u00f3n de acento azul.\" src=\"https:\/\/m.media-amazon.com\/images\/S\/aplus-media-library-service-media\/7eac0526-7ef6-4ed8-8602-f13f2edd4de7.__CR0,0,1464,600_PT0_SX1464_V1___.jpg\">                                               <\/p>\n<p>                                                                                                       <img decoding=\"async\" alt=\"Ilustraci\u00f3n de los componentes de hardware de la computadora que muestra las especificaciones t\u00e9cnicas con un dise\u00f1o de interfaz digital azul.\" src=\"https:\/\/images-na.ssl-images-amazon.com\/images\/G\/01\/x-locale\/common\/grey-pixel.gif\" class=\"a-lazy-loaded\" data-src=\"https:\/\/m.media-amazon.com\/images\/S\/aplus-media-library-service-media\/a878ebce-75cc-4895-ab61-1726c11c74d0.__CR0,0,1464,600_PT0_SX1464_V1___.jpg\"><img decoding=\"async\" alt=\"Ilustraci\u00f3n de los componentes de hardware de la computadora que muestra las especificaciones t\u00e9cnicas con un dise\u00f1o de interfaz digital azul.\" src=\"https:\/\/m.media-amazon.com\/images\/S\/aplus-media-library-service-media\/a878ebce-75cc-4895-ab61-1726c11c74d0.__CR0,0,1464,600_PT0_SX1464_V1___.jpg\">                                               <\/p>\n<h3 class=\"a-size-extra-large a-spacing-base a-text-center\"> Especificaciones sobre la mini PC BMAX B1Plus <\/h3>\n<p>                                                        Procesador CPU                                     Intel J3355                                        Procesamiento gr\u00e1fico(GPU)                                     Intel HD Graphics 500                                        Memoria \/ RAM                                     6GB\/LPDDR3\/1600MHz                                        Disco duro \/ ROM                                     128GB SSD                                        Sistema operativo                                     Win-11 Home                                        WIFI                                     Wi-Fi 5 802.11a\/b\/g\/n\/ac\/ax (2,4 GHz\/5 GHz)                                                         Bluetooth                                    Bluetooth 5.0                                        Tipo de interfaz                                     USB 3.0 \u00d7 2, USB 2.0 \u00d7 2                                        Interfaz de v\u00eddeo                                     HDMI 1.4 \u00d72                                        Circuito de refrigeraci\u00f3n                                     Ventilador inteligente                                        Ranura SSD                                    M.2 SATA\/NVMe 2280 SSD                     <\/p>\n<p>                                                                                                                    <img decoding=\"async\" alt=\"El texto dice \u00abProcesador Intel Celeron J3355\u00bb. Placa de circuito con un primer plano del procesador, que muestra los componentes t\u00e9cnicos y los circuitos te\u00f1idos de azul.\" src=\"https:\/\/m.media-amazon.com\/images\/S\/aplus-media-library-service-media\/2cfa5e65-926b-45c1-a77a-7d323621968d.__CR0,0,1464,600_PT0_SX1464_V1___.jpg\">                                                    <img decoding=\"async\" alt=\"El texto dice \u00abExpande Facilmente la Capacidad\u00bb. Muestra los componentes y especificaciones del SSD M.2 con diagramas t\u00e9cnicos sobre fondo azul.\" src=\"https:\/\/m.media-amazon.com\/images\/S\/aplus-media-library-service-media\/629e644c-2753-4757-b692-9a71d23424cb.__CR0,0,1464,600_PT0_SX1464_V1___.jpg\">                                                    <img decoding=\"async\" alt=\"El texto dice \u00abPantalla Dual\u00bb y \u00abHasta Resoluci\u00f3n 4K\u00bb. La pantalla t\u00e9cnica del producto muestra un dispositivo iluminado en azul con varios puertos de conectividad.\" src=\"https:\/\/m.media-amazon.com\/images\/S\/aplus-media-library-service-media\/ddc31a17-e805-432b-9d30-785c7332c2a4.__CR0,0,1464,600_PT0_SX1464_V1___.jpg\">                                                    <img decoding=\"async\" alt=\"El texto muestra los logotipos de \u00abWin 11\u00bb, \u00abLinux\u00bb y \u00abUbuntu\u00bb. Capturas de pantalla de la interfaz del sistema operativo de la computadora dispuestas horizontalmente que muestran diferentes plataformas.\" src=\"https:\/\/m.media-amazon.com\/images\/S\/aplus-media-library-service-media\/a1834a75-9da0-4ccd-840d-8728c753db84.__CR0,0,1464,600_PT0_SX1464_V1___.jpg\">                                                    <img decoding=\"async\" alt=\"El texto dice \u00abSistema de refrigeraci\u00f3n de la c\u00e1psula espacial\u00bb. Diagrama t\u00e9cnico que muestra los componentes del sistema de refrigeraci\u00f3n con flechas y etiquetas en espa\u00f1ol.\" src=\"https:\/\/m.media-amazon.com\/images\/S\/aplus-media-library-service-media\/d60581eb-fe0b-4a07-be16-5057adff7edb.__CR0,0,1464,600_PT0_SX1464_V1___.jpg\"><br \/>\n                            1 Intel Celeron J3355 <\/p>\n<p>                            2 6GB LPDDR3 128GB eMMC SSD <\/p>\n<p>                            3 Doble Pantalla 4K@60Hz <\/p>\n<p>                            4 Win 11 Home <\/p>\n<p>                            5 sistema de ventilaci\u00f3n <\/p>\n<p>                                                                                                                  <img decoding=\"async\" alt=\"El texto dice \u00abDisfruta de una Conexi\u00f3n Estable\u00bb. Diagrama de conectividad similar al de la imagen 3, en el que se muestran los iconos de un mini PC con conexi\u00f3n inal\u00e1mbrica en tonos azules.\" src=\"https:\/\/m.media-amazon.com\/images\/S\/aplus-media-library-service-media\/89ceb491-dc5c-439f-8e9a-2e1af1a2085b.__CR0,0,1464,600_PT0_SX1464_V1___.jpg\">                                                    <img decoding=\"async\" alt=\"Varias vistas del panel de interfaz del dispositivo que muestran varios puertos, incluidos USB, HDMI y conexiones de alimentaci\u00f3n.\" src=\"https:\/\/m.media-amazon.com\/images\/S\/aplus-media-library-service-media\/d28eb3c6-4dcc-482a-a8a1-589ff4b5d4bc.__CR0,0,1464,600_PT0_SX1464_V1___.jpg\">                                                    <img decoding=\"async\" alt=\"El texto dice \u00abEncendido Autom\u00e1tico y Compatible con Wake-on-LAN\u00bb. Dispositivo compacto azul con m\u00faltiples puertos que se muestra sobre un fondo claro con flechas de navegaci\u00f3n.\" src=\"https:\/\/m.media-amazon.com\/images\/S\/aplus-media-library-service-media\/dd855379-153a-4fcd-bf77-fbf5e9adc02c.__CR0,0,1464,600_PT0_SX1464_V1___.jpg\">                                                    <img decoding=\"async\" alt=\"El texto dice \u00abExclusivo e innovador sistema One-key\u00bb. Captura de pantalla de una interfaz de software que muestra las opciones del sistema Smart Recovery.\" src=\"https:\/\/m.media-amazon.com\/images\/S\/aplus-media-library-service-media\/7e80f96e-49ce-4c7a-8034-ab690de14e96.__CR0,0,1464,600_PT0_SX1464_V1___.jpg\"><br \/>\n                            1 Wi-Fi 5 y Bluetooth 5.0 <\/p>\n<p>                            2 Interfaces enriquecidas <\/p>\n<p>                            3 Wake-on-LAN <\/p>\n<p>                            4 Exclusivo de BMAX <\/p>\n<p>                                                                                                                <img decoding=\"async\" alt=\"El texto dice \u00abCat\u00e1logo de Productos\u00bb. La l\u00ednea de productos muestra el miniPC BMAX B1Plus con cable HDMI, adaptador de corriente, soporte met\u00e1lico y manual de usuario sobre un fondo azul claro.\" src=\"https:\/\/m.media-amazon.com\/images\/S\/aplus-media-library-service-media\/64289be2-51ab-43ff-a523-c72809cda8fb.__CR0,0,1464,600_PT0_SX1464_V1___.jpg\">                                                    <img decoding=\"async\" alt=\"El texto dice \u00abPeque\u00f1o y Port\u00e1til\u00bb. Imagen dividida que muestra la configuraci\u00f3n del monitor del ordenador y del escritorio, mostrando la configuraci\u00f3n compacta del espacio de trabajo.\" src=\"https:\/\/m.media-amazon.com\/images\/S\/aplus-media-library-service-media\/3e8cd626-bfcd-4ce0-be26-dae29271b94b.__CR0,0,1464,600_PT0_SX1464_V1___.jpg\">                                                    <img decoding=\"async\" alt=\"El texto dice \u00abSatisface tus Necesidades Diarias\u00bb. Interfaz de sitio web o aplicaci\u00f3n que muestra varios paneles con pantallas de computadora y configuraciones de oficina.\" src=\"https:\/\/m.media-amazon.com\/images\/S\/aplus-media-library-service-media\/a969b945-c80b-4ada-a9fd-d9cb5a40cac4.__CR0,0,1464,600_PT0_SX1464_V1___.jpg\"><br \/>\n                            1 Lista de embalaje <\/p>\n<p>                            2 Peque\u00f1o y port\u00e1til <\/p>\n<p>                            3 Escenarios de aplicaci\u00f3n <\/p>\n<p> Product Dimensions                                            \u200f                                            :                                            \u200e                                            10.8 x 10.5 x 3.6 cm; 220 g   <br \/> Manufacturer                                            \u200f                                            :                                            \u200e                                            BMAX   <br \/> ASIN                                            \u200f                                            :                                            \u200e                                            B0GMCB744B   <br \/> Item model number                                            \u200f                                            :                                            \u200e                                            B1 Plus   <br \/> Country of origin                                            \u200f                                            :                                            \u200e                                            China   <br \/> Guaranteed software updates until                                            \u200f                                            :                                            \u200e                                            unknown   <br \/>  Customer reviews:                                                                                            4.5               4.5 out of 5 stars                                  (187)                                              var dpAcrHasRegisteredArcLinkClickAction;                    P.when(&#8216;A&#8217;, &#8216;ready&#8217;).execute(function(A) {                        if (dpAcrHasRegisteredArcLinkClickAction !== true) {                            dpAcrHasRegisteredArcLinkClickAction = true;                            A.declarative(                                &#8216;acrLink-click-metrics&#8217;, &#8216;click&#8217;,                                { \u00aballowLinkDefault\u00bb: true },                                function (event) {                                    if (window.ue) {                                        ue.count(\u00abacrLinkClickCount\u00bb, (ue.count(\u00abacrLinkClickCount\u00bb) || 0) + 1);                                    }                                }                            );                        }                    });                                             P.when(&#8216;A&#8217;, &#8216;cf&#8217;).execute(function(A) {                A.declarative(&#8216;acrStarsLink-click-metrics&#8217;, &#8216;click&#8217;, { \u00aballowLinkDefault\u00bb : true },  function(event){                    if(window.ue) {                        ue.count(\u00abacrStarsLinkWithPopoverClickCount\u00bb, (ue.count(\u00abacrStarsLinkWithPopoverClickCount\u00bb) || 0) + 1);                    }                });            });                          <\/p>\n<p>\u3010High Performance, Smooth Experience\u3011 BMAX B1Plus mini pc is equipped with a dual-core Intel Celeron J3355 processor (14nm, turbo up to 2.5GHz), with about 25% higher performance. With 6GB of LPDDR3 RAM, 128GB of eMMC storage and Intel HD Graphics 500, it seamlessly handles everyday tasks like office, navigation, video calling and HD video playback, ideal as a desktop PC for home or office.<br \/>\u3010Dual 4K, Productivity &#038; Entertainment\u3011 It offers two HDMI 1.4 outputs compatible with 4K@60Hz, allowing you to connect two monitors or a TV to expand your workspace. The extended display function improves multitasking, data analysis or multimedia consumption, offering a superior visual experience, suitable even for a basic gaming PC.<br \/>\u3010Full connectivity for all peripherals\u3011 Includes a wide range of ports: 2\u00d7 USB 3.0, 2\u00d7 USB 2.0, Gigabit Ethernet and 3.5mm audio jack. Simultaneously connect keyboard, headset, printer, projector or TV, covering all the needs of a mini desktop computer in work and leisure environments.<br \/>\u3010Dual M.2 Slot Storage Expansion\u3011 In addition to the built-in 128GB eMMC, it includes two M.2 2280 slots for SATA SSD and NVMe. Easily increase capacity or transfer speed, ensuring that this mini pc windows 11 adapts to the future growth of your data.<br \/>\u3010Compact Design &#038; Quiet Cooling\u3011 Its cooling system with intelligent fan and heatsink ensures stable and quiet operation. With dimensions of only 10.8\u00d710.5\u00d73.6 cm and 223 g, its starry blue design is compact and modern. Includes VESA mount for discreet mounting behind the monitor or TV, saving space as an efficient all-in-one small-format PC.<br \/>\u3010Win 11 Pre-Installed &#038; Comprehensive Warranty\u3011 This mini pc win 11 includes the original Win 11 Home license factory and is compatible with Linux, adapting to office, development and home. The exclusive BMAX one-click restore function simplifies maintenance. Supports auto wake up and scheduled reactivation. Enjoy 12 months warranty (covers design\/manufacturing defects) with professional technical support specialized in mini pc.<\/p>\n\n","protected":false},"excerpt":{"rendered":"<p> Product Description BMAX B1Plus Mini PC Intel J3355 6GB LPDDR3 RAM 128GB eMMC SSD Especificaciones<\/p>","protected":false},"featured_media":36679,"comment_status":"open","ping_status":"closed","template":"","meta":[],"product_brand":[],"product_cat":[90],"product_tag":[700,6969,1220,1434,10687,613,5719,695,563,539,611,787,561,298,569,607,604,609,606,612,608,562,10688,10689,1424,215,585,605,610,513,684,543,586],"class_list":{"0":"post-36678","1":"product","2":"type-product","3":"status-publish","4":"has-post-thumbnail","6":"product_cat-gaming-pcs","7":"product_tag-128gb","8":"product_tag-2-5ghz","9":"product_tag-4k60hz","10":"product_tag-6gb","11":"product_tag-b1plus","12":"product_tag-best-gaming-pc","13":"product_tag-bmax","14":"product_tag-bt5-0","15":"product_tag-celeron","16":"product_tag-computer","17":"product_tag-custom-gaming-pc","18":"product_tag-desktop","19":"product_tag-display","20":"product_tag-dual","21":"product_tag-emmc","22":"product_tag-gaming-desktop","23":"product_tag-gaming-pc","24":"product_tag-gaming-pc-16gb-ram","25":"product_tag-gaming-pc-rtx","26":"product_tag-gaming-pc-ssd","27":"product_tag-high-end-gaming-pc","28":"product_tag-intel","29":"product_tag-j3355up","30":"product_tag-lpddr3","31":"product_tag-micro","32":"product_tag-mini","33":"product_tag-office","34":"product_tag-prebuilt-gaming-pc","35":"product_tag-rgb-gaming-pc","36":"product_tag-ssd","37":"product_tag-uhd","38":"product_tag-wifi","39":"product_tag-win","41":"first","42":"instock","43":"shipping-taxable","44":"product-type-external"},"_links":{"self":[{"href":"https:\/\/comprasyconsejos.store\/en\/wp-json\/wp\/v2\/product\/36678","targetHints":{"allow":["GET"]}}],"collection":[{"href":"https:\/\/comprasyconsejos.store\/en\/wp-json\/wp\/v2\/product"}],"about":[{"href":"https:\/\/comprasyconsejos.store\/en\/wp-json\/wp\/v2\/types\/product"}],"replies":[{"embeddable":true,"href":"https:\/\/comprasyconsejos.store\/en\/wp-json\/wp\/v2\/comments?post=36678"}],"version-history":[{"count":0,"href":"https:\/\/comprasyconsejos.store\/en\/wp-json\/wp\/v2\/product\/36678\/revisions"}],"wp:featuredmedia":[{"embeddable":true,"href":"https:\/\/comprasyconsejos.store\/en\/wp-json\/wp\/v2\/media\/36679"}],"wp:attachment":[{"href":"https:\/\/comprasyconsejos.store\/en\/wp-json\/wp\/v2\/media?parent=36678"}],"wp:term":[{"taxonomy":"product_brand","embeddable":true,"href":"https:\/\/comprasyconsejos.store\/en\/wp-json\/wp\/v2\/product_brand?post=36678"},{"taxonomy":"product_cat","embeddable":true,"href":"https:\/\/comprasyconsejos.store\/en\/wp-json\/wp\/v2\/product_cat?post=36678"},{"taxonomy":"product_tag","embeddable":true,"href":"https:\/\/comprasyconsejos.store\/en\/wp-json\/wp\/v2\/product_tag?post=36678"}],"curies":[{"name":"wp","href":"https:\/\/api.w.org\/{rel}","templated":true}]}}