{"id":36684,"date":"2026-03-01T21:25:02","date_gmt":"2026-03-01T21:25:02","guid":{"rendered":"https:\/\/comprasyconsejos.store\/product\/doogee-u10-tablet-10-inches-wifi-6-android-tablet-14-9gb-ram128gb-rom-tablet-1280-x-800-ips-face-id-bluetooth-5-0-5060mah-otg-tuv-tablet-pc-8mp5mp\/"},"modified":"2026-03-01T21:25:03","modified_gmt":"2026-03-01T21:25:03","slug":"doogee-u10-tablet-10-inches-wifi-6-android-tablet-14-9gb-ram128gb-rom-tablet-1280-x-800-ips-face-id-bluetooth-5-0-5060mah-otg-tuv-tablet-pc-8mp5mp","status":"publish","type":"product","link":"https:\/\/comprasyconsejos.store\/en\/product\/doogee-u10-tablet-10-inches-wifi-6-android-tablet-14-9gb-ram128gb-rom-tablet-1280-x-800-ips-face-id-bluetooth-5-0-5060mah-otg-tuv-tablet-pc-8mp5mp\/","title":{"rendered":"DOOGEE U10 Tablet 10 Inches, WiFi 6 Android Tablet 14, 9GB RAM+128GB ROM, Tablet 1280 x 800 IPS, Face ID, Bluetooth 5.0, 5060mAh, OTG, T\u00dcV, Tablet PC, 8MP+5MP"},"content":{"rendered":"<p>Price: <span style=\"color:#b12704\">\u20ac147.93<\/span><br \/><i><small>(as of Mar 01, 2026 21:25:02 UTC &#8211; <span class=\"wp_automatic_amazon_disclaimer\" title=\"Product prices and availability are accurate as of the date\/time indicated and are subject to change. Any price and availability information displayed on [relevant Amazon Site(s), as applicable] at the time of purchase will apply to the purchase of this product.\">Details<\/span>)<\/small><\/i><\/p>\n<p><a href=\"https:\/\/amazon.es\/dp\/B0CJQW6KCK?tag=man008-21\"><img decoding=\"async\" src=\"https:\/\/valvepress.s3.amazonaws.com\/imgs\/buy_now.png\"><\/a><br \/>\n<\/p>\n<p>                                             Product Description   <\/p>\n<p>                                                                                                       <img decoding=\"async\" alt=\"1\" src=\"https:\/\/images-na.ssl-images-amazon.com\/images\/G\/01\/x-locale\/common\/grey-pixel.gif\" class=\"a-lazy-loaded\" data-src=\"https:\/\/m.media-amazon.com\/images\/S\/aplus-media-library-service-media\/56f86bfc-95f3-48e0-a4e0-a186021ac730.__CR0,0,1464,600_PT0_SX1464_V1___.jpg\"><img decoding=\"async\" alt=\"1\" src=\"https:\/\/m.media-amazon.com\/images\/S\/aplus-media-library-service-media\/56f86bfc-95f3-48e0-a4e0-a186021ac730.__CR0,0,1464,600_PT0_SX1464_V1___.jpg\">                                         <\/p>\n<p class=\"aplus-description aplus-container-3 aplus-p1\"> DOOGEE U10 <\/p>\n<p class=\"aplus-description aplus-container-3 aplus-p1\"> mano de obra exquisita, proteccion ocular de pantalla grande, alta eficiencia y maxima potencia, personalizado para adolescentes. <\/p>\n<p>                                                                                  <img decoding=\"async\" alt=\"1\" src=\"https:\/\/m.media-amazon.com\/images\/S\/aplus-media-library-service-media\/0c6e3f3e-0113-4f82-b4a5-4e25158454f4.__CR0,0,1464,600_PT0_SX1464_V1___.jpg\">                                                    <img decoding=\"async\" alt=\"1\" src=\"https:\/\/m.media-amazon.com\/images\/S\/aplus-media-library-service-media\/4e85b09b-153d-4519-8e93-edccb5d34e90.__CR0,0,1464,600_PT0_SX1464_V1___.jpg\">                                                    <img decoding=\"async\" alt=\"1\" src=\"https:\/\/m.media-amazon.com\/images\/S\/aplus-media-library-service-media\/d23672c0-a7bf-40c6-ab22-b6fabbd20d77.__CR0,0,1464,600_PT0_SX1464_V1___.jpg\">                                                    <img decoding=\"async\" alt=\"1\" src=\"https:\/\/m.media-amazon.com\/images\/S\/aplus-media-library-service-media\/7310595c-59f8-4524-8555-d1be89a90b49.__CR0,0,1464,600_PT0_SX1464_V1___.jpg\">                                                    <img decoding=\"async\" alt=\"1\" src=\"https:\/\/m.media-amazon.com\/images\/S\/aplus-media-library-service-media\/70630076-6988-41e3-aa5c-01c4ac217f49.__CR0,0,1464,600_PT0_SX1464_V1___.jpg\">               <\/p>\n<p>                       1 Certificaci\u00f3n TUV          2 Ultrafino y c\u00f3modo          3 C\u00e1mara Principal          4 WIFI 6 m\u00e1s r\u00e1pido          5 \u00daltimo Android 13             <\/p>\n<p>                                                                                <img decoding=\"async\" alt=\"1\" src=\"https:\/\/m.media-amazon.com\/images\/S\/aplus-media-library-service-media\/aa141151-74bd-4647-a95a-8f94b847196b.__CR0,0,1464,600_PT0_SX1464_V1___.jpg\">                                                    <img decoding=\"async\" alt=\"1\" src=\"https:\/\/m.media-amazon.com\/images\/S\/aplus-media-library-service-media\/c30f14b7-e756-49c3-a936-2d7d47b9c973.__CR0,0,1464,600_PT0_SX1464_V1___.jpg\">                                                    <img decoding=\"async\" alt=\"1\" src=\"https:\/\/m.media-amazon.com\/images\/S\/aplus-media-library-service-media\/359411fb-a05b-4b90-9c7b-f1ee0f4241e2.__CR0,0,1464,600_PT0_SX1464_V1___.jpg\">                                                    <img decoding=\"async\" alt=\"1\" src=\"https:\/\/m.media-amazon.com\/images\/S\/aplus-media-library-service-media\/b6e53cd9-49e3-4f09-a5d8-423d85ce0df8.__CR0,0,1464,600_PT0_SX1464_V1___.jpg\">                   <\/p>\n<p>                       1 Pantalla grande          2 9GB RAM &amp; 128GB ROM          3 Ouad Core Processor          4 Soporte Widevine L1                  <\/p>\n<p>                                                                                  <img decoding=\"async\" alt=\"1\" src=\"https:\/\/m.media-amazon.com\/images\/S\/aplus-media-library-service-media\/06677d16-7373-490a-89ac-79234dd25e6d.__CR0,0,1464,600_PT0_SX1464_V1___.jpg\">       <\/p>\n<p>                                                                                  <img decoding=\"async\" alt=\"1\" src=\"https:\/\/m.media-amazon.com\/images\/S\/aplus-media-library-service-media\/6404ca7e-f766-4de7-aefe-d46d1aac6814.__CR0,0,1464,600_PT0_SX1464_V1___.jpg\">       <\/p>\n<p>                                                            DOOGEE U10 excelente duraci\u00f3n de la bater\u00eda.                                            <img decoding=\"async\" alt=\"1\" src=\"https:\/\/images-na.ssl-images-amazon.com\/images\/G\/01\/x-locale\/common\/grey-pixel.gif\" class=\"a-lazy-loaded\" data-src=\"https:\/\/m.media-amazon.com\/images\/S\/aplus-media-library-service-media\/a8a99727-4abc-4e36-9029-654c3c4a5520.__CR0,0,650,350_PT0_SX650_V1___.jpg\"><img decoding=\"async\" alt=\"1\" src=\"https:\/\/m.media-amazon.com\/images\/S\/aplus-media-library-service-media\/a8a99727-4abc-4e36-9029-654c3c4a5520.__CR0,0,650,350_PT0_SX650_V1___.jpg\">                                            Bater\u00eda grande de 5060mAh                                         <\/p>\n<p class=\"aplus-p3\"> Bater\u00eda extragrande de larga duraci\u00f3n de 5060 mAh incorporada para streaming continuo, vea pel\u00edculas en casa, estudie sobre la marcha, \u00a1d\u00e9jese divertir! <\/p>\n<p>                                           <img decoding=\"async\" alt=\"1\" src=\"https:\/\/images-na.ssl-images-amazon.com\/images\/G\/01\/x-locale\/common\/grey-pixel.gif\" class=\"a-lazy-loaded\" data-src=\"https:\/\/m.media-amazon.com\/images\/S\/aplus-media-library-service-media\/fe9666ce-ef84-42db-9d0b-82c053f51713.__CR0,0,650,350_PT0_SX650_V1___.jpg\"><img decoding=\"async\" alt=\"1\" src=\"https:\/\/m.media-amazon.com\/images\/S\/aplus-media-library-service-media\/fe9666ce-ef84-42db-9d0b-82c053f51713.__CR0,0,650,350_PT0_SX650_V1___.jpg\">                                            Admite funci\u00f3n OTG                                         <\/p>\n<p class=\"aplus-p3\"> No s\u00f3lo carga el tel\u00e9fono, sino que tambi\u00e9n permite que la tableta lea las fotos del tel\u00e9fono o la c\u00e1mara y las transfiera directamente a la tableta de un plumazo. <\/p>\n<h3 class=\"a-size-extra-large a-spacing-base a-text-center\"> DOOGEE U10 Andriod 13 Tablet 10.1 Pulgadas 2023 <\/h3>\n<p>                                                        Systema                                    Android 13 Tablet                                        Tama\u00f1o de la pantalla                                    10.1 inch                                        Resoluci\u00f3n de pantalla                                    1280*800                                        RAM\/ROM                                    9GB RAM (4GB+Up to 5GB Extended RAM)\/128GB                                        Capacidad de la tarjeta TF                                    1TB                                        Capacidad de la bater\u00eda                                    5060mAh                                        Tres modos                                    modo de ahorro de energia; modo de proteccion ocular; modo oscuro                                                         Dimensiones                                    245.3*163.3*9.9mm                                        Peso                                    0.478kg                                        Color                                    GRIS\/VERDE\/PURPLE                                        C\u00e1mara frontal                                    5MP                                         C\u00e1mara trasera                                    8MP                                        WiFi de doble banda                                    Conectividad de WIFI 6                                        Protecci\u00f3n ocular                                    Protecci\u00f3n ocular certificada por T\u00dcV S\u00dcD                     <\/p>\n<p> Batteries                                            \u200f                                            :                                            \u200e                                            2 AAA batteries required. (included)   <br \/> Product Dimensions                                            \u200f                                            :                                            \u200e                                            39.1 x 34 x 34 cm; 840 g   <br \/> Manufacturer                                            \u200f                                            :                                            \u200e                                            DOOGEE   <br \/> ASIN                                            \u200f                                            :                                            \u200e                                            B0CJQW6KCK   <br \/> Item model number                                            \u200f                                            :                                            \u200e                                            U10   <br \/> Country of origin                                            \u200f                                            :                                            \u200e                                            China   <br \/> Guaranteed software updates until                                            \u200f                                            :                                            \u200e                                            unknown   <br \/>  Customer reviews:                                                                                            3.6               3.6 out of 5 stars                                  (139)                                              var dpAcrHasRegisteredArcLinkClickAction;                    P.when(&#8216;A&#8217;, &#8216;ready&#8217;).execute(function(A) {                        if (dpAcrHasRegisteredArcLinkClickAction !== true) {                            dpAcrHasRegisteredArcLinkClickAction = true;                            A.declarative(                                &#8216;acrLink-click-metrics&#8217;, &#8216;click&#8217;,                                { \u00aballowLinkDefault\u00bb: true },                                function (event) {                                    if (window.ue) {                                        ue.count(\u00abacrLinkClickCount\u00bb, (ue.count(\u00abacrLinkClickCount\u00bb) || 0) + 1);                                    }                                }                            );                        }                    });                                             P.when(&#8216;A&#8217;, &#8216;cf&#8217;).execute(function(A) {                A.declarative(&#8216;acrStarsLink-click-metrics&#8217;, &#8216;click&#8217;, { \u00aballowLinkDefault\u00bb : true },  function(event){                    if(window.ue) {                        ue.count(\u00abacrStarsLinkWithPopoverClickCount\u00bb, (ue.count(\u00abacrStarsLinkWithPopoverClickCount\u00bb) || 0) + 1);                    }                });            });                          <\/p>\n<p>\u30109GB RAM + 128GB ROM + 1TB TF\u3011DOOGEE Tablet 10 inch provides you with 9GB RAM (5GB RAM + 4GB RAM expansion) and 128GB storage memory, allowing you to start apps quickly. Compatible with all brands of 1TB microSD\/TF cards, whether you are using the tablet for work or study, switching between different apps is super simple. The tablet supports eye protection mode and is your most cost-effective gift choice.<br \/>\u301010.1 inch screen + face recognition\u3011DOOGEE U10 tablet is equipped with an IPS HD+ screen (1280*800), which presents bright images and clear details. Equipped with front and rear cameras, you can not only video chat with family, friends and colleagues, but also unlock the screen by facial recognition. Stereo speakers give you a cinema-like video viewing experience.<br \/>\u30105060mAh Battery + 8MP Camera\u3011Thanks to the 5060mAh battery, you can use the tablet pc for a long time without worrying about the problems of frequent charging. You can also activate the power saving mode. The 8MP rear camera is ideal for selfies and calling with friends and family. The Andriod 13 tablet is equipped with a separate Type-c+3.5mm headphone jack. Supports wireless screencasting and easily connects to a large TV.<br \/>\u3010Latest Android 13 &#038; QUAD-CORE\u3011The U10 tablet is equipped with the latest Android 13 system, which improves privacy and security. Tablet Andriod 13 is equipped with the most stable quad-core processor, which improves program execution speed and web browsing mobility, allowing you to enjoy stable and ultra-fast network connections anytime, anywhere.<br \/>\u3010WIFI 6 &#038; GSM Certification\u3011DOOGEE U10 tablet is equipped with ultra-fast Wi-Fi 6 connection with higher capacity and lower latency than 5G Wi-Fi, which provides a more stable network connection speed. You can also use Bluetooth 5.0 to connect Bluetooth headphones, Bluetooth keyboards and other Bluetooth devices. The good and cheap tablet is GMS certified and offers full access to Google Apps to download the apps you need.<\/p>\n\n","protected":false},"excerpt":{"rendered":"<p> Product Description DOOGEE U10 mano de obra exquisita, proteccion ocular de pantalla grande, alta eficiencia<\/p>","protected":false},"featured_media":36685,"comment_status":"open","ping_status":"closed","template":"","meta":[],"product_brand":[],"product_cat":[93],"product_tag":[651,10693,6210,10523,391,646,648,726,650,6113,841,655,1611,703,1164,2424,913,647,157,652,653,649,654,8813,10692,543],"class_list":{"0":"post-36684","1":"product","2":"type-product","3":"status-publish","4":"has-post-thumbnail","6":"product_cat-android-tablets","7":"product_tag-10-inch-tablet","8":"product_tag-5060mah","9":"product_tag-8mp5mp","10":"product_tag-9gb","11":"product_tag-android","12":"product_tag-android-tablet","13":"product_tag-best-android-tablet","14":"product_tag-bluetooth","15":"product_tag-budget-android-tablet","16":"product_tag-doogee","17":"product_tag-face","18":"product_tag-gaming-tablet","19":"product_tag-inches","20":"product_tag-ips","21":"product_tag-otg","22":"product_tag-ram128gb","23":"product_tag-rom","24":"product_tag-samsung-android-tablet","25":"product_tag-tablet","26":"product_tag-tablet-for-kids","27":"product_tag-tablet-for-study","28":"product_tag-tablet-with-sim","29":"product_tag-tablet-with-stylus","30":"product_tag-tuv","31":"product_tag-u10","32":"product_tag-wifi","34":"first","35":"instock","36":"shipping-taxable","37":"product-type-external"},"_links":{"self":[{"href":"https:\/\/comprasyconsejos.store\/en\/wp-json\/wp\/v2\/product\/36684","targetHints":{"allow":["GET"]}}],"collection":[{"href":"https:\/\/comprasyconsejos.store\/en\/wp-json\/wp\/v2\/product"}],"about":[{"href":"https:\/\/comprasyconsejos.store\/en\/wp-json\/wp\/v2\/types\/product"}],"replies":[{"embeddable":true,"href":"https:\/\/comprasyconsejos.store\/en\/wp-json\/wp\/v2\/comments?post=36684"}],"version-history":[{"count":0,"href":"https:\/\/comprasyconsejos.store\/en\/wp-json\/wp\/v2\/product\/36684\/revisions"}],"wp:featuredmedia":[{"embeddable":true,"href":"https:\/\/comprasyconsejos.store\/en\/wp-json\/wp\/v2\/media\/36685"}],"wp:attachment":[{"href":"https:\/\/comprasyconsejos.store\/en\/wp-json\/wp\/v2\/media?parent=36684"}],"wp:term":[{"taxonomy":"product_brand","embeddable":true,"href":"https:\/\/comprasyconsejos.store\/en\/wp-json\/wp\/v2\/product_brand?post=36684"},{"taxonomy":"product_cat","embeddable":true,"href":"https:\/\/comprasyconsejos.store\/en\/wp-json\/wp\/v2\/product_cat?post=36684"},{"taxonomy":"product_tag","embeddable":true,"href":"https:\/\/comprasyconsejos.store\/en\/wp-json\/wp\/v2\/product_tag?post=36684"}],"curies":[{"name":"wp","href":"https:\/\/api.w.org\/{rel}","templated":true}]}}