{"id":36690,"date":"2026-03-01T21:37:08","date_gmt":"2026-03-01T21:37:08","guid":{"rendered":"https:\/\/comprasyconsejos.store\/product\/laptop-14-inch-celeron-n5095-upto-2-9-ghz-laptops-8gb-ram-256gb-ssd-tf-1tb-win11-lpddr4-19201080-fhd-5g-wifi-usb-3-0-laptop-protective-film-spanish-purple-metallic-body-6\/"},"modified":"2026-03-01T21:37:09","modified_gmt":"2026-03-01T21:37:09","slug":"laptop-14-inch-celeron-n5095-upto-2-9-ghz-laptops-8gb-ram-256gb-ssd-tf-1tb-win11-lpddr4-19201080-fhd-5g-wifi-usb-3-0-laptop-protective-film-spanish-purple-metallic-body-6","status":"publish","type":"product","link":"https:\/\/comprasyconsejos.store\/en\/product\/laptop-14-inch-celeron-n5095-upto-2-9-ghz-laptops-8gb-ram-256gb-ssd-tf-1tb-win11-lpddr4-19201080-fhd-5g-wifi-usb-3-0-laptop-protective-film-spanish-purple-metallic-body-6\/","title":{"rendered":"Laptop 14 Inch Celeron N5095 Upto 2.9 GHz Laptops 8GB RAM 256GB SSD TF 1TB Win11 LPDDR4 1920*1080 FHD 5G WiFi USB 3.0 Laptop Protective Film Spanish \u2013 Purple Metallic Body-6"},"content":{"rendered":"<p>Price: <span style=\"color:#b12704\">\u20ac269.99<\/span><br \/><i><small>(as of Mar 01, 2026 21:37:08 UTC &#8211; <span class=\"wp_automatic_amazon_disclaimer\" title=\"Product prices and availability are accurate as of the date\/time indicated and are subject to change. Any price and availability information displayed on [relevant Amazon Site(s), as applicable] at the time of purchase will apply to the purchase of this product.\">Details<\/span>)<\/small><\/i><\/p>\n<p><a href=\"https:\/\/amazon.es\/dp\/B0FVY1PR3X?tag=man008-21\"><img decoding=\"async\" src=\"https:\/\/valvepress.s3.amazonaws.com\/imgs\/buy_now.png\"><\/a><br \/>\n<\/p>\n<p>                                             From the brand   <\/p>\n<p>                                              <img decoding=\"async\" alt=\"El texto dice \u00abLaptop Ruzava\u00bb. Serie de im\u00e1genes que muestran dispositivos port\u00e1tiles en condiciones de iluminaci\u00f3n azul desde diferentes \u00e1ngulos.\" src=\"https:\/\/images-na.ssl-images-amazon.com\/images\/G\/01\/x-locale\/common\/grey-pixel.gif\" class=\"a-lazy-loaded\" data-src=\"https:\/\/m.media-amazon.com\/images\/S\/aplus-media-library-service-media\/06b9d36c-132a-440e-baf6-3c96da5f5dce.__CR0,0,1464,625_PT0_SX1464_V1___.png\"><img decoding=\"async\" alt=\"El texto dice \u00abLaptop Ruzava\u00bb. Serie de im\u00e1genes que muestran dispositivos port\u00e1tiles en condiciones de iluminaci\u00f3n azul desde diferentes \u00e1ngulos.\" src=\"https:\/\/m.media-amazon.com\/images\/S\/aplus-media-library-service-media\/06b9d36c-132a-440e-baf6-3c96da5f5dce.__CR0,0,1464,625_PT0_SX1464_V1___.png\">  <\/p>\n<p>                                              <img decoding=\"async\" alt=\"aplus content image\" src=\"https:\/\/images-na.ssl-images-amazon.com\/images\/G\/01\/x-locale\/common\/grey-pixel.gif\" class=\"a-lazy-loaded\" data-src=\"https:\/\/m.media-amazon.com\/images\/S\/aplus-media-library-service-media\/3b95de5d-9c46-4bc8-8502-7b2062921b93.__CR0,0,362,453_PT0_SX362_V1___.jpg\"><img decoding=\"async\" alt=\"aplus content image\" src=\"https:\/\/m.media-amazon.com\/images\/S\/aplus-media-library-service-media\/3b95de5d-9c46-4bc8-8502-7b2062921b93.__CR0,0,362,453_PT0_SX362_V1___.jpg\">  <\/p>\n<h3> RK70 Ordenador Port\u00e1til <\/h3>\n<p class=\"apm-brand-story-stores-link\">\n<p>                                              <img decoding=\"async\" alt=\"aplus content image\" src=\"https:\/\/images-na.ssl-images-amazon.com\/images\/G\/01\/x-locale\/common\/grey-pixel.gif\" class=\"a-lazy-loaded\" data-src=\"https:\/\/m.media-amazon.com\/images\/S\/aplus-media-library-service-media\/bc791d9b-441a-4093-9c39-505e460dc8fb.__CR0,0,362,453_PT0_SX362_V1___.png\"><img decoding=\"async\" alt=\"aplus content image\" src=\"https:\/\/m.media-amazon.com\/images\/S\/aplus-media-library-service-media\/bc791d9b-441a-4093-9c39-505e460dc8fb.__CR0,0,362,453_PT0_SX362_V1___.png\">  <\/p>\n<p>                                              <img decoding=\"async\" alt=\"aplus content image\" src=\"https:\/\/images-na.ssl-images-amazon.com\/images\/G\/01\/x-locale\/common\/grey-pixel.gif\" class=\"a-lazy-loaded\" data-src=\"https:\/\/m.media-amazon.com\/images\/S\/aplus-media-library-service-media\/76f3e57f-4e5b-409c-ba67-0e16f2b9d0f2.__CR0,0,362,453_PT0_SX362_V1___.png\"><img decoding=\"async\" alt=\"aplus content image\" src=\"https:\/\/m.media-amazon.com\/images\/S\/aplus-media-library-service-media\/76f3e57f-4e5b-409c-ba67-0e16f2b9d0f2.__CR0,0,362,453_PT0_SX362_V1___.png\">  <\/p>\n<p>                                              <img decoding=\"async\" alt=\"aplus content image\" src=\"https:\/\/images-na.ssl-images-amazon.com\/images\/G\/01\/x-locale\/common\/grey-pixel.gif\" class=\"a-lazy-loaded\" data-src=\"https:\/\/m.media-amazon.com\/images\/S\/aplus-media-library-service-media\/a3c59b2d-6955-4d32-a407-11349569629e.__CR0,0,362,453_PT0_SX362_V1___.png\"><img decoding=\"async\" alt=\"aplus content image\" src=\"https:\/\/m.media-amazon.com\/images\/S\/aplus-media-library-service-media\/a3c59b2d-6955-4d32-a407-11349569629e.__CR0,0,362,453_PT0_SX362_V1___.png\">  <\/p>\n<p>                                              <img decoding=\"async\" alt=\"aplus content image\" src=\"https:\/\/images-na.ssl-images-amazon.com\/images\/G\/01\/x-locale\/common\/grey-pixel.gif\" class=\"a-lazy-loaded\" data-src=\"https:\/\/m.media-amazon.com\/images\/S\/aplus-media-library-service-media\/beaf8e17-ffb8-492c-826e-057e45ec0ce1.__CR0,0,362,453_PT0_SX362_V1___.png\"><img decoding=\"async\" alt=\"aplus content image\" src=\"https:\/\/m.media-amazon.com\/images\/S\/aplus-media-library-service-media\/beaf8e17-ffb8-492c-826e-057e45ec0ce1.__CR0,0,362,453_PT0_SX362_V1___.png\">  <\/p>\n<p>                                                         \u00bfHe notado que la configuraci\u00f3n del idioma del teclado es inconsistente?                                       <\/p>\n<p> El teclado tiene una distribuci\u00f3n QWERTY est\u00e1ndar e incluye una plantilla con el teclado espa\u00f1ol en el embalaje. Solo tienes que configurar el idioma de entrada en espa\u00f1ol y colocar la plantilla espa\u00f1ola sobre el teclado QWERTY. <\/p>\n<p>                                                         \u00bfC\u00f3mo escribo la letra \u00f1 en el teclado de mi computadora?                                       <\/p>\n<p> Con una cubierta de teclado espa\u00f1ol colocada, presiona la tecla @ (la tecla junto a la tecla L). El m\u00e9todo para introducir la \u00f1 may\u00fascula sigue siendo el mismo. <\/p>\n<p>                                                         \u00bfEspecificaciones del cargador accesorio?                                       <\/p>\n<p> 12 V, 2,5 A. Conector CC, 3,5 mm. <\/p>\n<p> Batteries                                            \u200f                                            :                                            \u200e                                            1 12V batteries required. (included)   <br \/> Product Dimensions                                            \u200f                                            :                                            \u200e                                            32 x 21 x 1.5 cm; 1.52 kg   <br \/> Manufacturer                                            \u200f                                            :                                            \u200e                                            Ruzava   <br \/> ASIN                                            \u200f                                            :                                            \u200e                                            B0FVXY645K   <br \/> Item model number                                            \u200f                                            :                                            \u200e                                            RK70   <br \/> Country of origin                                            \u200f                                            :                                            \u200e                                            Spain   <br \/> Guaranteed software updates until                                            \u200f                                            :                                            \u200e                                            unknown   <br \/>  Customer reviews:                                                                                            3.6               3.6 out of 5 stars                                  (30)                                              var dpAcrHasRegisteredArcLinkClickAction;                    P.when(&#8216;A&#8217;, &#8216;ready&#8217;).execute(function(A) {                        if (dpAcrHasRegisteredArcLinkClickAction !== true) {                            dpAcrHasRegisteredArcLinkClickAction = true;                            A.declarative(                                &#8216;acrLink-click-metrics&#8217;, &#8216;click&#8217;,                                { \u00aballowLinkDefault\u00bb: true },                                function (event) {                                    if (window.ue) {                                        ue.count(\u00abacrLinkClickCount\u00bb, (ue.count(\u00abacrLinkClickCount\u00bb) || 0) + 1);                                    }                                }                            );                        }                    });                                             P.when(&#8216;A&#8217;, &#8216;cf&#8217;).execute(function(A) {                A.declarative(&#8216;acrStarsLink-click-metrics&#8217;, &#8216;click&#8217;, { \u00aballowLinkDefault\u00bb : true },  function(event){                    if(window.ue) {                        ue.count(\u00abacrStarsLinkWithPopoverClickCount\u00bb, (ue.count(\u00abacrStarsLinkWithPopoverClickCount\u00bb) || 0) + 1);                    }                });            });                          <\/p>\n<p>High Performance + Ultra-Fast Cooling: Laptop features a powerful Celeron N5095 processor (up to 2.9GHz), 8GB DDR4 memory + 256GB SSD, expandable up to 1TB, and allows you to multitask, enjoy daily entertainment and work in the office. The built-in fan provides an ultra-fast cooling system to further improve equipment performance.<br \/>High Speed Connection + Lightweight and Portable: 14 inch laptop, weight 1.35 kg, thickness 15 mm, portable design. Support dual-band 5G Wi-Fi (2.4G\/5G) and BT 4.2, which provides a stable network connection. The screen can be rotated 180 degrees for easy content sharing and viewing angle adjustment, as well as improving the flexibility of use.<br \/>EFFICIENT &#038; STABLE &#038; LONG BATTERY LIFE &#8211; This laptop features up to 2000MHz LPDDR4 memory, ensuring efficient and stable performance. It also features a built-in 5000mAh lithium-ion battery and a low-power design.<br \/>1920 x 1080 HD display for visual delight: This affordable laptop features a 1920 x 1080 HD IPS display that delivers crisp, detailed images with faithful color reproduction. The IPS display offers wider viewing angles, ensuring sharp images even from the side. Enjoy more comfortable and realistic viewing, whether you&#8217;re watching HD movies, surfing the web, or editing photos and videos.<br \/>ADVANCED INTERFACE + PRIVACY SECURITY: Laptops is equipped with 3 USB 3.0 interfaces, Type-C, HDMI projection port, 3.5mm headphone jack, Micro SD card slot and security lock hole to ensure data transmission speed and compatibility with a wide range of devices, while improving computer security.<br \/>Win 11 pre-installed: Ruzva laptops do not require configuration. We pre-install Win 11 for easy setup and activation with an internet connection.<br \/>The keyboard uses the international standard QWERTY layout. If you need to type in Spanish, you can place the Spanish keyboard template included in the packaging on the QWERTY keyboard. Just set the input language in Spanish to use the Spanish keyboard.<\/p>\n\n","protected":false},"excerpt":{"rendered":"<p> From the brand RK70 Ordenador Port\u00e1til \u00bfHe notado que la configuraci\u00f3n del idioma del teclado<\/p>","protected":false},"featured_media":36691,"comment_status":"open","ping_status":"closed","template":"","meta":[],"product_brand":[],"product_cat":[87],"product_tag":[602,512,622,557,10696,555,563,639,2804,818,584,159,534,550,556,9343,8937,1779,554,3083,1347,587,549,5273,513,548,552,553,551,1121,133,543,542],"class_list":{"0":"post-36690","1":"product","2":"type-product","3":"status-publish","4":"has-post-thumbnail","6":"product_cat-ultrabook","7":"product_tag-1tb","8":"product_tag-256gb","9":"product_tag-8gb","10":"product_tag-best-ultrabook","11":"product_tag-body6","12":"product_tag-business-ultrabook","13":"product_tag-celeron","14":"product_tag-fhd","15":"product_tag-film","16":"product_tag-ghz","17":"product_tag-inch","18":"product_tag-laptop","19":"product_tag-laptops","20":"product_tag-lightweight-ultrabook","21":"product_tag-long-battery-ultrabook","22":"product_tag-lpddr4","23":"product_tag-metallic","24":"product_tag-n5095","25":"product_tag-premium-ultrabook","26":"product_tag-protective","27":"product_tag-purple","28":"product_tag-ram","29":"product_tag-slim-ultrabook","30":"product_tag-spanish","31":"product_tag-ssd","32":"product_tag-ultrabook","33":"product_tag-ultrabook-14-inch","34":"product_tag-ultrabook-i7","35":"product_tag-ultrabook-with-ssd","36":"product_tag-upto","37":"product_tag-usb","38":"product_tag-wifi","39":"product_tag-win11","41":"first","42":"instock","43":"shipping-taxable","44":"product-type-external"},"_links":{"self":[{"href":"https:\/\/comprasyconsejos.store\/en\/wp-json\/wp\/v2\/product\/36690","targetHints":{"allow":["GET"]}}],"collection":[{"href":"https:\/\/comprasyconsejos.store\/en\/wp-json\/wp\/v2\/product"}],"about":[{"href":"https:\/\/comprasyconsejos.store\/en\/wp-json\/wp\/v2\/types\/product"}],"replies":[{"embeddable":true,"href":"https:\/\/comprasyconsejos.store\/en\/wp-json\/wp\/v2\/comments?post=36690"}],"version-history":[{"count":0,"href":"https:\/\/comprasyconsejos.store\/en\/wp-json\/wp\/v2\/product\/36690\/revisions"}],"wp:featuredmedia":[{"embeddable":true,"href":"https:\/\/comprasyconsejos.store\/en\/wp-json\/wp\/v2\/media\/36691"}],"wp:attachment":[{"href":"https:\/\/comprasyconsejos.store\/en\/wp-json\/wp\/v2\/media?parent=36690"}],"wp:term":[{"taxonomy":"product_brand","embeddable":true,"href":"https:\/\/comprasyconsejos.store\/en\/wp-json\/wp\/v2\/product_brand?post=36690"},{"taxonomy":"product_cat","embeddable":true,"href":"https:\/\/comprasyconsejos.store\/en\/wp-json\/wp\/v2\/product_cat?post=36690"},{"taxonomy":"product_tag","embeddable":true,"href":"https:\/\/comprasyconsejos.store\/en\/wp-json\/wp\/v2\/product_tag?post=36690"}],"curies":[{"name":"wp","href":"https:\/\/api.w.org\/{rel}","templated":true}]}}