{"id":36707,"date":"2026-03-01T23:23:17","date_gmt":"2026-03-01T23:23:17","guid":{"rendered":"https:\/\/comprasyconsejos.store\/product\/potensic-atom-2-drone-with-camera-for-adults-4k-video-8k-photo\/"},"modified":"2026-03-01T23:23:18","modified_gmt":"2026-03-01T23:23:18","slug":"potensic-atom-2-drone-with-camera-for-adults-4k-video-8k-photo","status":"publish","type":"product","link":"https:\/\/comprasyconsejos.store\/en\/product\/potensic-atom-2-drone-with-camera-for-adults-4k-video-8k-photo\/","title":{"rendered":"Potensic ATOM 2 Drone with Camera for Adults, 4K Video\/8K Photo,"},"content":{"rendered":"<p>Price: <span style=\"color:#b12704\"><del>\u20ac479.00<\/del> - \u20ac399.99<\/span><br \/><i><small>(as of Mar 01, 2026 23:23:17 UTC &#8211; <span class=\"wp_automatic_amazon_disclaimer\" title=\"Product prices and availability are accurate as of the date\/time indicated and are subject to change. Any price and availability information displayed on [relevant Amazon Site(s), as applicable] at the time of purchase will apply to the purchase of this product.\">Details<\/span>)<\/small><\/i><\/p>\n<p><a href=\"https:\/\/amazon.es\/dp\/B0DK96YNS1?tag=man008-21\"><img decoding=\"async\" src=\"https:\/\/valvepress.s3.amazonaws.com\/imgs\/buy_now.png\"><\/a><br \/>\n<\/p>\n<p>                                             Product Description   <\/p>\n<p>The video showcases the product in use.The video guides you through product setup.The video compares multiple products.The video shows the product being unpacked. Potensic ATOM 2 Dron con C\u00e1mara para Adultos Merchant video<\/p>\n<p>                                                                                                       <img decoding=\"async\" alt=\"con las especificaciones del producto para drones muestra funciones que incluyen grabaci\u00f3n en 8K\/4K, peso de 249 g, capacidades de zoom e interfaz de aplicaci\u00f3n m\u00f3vil\" src=\"https:\/\/images-na.ssl-images-amazon.com\/images\/G\/01\/x-locale\/common\/grey-pixel.gif\" class=\"a-lazy-loaded\" data-src=\"https:\/\/m.media-amazon.com\/images\/S\/aplus-media-library-service-media\/75ef6dfa-66a6-44e9-95fc-dd01abe3994d.__CR0,0,1464,600_PT0_SX1464_V1___.jpg\"><img decoding=\"async\" alt=\"con las especificaciones del producto para drones muestra funciones que incluyen grabaci\u00f3n en 8K\/4K, peso de 249 g, capacidades de zoom e interfaz de aplicaci\u00f3n m\u00f3vil\" src=\"https:\/\/m.media-amazon.com\/images\/S\/aplus-media-library-service-media\/75ef6dfa-66a6-44e9-95fc-dd01abe3994d.__CR0,0,1464,600_PT0_SX1464_V1___.jpg\">                                               <\/p>\n<p>                                                                                                                  <img decoding=\"async\" alt=\"Interfaz digital que muestra texto en forma de \u00abIA\u00bb con elementos azules brillantes junto a un paisaje urbano nocturno con rascacielos iluminados reflejados\" src=\"https:\/\/m.media-amazon.com\/images\/S\/aplus-media-library-service-media\/fb48f0f4-fc58-4dad-9559-1421fa515d54.__CR0,0,1464,600_PT0_SX1464_V1___.jpg\">                                                    <img decoding=\"async\" alt=\"Imagen dividida que muestra texto en forma de \u00abIA\u00bb con efecto de brillo azul y una captura de pantalla de un juego de visualizaci\u00f3n en primera persona que muestra un paisaje monta\u00f1oso con un r\u00edo\" src=\"https:\/\/m.media-amazon.com\/images\/S\/aplus-media-library-service-media\/e8bccbab-5a7c-4627-adb9-0294fe99e3be.__CR0,0,1464,600_PT0_SX1464_V1___.jpg\">                                                    <img decoding=\"async\" alt=\"Comparaci\u00f3n de dos im\u00e1genes que muestran la mejora de fotograf\u00edas con IA. La imagen de la izquierda muestra a una persona con una chaqueta verde en la monta\u00f1a, la derecha muestra una claridad y un color mejorados.\" src=\"https:\/\/m.media-amazon.com\/images\/S\/aplus-media-library-service-media\/5a17686b-1b52-453a-b6bc-4565b684efde.__CR0,0,1464,600_PT0_SX1464_V1___.jpg\">                                                    <img decoding=\"async\" alt=\"Persona que sostiene un tel\u00e9fono inteligente que muestra la transmisi\u00f3n de video de un dron al aire libre. Se ve el texto \u00abSmartTransfer\u00bb, que sugiere una funci\u00f3n de transferencia inal\u00e1mbrica de datos para operar con drones\" src=\"https:\/\/m.media-amazon.com\/images\/S\/aplus-media-library-service-media\/f989f1c9-49f7-448a-bbff-9dc25700cf3a.__CR0,0,1464,600_PT0_SX1464_V1___.jpg\"><br \/>\n                            1 Grabaci\u00f3n Nocturna con Al <\/p>\n<p>                            2 Spotlight con AI <\/p>\n<p>                            3 Seguimiento con Al <\/p>\n<p>                            4 SmartTransfer <\/p>\n<p>                                                                                                                  <img decoding=\"async\" alt=\"ATOM2\" src=\"https:\/\/m.media-amazon.com\/images\/S\/aplus-media-library-service-media\/29b0841f-7370-4d3d-9dc9-43a5b15ee785.__CR0,0,1464,600_PT0_SX1464_V1___.jpg\">                                                    <img decoding=\"async\" alt=\"El texto dice \u00abExplora m\u00e1s Perspectivas\u00bb. Cartel panor\u00e1mico de paisaje que muestra paisajes monta\u00f1osos con varias im\u00e1genes en miniatura y un icono de globo terr\u00e1queo.\" src=\"https:\/\/m.media-amazon.com\/images\/S\/aplus-media-library-service-media\/ea1bd151-89f3-4c67-bdca-9995faa053e6.__CR0,0,1464,600_PT0_SX1464_V1___.jpg\">                                                    <img decoding=\"async\" alt=\"Interfaz de c\u00e1mara para tel\u00e9fonos inteligentes que muestra los modos de fotograf\u00eda de paisajes, con paisajes de monta\u00f1a y un men\u00fa de configuraci\u00f3n de la c\u00e1mara en espa\u00f1ol.\" src=\"https:\/\/m.media-amazon.com\/images\/S\/aplus-media-library-service-media\/67419da1-3a70-4238-b5af-c3e3d83f035d.__CR0,0,1464,600_PT0_SX1464_V1___.jpg\">                                                    <img decoding=\"async\" alt=\"Anuncio de c\u00e1mara digital o fotograf\u00eda que muestra im\u00e1genes reflejadas en lagos de monta\u00f1a, con texto que indica la capacidad digital de zoom 4x\" src=\"https:\/\/m.media-amazon.com\/images\/S\/aplus-media-library-service-media\/97cdebca-e782-4394-8cb8-1b86b024f479.__CR0,0,1464,600_PT0_SX1464_V1___.jpg\"><br \/>\n                            1 Grabaci\u00f3n en vertical <\/p>\n<p>                            2 Panorama <\/p>\n<p>                            3 M\u00faltiples Modos <\/p>\n<p>                            4 4x Zoom Digital <\/p>\n<p>                                                                                                       <img decoding=\"async\" alt=\"Persona con chaqueta roja con vista a la cordillera nevada. Superposici\u00f3n de texto \u00ab10KM\u00bb y \u00abSin Miedo a la Distancia\u00bb sobre un fondo de cielo azul.\" src=\"https:\/\/images-na.ssl-images-amazon.com\/images\/G\/01\/x-locale\/common\/grey-pixel.gif\" class=\"a-lazy-loaded\" data-src=\"https:\/\/m.media-amazon.com\/images\/S\/aplus-media-library-service-media\/823192c4-4046-4573-bea5-fd8562c80037.__CR0,0,1464,600_PT0_SX1464_V1___.jpg\"><img decoding=\"async\" alt=\"Persona con chaqueta roja con vista a la cordillera nevada. Superposici\u00f3n de texto \u00ab10KM\u00bb y \u00abSin Miedo a la Distancia\u00bb sobre un fondo de cielo azul.\" src=\"https:\/\/m.media-amazon.com\/images\/S\/aplus-media-library-service-media\/823192c4-4046-4573-bea5-fd8562c80037.__CR0,0,1464,600_PT0_SX1464_V1___.jpg\">                                               <\/p>\n<p>                                                                                                                  <img decoding=\"async\" alt=\"Diagrama de dise\u00f1o del mando de juegos con panel t\u00e1ctil iluminado y botones que se muestran sobre un fondo oscuro\" src=\"https:\/\/m.media-amazon.com\/images\/S\/aplus-media-library-service-media\/151bef42-5d4e-411f-b3f1-60c3a996b1da.__CR0,0,1464,600_PT0_SX1464_V1___.jpg\">                                                    <img decoding=\"async\" alt=\"Smartphone que muestra la interfaz de la aplicaci\u00f3n \u00abPotensic Care\u00bb con el icono de un dron. El texto describe las funciones de la aplicaci\u00f3n sobre un fondo oscuro con un efecto de destello en la lente\" src=\"https:\/\/m.media-amazon.com\/images\/S\/aplus-media-library-service-media\/03c89481-f9fe-4dc4-b05e-398fa01e8797.__CR0,0,1464,600_PT0_SX1464_V1___.jpg\">                                                    <img decoding=\"async\" alt=\"ATOM2\" src=\"https:\/\/m.media-amazon.com\/images\/S\/aplus-media-library-service-media\/cc7dadf9-7f1e-4528-aa34-4985eed12cd8.__CR0,0,1464,600_PT0_SX1464_V1___.jpg\">                                                    <img decoding=\"async\" alt=\"ATOM2\" src=\"https:\/\/m.media-amazon.com\/images\/S\/aplus-media-library-service-media\/8ef78ce1-b537-4ad6-bc00-7922a5d2d82b.__CR0,0,1464,600_PT0_SX1464_V1___.jpg\"><br \/>\n                            1 Nuevo Control Remoto <\/p>\n<p>                            2 Potensic Care <\/p>\n<p>                            3 Potensic Eve <\/p>\n<p>                            4 Retorno Autom\u00e1tico <\/p>\n<p>                                                                                                                                                             Modos de Video M\u00e1s Interesantes                                                                         <\/p>\n<p>The video showcases the product in use.The video guides you through product setup.The video compares multiple products.The video shows the product being unpacked. AI Track mode Merchant video<\/p>\n<p>                                                                               Seguimiento Visual con AI    <\/p>\n<p>The video showcases the product in use.The video guides you through product setup.The video compares multiple products.The video shows the product being unpacked. Dolly zoom mode Merchant video<\/p>\n<p>                                                                               Dolly Zoom    <\/p>\n<p>The video showcases the product in use.The video guides you through product setup.The video compares multiple products.The video shows the product being unpacked. circle fly mode Merchant video<\/p>\n<p>                                                                               Vuelo Circular    <\/p>\n<p>The video showcases the product in use.The video guides you through product setup.The video compares multiple products.The video shows the product being unpacked. Modo Vuelo por Trayectoria Merchant video<\/p>\n<p>                                                                               Modo Vuelo por Trayectoria    <\/p>\n<p>The video showcases the product in use.The video guides you through product setup.The video compares multiple products.The video shows the product being unpacked. Slow motion mode Merchant video<\/p>\n<p>                                                                               Slow Motion    <br \/>\n                                                                                                                                            Modo Desplazamiento    <\/p>\n<p>The video showcases the product in use.The video guides you through product setup.The video compares multiple products.The video shows the product being unpacked. Modo de fotograf\u00eda de transporte Merchant video<\/p>\n<p> Batteries                                            \u200f                                            :                                            \u200e                                            3 Lithium Polymer batteries required. (included)   <br \/> Product Dimensions                                            \u200f                                            :                                            \u200e                                            25.2 x 5.8 x 30 cm; 249 g   <br \/> Date First Available                                            \u200f                                            :                                            \u200e                                            29 Oct. 2024   <br \/> Manufacturer                                            \u200f                                            :                                            \u200e                                            Potensic   <br \/> ASIN                                            \u200f                                            :                                            \u200e                                            B0DK96YNS1   <br \/> Item model number                                            \u200f                                            :                                            \u200e                                            VC-ATOM2-3D   <br \/> Country of origin                                            \u200f                                            :                                            \u200e                                            China   <br \/>       Best Sellers Rank:  3,395 in Toys &#038; Games (See Top 100 in Toys &#038; Games)    24 in Remote &#038; App-Controlled Drones      <br \/>  Customer reviews:                                                                                            4.6               4.6 out of 5 stars                                  (1,256)                                              var dpAcrHasRegisteredArcLinkClickAction;                    P.when(&#8216;A&#8217;, &#8216;ready&#8217;).execute(function(A) {                        if (dpAcrHasRegisteredArcLinkClickAction !== true) {                            dpAcrHasRegisteredArcLinkClickAction = true;                            A.declarative(                                &#8216;acrLink-click-metrics&#8217;, &#8216;click&#8217;,                                { \u00aballowLinkDefault\u00bb: true },                                function (event) {                                    if (window.ue) {                                        ue.count(\u00abacrLinkClickCount\u00bb, (ue.count(\u00abacrLinkClickCount\u00bb) || 0) + 1);                                    }                                }                            );                        }                    });                                             P.when(&#8216;A&#8217;, &#8216;cf&#8217;).execute(function(A) {                A.declarative(&#8216;acrStarsLink-click-metrics&#8217;, &#8216;click&#8217;, { \u00aballowLinkDefault\u00bb : true },  function(event){                    if(window.ue) {                        ue.count(\u00abacrStarsLinkWithPopoverClickCount\u00bb, (ue.count(\u00abacrStarsLinkWithPopoverClickCount\u00bb) || 0) + 1);                    }                });            });                          <\/p>\n<p>\u3010 Equipped with a 1\/2\u00bb Sony CMOS sensor, captures 48MP photos and records stable videos in 4K\/30fps HDR with a 3-axis gimbal. F1.8 aperture and 4-in-1 pixels enhance low-light performance, details, and colors.<br \/>\u3010 The newly upgraded controller includes a directional antenna for greater sensitivity and accuracy. With integrated PixSync 4.0 technology, the ATOM 2 offers excellent anti-interference, a control range of up to 10km and live streaming in 1080p\/30fps.<br \/>\u3010 The ATOM 2 camera drone weighs less than 249g, compact and lightweight design makes it easy to carry. In most countries and regions, there is no need to conduct tests or registrations to fly it. However, we recommend that you strictly check and follow the latest local laws and regulations before each flight.<br \/>\u3010 Features \u3011 Equipped with our own artificial intelligence model, the ATOM 2 features advanced object locking and image processing technology. Simply frame your target to access tracking modes: Spotlight, Follow, and Parallel. Plus, its night-time capture capability allows you to shoot crisp, detailed videos even in low light conditions.<br \/>The ATOM 2 offers a wide variety of photography modes, such as vertical shooting in 2.7K, 4x digital zoom and panorama, as well as new video modes: Dolly Zoom (Dolly Effect), Slow Motion and QuickShots, ideal for creating videos with a cinematic touch. Graphic. Plus, SmartTransfer with speeds of up to 25MB\/s lets you share your creations on social media quickly and easily.<br \/>\u3010 The ATOM 2 is designed to offer a smooth and accessible flight experience even for novice users. It features high-precision GNSS positioning, a customizable Start Point, Cruise Control, Automatic Take-off and Landing, and the Intelligent Return to Home (RTH) function. These features ensure a stable and safe flight, perfect for those who are beginning in the world of drones.<br \/>\u3010 The ATOM 2 Fly More Combo includes a fast charging center that allows you to fully charge 3 batteries at the same time within 1.3 hours. The 3 battery kit offers enough time to explore.<br \/>The new app is available in our new app, Potensic Eve. You can enjoy the flight without worries. In-app chat service offers instant support and hassle-free assistance at any time.<\/p>\n\n","protected":false},"excerpt":{"rendered":"<p> Product Description The video showcases the product in use.The video guides you through product setup.The<\/p>","protected":false},"featured_media":36708,"comment_status":"open","ping_status":"closed","template":"","meta":[],"product_brand":[],"product_cat":[98],"product_tag":[935,5132,2845,681,2854,2852,2855,2853,2842,2844,2848,2846,2850,2838,2849,2839,2840,2843,2851,2194,5131,2841,2847,8949],"class_list":{"0":"post-36707","1":"product","2":"type-product","3":"status-publish","4":"has-post-thumbnail","6":"product_cat-drones","7":"product_tag-adults","8":"product_tag-atom","9":"product_tag-beginner-drone","10":"product_tag-camera","11":"product_tag-dji-drone","12":"product_tag-dji-mavic","13":"product_tag-dji-mini-2","14":"product_tag-drone","15":"product_tag-drone-accessories","16":"product_tag-drone-battery","17":"product_tag-drone-gimbal","18":"product_tag-drone-propellers","19":"product_tag-drone-spare-parts","20":"product_tag-drone-with-camera","21":"product_tag-drones-under-200","22":"product_tag-foldable-drone","23":"product_tag-fpv-drone","24":"product_tag-hd-drone","25":"product_tag-mini-drone","26":"product_tag-photo","27":"product_tag-potensic","28":"product_tag-quadcopter","29":"product_tag-remote-control-drone","30":"product_tag-video8k","32":"first","33":"instock","34":"sale","35":"shipping-taxable","36":"product-type-external"},"_links":{"self":[{"href":"https:\/\/comprasyconsejos.store\/en\/wp-json\/wp\/v2\/product\/36707","targetHints":{"allow":["GET"]}}],"collection":[{"href":"https:\/\/comprasyconsejos.store\/en\/wp-json\/wp\/v2\/product"}],"about":[{"href":"https:\/\/comprasyconsejos.store\/en\/wp-json\/wp\/v2\/types\/product"}],"replies":[{"embeddable":true,"href":"https:\/\/comprasyconsejos.store\/en\/wp-json\/wp\/v2\/comments?post=36707"}],"version-history":[{"count":0,"href":"https:\/\/comprasyconsejos.store\/en\/wp-json\/wp\/v2\/product\/36707\/revisions"}],"wp:featuredmedia":[{"embeddable":true,"href":"https:\/\/comprasyconsejos.store\/en\/wp-json\/wp\/v2\/media\/36708"}],"wp:attachment":[{"href":"https:\/\/comprasyconsejos.store\/en\/wp-json\/wp\/v2\/media?parent=36707"}],"wp:term":[{"taxonomy":"product_brand","embeddable":true,"href":"https:\/\/comprasyconsejos.store\/en\/wp-json\/wp\/v2\/product_brand?post=36707"},{"taxonomy":"product_cat","embeddable":true,"href":"https:\/\/comprasyconsejos.store\/en\/wp-json\/wp\/v2\/product_cat?post=36707"},{"taxonomy":"product_tag","embeddable":true,"href":"https:\/\/comprasyconsejos.store\/en\/wp-json\/wp\/v2\/product_tag?post=36707"}],"curies":[{"name":"wp","href":"https:\/\/api.w.org\/{rel}","templated":true}]}}