{"id":36713,"date":"2026-03-02T00:25:32","date_gmt":"2026-03-02T00:25:32","guid":{"rendered":"https:\/\/comprasyconsejos.store\/product\/newfast-1300mbps-dual-band-5g-2-4g-wlan-adapter-323-10-20\/"},"modified":"2026-03-02T00:25:33","modified_gmt":"2026-03-02T00:25:33","slug":"newfast-1300mbps-dual-band-5g-2-4g-wlan-adapter-323-10-20","status":"publish","type":"product","link":"https:\/\/comprasyconsejos.store\/en\/product\/newfast-1300mbps-dual-band-5g-2-4g-wlan-adapter-323-10-20\/","title":{"rendered":"NEWFAST 1300Mbps Dual Band (5G\/2.4G) WLAN Adapter 323 10 20"},"content":{"rendered":"<p>Price: <span style=\"color:#b12704\">\u20ac29.00<\/span><br \/><i><small>(as of Mar 02, 2026 00:25:32 UTC &#8211; <span class=\"wp_automatic_amazon_disclaimer\" title=\"Product prices and availability are accurate as of the date\/time indicated and are subject to change. Any price and availability information displayed on [relevant Amazon Site(s), as applicable] at the time of purchase will apply to the purchase of this product.\">Details<\/span>)<\/small><\/i><\/p>\n<p><a href=\"https:\/\/amazon.es\/dp\/B0FX36K4P3?tag=man008-21\"><img decoding=\"async\" src=\"https:\/\/valvepress.s3.amazonaws.com\/imgs\/buy_now.png\"><\/a><br \/>\n<\/p>\n<p>                                             Product Description   <\/p>\n<p>                                                                             <img decoding=\"async\" alt=\"avec graphique bleu du produit montrant une capacit\u00e9 de vitesse de 1300 Mbps et des fonctionnalit\u00e9s de connectivit\u00e9 double bande\" src=\"https:\/\/images-na.ssl-images-amazon.com\/images\/G\/01\/x-locale\/common\/grey-pixel.gif\" class=\"a-spacing-base a-lazy-loaded\" data-src=\"https:\/\/m.media-amazon.com\/images\/S\/aplus-media-library-service-media\/99c249b9-7fd6-41c7-bd33-d2852c28e435.__CR0,0,970,600_PT0_SX970_V1___.jpg\"><img decoding=\"async\" alt=\"avec graphique bleu du produit montrant une capacit\u00e9 de vitesse de 1300 Mbps et des fonctionnalit\u00e9s de connectivit\u00e9 double bande\" src=\"https:\/\/m.media-amazon.com\/images\/S\/aplus-media-library-service-media\/99c249b9-7fd6-41c7-bd33-d2852c28e435.__CR0,0,970,600_PT0_SX970_V1___.jpg\">                                                                    <\/p>\n<p>                                                                             <img decoding=\"async\" alt=\"Image composite promouvant des vitesses Internet rapides en double bande. Affiche les ic\u00f4nes des r\u00e9seaux 5G et 2.4G, la personne utilisant un ordinateur portable et le port USB 3.0 de l&amp;#39;ordinateur avec une comparaison de vitesse avec l&amp;#39;USB 2.0\" src=\"https:\/\/images-na.ssl-images-amazon.com\/images\/G\/01\/x-locale\/common\/grey-pixel.gif\" class=\"a-spacing-base a-lazy-loaded\" data-src=\"https:\/\/m.media-amazon.com\/images\/S\/aplus-media-library-service-media\/b4c03c01-ab8b-4a61-897b-2bd8ca210d53.__CR0,0,970,600_PT0_SX970_V1___.jpg\"><img decoding=\"async\" alt=\"Image composite promouvant des vitesses Internet rapides en double bande. Affiche les ic\u00f4nes des r\u00e9seaux 5G et 2.4G, la personne utilisant un ordinateur portable et le port USB 3.0 de l&amp;#39;ordinateur avec une comparaison de vitesse avec l&amp;#39;USB 2.0\" src=\"https:\/\/m.media-amazon.com\/images\/S\/aplus-media-library-service-media\/b4c03c01-ab8b-4a61-897b-2bd8ca210d53.__CR0,0,970,600_PT0_SX970_V1___.jpg\">                                                                    <\/p>\n<p>                                                                             <img decoding=\"async\" alt=\"Emplacement d&amp;amp;#39;insertion recommand\u00e9\" src=\"https:\/\/images-na.ssl-images-amazon.com\/images\/G\/01\/x-locale\/common\/grey-pixel.gif\" class=\"a-spacing-base a-lazy-loaded\" data-src=\"https:\/\/m.media-amazon.com\/images\/S\/aplus-media-library-service-media\/3d60b2f2-455a-468a-9be5-154bfef46b47.__CR0,0,970,600_PT0_SX970_V1___.jpg\"><img decoding=\"async\" alt=\"Emplacement d&amp;amp;#39;insertion recommand\u00e9\" src=\"https:\/\/m.media-amazon.com\/images\/S\/aplus-media-library-service-media\/3d60b2f2-455a-468a-9be5-154bfef46b47.__CR0,0,970,600_PT0_SX970_V1___.jpg\">                                                                    <\/p>\n<p>                                                                             <img decoding=\"async\" alt=\"Mode Soft Ap &amp;amp;amp; Mode Station\" src=\"https:\/\/images-na.ssl-images-amazon.com\/images\/G\/01\/x-locale\/common\/grey-pixel.gif\" class=\"a-spacing-base a-lazy-loaded\" data-src=\"https:\/\/m.media-amazon.com\/images\/S\/aplus-media-library-service-media\/ee2ca425-e802-421b-af1a-93644d18bee9.__CR0,0,970,600_PT0_SX970_V1___.jpg\"><img decoding=\"async\" alt=\"Mode Soft Ap &amp;amp;amp; Mode Station\" src=\"https:\/\/m.media-amazon.com\/images\/S\/aplus-media-library-service-media\/ee2ca425-e802-421b-af1a-93644d18bee9.__CR0,0,970,600_PT0_SX970_V1___.jpg\">                                                                    <\/p>\n<p>                                                  <img decoding=\"async\" alt=\"Tableau de compatibilit\u00e9 logicielle montrant les ic\u00f4nes du syst\u00e8me d&amp;#39;exploitation Windows de Windows Vista \u00e0 Windows 11, indiquant la prise en charge des performances \u00e9lev\u00e9es et du gain du syst\u00e8me.\" src=\"https:\/\/images-na.ssl-images-amazon.com\/images\/G\/01\/x-locale\/common\/grey-pixel.gif\" class=\"a-lazy-loaded\" data-src=\"https:\/\/m.media-amazon.com\/images\/S\/aplus-media-library-service-media\/3245f61f-9620-48e3-8289-9dc0c858ed29.__CR0,0,970,300_PT0_SX970_V1___.jpg\"><img decoding=\"async\" alt=\"Tableau de compatibilit\u00e9 logicielle montrant les ic\u00f4nes du syst\u00e8me d&amp;#39;exploitation Windows de Windows Vista \u00e0 Windows 11, indiquant la prise en charge des performances \u00e9lev\u00e9es et du gain du syst\u00e8me.\" src=\"https:\/\/m.media-amazon.com\/images\/S\/aplus-media-library-service-media\/3245f61f-9620-48e3-8289-9dc0c858ed29.__CR0,0,970,300_PT0_SX970_V1___.jpg\">  <\/p>\n<p>                                                  <img decoding=\"async\" alt=\"Quatre ic\u00f4nes bleues repr\u00e9sentant les caract\u00e9ristiques du produit : configuration, s\u00e9curit\u00e9, compatibilit\u00e9 du syst\u00e8me d&amp;#39;exploitation et protection RFID. Les d\u00e9tails du texte ne sont pas enti\u00e8rement lisibles.\" src=\"https:\/\/images-na.ssl-images-amazon.com\/images\/G\/01\/x-locale\/common\/grey-pixel.gif\" class=\"a-lazy-loaded\" data-src=\"https:\/\/m.media-amazon.com\/images\/S\/aplus-media-library-service-media\/fa60df5f-d2e7-440a-a28e-f1de41487085.__CR0,0,970,300_PT0_SX970_V1___.jpg\"><img decoding=\"async\" alt=\"Quatre ic\u00f4nes bleues repr\u00e9sentant les caract\u00e9ristiques du produit : configuration, s\u00e9curit\u00e9, compatibilit\u00e9 du syst\u00e8me d&amp;#39;exploitation et protection RFID. Les d\u00e9tails du texte ne sont pas enti\u00e8rement lisibles.\" src=\"https:\/\/m.media-amazon.com\/images\/S\/aplus-media-library-service-media\/fa60df5f-d2e7-440a-a28e-f1de41487085.__CR0,0,970,300_PT0_SX970_V1___.jpg\">  <\/p>\n<p> Product Dimensions                                            \u200f                                            :                                            \u200e                                            1.7 x 0.85 x 3.75 cm; 30 g   <br \/> Manufacturer                                            \u200f                                            :                                            \u200e                                            NEWFAST   <br \/> ASIN                                            \u200f                                            :                                            \u200e                                            B0FX36K4P3   <br \/> Item model number                                            \u200f                                            :                                            \u200e                                            NF-U323   <br \/> Guaranteed software updates until                                            \u200f                                            :                                            \u200e                                            unknown   <br \/>  Customer reviews:                                                                                            3.8               3.8 out of 5 stars                                  (28)                                              var dpAcrHasRegisteredArcLinkClickAction;                    P.when(&#8216;A&#8217;, &#8216;ready&#8217;).execute(function(A) {                        if (dpAcrHasRegisteredArcLinkClickAction !== true) {                            dpAcrHasRegisteredArcLinkClickAction = true;                            A.declarative(                                &#8216;acrLink-click-metrics&#8217;, &#8216;click&#8217;,                                { \u00aballowLinkDefault\u00bb: true },                                function (event) {                                    if (window.ue) {                                        ue.count(\u00abacrLinkClickCount\u00bb, (ue.count(\u00abacrLinkClickCount\u00bb) || 0) + 1);                                    }                                }                            );                        }                    });                                             P.when(&#8216;A&#8217;, &#8216;cf&#8217;).execute(function(A) {                A.declarative(&#8216;acrStarsLink-click-metrics&#8217;, &#8216;click&#8217;, { \u00aballowLinkDefault\u00bb : true },  function(event){                    if(window.ue) {                        ue.count(\u00abacrStarsLinkWithPopoverClickCount\u00bb, (ue.count(\u00abacrStarsLinkWithPopoverClickCount\u00bb) || 0) + 1);                    }                });            });                          <\/p>\n<p>NEWFAST 1300Mbps Dual Band (5G\/2.4G) WLAN Adapter 323 10 20<\/p>\n\n","protected":false},"excerpt":{"rendered":"<p> Product Description Product Dimensions \u200f : \u200e 1.7 x 0.85 x 3.75 cm; 30 g<\/p>","protected":false},"featured_media":36714,"comment_status":"open","ping_status":"closed","template":"","meta":[],"product_brand":[],"product_cat":[72],"product_tag":[8392,922,144,2217,298,2110,2116,2114,2118,8150,2112,2108,2104,2120,2102,2106,4782],"class_list":{"0":"post-36713","1":"product","2":"type-product","3":"status-publish","4":"has-post-thumbnail","6":"product_cat-wifi-sticks","7":"product_tag-1300mbps","8":"product_tag-5g2-4g","9":"product_tag-adapter","10":"product_tag-band","11":"product_tag-dual","12":"product_tag-dual-band-wifi-adapter","13":"product_tag-high-speed-wifi-usb","14":"product_tag-laptop-wifi-adapter","15":"product_tag-mini-wifi-adapter","16":"product_tag-newfast","17":"product_tag-pc-wifi-adapter","18":"product_tag-usb-wifi-dongle","19":"product_tag-wifi-stick","20":"product_tag-wifi-stick-price","21":"product_tag-wifi-usb-adapter","22":"product_tag-wireless-usb-adapter","23":"product_tag-wlan","25":"first","26":"instock","27":"shipping-taxable","28":"product-type-external"},"_links":{"self":[{"href":"https:\/\/comprasyconsejos.store\/en\/wp-json\/wp\/v2\/product\/36713","targetHints":{"allow":["GET"]}}],"collection":[{"href":"https:\/\/comprasyconsejos.store\/en\/wp-json\/wp\/v2\/product"}],"about":[{"href":"https:\/\/comprasyconsejos.store\/en\/wp-json\/wp\/v2\/types\/product"}],"replies":[{"embeddable":true,"href":"https:\/\/comprasyconsejos.store\/en\/wp-json\/wp\/v2\/comments?post=36713"}],"version-history":[{"count":0,"href":"https:\/\/comprasyconsejos.store\/en\/wp-json\/wp\/v2\/product\/36713\/revisions"}],"wp:featuredmedia":[{"embeddable":true,"href":"https:\/\/comprasyconsejos.store\/en\/wp-json\/wp\/v2\/media\/36714"}],"wp:attachment":[{"href":"https:\/\/comprasyconsejos.store\/en\/wp-json\/wp\/v2\/media?parent=36713"}],"wp:term":[{"taxonomy":"product_brand","embeddable":true,"href":"https:\/\/comprasyconsejos.store\/en\/wp-json\/wp\/v2\/product_brand?post=36713"},{"taxonomy":"product_cat","embeddable":true,"href":"https:\/\/comprasyconsejos.store\/en\/wp-json\/wp\/v2\/product_cat?post=36713"},{"taxonomy":"product_tag","embeddable":true,"href":"https:\/\/comprasyconsejos.store\/en\/wp-json\/wp\/v2\/product_tag?post=36713"}],"curies":[{"name":"wp","href":"https:\/\/api.w.org\/{rel}","templated":true}]}}