{"id":36716,"date":"2026-03-02T01:14:49","date_gmt":"2026-03-02T01:14:49","guid":{"rendered":"https:\/\/comprasyconsejos.store\/product\/tenda-mf6-portable-mobile-4g-sim-router-wifi-cat4-wifi-6-ax300-mifi-4g-with-2100mah-rechargeable-battery-usb-c-port-wpa3-color-display-charge-with-power-bank-nano-sim-plug-and-play\/"},"modified":"2026-03-02T01:14:53","modified_gmt":"2026-03-02T01:14:53","slug":"tenda-mf6-portable-mobile-4g-sim-router-wifi-cat4-wifi-6-ax300-mifi-4g-with-2100mah-rechargeable-battery-usb-c-port-wpa3-color-display-charge-with-power-bank-nano-sim-plug-and-play","status":"publish","type":"product","link":"https:\/\/comprasyconsejos.store\/en\/product\/tenda-mf6-portable-mobile-4g-sim-router-wifi-cat4-wifi-6-ax300-mifi-4g-with-2100mah-rechargeable-battery-usb-c-port-wpa3-color-display-charge-with-power-bank-nano-sim-plug-and-play\/","title":{"rendered":"Tenda MF6 \u2013 Portable Mobile 4G SIM Router, WiFi Cat4 WiFi 6 AX300, MiFi 4G with 2100mAh Rechargeable Battery, USB-C Port, WPA3, Color Display, Charge with Power Bank, Nano SIM, Plug and Play"},"content":{"rendered":"<p>Price: <span style=\"color:#b12704\"><del>\u20ac69.99<\/del> - \u20ac44.99<\/span><br \/><i><small>(as of Mar 02, 2026 01:14:49 UTC &#8211; <span class=\"wp_automatic_amazon_disclaimer\" title=\"Product prices and availability are accurate as of the date\/time indicated and are subject to change. Any price and availability information displayed on [relevant Amazon Site(s), as applicable] at the time of purchase will apply to the purchase of this product.\">Details<\/span>)<\/small><\/i><\/p>\n<p><a href=\"https:\/\/amazon.es\/dp\/B09M376FRT?tag=man008-21\"><img decoding=\"async\" src=\"https:\/\/valvepress.s3.amazonaws.com\/imgs\/buy_now.png\"><\/a><br \/>\n<\/p>\n<p>                                             From the manufacturer   <\/p>\n<p>                                                                                                       <img decoding=\"async\" alt=\"El texto dice \u00abPotencia de Bolsillo para Tu Mundo Conectado\u00bb. La imagen muestra un dispositivo port\u00e1til sobre un fondo de paisaje costero con una interfaz de iconos superpuesta.\" src=\"https:\/\/images-na.ssl-images-amazon.com\/images\/G\/01\/x-locale\/common\/grey-pixel.gif\" class=\"a-lazy-loaded\" data-src=\"https:\/\/m.media-amazon.com\/images\/S\/aplus-media-library-service-media\/90f12863-98fe-44df-aea6-3b83c2f7f451.__CR0,0,2196,900_PT0_SX1464_V1___.jpg\"><img decoding=\"async\" alt=\"El texto dice \u00abPotencia de Bolsillo para Tu Mundo Conectado\u00bb. La imagen muestra un dispositivo port\u00e1til sobre un fondo de paisaje costero con una interfaz de iconos superpuesta.\" src=\"https:\/\/m.media-amazon.com\/images\/S\/aplus-media-library-service-media\/90f12863-98fe-44df-aea6-3b83c2f7f451.__CR0,0,2196,900_PT0_SX1464_V1___.jpg\">                                               <\/p>\n<p>                                                                                  <img decoding=\"async\" alt=\"El texto dice \u00abR\u00e1pido y Estable\u00bb, \u00abPlug &amp;amp; Play\u00bb, \u00abRecargable\u00bb, \u00abWi-Fi 6\u00bb, \u00abLibertad de Disponer\u00bb, \u00abLarga Duraci\u00f3n\u00bb. Las im\u00e1genes del producto muestran las funciones del router inal\u00e1mbrico con descripciones en espa\u00f1ol.\" src=\"https:\/\/m.media-amazon.com\/images\/S\/aplus-media-library-service-media\/f3369391-72d2-4260-9f74-fd8a4e1a60b0.__CR0,0,2196,900_PT0_SX1464_V1___.jpg\">       <\/p>\n<p>                                                                                  <img decoding=\"async\" alt=\"El texto dice \u00abWi-Fi Rapido Diretto, Scarica la Videoguida!\u00bb Im\u00e1genes de demostraci\u00f3n del producto que muestran las funciones de conectividad de los dispositivos m\u00f3viles y las pantallas de interfaz.\" src=\"https:\/\/m.media-amazon.com\/images\/S\/aplus-media-library-service-media\/87ca61ed-ac04-48c9-a281-329d924f10c0.__CR0,0,2196,900_PT0_SX1464_V1___.jpg\">       <\/p>\n<p>                                                                                  <img decoding=\"async\" alt=\"El texto dice \u00abUn Dispositivo para Todos Tus Lugares\u00bb. Cuadr\u00edcula de fotos de estilo de vida que muestran el uso del producto en varios entornos, como el autom\u00f3vil, al aire libre y en reuniones sociales.\" src=\"https:\/\/m.media-amazon.com\/images\/S\/aplus-media-library-service-media\/14012106-e469-4bfe-9c74-89f1b7a47343.__CR0,0,2196,900_PT0_SX1464_V1___.jpg\">       <\/p>\n<p>                                                                                  <img decoding=\"async\" alt=\"El texto dice \u00abImpresiones en color\u00bb e \u00abInformaci\u00f3n Clara\u00bb. Imagen de primer plano de p\u00e1ginas en blanco con texto impreso y diagramas t\u00e9cnicos.\" src=\"https:\/\/m.media-amazon.com\/images\/S\/aplus-media-library-service-media\/8d4f8612-a51b-420d-a6a5-469c7ca0ed24.__CR0,0,2196,900_PT0_SX1464_V1___.jpg\">       <\/p>\n<p>                                                                                  <img decoding=\"async\" alt=\"El texto dice \u00abDes Mobile, Un Ports\u00bb. Demostraci\u00f3n del producto que muestra una estaci\u00f3n de carga de dispositivos m\u00f3viles con varios puertos de conexi\u00f3n y \u00e1ngulos de visi\u00f3n ajustables.\" src=\"https:\/\/m.media-amazon.com\/images\/S\/aplus-media-library-service-media\/092b94c8-33c2-411b-98c3-eb2397b52cda.__CR0,0,2196,900_PT0_SX1464_V1___.jpg\">       <\/p>\n<p>                                                                                  <img decoding=\"async\" alt=\"aplus content image\" src=\"https:\/\/m.media-amazon.com\/images\/S\/aplus-media-library-service-media\/d66d9ea1-a6f5-4273-be2a-e80eb75068a2.__CR0,0,2196,900_PT0_SX1464_V1___.jpg\">       <\/p>\n<p>                                                                                  <img decoding=\"async\" alt=\"Ilustraciones t\u00e9cnicas de productos que muestran dispositivos m\u00f3viles, interfaces de aplicaciones y gestos con las manos que muestran las interacciones t\u00e1ctiles en las pantallas.\" src=\"https:\/\/m.media-amazon.com\/images\/S\/aplus-media-library-service-media\/1b791766-dd6a-4ce4-8578-50cc0f5c2e44.__CR0,0,2196,900_PT0_SX1464_V1___.jpg\">       <\/p>\n<p>                                                                                  <img decoding=\"async\" alt=\"El texto dice \u00abA\u00f1ide a las Luchas por el Ancho de Banda\u00bb. Escena al aire libre junto al lago con tienda de campa\u00f1a y gente reunida.\" src=\"https:\/\/m.media-amazon.com\/images\/S\/aplus-media-library-service-media\/7638c3dd-e8f6-4ea1-9630-cfa1869baf19.__CR0,0,2196,900_PT0_SX1464_V1___.jpg\">       <\/p>\n<p>                                                                                  <img decoding=\"async\" alt=\"Fondo azul acuoso abstracto con tarjetas SIM flotantes. La marca del operador de telefon\u00eda m\u00f3vil es visible en la parte superior.\" src=\"https:\/\/m.media-amazon.com\/images\/S\/aplus-media-library-service-media\/c043b071-8de4-4c50-88a1-137190fdf892.__CR0,0,2196,900_PT0_SX1464_V1___.jpg\">       <\/p>\n<p>                                                                                  <img decoding=\"async\" alt=\"El texto dice \u00abDEUTSCHE MARKE.\u00bb y \u00abVERTRAU AUF\u00bb. Serie de tomas exteriores que muestran escenas de acampada o al aire libre con veh\u00edculos y equipos en entornos naturales.\" src=\"https:\/\/m.media-amazon.com\/images\/S\/aplus-media-library-service-media\/9c26e9eb-d63a-4cae-937d-0aba1f013efa.__CR0,0,2196,900_PT0_SX1464_V1___.jpg\">       <\/p>\n<p>                                                                                  <img decoding=\"async\" alt=\"Capturas de pantalla de la interfaz de la aplicaci\u00f3n m\u00f3vil que muestran varias pantallas y configuraciones de men\u00fa, con indicadores de progreso circulares y elementos de navegaci\u00f3n.\" src=\"https:\/\/m.media-amazon.com\/images\/S\/aplus-media-library-service-media\/fd504e56-9217-4b1c-8753-84d2d061b433.__CR0,0,2196,900_PT0_SX1464_V1___.jpg\">       <\/p>\n<p>The video showcases the product in use.The video guides you through product setup.The video compares multiple products.The video shows the product being unpacked. Video de instalaci\u00f3n MF6 Merchant video<\/p>\n<h3 class=\"a-text-center aplus-h1 a-text-bold\"> Router M\u00f3vil 5G\/4G de Tenda <\/h3>\n<p>                         Add To Basket  <\/p>\n<p>                         Add To Basket  <\/p>\n<p>                         Add To Basket  <\/p>\n<p>                         Add To Basket  <\/p>\n<p>                         Add To Basket  <\/p>\n<p>                         Add To Basket  <\/p>\n<p>                         Add To Basket  <\/p>\n<p>                                     Customer Reviews  <\/p>\n<p>                    4.2 out of 5 stars  1,982  <\/p>\n<p>                    3.9 out of 5 stars  5,070  <\/p>\n<p>                    4.3 out of 5 stars  218  <\/p>\n<p>                    4.6 out of 5 stars  10  <\/p>\n<p>                    4.0 out of 5 stars  1,378  <\/p>\n<p>                    3.9 out of 5 stars  6,365  <\/p>\n<p>                    4.1 out of 5 stars  845  <\/p>\n<p>                                     Price  <\/p>\n<p>                                                        \u20ac44.99\u20ac44.99     <\/p>\n<p>                                                        \u20ac39.99\u20ac39.99     <\/p>\n<p>                                                        \u20ac84.99\u20ac84.99     <\/p>\n<p>                                                        \u20ac299.99\u20ac299.99     <\/p>\n<p>                                                        \u20ac229.99\u20ac229.99     <\/p>\n<p>                                                        \u20ac49.99\u20ac49.99     <\/p>\n<p>                                                        \u20ac49.99\u20ac49.99     <\/p>\n<p>                                     4G Categor\u00eda+4G\/5G Velocidad  <\/p>\n<p>                                                CAT4-150 Mbps    <\/p>\n<p>                                                CAT4-150 Mbps    <\/p>\n<p>                                                CAT6-300 Mbps    <\/p>\n<p>                                                R15-4,67 Gbit\/s    <\/p>\n<p>                                                R15-4,67 Gbit\/s    <\/p>\n<p>                                                CAT4-150 Mbps    <\/p>\n<p>                                                CAT4-150 Mbps    <\/p>\n<p>                                     Est\u00e1ndares Wi-Fi  <\/p>\n<p>                                                802.11b\/g\/n\/ax    <\/p>\n<p>                                                802.11b\/g\/n    <\/p>\n<p>                                                802.11b\/g\/n\/ac    <\/p>\n<p>                                                802.11b\/g\/n\/ac\/ax    <\/p>\n<p>                                                802.11b\/g\/n\/ac\/ax    <\/p>\n<p>                                                802.11b\/g\/n    <\/p>\n<p>                                                802.11b\/g\/n\/ac    <\/p>\n<p>                                     Velocidad Wi-Fi  <\/p>\n<p>                                                2,4GHz: 286Mbps    <\/p>\n<p>                                                2,4GHz: 300Mbps    <\/p>\n<p>                                                2,4GHz: 300Mbps+5GHz: 867Mbps    <\/p>\n<p>                                                2,4GHz: 574Mbps+5GHz: 2402Mbps    <\/p>\n<p>                                                2,4GHz: 574Mbps+5GHz: 1201Mbps    <\/p>\n<p>                                                2,4GHz: 300Mbps    <\/p>\n<p>                                                2,4GHz: 300Mbps+5GHz: 867Mbps    <\/p>\n<p>                                     Ranura SIM  <\/p>\n<p>                                                Nano(4FF)    <\/p>\n<p>                                                Nano(4FF)    <\/p>\n<p>                                                Nano(4FF)    <\/p>\n<p>                                                Nano(4FF)    <\/p>\n<p>                                                Nano(4FF)    <\/p>\n<p>                                                Mini(2FF)    <\/p>\n<p>                                                Mini(2FF)    <\/p>\n<p>                                     Banda de frecuencias  <\/p>\n<p>                                                Single-Band    <\/p>\n<p>                                                Single-Band    <\/p>\n<p>                                                Dual-Band    <\/p>\n<p>                                                Dual-Band    <\/p>\n<p>                                                Dual-Band    <\/p>\n<p>                                                Single-Band    <\/p>\n<p>                                                Dual-Band    <\/p>\n<p>                                     Puerto  <\/p>\n<p>                                                USB-C    <\/p>\n<p>                                                1*WAN\/LAN+1*LAN    <\/p>\n<p>                                                1*WAN\/LAN+1*LAN    <\/p>\n<p>                                                1*WAN\/LAN+1*LAN    <\/p>\n<p>                                                1*WAN\/LAN+1*LAN    <\/p>\n<p>                                                1*WAN\/LAN+1*LAN+1*TEL    <\/p>\n<p>                                                1*WAN\/LAN+1*LAN    <\/p>\n<p>                                     Plug &amp; Play  <\/p>\n<p>                                                    \u2714       <\/p>\n<p>                                                    \u2714       <\/p>\n<p>                                                    \u2714       <\/p>\n<p>                                                    \u2714       <\/p>\n<p>                                                    \u2714       <\/p>\n<p>                                                    \u2714       <\/p>\n<p>                                                    \u2714       <\/p>\n<p>                                     Control APP  <\/p>\n<p>                                                    \u2718      <\/p>\n<p>                                                    \u2714       <\/p>\n<p>                                                    \u2714       <\/p>\n<p>                                                    \u2714       <\/p>\n<p>                                                    \u2714       <\/p>\n<p>                                                    \u2714       <\/p>\n<p>                                                    \u2714       <\/p>\n<p>                                     WAN Failover  <\/p>\n<p>                                                    \u2718      <\/p>\n<p>                                                    \u2714       <\/p>\n<p>                                                    \u2714       <\/p>\n<p>                                                    \u2714       <\/p>\n<p>                                                    \u2714       <\/p>\n<p>                                                    \u2714       <\/p>\n<p>                                                    \u2714       <\/p>\n<p>                                     Admite Potencia M\u00f3vil  <\/p>\n<p>                                                    \u2714       <\/p>\n<p>                                                    \u2714       <\/p>\n<p>                                                    \u2718      <\/p>\n<p>                                                    \u2718      <\/p>\n<p>                                                    \u2718      <\/p>\n<p>                                                    \u2718      <\/p>\n<p>                                                    \u2718      <\/p>\n<p> Batteries                                            \u200f                                            :                                            \u200e                                            1 A batteries required. (included)   <br \/> Language                                            \u200f                                            :                                            \u200e                                            French   <br \/> Product Dimensions                                            \u200f                                            :                                            \u200e                                            9.8 x 5.9 x 1.27 cm; 93 g   <br \/> Manufacturer                                            \u200f                                            :                                            \u200e                                            Tenda   <br \/> ASIN                                            \u200f                                            :                                            \u200e                                            B09M376FRT   <br \/> Item model number                                            \u200f                                            :                                            \u200e                                            MF6   <br \/> Country of origin                                            \u200f                                            :                                            \u200e                                            China   <br \/> Guaranteed software updates until                                            \u200f                                            :                                            \u200e                                            unknown   <br \/>  Customer reviews:                                                                                            4.2               4.2 out of 5 stars                                  (1,982)                                              var dpAcrHasRegisteredArcLinkClickAction;                    P.when(&#8216;A&#8217;, &#8216;ready&#8217;).execute(function(A) {                        if (dpAcrHasRegisteredArcLinkClickAction !== true) {                            dpAcrHasRegisteredArcLinkClickAction = true;                            A.declarative(                                &#8216;acrLink-click-metrics&#8217;, &#8216;click&#8217;,                                { \u00aballowLinkDefault\u00bb: true },                                function (event) {                                    if (window.ue) {                                        ue.count(\u00abacrLinkClickCount\u00bb, (ue.count(\u00abacrLinkClickCount\u00bb) || 0) + 1);                                    }                                }                            );                        }                    });                                             P.when(&#8216;A&#8217;, &#8216;cf&#8217;).execute(function(A) {                A.declarative(&#8216;acrStarsLink-click-metrics&#8217;, &#8216;click&#8217;, { \u00aballowLinkDefault\u00bb : true },  function(event){                    if(window.ue) {                        ue.count(\u00abacrStarsLinkWithPopoverClickCount\u00bb, (ue.count(\u00abacrStarsLinkWithPopoverClickCount\u00bb) || 0) + 1);                    }                });            });                          <\/p>\n<p>[Color Screen, Status at a Glance] This sim card router includes a 1.5&#8243; color LCD screen that shows data usage, signal strength, connected devices, and more. Easily check your network status at a glance without using your phone.<br \/>[Faster speeds with Wi-Fi 6] This AX300 Wi-Fi 6 portable router delivers speeds several times faster than Wi-Fi 4 N300. Combined with 150Mbps LTE, it ensures smooth use of multiple devices for surfing, streaming and video calling in shared spaces.<br \/>[Compact &#038; Portable WiFi] With a compact dimensions of 10 x 5.8 x 1.5 cm, similar to a credit card, this sim router fits easily in any pocket or purse. TAKE IT WITH YOU AS YOUR WALLET OR KEYS &#8211; The perfect WiFi companion for travel, telecommuting and everyday connectivity.<br \/>[Plug &#038; Play &#8211; Online in Seconds] Insert a released Nano SIM and turn on the portable wifi router sim card to get 4G LTE instantly, without technicians. Ideal for travel, camping or emergencies where you need instant and reliable WiFi. (Not compatible with eSIM)<br \/>[Long Battery Life] The 2100mAh battery of this sim card router offers up to 8 hours of continuous use, enough for a full day away from home. Ideal for cafes, commutes and outdoor activities, and can be easily extended with a power bank when needed.<br \/>[Versatile USB-C Interface] The USB-C port of this portable wifi router has a dual function: charge the battery with a power bank or socket, or connect it directly to your laptop to get reliable internet when needed, keeping your work uninterrupted wherever you are.<br \/>[Smart Management &#038; Multi-Scenario Use] This wifi 6 router creates shared WiFi instantly for multiple devices. You can manage data limits and WiFi for guests via the browser, without the need for an app. Ideal for road trips, outdoor events and temporary shop around Europe.<br \/>[Smart Power Saving Mode] If no device is connected for 10 minutes, the sim card router automatically shuts off to save power. Press the power button to reactivate, ideal for outdoor use or breaks between working days.<br \/>[Efficient After-Sales Service] Enjoy direct customer support via email at support.es@tenda.cn and a 3-year warranty. Tenda technical team provides quick assistance with setup or usage issues, ensuring reliable and professional support.<br \/>Notice: For long time use, please choose a dedicated 4G\/5G router (4G03 Pro \/ 4G08 \/ 5G03). When using the USB-C hotspot for extended periods, we recommend removing the battery to preserve your health. Operating temperature: 0\u00b0C to 35\u00b0C.<\/p>\n\n","protected":false},"excerpt":{"rendered":"<p> From the manufacturer The video showcases the product in use.The video guides you through product<\/p>","protected":false},"featured_media":36717,"comment_status":"open","ping_status":"closed","template":"","meta":[],"product_brand":[],"product_cat":[71],"product_tag":[10719,2080,10718,287,292,2084,8797,335,312,561,2078,2079,2081,2083,2082,10717,7446,1275,1205,1139,324,153,290,143,1149,2088,2085,2827,2428,188,543,2076,2077,2095],"class_list":{"0":"post-36716","1":"product","2":"type-product","3":"status-publish","4":"has-post-thumbnail","6":"product_cat-wifi-routers","7":"product_tag-2100mah","8":"product_tag-5ghz-router","9":"product_tag-ax300","10":"product_tag-bank","11":"product_tag-battery","12":"product_tag-best-wifi-router","13":"product_tag-cat4","14":"product_tag-charge","15":"product_tag-color","16":"product_tag-display","17":"product_tag-dual-band-router","18":"product_tag-gaming-wifi-router","19":"product_tag-high-speed-router","20":"product_tag-home-wifi-router","21":"product_tag-mesh-wifi-router","22":"product_tag-mf6","23":"product_tag-mifi","24":"product_tag-mobile","25":"product_tag-nano","26":"product_tag-play","27":"product_tag-plug","28":"product_tag-port","29":"product_tag-portable","30":"product_tag-power","31":"product_tag-rechargeable","32":"product_tag-router","33":"product_tag-router-price","34":"product_tag-sim","35":"product_tag-tenda","36":"product_tag-usbc","37":"product_tag-wifi","38":"product_tag-wifi-router","39":"product_tag-wireless-router","40":"product_tag-wpa3","42":"first","43":"instock","44":"sale","45":"shipping-taxable","46":"product-type-external"},"_links":{"self":[{"href":"https:\/\/comprasyconsejos.store\/en\/wp-json\/wp\/v2\/product\/36716","targetHints":{"allow":["GET"]}}],"collection":[{"href":"https:\/\/comprasyconsejos.store\/en\/wp-json\/wp\/v2\/product"}],"about":[{"href":"https:\/\/comprasyconsejos.store\/en\/wp-json\/wp\/v2\/types\/product"}],"replies":[{"embeddable":true,"href":"https:\/\/comprasyconsejos.store\/en\/wp-json\/wp\/v2\/comments?post=36716"}],"version-history":[{"count":0,"href":"https:\/\/comprasyconsejos.store\/en\/wp-json\/wp\/v2\/product\/36716\/revisions"}],"wp:featuredmedia":[{"embeddable":true,"href":"https:\/\/comprasyconsejos.store\/en\/wp-json\/wp\/v2\/media\/36717"}],"wp:attachment":[{"href":"https:\/\/comprasyconsejos.store\/en\/wp-json\/wp\/v2\/media?parent=36716"}],"wp:term":[{"taxonomy":"product_brand","embeddable":true,"href":"https:\/\/comprasyconsejos.store\/en\/wp-json\/wp\/v2\/product_brand?post=36716"},{"taxonomy":"product_cat","embeddable":true,"href":"https:\/\/comprasyconsejos.store\/en\/wp-json\/wp\/v2\/product_cat?post=36716"},{"taxonomy":"product_tag","embeddable":true,"href":"https:\/\/comprasyconsejos.store\/en\/wp-json\/wp\/v2\/product_tag?post=36716"}],"curies":[{"name":"wp","href":"https:\/\/api.w.org\/{rel}","templated":true}]}}