{"id":36731,"date":"2026-03-02T03:39:53","date_gmt":"2026-03-02T03:39:53","guid":{"rendered":"https:\/\/comprasyconsejos.store\/product\/escaner-de-documentos-usb-a3-a4-18mp-con-ocr-multilingue-camara-plegable-con-correccion-de-imagen-y-luz-led-para-trabajo-de-oficina\/"},"modified":"2026-03-02T03:39:55","modified_gmt":"2026-03-02T03:39:55","slug":"escaner-de-documentos-usb-a3-a4-18mp-con-ocr-multilingue-camara-plegable-con-correccion-de-imagen-y-luz-led-para-trabajo-de-oficina","status":"publish","type":"product","link":"https:\/\/comprasyconsejos.store\/en\/product\/escaner-de-documentos-usb-a3-a4-18mp-con-ocr-multilingue-camara-plegable-con-correccion-de-imagen-y-luz-led-para-trabajo-de-oficina\/","title":{"rendered":"Esc\u00e1ner De Documentos USB A3\/A4 18mp con OCR Multiling\u00fce, C\u00e1mara Plegable con Correcci\u00f3n De Imagen Y Luz LED, para Trabajo De Oficina"},"content":{"rendered":"<p>Price: <span style=\"color:#b12704\">\u20ac189.77<\/span><br \/><i><small>(as of Mar 02, 2026 03:39:53 UTC &#8211; <span class=\"wp_automatic_amazon_disclaimer\" title=\"Product prices and availability are accurate as of the date\/time indicated and are subject to change. Any price and availability information displayed on [relevant Amazon Site(s), as applicable] at the time of purchase will apply to the purchase of this product.\">Details<\/span>)<\/small><\/i><\/p>\n<p><a href=\"https:\/\/amazon.es\/dp\/B0GL6LNX6G?tag=man008-21\"><img decoding=\"async\" src=\"https:\/\/valvepress.s3.amazonaws.com\/imgs\/buy_now.png\"><\/a><br \/>\n<br \/>\n    <span>C\u00e1mara de documentos port\u00e1til todo en un, con escaneo y captura de alta definici\u00f3n, luz de relleno, OCR multiling\u00fce, compatible con USB, sin controlador, plegable y port\u00e1til, Perfect para centros educativos y entornos m\u00f3viles. Digitaliza f\u00e1cilmente documentos, certificados y peque\u00f1os objetos 3D.<\/p>\n<p>\u27a4\u27a4Caracter\u00edsticas principales<br \/>\u25cf C\u00e1mara de documentos multifuncional: Integra una c\u00e1mara de documentos, un esc\u00e1ner de documentos, un esc\u00e1ner de techo y un esc\u00e1ner de libros, lo que permite escanear libros, documentos, documentos de identidad, pasaportes y objetos 3D.<\/p>\n<p>\u25cf Im\u00e1genes de escaneo de alta definici\u00f3n: Utiliza un esc\u00e1ner de alta resoluci\u00f3n y una c\u00e1mara de documentos HD, que presenta con claridad los detalles del texto y la imagen. La luz de relleno LED integrada se adapta a diferentes entornos de iluminaci\u00f3n.<\/p>\n<p>\u25cf Reconocimiento OCR multiling\u00fce: El esc\u00e1ner de documentos OCR integrado admite OCR multiling\u00fce, convirtiendo el contenido escaneado a formatos editables de Word, Excel, TXT o PDF con capacidad de b\u00fasqueda.<\/p>\n<p>\u25cf Conexi\u00f3n USB: Dise\u00f1o de c\u00e1mara de documentos USB, compatible con esc\u00e1ner de visualizaci\u00f3n en tiempo real, compatible con sistemas Windows y sin necesidad de una instalaci\u00f3n complicada.<\/p>\n<p>\u25cf Dise\u00f1o plegable y port\u00e1til: Cuenta con una estructura de esc\u00e1ner plegable, compacta y ligera, Perfect para oficinas m\u00f3viles, centros educativos y uso dom\u00e9stico.<\/p>\n<p>\u27a4\u27a4Especificaciones<br \/>P\u00edxeles: 18 megap\u00edxeles<br \/>Base: Almohadilla suave<br \/>Tama\u00f1o de pantalla: A3\/A4<\/p>\n<p>\u27a4\u27a4Contenido del paquete:<br \/>1 dispositivo<br \/>1 soporte<br \/>1 manual de instrucciones<br \/>1 cable de datos<\/p>\n<p>\u27a4\u27a4Servicio al cliente 24 horas:<br \/>Si tiene alguna pregunta, no dude en contactarnos. Nos dedicamos a servirle y responderemos a sus consultas en 24 horas.<\/span>    <br \/> Package Dimensions                                            \u200f                                            :                                            \u200e                                            35 x 12 x 12 cm; 950 g   <br \/> Manufacturer                                            \u200f                                            :                                            \u200e                                            PRECISTECH   <br \/> ASIN                                            \u200f                                            :                                            \u200e                                            B0GL6LNX6G   <br \/> Item model number                                            \u200f                                            :                                            \u200e                                            PRECISTECH   <br \/> Country\/Region of Origin                                            \u200f                                            :                                            \u200e                                            China   <br \/> Guaranteed software updates until                                            \u200f                                            :                                            \u200e                                            unknown   <\/p>\n<p>\u3010Proyecci\u00f3n en tiempo real y visualizaci\u00f3n en tiempo real\u3011El esc\u00e1ner de documentos admite proyecci\u00f3n en tiempo real y visualizaci\u00f3n de video en tiempo real, lo que permite mostrar documentos, libros y objetos al instante en la pantalla. Perfect para clases en l\u00ednea, presentaciones, reuniones y demostraciones en clase sin dispositivos adicionales.<br \/>\u3010Rendimiento de escaneo de alta definici\u00f3n de 18 MP\u3011La c\u00e1mara de documentos cuenta con un sensor de alta definici\u00f3n de 18 MP para capturar texto n\u00edtido, im\u00e1genes claras y detalles precisos. Perfect para escanear libros, documentos, fotos, certificados, tarjetas de identificaci\u00f3n y c\u00f3digos QR con alta precisi\u00f3n.<br \/>\u3010Procesamiento OCR y optimizaci\u00f3n inteligente de im\u00e1genes\u3011El esc\u00e1ner de libros ofrece OCR multiling\u00fce con aplanamiento autom\u00e1tico de la curvatura del libro, recorte inteligente, correcci\u00f3n de perspectiva y eliminaci\u00f3n del fondo. Convierte los escaneos en archivos PDF, Word, Excel, JPG y PNG editables.<br \/>\u3010Iluminaci\u00f3n ajustable para resultados n\u00edtidos\u3011El esc\u00e1ner USB incluye tres niveles de iluminaci\u00f3n LED ajustables para reducir las sombras y el deslumbramiento. Garantiza escaneos estables y con iluminaci\u00f3n uniforme en entornos con poca luz, como oficinas, aulas, bibliotecas y archivos.<br \/>\u3010Dise\u00f1o plegable port\u00e1til y salida multip\u00e1gina\u3011El visualizador de documentos cuenta con un dise\u00f1o plegable compacto que admite el reconocimiento de c\u00f3digos QR, la creaci\u00f3n de PDF multip\u00e1gina, conectividad USB lista para usar y una configuraci\u00f3n r\u00e1pida para tareas diarias flexibles de escaneo y visualizaci\u00f3n.<\/p>\n\n","protected":false},"excerpt":{"rendered":"<p> C\u00e1mara de documentos port\u00e1til todo en un, con escaneo y captura de alta definici\u00f3n, luz<\/p>","protected":false},"featured_media":36732,"comment_status":"open","ping_status":"closed","template":"","meta":[],"product_brand":[],"product_cat":[60],"product_tag":[4347,9049,1990,4112,3994,10732,1982,7716,7551,1989,1983,1986,4818,428,4813,10731,6803,1987,7048,3954,1984,9577,1985,1991,4031,133,1988],"class_list":{"0":"post-36731","1":"product","2":"type-product","3":"status-publish","4":"has-post-thumbnail","6":"product_cat-scanners","7":"product_tag-18mp","8":"product_tag-a3a4","9":"product_tag-best-scanner","10":"product_tag-camara","11":"product_tag-con","12":"product_tag-correccion","13":"product_tag-document-scanner","14":"product_tag-documentos","15":"product_tag-escaner","16":"product_tag-fast-document-scanner","17":"product_tag-flatbed-scanner","18":"product_tag-high-resolution-scanner","19":"product_tag-imagen","20":"product_tag-led","21":"product_tag-luz","22":"product_tag-multilingue","23":"product_tag-ocr","24":"product_tag-office-scanner","25":"product_tag-oficina","26":"product_tag-para","27":"product_tag-photo-scanner","28":"product_tag-plegable","29":"product_tag-portable-scanner","30":"product_tag-scanner-price","31":"product_tag-trabajo","32":"product_tag-usb","33":"product_tag-usb-scanner","35":"first","36":"instock","37":"shipping-taxable","38":"product-type-external"},"_links":{"self":[{"href":"https:\/\/comprasyconsejos.store\/en\/wp-json\/wp\/v2\/product\/36731","targetHints":{"allow":["GET"]}}],"collection":[{"href":"https:\/\/comprasyconsejos.store\/en\/wp-json\/wp\/v2\/product"}],"about":[{"href":"https:\/\/comprasyconsejos.store\/en\/wp-json\/wp\/v2\/types\/product"}],"replies":[{"embeddable":true,"href":"https:\/\/comprasyconsejos.store\/en\/wp-json\/wp\/v2\/comments?post=36731"}],"version-history":[{"count":0,"href":"https:\/\/comprasyconsejos.store\/en\/wp-json\/wp\/v2\/product\/36731\/revisions"}],"wp:featuredmedia":[{"embeddable":true,"href":"https:\/\/comprasyconsejos.store\/en\/wp-json\/wp\/v2\/media\/36732"}],"wp:attachment":[{"href":"https:\/\/comprasyconsejos.store\/en\/wp-json\/wp\/v2\/media?parent=36731"}],"wp:term":[{"taxonomy":"product_brand","embeddable":true,"href":"https:\/\/comprasyconsejos.store\/en\/wp-json\/wp\/v2\/product_brand?post=36731"},{"taxonomy":"product_cat","embeddable":true,"href":"https:\/\/comprasyconsejos.store\/en\/wp-json\/wp\/v2\/product_cat?post=36731"},{"taxonomy":"product_tag","embeddable":true,"href":"https:\/\/comprasyconsejos.store\/en\/wp-json\/wp\/v2\/product_tag?post=36731"}],"curies":[{"name":"wp","href":"https:\/\/api.w.org\/{rel}","templated":true}]}}