{"id":36734,"date":"2026-03-02T03:40:56","date_gmt":"2026-03-02T03:40:56","guid":{"rendered":"https:\/\/comprasyconsejos.store\/product\/kyocera-ecosys-pa3500wx-laser-printer-35-ppm-wi-fi-35-ppm-with-mobile-printing-function-black-white\/"},"modified":"2026-03-02T03:40:58","modified_gmt":"2026-03-02T03:40:58","slug":"kyocera-ecosys-pa3500wx-laser-printer-35-ppm-wi-fi-35-ppm-with-mobile-printing-function-black-white","status":"publish","type":"product","link":"https:\/\/comprasyconsejos.store\/en\/product\/kyocera-ecosys-pa3500wx-laser-printer-35-ppm-wi-fi-35-ppm-with-mobile-printing-function-black-white\/","title":{"rendered":"Kyocera Ecosys PA3500wx Laser Printer 35 ppm Wi-Fi 35 ppm with Mobile Printing Function, Black\/White"},"content":{"rendered":"<p>Price: <span style=\"color:#b12704\">\u20ac294.34<\/span><br \/><i><small>(as of Mar 02, 2026 03:40:56 UTC &#8211; <span class=\"wp_automatic_amazon_disclaimer\" title=\"Product prices and availability are accurate as of the date\/time indicated and are subject to change. Any price and availability information displayed on [relevant Amazon Site(s), as applicable] at the time of purchase will apply to the purchase of this product.\">Details<\/span>)<\/small><\/i><\/p>\n<p><a href=\"https:\/\/amazon.es\/dp\/B0F9SS2NFH?tag=man008-21\"><img decoding=\"async\" src=\"https:\/\/valvepress.s3.amazonaws.com\/imgs\/buy_now.png\"><\/a><br \/>\n<br \/>\n    <span>Socio de alto rendimiento con la \u00faltima tecnolog\u00eda. Kyocera es sin\u00f3nimo de procesos de documentaci\u00f3n especialmente respetuosos con el medio ambiente y respetuosos con el medio ambiente. Con la iniciativa Print-Green, Kyocera le ofrece impresoras y equipos multifunci\u00f3n compatibles con el clima. Para obtener m\u00e1s informaci\u00f3n acerca de Kyocera Print Green, consulte Kyocera Hompage printgreen. Asumamos la responsabilidad conjunta por el futuro de nuestro medio ambiente. Con la iniciativa Print-Green, Kyocera le ofrece t\u00f3ner compensado por CO2*. Paritin invierte la cantidad de gases de efecto invernadero generados por la generaci\u00f3n de materias primas, la producci\u00f3n, el transporte y la utilizaci\u00f3n del t\u00f3ner en un proyecto de protecci\u00f3n clim\u00e1tica est\u00e1ndar Gold. Con la compra del t\u00f3ner original de Origen, usted apoya un proyecto de protecci\u00f3n clim\u00e1tica certificado. Cada t\u00f3ner original distribuido por Orstich Alemania o Austria es compensado por CO2* su certificado personal para su compromiso con el medio ambiente. Como prueba de su contribuci\u00f3n sostenible a la protecci\u00f3n del clima, puede obtener su certificado personal en el sitio web de Hallmark. printgreen. Muestra la cantidad de CO2 que ha compensado mediante el uso de t\u00f3ner original de Kyocera como un posible componente adicional para su balance clim\u00e1tico en toda la empresa. * Se aplica a todos los t\u00f3neres distribuidos desde el 01.05.2013 desde el 01\/05\/2013 por la empresa de t\u00f3ner distribuidos por las soluciones Document Solutions Alemania y Document Solutions Austri<\/span>    <br \/> Language                                            \u200f                                            :                                            \u200e                                            Italian   <br \/> Product Dimensions                                            \u200f                                            :                                            \u200e                                            51.6 x 50 x 40 cm; 14 kg   <br \/> Manufacturer                                            \u200f                                            :                                            \u200e                                            Kyocera   <br \/> ASIN                                            \u200f                                            :                                            \u200e                                            B0F9SS2NFH   <br \/> Item model number                                            \u200f                                            :                                            \u200e                                            110C3H3NL0   <br \/> Guaranteed software updates until                                            \u200f                                            :                                            \u200e                                            unknown   <\/p>\n<p>Fiable: la impresora profesional en blanco y negro imprime hasta 35 ppm A4 y es ideal para su uso en entornos de oficina como (hogar), oficina, oficina o oficina de abogados<br \/>Respetuoso con el medio ambiente: impresi\u00f3n y copia amigables con el medio ambiente. M\u00e1s informaci\u00f3n sobre la iniciativa de protecci\u00f3n clim\u00e1tica Kyocera se puede encontrar bajo el t\u00e9rmino de b\u00fasqueda printgreen en Kyocera en su navegador<br \/>Potente: la impresora l\u00e1ser con impresi\u00f3n a doble cara, capacidad de papel est\u00e1ndar de 350 hojas, USB, LAN Gigabit y WiFi, imprime de forma eficiente y silenciosa a 1200 ppp. Funci\u00f3n de presi\u00f3n silenciosa<br \/>Durabilidad: la impresora WLAN est\u00e1 fabricada con materiales de alta calidad con una vida \u00fatil extremadamente larga y est\u00e1 dise\u00f1ada para su uso en entornos empresariales<br \/>Seguridad: la impresora l\u00e1ser est\u00e1 equipada con amplias funciones de seguridad para uso profesional, como TLS 1.3, arranque seguro y verificaci\u00f3n de integridad en tiempo de ejecuci\u00f3n, autenticaci\u00f3n de administrador ajustable para actualizaciones de firmware<\/p>\n\n","protected":false},"excerpt":{"rendered":"<p> Socio de alto rendimiento con la \u00faltima tecnolog\u00eda. Kyocera es sin\u00f3nimo de procesos de documentaci\u00f3n<\/p>","protected":false},"featured_media":36735,"comment_status":"open","ping_status":"closed","template":"","meta":[],"product_brand":[],"product_cat":[58],"product_tag":[1973,1967,5372,1975,1968,1972,3330,1971,2630,3323,1978,1964,1974,1275,1970,10733,3332,1962,2276,543,1969],"class_list":{"0":"post-36734","1":"product","2":"type-product","3":"status-publish","4":"has-post-thumbnail","6":"product_cat-laser-printers","7":"product_tag-best-laser-printer","8":"product_tag-black-and-white-laser-printer","9":"product_tag-blackwhite","10":"product_tag-business-laser-printer","11":"product_tag-color-laser-printer","12":"product_tag-duplex-laser-printer","13":"product_tag-ecosys","14":"product_tag-fast-laser-printer","15":"product_tag-function","16":"product_tag-kyocera","17":"product_tag-laser","18":"product_tag-laser-printer","19":"product_tag-laser-printer-price","20":"product_tag-mobile","21":"product_tag-office-laser-printer","22":"product_tag-pa3500wx","23":"product_tag-ppm","24":"product_tag-printer","25":"product_tag-printing","26":"product_tag-wifi","27":"product_tag-wireless-laser-printer","29":"first","30":"instock","31":"shipping-taxable","32":"product-type-external"},"_links":{"self":[{"href":"https:\/\/comprasyconsejos.store\/en\/wp-json\/wp\/v2\/product\/36734","targetHints":{"allow":["GET"]}}],"collection":[{"href":"https:\/\/comprasyconsejos.store\/en\/wp-json\/wp\/v2\/product"}],"about":[{"href":"https:\/\/comprasyconsejos.store\/en\/wp-json\/wp\/v2\/types\/product"}],"replies":[{"embeddable":true,"href":"https:\/\/comprasyconsejos.store\/en\/wp-json\/wp\/v2\/comments?post=36734"}],"version-history":[{"count":0,"href":"https:\/\/comprasyconsejos.store\/en\/wp-json\/wp\/v2\/product\/36734\/revisions"}],"wp:featuredmedia":[{"embeddable":true,"href":"https:\/\/comprasyconsejos.store\/en\/wp-json\/wp\/v2\/media\/36735"}],"wp:attachment":[{"href":"https:\/\/comprasyconsejos.store\/en\/wp-json\/wp\/v2\/media?parent=36734"}],"wp:term":[{"taxonomy":"product_brand","embeddable":true,"href":"https:\/\/comprasyconsejos.store\/en\/wp-json\/wp\/v2\/product_brand?post=36734"},{"taxonomy":"product_cat","embeddable":true,"href":"https:\/\/comprasyconsejos.store\/en\/wp-json\/wp\/v2\/product_cat?post=36734"},{"taxonomy":"product_tag","embeddable":true,"href":"https:\/\/comprasyconsejos.store\/en\/wp-json\/wp\/v2\/product_tag?post=36734"}],"curies":[{"name":"wp","href":"https:\/\/api.w.org\/{rel}","templated":true}]}}