{"id":36749,"date":"2026-03-02T06:08:55","date_gmt":"2026-03-02T06:08:55","guid":{"rendered":"https:\/\/comprasyconsejos.store\/product\/aoc-u27b3m-monitor-27-inch-uhd-60hz-va-4-ms-gtg-hdr10-3840x2160-2x-hdmi-2-0-1x-dp-1-4-black\/"},"modified":"2026-03-02T06:08:56","modified_gmt":"2026-03-02T06:08:56","slug":"aoc-u27b3m-monitor-27-inch-uhd-60hz-va-4-ms-gtg-hdr10-3840x2160-2x-hdmi-2-0-1x-dp-1-4-black","status":"publish","type":"product","link":"https:\/\/comprasyconsejos.store\/en\/product\/aoc-u27b3m-monitor-27-inch-uhd-60hz-va-4-ms-gtg-hdr10-3840x2160-2x-hdmi-2-0-1x-dp-1-4-black\/","title":{"rendered":"AOC U27B3M Monitor 27 Inch UHD, 60Hz, VA, 4 ms GtG, HDR10 (3840&#215;2160, 2X HDMI 2.0, 1x DP 1.4), Black"},"content":{"rendered":"<p>Price: <span style=\"color:#b12704\">\u20ac153.96<\/span><br \/><i><small>(as of Mar 02, 2026 06:08:55 UTC &#8211; <span class=\"wp_automatic_amazon_disclaimer\" title=\"Product prices and availability are accurate as of the date\/time indicated and are subject to change. Any price and availability information displayed on [relevant Amazon Site(s), as applicable] at the time of purchase will apply to the purchase of this product.\">Details<\/span>)<\/small><\/i><\/p>\n<p><a href=\"https:\/\/amazon.es\/dp\/B0D966B7TC?tag=man008-21\"><img decoding=\"async\" src=\"https:\/\/valvepress.s3.amazonaws.com\/imgs\/buy_now.png\"><\/a><br \/>\n<\/p>\n<p>                                             From the manufacturer   <\/p>\n<p>                                                      <img decoding=\"async\" alt=\"aoc\" src=\"https:\/\/images-na.ssl-images-amazon.com\/images\/G\/01\/x-locale\/common\/grey-pixel.gif\" class=\"a-spacing-mini a-lazy-loaded\" data-src=\"https:\/\/m.media-amazon.com\/images\/S\/aplus-media-library-service-media\/2c5928d8-32eb-4141-8a09-d9779d5d6655.__CR0,0,300,400_PT0_SX300_V1___.jpg\"><img decoding=\"async\" alt=\"aoc\" src=\"https:\/\/m.media-amazon.com\/images\/S\/aplus-media-library-service-media\/2c5928d8-32eb-4141-8a09-d9779d5d6655.__CR0,0,300,400_PT0_SX300_V1___.jpg\">  <\/p>\n<p>                                                              <img decoding=\"async\" alt=\"aoc\" src=\"https:\/\/images-na.ssl-images-amazon.com\/images\/G\/01\/x-locale\/common\/grey-pixel.gif\" class=\"a-spacing-mini a-lazy-loaded\" data-src=\"https:\/\/m.media-amazon.com\/images\/S\/aplus-media-library-service-media\/32bc123b-64f6-4d98-b0d9-7390a2b6c879.__CR0,0,350,175_PT0_SX350_V1___.jpg\"><img decoding=\"async\" alt=\"aoc\" src=\"https:\/\/m.media-amazon.com\/images\/S\/aplus-media-library-service-media\/32bc123b-64f6-4d98-b0d9-7390a2b6c879.__CR0,0,350,175_PT0_SX350_V1___.jpg\">                                                                 <\/p>\n<p class=\"a-spacing-small a-size-small a-color-secondary\">\n<p>27 Pulgadas3840x216060 HzAdaptive Sync4 ms         <\/p>\n<h3 class=\"a-spacing-mini\"> Monitor U27B3M <\/h3>\n<p>                                          Potencia tu vista, con. inteligente                                     <\/p>\n<p class=\"a-spacing-base\"> Monitor UHD 27&#8243; con panel VA, HDR10, AdaptiveSync y funciones de confort visual <\/p>\n<p>                                                          HDMI 2.0 x 1       DisplayPort 1.4 x 1       Salida de auriculares (3,5 mm)      <\/p>\n<p class=\"apm-text-center\">\n                                                      <img decoding=\"async\" alt=\"AOC monitor\" src=\"https:\/\/images-na.ssl-images-amazon.com\/images\/G\/01\/x-locale\/common\/grey-pixel.gif\" class=\"a-lazy-loaded\" data-src=\"https:\/\/m.media-amazon.com\/images\/S\/aplus-media-library-service-media\/b6feecf7-c1ea-4f0d-95af-f67b04fe81db.__CR136,125,1250,1250_PT0_SX220_V1___.png\"><img decoding=\"async\" alt=\"AOC monitor\" src=\"https:\/\/m.media-amazon.com\/images\/S\/aplus-media-library-service-media\/b6feecf7-c1ea-4f0d-95af-f67b04fe81db.__CR136,125,1250,1250_PT0_SX220_V1___.png\">  <\/p>\n<p>                                                    Resoluci\u00f3n UHD (4K)                                     <\/p>\n<p class=\"a-size-small\"> La resoluci\u00f3n 4K de ultra alta definici\u00f3n (3840 x 2160) ofrece una calidad de imagen ultran\u00edtida y permite a los usuarios ver m\u00e1s en la pantalla al mismo tiempo. Esto proporciona m\u00e1s espacio en la pantalla y muestra m\u00e1s detalles para obtener im\u00e1genes m\u00e1s n\u00edtidas y brillantes. Ya sea que est\u00e9n trabajando en la pr\u00f3xima hermosa fotograf\u00eda, dise\u00f1o o incluso simplemente us\u00e1ndolos para productividad, los usuarios se maravillar\u00e1n con la imagen verdadera y n\u00edtida que solo una pantalla UHD puede proporcionar. <\/p>\n<p class=\"apm-text-center\">\n                                                      <img decoding=\"async\" alt=\"AOC monitor\" src=\"https:\/\/images-na.ssl-images-amazon.com\/images\/G\/01\/x-locale\/common\/grey-pixel.gif\" class=\"a-lazy-loaded\" data-src=\"https:\/\/m.media-amazon.com\/images\/S\/aplus-media-library-service-media\/23d998d5-90d5-4ebf-acc1-6ecced94e06a.__CR68,68,1364,1364_PT0_SX220_V1___.png\"><img decoding=\"async\" alt=\"AOC monitor\" src=\"https:\/\/m.media-amazon.com\/images\/S\/aplus-media-library-service-media\/23d998d5-90d5-4ebf-acc1-6ecced94e06a.__CR68,68,1364,1364_PT0_SX220_V1___.png\">  <\/p>\n<p>                                                    Vive el juego al m\u00e1ximo con HDR10                                     <\/p>\n<p class=\"a-size-small\"> HDR10 est\u00e1 aqu\u00ed para mejorar a\u00fan m\u00e1s la calidad de imagen, mejorando la sincronizaci\u00f3n de tu GPU o tu consola con el monitor. Esto crea una experiencia de juego m\u00e1s realista, inmersiva y fluida: Te sentir\u00e1s como si estuvieras entrando en el juego, fotograma a fotograma. <\/p>\n<p class=\"apm-text-center\">\n                                                      <img decoding=\"async\" alt=\"AOC\" src=\"https:\/\/images-na.ssl-images-amazon.com\/images\/G\/01\/x-locale\/common\/grey-pixel.gif\" class=\"a-lazy-loaded\" data-src=\"https:\/\/m.media-amazon.com\/images\/S\/aplus-media-library-service-media\/a33d9b6a-103f-4243-b0ef-902ffbc677e2.__CR678,0,1500,1500_PT0_SX220_V1___.png\"><img decoding=\"async\" alt=\"AOC\" src=\"https:\/\/m.media-amazon.com\/images\/S\/aplus-media-library-service-media\/a33d9b6a-103f-4243-b0ef-902ffbc677e2.__CR678,0,1500,1500_PT0_SX220_V1___.png\">  <\/p>\n<p>                                                    Adaptive sync                                     <\/p>\n<p class=\"a-size-small\"> La sincronizaci\u00f3n adaptativa hace coincidir la tasa de refresco vertical de tu monitor con la velocidad de fotogramas de la GPU para eliminar el stuttering, el tearing y los temblores, y que la experiencia de juego y de ocio sea a\u00fan m\u00e1s fluida. Esta funci\u00f3n tambi\u00e9n es \u00fatil para disfrutar de v\u00eddeos y otros medios de entretenimiento de una forma m\u00e1s fluida. <\/p>\n<p class=\"apm-text-center\">\n                                                      <img decoding=\"async\" alt=\"Philips\" src=\"https:\/\/images-na.ssl-images-amazon.com\/images\/G\/01\/x-locale\/common\/grey-pixel.gif\" class=\"a-lazy-loaded\" data-src=\"https:\/\/m.media-amazon.com\/images\/S\/aplus-media-library-service-media\/ec3251c6-470a-431e-b87d-5612f0ff0cb0.__CR1,14,273,273_PT0_SX220_V1___.png\"><img decoding=\"async\" alt=\"Philips\" src=\"https:\/\/m.media-amazon.com\/images\/S\/aplus-media-library-service-media\/ec3251c6-470a-431e-b87d-5612f0ff0cb0.__CR1,14,273,273_PT0_SX220_V1___.png\">  <\/p>\n<p>                                                    Dise\u00f1o sin marcos                                     <\/p>\n<p class=\"a-size-small\"> Adem\u00e1s de tener un aspecto moderno y atractivo, el dise\u00f1o sin marcos permite configuraciones integrales de varios monitores. No volver\u00e1s a perder el cursor o las ventanas en el abismo de los biseles oscuros cuando se coloquen muchas pantallas una junto a la otra. <\/p>\n<p class=\"apm-text-center\">\n                                                      <img decoding=\"async\" alt=\"aoc\" src=\"https:\/\/images-na.ssl-images-amazon.com\/images\/G\/01\/x-locale\/common\/grey-pixel.gif\" class=\"a-lazy-loaded\" data-src=\"https:\/\/m.media-amazon.com\/images\/S\/aplus-media-library-service-media\/5504e6e6-e650-4e92-aefe-d0965637e660.__CR0,0,220,220_PT0_SX220_V1___.jpg\"><img decoding=\"async\" alt=\"aoc\" src=\"https:\/\/m.media-amazon.com\/images\/S\/aplus-media-library-service-media\/5504e6e6-e650-4e92-aefe-d0965637e660.__CR0,0,220,220_PT0_SX220_V1___.jpg\">  <\/p>\n<p>                                                    Low Blue Light                                     <\/p>\n<p class=\"a-size-small\"> La luz azul de onda corta puede ocasionar lesiones en la vista. La tecnolog\u00eda Anti Blue Light de AOC bloquea los rayos de luz azul da\u00f1inos sin alterar el color de la pantalla. Otros m\u00e9todos de reducci\u00f3n de la luz azul utilizan filtros o ajustes que oscurecen ligeramente o dan un tono amarillento a las im\u00e1genes. <\/p>\n<p class=\"apm-text-center\">\n                                                      <img decoding=\"async\" alt=\"aoc\" src=\"https:\/\/images-na.ssl-images-amazon.com\/images\/G\/01\/x-locale\/common\/grey-pixel.gif\" class=\"a-lazy-loaded\" data-src=\"https:\/\/m.media-amazon.com\/images\/S\/aplus-media-library-service-media\/058cec30-af27-45b8-8a1c-a9b61ebd0fcb.__CR0,0,220,220_PT0_SX220_V1___.jpg\"><img decoding=\"async\" alt=\"aoc\" src=\"https:\/\/m.media-amazon.com\/images\/S\/aplus-media-library-service-media\/058cec30-af27-45b8-8a1c-a9b61ebd0fcb.__CR0,0,220,220_PT0_SX220_V1___.jpg\">  <\/p>\n<p>                                                    Flicker Free                                     <\/p>\n<p class=\"a-size-small\"> La tecnolog\u00eda Flicker-Free de AOC utiliza un panel de luz de fondo de corriente continua (corriente CC), que reduce los niveles de luz parpadeante. Al minimizar la fatiga visual y el cansancio, \u00a1prep\u00e1rate para disfrutar de esas largas e intensas sesiones de juego con incre\u00edble comodidad! <\/p>\n<p class=\"apm-text-center\">\n<p class=\"apm-text-center\">\n<p> Is discontinued by manufacturer                                            \u200f                                            :                                            \u200e                                            No   <br \/> Product Dimensions                                            \u200f                                            :                                            \u200e                                            22.98 x 61.4 x 51.7 cm; 3.79 kg   <br \/> Manufacturer                                            \u200f                                            :                                            \u200e                                            AOC International   <br \/> ASIN                                            \u200f                                            :                                            \u200e                                            B0D966B7TC   <br \/> Item model number                                            \u200f                                            :                                            \u200e                                            U27B3M   <br \/> Guaranteed software updates until                                            \u200f                                            :                                            \u200e                                            unknown   <br \/>  Customer reviews:                                                                                            3.6               3.6 out of 5 stars                                  (110)                                              var dpAcrHasRegisteredArcLinkClickAction;                    P.when(&#8216;A&#8217;, &#8216;ready&#8217;).execute(function(A) {                        if (dpAcrHasRegisteredArcLinkClickAction !== true) {                            dpAcrHasRegisteredArcLinkClickAction = true;                            A.declarative(                                &#8216;acrLink-click-metrics&#8217;, &#8216;click&#8217;,                                { \u00aballowLinkDefault\u00bb: true },                                function (event) {                                    if (window.ue) {                                        ue.count(\u00abacrLinkClickCount\u00bb, (ue.count(\u00abacrLinkClickCount\u00bb) || 0) + 1);                                    }                                }                            );                        }                    });                                             P.when(&#8216;A&#8217;, &#8216;cf&#8217;).execute(function(A) {                A.declarative(&#8216;acrStarsLink-click-metrics&#8217;, &#8216;click&#8217;, { \u00aballowLinkDefault\u00bb : true },  function(event){                    if(window.ue) {                        ue.count(\u00abacrStarsLinkWithPopoverClickCount\u00bb, (ue.count(\u00abacrStarsLinkWithPopoverClickCount\u00bb) || 0) + 1);                    }                });            });                          <\/p>\n<p>Reduces blue light emission to reduce eye fatigue and improve comfort.<br \/>Reduces screen flicker to minimize eyestrain during prolonged use.<br \/>HDR10: High dynamic range for enhanced colors and contrast and a more vivid viewing experience.<br \/>Built-in speakers provide audio output without the need for external speakers.<\/p>\n\n","protected":false},"excerpt":{"rendered":"<p> From the manufacturer 27 Pulgadas3840x216060 HzAdaptive Sync4 ms Monitor U27B3M Potencia tu vista, con. inteligente<\/p>","protected":false},"featured_media":36750,"comment_status":"open","ping_status":"closed","template":"","meta":[],"product_brand":[],"product_cat":[53],"product_tag":[1804,3145,1801,1802,1805,1803,1799,1807,1812,2263,1806,307,6067,544,1925,584,844,1808,10738,684,1800],"class_list":{"0":"post-36749","1":"product","2":"type-product","3":"status-publish","4":"has-post-thumbnail","6":"product_cat-4k-monitors","7":"product_tag-32-inch-4k-monitor","8":"product_tag-3840x2160","9":"product_tag-3840x2160-monitor","10":"product_tag-4k-gaming-monitor","11":"product_tag-4k-hdr-monitor","12":"product_tag-4k-ips-monitor","13":"product_tag-4k-monitor","14":"product_tag-4k-monitor-price","15":"product_tag-60hz","16":"product_tag-aoc","17":"product_tag-best-4k-monitor","18":"product_tag-black","19":"product_tag-gtg","20":"product_tag-hdmi","21":"product_tag-hdr10","22":"product_tag-inch","23":"product_tag-monitor","24":"product_tag-professional-4k-monitor","25":"product_tag-u27b3m","26":"product_tag-uhd","27":"product_tag-uhd-monitor","29":"first","30":"instock","31":"shipping-taxable","32":"product-type-external"},"_links":{"self":[{"href":"https:\/\/comprasyconsejos.store\/en\/wp-json\/wp\/v2\/product\/36749","targetHints":{"allow":["GET"]}}],"collection":[{"href":"https:\/\/comprasyconsejos.store\/en\/wp-json\/wp\/v2\/product"}],"about":[{"href":"https:\/\/comprasyconsejos.store\/en\/wp-json\/wp\/v2\/types\/product"}],"replies":[{"embeddable":true,"href":"https:\/\/comprasyconsejos.store\/en\/wp-json\/wp\/v2\/comments?post=36749"}],"version-history":[{"count":0,"href":"https:\/\/comprasyconsejos.store\/en\/wp-json\/wp\/v2\/product\/36749\/revisions"}],"wp:featuredmedia":[{"embeddable":true,"href":"https:\/\/comprasyconsejos.store\/en\/wp-json\/wp\/v2\/media\/36750"}],"wp:attachment":[{"href":"https:\/\/comprasyconsejos.store\/en\/wp-json\/wp\/v2\/media?parent=36749"}],"wp:term":[{"taxonomy":"product_brand","embeddable":true,"href":"https:\/\/comprasyconsejos.store\/en\/wp-json\/wp\/v2\/product_brand?post=36749"},{"taxonomy":"product_cat","embeddable":true,"href":"https:\/\/comprasyconsejos.store\/en\/wp-json\/wp\/v2\/product_cat?post=36749"},{"taxonomy":"product_tag","embeddable":true,"href":"https:\/\/comprasyconsejos.store\/en\/wp-json\/wp\/v2\/product_tag?post=36749"}],"curies":[{"name":"wp","href":"https:\/\/api.w.org\/{rel}","templated":true}]}}