{"id":36752,"date":"2026-03-02T06:10:38","date_gmt":"2026-03-02T06:10:38","guid":{"rendered":"https:\/\/comprasyconsejos.store\/product\/dell-22-monitor-se2225hm-full-hd-1920x1080-100hz-va-5ms-vesa-100x100mm-hdmi-vga-3-year-warranty-black\/"},"modified":"2026-03-02T06:10:41","modified_gmt":"2026-03-02T06:10:41","slug":"dell-22-monitor-se2225hm-full-hd-1920x1080-100hz-va-5ms-vesa-100x100mm-hdmi-vga-3-year-warranty-black","status":"publish","type":"product","link":"https:\/\/comprasyconsejos.store\/en\/product\/dell-22-monitor-se2225hm-full-hd-1920x1080-100hz-va-5ms-vesa-100x100mm-hdmi-vga-3-year-warranty-black\/","title":{"rendered":"Dell 22 Monitor &#8211; SE2225HM, Full HD (1920&#215;1080), 100Hz, VA, 5ms, VESA (100x100mm), HDMI, VGA, 3 Year Warranty, Black"},"content":{"rendered":"<p>Price: <span style=\"color:#b12704\">\u20ac78.99<\/span><br \/><i><small>(as of Mar 02, 2026 06:10:38 UTC &#8211; <span class=\"wp_automatic_amazon_disclaimer\" title=\"Product prices and availability are accurate as of the date\/time indicated and are subject to change. Any price and availability information displayed on [relevant Amazon Site(s), as applicable] at the time of purchase will apply to the purchase of this product.\">Details<\/span>)<\/small><\/i><\/p>\n<p><a href=\"https:\/\/amazon.es\/dp\/B0F1N79TYM?tag=man008-21\"><img decoding=\"async\" src=\"https:\/\/valvepress.s3.amazonaws.com\/imgs\/buy_now.png\"><\/a><br \/>\n<\/p>\n<p>                                             From the manufacturer   <\/p>\n<p>                                                                                                       <img decoding=\"async\" alt=\".\" src=\"https:\/\/images-na.ssl-images-amazon.com\/images\/G\/01\/x-locale\/common\/grey-pixel.gif\" class=\"a-lazy-loaded\" data-src=\"https:\/\/m.media-amazon.com\/images\/S\/aplus-media-library-service-media\/ced29399-72dd-449d-b8b5-e768c178db85.__CR0,0,1464,600_PT0_SX1464_V1___.jpg\"><img decoding=\"async\" alt=\".\" src=\"https:\/\/m.media-amazon.com\/images\/S\/aplus-media-library-service-media\/ced29399-72dd-449d-b8b5-e768c178db85.__CR0,0,1464,600_PT0_SX1464_V1___.jpg\">                                               <\/p>\n<p>                                                                                                                                                                                                                                                       Fiable desde cualquier \u00e1ngulo    <\/p>\n<p class=\"aplus-p2\"> Amplio \u00e1ngulo de visi\u00f3n: Colores uniformes a trav\u00e9s de un amplio \u00e1ngulo de visi\u00f3n de 178\u00b0\/178\u00b0. <\/p>\n<p class=\"aplus-p2\"> Biseles ultrafinos: Una mejor experiencia de visi\u00f3n con biseles finos. <\/p>\n<p class=\"aplus-p2\"> Relaci\u00f3n de contraste de 3000:1 : Disfruta de negros m\u00e1s profundos, blancos m\u00e1s brillantes y colores vivos. <\/p>\n<p>                                            <img decoding=\"async\" alt=\".\" src=\"https:\/\/m.media-amazon.com\/images\/S\/aplus-media-library-service-media\/c6a32ee5-13c6-448d-8b9d-7bb2d0024813.__CR332,0,800,600_PT0_SX800_V1___.jpg\">                                                            <img decoding=\"async\" alt=\".\" src=\"https:\/\/m.media-amazon.com\/images\/S\/aplus-media-library-service-media\/75137463-7fed-4ea5-9101-337684be8a45.__CR0,0,800,600_PT0_SX800_V1___.jpg\">                                                                                Alta frecuencia de actualizaci\u00f3n    <\/p>\n<p class=\"aplus-p2\"> La frecuencia de actualizaci\u00f3n de 100 Hz reduce el parpadeo, suaviza la experiencia de desplazamiento y ofrece un movimiento m\u00e1s estable. <\/p>\n<p>                                                                                                    ComfortView Plus    <\/p>\n<p class=\"aplus-p2\"> Minimiza la da\u00f1ina exposici\u00f3n a la luz azul sin sacrificar la precisi\u00f3n de color con la funci\u00f3n integrada y siempre activa ComfortView Plus de Dell. <\/p>\n<p class=\"aplus-p2\"> Comprueba la diferencia: ComfortView Plus ayuda a reducir los tonos amarillos para garantizar una mejor fidelidad del color en comparaci\u00f3n con la tecnolog\u00eda de reducci\u00f3n de luz azul habilitada por software. <\/p>\n<p class=\"aplus-p2\"> Im\u00e1genes en pantalla simuladas. <\/p>\n<p>                                            <img decoding=\"async\" alt=\"SE2725HM\" src=\"https:\/\/m.media-amazon.com\/images\/S\/aplus-media-library-service-media\/ebbc9a23-0265-482c-9465-9662226e6d90.__CR0,0,800,600_PT0_SX800_V1___.jpg\">                                                                                                  Una mejor experiencia de visualizaci\u00f3n    <\/p>\n<p class=\"aplus-p2\"> Disfruta de una alta frecuencia de actualizaci\u00f3n de 100 Hz mientras trabajas con una experiencia de visualizaci\u00f3n de 3 estrellas certificada por T\u00dcV Rheinland, junto con ComfortView Plus. <\/p>\n<p class=\"aplus-p2\"> Certificaci\u00f3n T\u00dcV Rheinland: soluci\u00f3n de hardware con luz azul reducida y sin parpadeos (ID 0217010014). <\/p>\n<p>                                            <img decoding=\"async\" alt=\".\" src=\"https:\/\/m.media-amazon.com\/images\/S\/aplus-media-library-service-media\/ff811b68-338c-4e24-969a-4b2a7b427636.__CR0,0,800,600_PT0_SX800_V1___.jpg\">                                               <\/p>\n<p>                                                                     Dise\u00f1o funcional para ahorrar espacio                                            <img decoding=\"async\" alt=\".\" src=\"https:\/\/images-na.ssl-images-amazon.com\/images\/G\/01\/x-locale\/common\/grey-pixel.gif\" class=\"a-lazy-loaded\" data-src=\"https:\/\/m.media-amazon.com\/images\/S\/aplus-media-library-service-media\/777fa47e-d442-45d4-93fb-25bc3146a24e.__CR0,0,1464,600_PT0_SX1464_V1___.jpg\"><img decoding=\"async\" alt=\".\" src=\"https:\/\/m.media-amazon.com\/images\/S\/aplus-media-library-service-media\/777fa47e-d442-45d4-93fb-25bc3146a24e.__CR0,0,1464,600_PT0_SX1464_V1___.jpg\">                                                  <\/p>\n<p class=\"description\"> Conexi\u00f3n sencilla: Conectividad sencilla a la mayor\u00eda de PC, actuales o heredados, a trav\u00e9s de HDMI o VGA. <\/p>\n<p class=\"description\"> Ordenado y organizado: Despeja tu espacio con este monitor compacto que cuenta con una unidad de fuente de alimentaci\u00f3n integrada. <\/p>\n<p class=\"description\"> M\u00e1s flexibilidad: Inclina el monitor f\u00e1cilmente para obtener el \u00e1ngulo de visi\u00f3n correcto o conectarlo con un soporte VESA compatible. <\/p>\n<p>                                                                     Hecho para ti, de forma sostenible                                            <img decoding=\"async\" alt=\"SE2725HM\" src=\"https:\/\/images-na.ssl-images-amazon.com\/images\/G\/01\/x-locale\/common\/grey-pixel.gif\" class=\"a-lazy-loaded\" data-src=\"https:\/\/m.media-amazon.com\/images\/S\/aplus-media-library-service-media\/3bb9c4fe-b66e-418e-bb04-80935cb4bd1e.__CR0,0,1464,600_PT0_SX1464_V1___.jpg\"><img decoding=\"async\" alt=\"SE2725HM\" src=\"https:\/\/m.media-amazon.com\/images\/S\/aplus-media-library-service-media\/3bb9c4fe-b66e-418e-bb04-80935cb4bd1e.__CR0,0,1464,600_PT0_SX1464_V1___.jpg\">                                                  <\/p>\n<p class=\"description\"> Dise\u00f1o deliberado en cada pieza: En el coraz\u00f3n de nuestro dise\u00f1o se encuentra el compromiso con la sostenibilidad. <\/p>\n<p class=\"description\"> Est\u00e1ndares medioambientales: Este monitor cuenta con la certificaci\u00f3n ENERGY STAR, que indica que cumple altos est\u00e1ndares de eficiencia energ\u00e9tica. <\/p>\n<p>                                                                     Puertos y ranuras                                            <img decoding=\"async\" alt=\".\" src=\"https:\/\/images-na.ssl-images-amazon.com\/images\/G\/01\/x-locale\/common\/grey-pixel.gif\" class=\"a-lazy-loaded\" data-src=\"https:\/\/m.media-amazon.com\/images\/S\/aplus-media-library-service-media\/b0c1b24b-42cc-44d3-a7e4-f4a0c1b4ab6f.__CR0,0,1464,600_PT0_SX1464_V1___.jpg\"><img decoding=\"async\" alt=\".\" src=\"https:\/\/m.media-amazon.com\/images\/S\/aplus-media-library-service-media\/b0c1b24b-42cc-44d3-a7e4-f4a0c1b4ab6f.__CR0,0,1464,600_PT0_SX1464_V1___.jpg\">                                         <\/p>\n<p class=\"aplus-description aplus-container-3 aplus-p1\"> 1.HDMI | 2.VGA | 3.Conector de alimentaci\u00f3n | 4.Ranura de bloqueo de seguridad (basada en Kensington Security Slot) <\/p>\n<p> Batteries                                            \u200f                                            :                                            \u200e                                            AA batteries required.   <br \/> Language                                            \u200f                                            :                                            \u200e                                            Spanish   <br \/> Product Dimensions                                            \u200f                                            :                                            \u200e                                            21.18 x 49.29 x 28.65 cm; 2.96 kg   <br \/> Manufacturer                                            \u200f                                            :                                            \u200e                                            Dell   <br \/> ASIN                                            \u200f                                            :                                            \u200e                                            B0F1N79TYM   <br \/> Item model number                                            \u200f                                            :                                            \u200e                                            SE2225HM   <br \/> Country\/Region of Origin                                            \u200f                                            :                                            \u200e                                            China   <br \/> Guaranteed software updates until                                            \u200f                                            :                                            \u200e                                            unknown   <br \/>  Customer reviews:                                                                                            4.4               4.4 out of 5 stars                                  (366)                                              var dpAcrHasRegisteredArcLinkClickAction;                    P.when(&#8216;A&#8217;, &#8216;ready&#8217;).execute(function(A) {                        if (dpAcrHasRegisteredArcLinkClickAction !== true) {                            dpAcrHasRegisteredArcLinkClickAction = true;                            A.declarative(                                &#8216;acrLink-click-metrics&#8217;, &#8216;click&#8217;,                                { \u00aballowLinkDefault\u00bb: true },                                function (event) {                                    if (window.ue) {                                        ue.count(\u00abacrLinkClickCount\u00bb, (ue.count(\u00abacrLinkClickCount\u00bb) || 0) + 1);                                    }                                }                            );                        }                    });                                             P.when(&#8216;A&#8217;, &#8216;cf&#8217;).execute(function(A) {                A.declarative(&#8216;acrStarsLink-click-metrics&#8217;, &#8216;click&#8217;, { \u00aballowLinkDefault\u00bb : true },  function(event){                    if(window.ue) {                        ue.count(\u00abacrStarsLinkWithPopoverClickCount\u00bb, (ue.count(\u00abacrStarsLinkWithPopoverClickCount\u00bb) || 0) + 1);                    }                });            });                          <\/p>\n<p>21.5&#8243; FULL HD SCREEN \u2013 1920 x 1080 resolution in 16:9 format, 100Hz refresh rate and VA panel for a clear and consistent image. HDMI and VGA connections included.<br \/>FLUID &#038; FLASHLESS IMAGES \u2013 Ideal for working or studying, the 100Hz rate reduces motion blur and improves fluidity in navigation and content playback.<br \/>COMFORTVIEW PLUS WITH T\u00dcV RHEINLAND CERTIFIED &#8211; Integrated technology reduces harmful blue light without distorting colors. 3 Star Eye Comfort Certification<br \/>MODERN AND COMPACT DESIGN &#8211; Ultra-thin bezel to maximize the visible screen. Built-in power supply helps keep a tidy desk<br \/>ADJUSTABLE &#038; VESA COMPATIBLE &#8211; Tilt from -5\u00b0 to 21\u00b0 to find the ideal angle. Compatible with VESA mounts (100x100mm) for flexible installation.<\/p>\n\n","protected":false},"excerpt":{"rendered":"<p> From the manufacturer Fiable desde cualquier \u00e1ngulo Amplio \u00e1ngulo de visi\u00f3n: Colores uniformes a trav\u00e9s<\/p>","protected":false},"featured_media":36753,"comment_status":"open","ping_status":"closed","template":"","meta":[],"product_brand":[],"product_cat":[52,54],"product_tag":[2330,6156,1817,1822,704,1819,1821,1816,1824,1811,1823,307,1825,809,560,544,1820,844,1818,10739,2342,1920,725,1128],"class_list":{"0":"post-36752","1":"product","2":"type-product","3":"status-publish","4":"has-post-thumbnail","6":"product_cat-2k-monitors","7":"product_cat-curved-monitors","8":"product_tag-100hz","9":"product_tag-100x100mm","10":"product_tag-1440p-monitor","11":"product_tag-144hz-2k-monitor","12":"product_tag-1920x1080","13":"product_tag-27-inch-2k-monitor","14":"product_tag-2k-gaming-monitor","15":"product_tag-2k-monitor","16":"product_tag-2k-monitor-price","17":"product_tag-5ms","18":"product_tag-best-2k-monitor","19":"product_tag-black","20":"product_tag-curved-2k-monitor","21":"product_tag-dell","22":"product_tag-full","23":"product_tag-hdmi","24":"product_tag-ips-2k-monitor","25":"product_tag-monitor","26":"product_tag-qhd-monitor","27":"product_tag-se2225hm","28":"product_tag-vesa","29":"product_tag-vga","30":"product_tag-warranty","31":"product_tag-year","33":"first","34":"instock","35":"shipping-taxable","36":"product-type-external"},"_links":{"self":[{"href":"https:\/\/comprasyconsejos.store\/en\/wp-json\/wp\/v2\/product\/36752","targetHints":{"allow":["GET"]}}],"collection":[{"href":"https:\/\/comprasyconsejos.store\/en\/wp-json\/wp\/v2\/product"}],"about":[{"href":"https:\/\/comprasyconsejos.store\/en\/wp-json\/wp\/v2\/types\/product"}],"replies":[{"embeddable":true,"href":"https:\/\/comprasyconsejos.store\/en\/wp-json\/wp\/v2\/comments?post=36752"}],"version-history":[{"count":0,"href":"https:\/\/comprasyconsejos.store\/en\/wp-json\/wp\/v2\/product\/36752\/revisions"}],"wp:featuredmedia":[{"embeddable":true,"href":"https:\/\/comprasyconsejos.store\/en\/wp-json\/wp\/v2\/media\/36753"}],"wp:attachment":[{"href":"https:\/\/comprasyconsejos.store\/en\/wp-json\/wp\/v2\/media?parent=36752"}],"wp:term":[{"taxonomy":"product_brand","embeddable":true,"href":"https:\/\/comprasyconsejos.store\/en\/wp-json\/wp\/v2\/product_brand?post=36752"},{"taxonomy":"product_cat","embeddable":true,"href":"https:\/\/comprasyconsejos.store\/en\/wp-json\/wp\/v2\/product_cat?post=36752"},{"taxonomy":"product_tag","embeddable":true,"href":"https:\/\/comprasyconsejos.store\/en\/wp-json\/wp\/v2\/product_tag?post=36752"}],"curies":[{"name":"wp","href":"https:\/\/api.w.org\/{rel}","templated":true}]}}