{"id":36759,"date":"2026-03-02T07:52:49","date_gmt":"2026-03-02T07:52:49","guid":{"rendered":"https:\/\/comprasyconsejos.store\/product\/yiomxhi-2-in-1-headset-holder-and-remote-stand-360-rotating-gaming-headset-for-desktop-game-controller-hook-with-cable-organizer-black\/"},"modified":"2026-03-02T07:52:50","modified_gmt":"2026-03-02T07:52:50","slug":"yiomxhi-2-in-1-headset-holder-and-remote-stand-360-rotating-gaming-headset-for-desktop-game-controller-hook-with-cable-organizer-black","status":"publish","type":"product","link":"https:\/\/comprasyconsejos.store\/en\/product\/yiomxhi-2-in-1-headset-holder-and-remote-stand-360-rotating-gaming-headset-for-desktop-game-controller-hook-with-cable-organizer-black\/","title":{"rendered":"Yiomxhi 2 in 1 Headset Holder and Remote Stand, 360\u00b0 Rotating Gaming Headset for Desktop, Game Controller Hook with Cable Organizer (Black)"},"content":{"rendered":"<p>Price: <span style=\"color:#b12704\">\u20ac16.99<\/span><br \/><i><small>(as of Mar 02, 2026 07:52:49 UTC &#8211; <span class=\"wp_automatic_amazon_disclaimer\" title=\"Product prices and availability are accurate as of the date\/time indicated and are subject to change. Any price and availability information displayed on [relevant Amazon Site(s), as applicable] at the time of purchase will apply to the purchase of this product.\">Details<\/span>)<\/small><\/i><\/p>\n<p><a href=\"https:\/\/amazon.es\/dp\/B0DPYR35R6?tag=man008-21\"><img decoding=\"async\" src=\"https:\/\/valvepress.s3.amazonaws.com\/imgs\/buy_now.png\"><\/a><br \/>\n<\/p>\n<p>                                             Product Description   <\/p>\n<p>                                                                     Almacenamiento de escritorio 2 en 1 para auriculares y controladores                                            <img decoding=\"async\" alt=\"Soporte Auriculares\" src=\"https:\/\/images-na.ssl-images-amazon.com\/images\/G\/01\/x-locale\/common\/grey-pixel.gif\" class=\"a-lazy-loaded\" data-src=\"https:\/\/m.media-amazon.com\/images\/S\/aplus-media-library-service-media\/e2031453-fb0b-490d-bdcf-96f6d1778661.__CR0,0,1464,600_PT0_SX1464_V1___.jpg\"><img decoding=\"async\" alt=\"Soporte Auriculares\" src=\"https:\/\/m.media-amazon.com\/images\/S\/aplus-media-library-service-media\/e2031453-fb0b-490d-bdcf-96f6d1778661.__CR0,0,1464,600_PT0_SX1464_V1___.jpg\">                                         <\/p>\n<p class=\"aplus-description aplus-container-3 aplus-p1\"> Guardar sus auriculares y controladores debajo de su escritorio significa que tiene una soluci\u00f3n ideal para espacios reducidos. Mantiene tu escritorio limpio y ordenado para que puedas concentrarte en tu experiencia de juego. <\/p>\n<p>                                                                     F\u00e1cil de instalar y quitar                                            <img decoding=\"async\" alt=\"Soporte Mando\" src=\"https:\/\/images-na.ssl-images-amazon.com\/images\/G\/01\/x-locale\/common\/grey-pixel.gif\" class=\"a-lazy-loaded\" data-src=\"https:\/\/m.media-amazon.com\/images\/S\/aplus-media-library-service-media\/05620a25-606c-44f7-b878-833e75565f48.__CR0,0,1464,600_PT0_SX1464_V1___.jpg\"><img decoding=\"async\" alt=\"Soporte Mando\" src=\"https:\/\/m.media-amazon.com\/images\/S\/aplus-media-library-service-media\/05620a25-606c-44f7-b878-833e75565f48.__CR0,0,1464,600_PT0_SX1464_V1___.jpg\">                                         <\/p>\n<p class=\"aplus-description aplus-container-3 aplus-p1\"> F\u00e1cil de instalar en mesas, gabinetes, superficies de vidrio, monitores, torres de escritorio, estantes y m\u00e1s. El soporte para auriculares se puede sujetar a una mesa con un grosor de 1 a 4 cm, adecuado para casi la mayor\u00eda de las mesas. Proporciona espacio de almacenamiento adicional. <\/p>\n<p>                                                                     Dise\u00f1o antiara\u00f1azos                                            <img decoding=\"async\" alt=\"Soporte Cascos Gaming\" src=\"https:\/\/images-na.ssl-images-amazon.com\/images\/G\/01\/x-locale\/common\/grey-pixel.gif\" class=\"a-lazy-loaded\" data-src=\"https:\/\/m.media-amazon.com\/images\/S\/aplus-media-library-service-media\/cf2cbd46-3c3d-466f-b434-b6035618d91b.__CR0,0,1464,600_PT0_SX1464_V1___.jpg\"><img decoding=\"async\" alt=\"Soporte Cascos Gaming\" src=\"https:\/\/m.media-amazon.com\/images\/S\/aplus-media-library-service-media\/cf2cbd46-3c3d-466f-b434-b6035618d91b.__CR0,0,1464,600_PT0_SX1464_V1___.jpg\">                                         <\/p>\n<p class=\"aplus-description aplus-container-3 aplus-p1\"> El clip viene con almohadillas de goma en ambos extremos para proteger su escritorio contra rasgu\u00f1os. Ambos ganchos del controlador cuentan con almohadillas de goma suave para proteger sus valiosos dispositivos contra rasgu\u00f1os o ca\u00eddas accidentales. <\/p>\n<p>                                                                                  <img decoding=\"async\" alt=\"1\" src=\"https:\/\/m.media-amazon.com\/images\/S\/aplus-media-library-service-media\/36d19fc1-9974-4a16-8711-17cda1bc1ace.__CR0,0,1464,600_PT0_SX1464_V1___.jpg\">       <\/p>\n<p>                                                                                  <img decoding=\"async\" alt=\"2\" src=\"https:\/\/m.media-amazon.com\/images\/S\/aplus-media-library-service-media\/013d5667-f583-4c21-98c6-e8a016872220.__CR0,0,1464,600_PT0_SX1464_V1___.jpg\">       <\/p>\n<p>                                                                                  <img decoding=\"async\" alt=\"3\" src=\"https:\/\/m.media-amazon.com\/images\/S\/aplus-media-library-service-media\/0ea11fef-d821-486c-98f1-c8c5fd7b7d41.__CR0,0,1464,600_PT0_SX1464_V1___.jpg\">       <\/p>\n<p class=\"aplus-description aplus-container-3 aplus-p1\"> Perfecto para hogares, apartamentos, dormitorios y oficinas. Dale a tu ser querido un maravilloso regalo y ay\u00fadalo a disfrutar de su bebida favorita y de una experiencia de juego enfocada desde la comodidad de su sof\u00e1. <\/p>\n<p>                                                                                              <img decoding=\"async\" alt=\"Organizador de Cables\" src=\"https:\/\/images-na.ssl-images-amazon.com\/images\/G\/01\/x-locale\/common\/grey-pixel.gif\" class=\"a-lazy-loaded\" data-src=\"https:\/\/m.media-amazon.com\/images\/S\/aplus-media-library-service-media\/323874a6-7910-4e61-851f-c099266e34a9.__CR0,0,650,350_PT0_SX650_V1___.jpg\"><img decoding=\"async\" alt=\"Organizador de Cables\" src=\"https:\/\/m.media-amazon.com\/images\/S\/aplus-media-library-service-media\/323874a6-7910-4e61-851f-c099266e34a9.__CR0,0,650,350_PT0_SX650_V1___.jpg\">                                            Organizador de cables                                         <\/p>\n<p class=\"aplus-p3\"> Asegure el cable de los auriculares en su lugar para evitar que se enganche o lo arrastre por el suelo. Tambi\u00e9n puedes guardar el cable de carga USB. <\/p>\n<p>                                           <img decoding=\"async\" alt=\"Giratorio de 360\u00b0\" src=\"https:\/\/images-na.ssl-images-amazon.com\/images\/G\/01\/x-locale\/common\/grey-pixel.gif\" class=\"a-lazy-loaded\" data-src=\"https:\/\/m.media-amazon.com\/images\/S\/aplus-media-library-service-media\/447ba28f-ad86-4ec1-9f64-27737b404304.__CR0,0,650,350_PT0_SX650_V1___.jpg\"><img decoding=\"async\" alt=\"Giratorio de 360\u00b0\" src=\"https:\/\/m.media-amazon.com\/images\/S\/aplus-media-library-service-media\/447ba28f-ad86-4ec1-9f64-27737b404304.__CR0,0,650,350_PT0_SX650_V1___.jpg\">                                            Rotaci\u00f3n de 360\u00b0                                         <\/p>\n<p class=\"aplus-p3\"> El gancho para auriculares debajo del escritorio puede girar f\u00e1cilmente 360\u00b0 hacia adentro, afuera, izquierda y derecha seg\u00fan sus deseos. <\/p>\n<p>                                                                                                                <img decoding=\"async\" alt=\"Gancho Controlador de Juegos\" src=\"https:\/\/m.media-amazon.com\/images\/S\/aplus-media-library-service-media\/52e90b7b-19c8-41fe-b976-2dfba2b449ff.__CR0,0,1464,600_PT0_SX1464_V1___.jpg\">                                                    <img decoding=\"async\" alt=\"Headphone Hanger\" src=\"https:\/\/m.media-amazon.com\/images\/S\/aplus-media-library-service-media\/a657d4cc-3282-4d70-ac54-d7044db75a60.__CR0,0,1464,600_PT0_SX1464_V1___.jpg\">                                                    <img decoding=\"async\" alt=\"Controller Holder\" src=\"https:\/\/m.media-amazon.com\/images\/S\/aplus-media-library-service-media\/fbc77d81-3f0e-4a8d-b712-9b647654c2c9.__CR0,0,1464,600_PT0_SX1464_V1___.jpg\"><br \/>\n                            1 Sala de juego <\/p>\n<p>                            2 Oficina <\/p>\n<p>                            3 Dormitorio <\/p>\n<p> Package Dimensions                                            \u200f                                            :                                            \u200e                                            12.2 x 11.3 x 5.8 cm; 190 g   <br \/> Manufacturer                                            \u200f                                            :                                            \u200e                                            Yiomxhi   <br \/> ASIN                                            \u200f                                            :                                            \u200e                                            B0DPYR35R6   <br \/> Manufacturer reference                                            \u200f                                            :                                            \u200e                                            HeadphoneHolder   <br \/> Country\/Region of Origin                                            \u200f                                            :                                            \u200e                                            China   <br \/> Guaranteed software updates until                                            \u200f                                            :                                            \u200e                                            unknown   <br \/>  Customer reviews:                                                                                            4.0               4.0 out of 5 stars                                  (22)                                              var dpAcrHasRegisteredArcLinkClickAction;                    P.when(&#8216;A&#8217;, &#8216;ready&#8217;).execute(function(A) {                        if (dpAcrHasRegisteredArcLinkClickAction !== true) {                            dpAcrHasRegisteredArcLinkClickAction = true;                            A.declarative(                                &#8216;acrLink-click-metrics&#8217;, &#8216;click&#8217;,                                { \u00aballowLinkDefault\u00bb: true },                                function (event) {                                    if (window.ue) {                                        ue.count(\u00abacrLinkClickCount\u00bb, (ue.count(\u00abacrLinkClickCount\u00bb) || 0) + 1);                                    }                                }                            );                        }                    });                                             P.when(&#8216;A&#8217;, &#8216;cf&#8217;).execute(function(A) {                A.declarative(&#8216;acrStarsLink-click-metrics&#8217;, &#8216;click&#8217;, { \u00aballowLinkDefault\u00bb : true },  function(event){                    if(window.ue) {                        ue.count(\u00abacrStarsLinkWithPopoverClickCount\u00bb, (ue.count(\u00abacrStarsLinkWithPopoverClickCount\u00bb) || 0) + 1);                    }                });            });                          <\/p>\n<p>\u30102 Controller Holders &#038; 1 Headphone Hanger\u3011Our headphone stand has a 360\u00b0 rotating hook and 2 detachable brackets, which can hold 2 game controllers and a headset at the same time. Keep frequently used equipment within easy reach and keep your desk clean and tidy.<br \/>\u3010Anti-Scratch Rubber Pads\u3011Both the clip and controller stand are equipped with rubber pads to prevent the stand from scratching your desk or valuable devices. The sleek black finish fits a variety of styles in play areas and workstations.<br \/>\u3010Headphone Cord Organizer &#038; 360\u00b0Rotation\u3011Built-in cable holder keeps the headphone cord in place, preventing it from dragging across the floor or getting stuck between the legs of tables and chairs. The under desk headphone hook can easily rotate 360\u00b0 inward, out, left and right according to your wishes.<br \/>\u3010Easy to Install\u3011The spring loaded c clip of the rotating headphone holder is easy to remove and reinstall. The adjustable clamp can be fixed on tables with a thickness of 1-4cm, suitable for almost most tables.<br \/>\u3010Convenient Storage\u3011The headset stand for pc is not only suitable for most game controllers and headphones, but also can store other items within 1kg, such as hats, handbags, etc.Install it in your office, kitchen, bedroom, living room, bedroom. to provide additional storage space.<\/p>\n\n","protected":false},"excerpt":{"rendered":"<p> Product Description Almacenamiento de escritorio 2 en 1 para auriculares y controladores Guardar sus auriculares<\/p>","protected":false},"featured_media":36760,"comment_status":"open","ping_status":"closed","template":"","meta":[],"product_brand":[],"product_cat":[61],"product_tag":[307,182,1880,2152,787,1795,617,1881,1875,1883,711,1566,1884,5059,1878,3253,1876,2515,4114,227,1879,1882,1877,10740],"class_list":{"0":"post-36759","1":"product","2":"type-product","3":"status-publish","4":"has-post-thumbnail","6":"product_cat-games-entertainment","7":"product_tag-black","8":"product_tag-cable","9":"product_tag-console-games","10":"product_tag-controller","11":"product_tag-desktop","12":"product_tag-game","13":"product_tag-gaming","14":"product_tag-gaming-accessories","15":"product_tag-gaming-consoles","16":"product_tag-gaming-controllers","17":"product_tag-headset","18":"product_tag-holder","19":"product_tag-home-gaming-system","20":"product_tag-hook","21":"product_tag-nintendo-console","22":"product_tag-organizer","23":"product_tag-playstation-console","24":"product_tag-remote","25":"product_tag-rotating","26":"product_tag-stand","27":"product_tag-video-games","28":"product_tag-vr-headset","29":"product_tag-xbox-console","30":"product_tag-yiomxhi","32":"first","33":"instock","34":"shipping-taxable","35":"product-type-external"},"_links":{"self":[{"href":"https:\/\/comprasyconsejos.store\/en\/wp-json\/wp\/v2\/product\/36759","targetHints":{"allow":["GET"]}}],"collection":[{"href":"https:\/\/comprasyconsejos.store\/en\/wp-json\/wp\/v2\/product"}],"about":[{"href":"https:\/\/comprasyconsejos.store\/en\/wp-json\/wp\/v2\/types\/product"}],"replies":[{"embeddable":true,"href":"https:\/\/comprasyconsejos.store\/en\/wp-json\/wp\/v2\/comments?post=36759"}],"version-history":[{"count":0,"href":"https:\/\/comprasyconsejos.store\/en\/wp-json\/wp\/v2\/product\/36759\/revisions"}],"wp:featuredmedia":[{"embeddable":true,"href":"https:\/\/comprasyconsejos.store\/en\/wp-json\/wp\/v2\/media\/36760"}],"wp:attachment":[{"href":"https:\/\/comprasyconsejos.store\/en\/wp-json\/wp\/v2\/media?parent=36759"}],"wp:term":[{"taxonomy":"product_brand","embeddable":true,"href":"https:\/\/comprasyconsejos.store\/en\/wp-json\/wp\/v2\/product_brand?post=36759"},{"taxonomy":"product_cat","embeddable":true,"href":"https:\/\/comprasyconsejos.store\/en\/wp-json\/wp\/v2\/product_cat?post=36759"},{"taxonomy":"product_tag","embeddable":true,"href":"https:\/\/comprasyconsejos.store\/en\/wp-json\/wp\/v2\/product_tag?post=36759"}],"curies":[{"name":"wp","href":"https:\/\/api.w.org\/{rel}","templated":true}]}}