{"id":36762,"date":"2026-03-02T08:23:11","date_gmt":"2026-03-02T08:23:11","guid":{"rendered":"https:\/\/comprasyconsejos.store\/product\/realme-14x-5g-smartphone-dimensity-6300-5g-processor-50-mp-ai-camera-120hz-6-67-hd-screen-8gb256gb-mobile-phone-5000mah-battery-dual-sim-android-14-nfc-ip64-without-charger-black\/"},"modified":"2026-03-02T08:23:13","modified_gmt":"2026-03-02T08:23:13","slug":"realme-14x-5g-smartphone-dimensity-6300-5g-processor-50-mp-ai-camera-120hz-6-67-hd-screen-8gb256gb-mobile-phone-5000mah-battery-dual-sim-android-14-nfc-ip64-without-charger-black","status":"publish","type":"product","link":"https:\/\/comprasyconsejos.store\/en\/product\/realme-14x-5g-smartphone-dimensity-6300-5g-processor-50-mp-ai-camera-120hz-6-67-hd-screen-8gb256gb-mobile-phone-5000mah-battery-dual-sim-android-14-nfc-ip64-without-charger-black\/","title":{"rendered":"realme 14x 5G Smartphone, Dimensity 6300 5G Processor, 50 MP AI Camera, 120Hz 6.67&#8243; HD+ Screen, 8GB+256GB Mobile Phone, 5000mAh Battery, Dual SIM Android 14, NFC IP64, Without Charger, Black"},"content":{"rendered":"<p>Price: <span style=\"color:#b12704\">\u20ac172.99<\/span><br \/><i><small>(as of Mar 02, 2026 08:23:12 UTC &#8211; <span class=\"wp_automatic_amazon_disclaimer\" title=\"Product prices and availability are accurate as of the date\/time indicated and are subject to change. Any price and availability information displayed on [relevant Amazon Site(s), as applicable] at the time of purchase will apply to the purchase of this product.\">Details<\/span>)<\/small><\/i><\/p>\n<p><a href=\"https:\/\/amazon.es\/dp\/B0DWMYPYWF?tag=man008-21\"><img decoding=\"async\" src=\"https:\/\/valvepress.s3.amazonaws.com\/imgs\/buy_now.png\"><\/a><br \/>\n<\/p>\n<p>                                             From the brand   <\/p>\n<p>                                              <img decoding=\"async\" alt=\"realme\" src=\"https:\/\/images-na.ssl-images-amazon.com\/images\/G\/01\/x-locale\/common\/grey-pixel.gif\" class=\"a-lazy-loaded\" data-src=\"https:\/\/m.media-amazon.com\/images\/S\/aplus-media-library-service-media\/9584b712-c5c0-473a-bb8e-a4c26c3a46d2.__CR0,0,1464,625_PT0_SX1464_V1___.jpg\"><img decoding=\"async\" alt=\"realme\" src=\"https:\/\/m.media-amazon.com\/images\/S\/aplus-media-library-service-media\/9584b712-c5c0-473a-bb8e-a4c26c3a46d2.__CR0,0,1464,625_PT0_SX1464_V1___.jpg\">  <\/p>\n<h3> producto reci\u00e9n llegado <\/h3>\n<h3> producto reci\u00e9n llegado <\/h3>\n<h3> producto reci\u00e9n llegado <\/h3>\n<h3> producto reci\u00e9n llegado <\/h3>\n<p> Batteries                                            \u200f                                            :                                            \u200e                                            1 9V batteries required. (included)   <br \/> Product Dimensions                                            \u200f                                            :                                            \u200e                                            16.57 x 7.62 x 0.79 cm; 380 g   <br \/> Manufacturer                                            \u200f                                            :                                            \u200e                                            realme   <br \/> ASIN                                            \u200f                                            :                                            \u200e                                            B0DWMYPYWF   <br \/> Item model number                                            \u200f                                            :                                            \u200e                                            realme 14x 5G   <br \/> Guaranteed software updates until                                            \u200f                                            :                                            \u200e                                            unknown   <br \/>  Customer reviews:                                                                                            4.2               4.2 out of 5 stars                                  (91)                                              var dpAcrHasRegisteredArcLinkClickAction;                    P.when(&#8216;A&#8217;, &#8216;ready&#8217;).execute(function(A) {                        if (dpAcrHasRegisteredArcLinkClickAction !== true) {                            dpAcrHasRegisteredArcLinkClickAction = true;                            A.declarative(                                &#8216;acrLink-click-metrics&#8217;, &#8216;click&#8217;,                                { \u00aballowLinkDefault\u00bb: true },                                function (event) {                                    if (window.ue) {                                        ue.count(\u00abacrLinkClickCount\u00bb, (ue.count(\u00abacrLinkClickCount\u00bb) || 0) + 1);                                    }                                }                            );                        }                    });                                             P.when(&#8216;A&#8217;, &#8216;cf&#8217;).execute(function(A) {                A.declarative(&#8216;acrStarsLink-click-metrics&#8217;, &#8216;click&#8217;, { \u00aballowLinkDefault\u00bb : true },  function(event){                    if(window.ue) {                        ue.count(\u00abacrStarsLinkWithPopoverClickCount\u00bb, (ue.count(\u00abacrStarsLinkWithPopoverClickCount\u00bb) || 0) + 1);                    }                });            });                          <\/p>\n<p>Dimensity 6300 5G Chipset: With advanced 6nm process, it offers both great performance and faster and more energy-efficient 5G signal, reaching up to 3.3Gb\/s 5G downlink<br \/>120Hz Eye Comfort Display: The display supports up to a maximum of 120Hz, providing a smooth visual experience. realme 14x 5g smartphone paired with 10 eye protection strategies, take care of your eye health throughout the day<br \/>50MP CRYSTAL CLEAR CAMERA: realme 14x 5g smartphone along with a large F1.8 aperture for more vivid portrait photos. When you use the AI Clear Face feature, you give new life to blurred portraits and old photos<br \/>Ultra Volume 200% Mode and Hi-Res Audio: The realme 14x 5g smartphone can be clear even in noisy environments. Discover Hi-Res audio quality and immerse yourself in a world of exceptional music<br \/>AI Smart Signal Adjustment:Experience better signal with AI Smart Signal Adjustment.Enjoy reliable signal even in areas with poor network coverage, such as underground parking lots<\/p>\n\n","protected":false},"excerpt":{"rendered":"<p> From the brand producto reci\u00e9n llegado producto reci\u00e9n llegado producto reci\u00e9n llegado producto reci\u00e9n llegado<\/p>","protected":false},"featured_media":36763,"comment_status":"open","ping_status":"closed","template":"","meta":[],"product_brand":[],"product_cat":[100],"product_tag":[1634,5232,1624,1890,7113,391,1891,292,1896,307,1893,681,152,5775,298,9384,1892,1889,1275,1888,4092,230,565,5231,842,2827,1897,1894,1895,1588],"class_list":{"0":"post-36762","1":"product","2":"type-product","3":"status-publish","4":"has-post-thumbnail","6":"product_cat-smartphones","7":"product_tag-120hz","8":"product_tag-14x","9":"product_tag-5000mah","10":"product_tag-5g-smartphones","11":"product_tag-8gb256gb","12":"product_tag-android","13":"product_tag-android-phones","14":"product_tag-battery","15":"product_tag-best-smartphones","16":"product_tag-black","17":"product_tag-budget-smartphones","18":"product_tag-camera","19":"product_tag-charger","20":"product_tag-dimensity","21":"product_tag-dual","22":"product_tag-ip64","23":"product_tag-iphone-smartphones","24":"product_tag-latest-smartphones","25":"product_tag-mobile","26":"product_tag-mobile-phones","27":"product_tag-nfc","28":"product_tag-phone","29":"product_tag-processor","30":"product_tag-realme","31":"product_tag-screen","32":"product_tag-sim","33":"product_tag-smartphone","34":"product_tag-smartphone-deals","35":"product_tag-smartphone-price","36":"product_tag-smartphones","38":"first","39":"instock","40":"shipping-taxable","41":"product-type-external"},"_links":{"self":[{"href":"https:\/\/comprasyconsejos.store\/en\/wp-json\/wp\/v2\/product\/36762","targetHints":{"allow":["GET"]}}],"collection":[{"href":"https:\/\/comprasyconsejos.store\/en\/wp-json\/wp\/v2\/product"}],"about":[{"href":"https:\/\/comprasyconsejos.store\/en\/wp-json\/wp\/v2\/types\/product"}],"replies":[{"embeddable":true,"href":"https:\/\/comprasyconsejos.store\/en\/wp-json\/wp\/v2\/comments?post=36762"}],"version-history":[{"count":0,"href":"https:\/\/comprasyconsejos.store\/en\/wp-json\/wp\/v2\/product\/36762\/revisions"}],"wp:featuredmedia":[{"embeddable":true,"href":"https:\/\/comprasyconsejos.store\/en\/wp-json\/wp\/v2\/media\/36763"}],"wp:attachment":[{"href":"https:\/\/comprasyconsejos.store\/en\/wp-json\/wp\/v2\/media?parent=36762"}],"wp:term":[{"taxonomy":"product_brand","embeddable":true,"href":"https:\/\/comprasyconsejos.store\/en\/wp-json\/wp\/v2\/product_brand?post=36762"},{"taxonomy":"product_cat","embeddable":true,"href":"https:\/\/comprasyconsejos.store\/en\/wp-json\/wp\/v2\/product_cat?post=36762"},{"taxonomy":"product_tag","embeddable":true,"href":"https:\/\/comprasyconsejos.store\/en\/wp-json\/wp\/v2\/product_tag?post=36762"}],"curies":[{"name":"wp","href":"https:\/\/api.w.org\/{rel}","templated":true}]}}