{"id":36765,"date":"2026-03-02T08:39:40","date_gmt":"2026-03-02T08:39:40","guid":{"rendered":"https:\/\/comprasyconsejos.store\/product\/wd-red-pro-10tb-nas-internal-hard-drive-3-5-7200-rpm-sata-6gb-s-cmr-512mb-cache\/"},"modified":"2026-03-02T08:39:41","modified_gmt":"2026-03-02T08:39:41","slug":"wd-red-pro-10tb-nas-internal-hard-drive-3-5-7200-rpm-sata-6gb-s-cmr-512mb-cache","status":"publish","type":"product","link":"https:\/\/comprasyconsejos.store\/en\/product\/wd-red-pro-10tb-nas-internal-hard-drive-3-5-7200-rpm-sata-6gb-s-cmr-512mb-cache\/","title":{"rendered":"WD Red Pro 10TB NAS Internal Hard Drive 3.5&#8243; &#8211; 7200 RPM, SATA 6Gb\/s, CMR, 512MB Cache"},"content":{"rendered":"<p>Price: <span style=\"color:#b12704\"><del>\u20ac399.99<\/del> - \u20ac341.83<\/span><br \/><i><small>(as of Mar 02, 2026 08:39:40 UTC &#8211; <span class=\"wp_automatic_amazon_disclaimer\" title=\"Product prices and availability are accurate as of the date\/time indicated and are subject to change. Any price and availability information displayed on [relevant Amazon Site(s), as applicable] at the time of purchase will apply to the purchase of this product.\">Details<\/span>)<\/small><\/i><\/p>\n<p><a href=\"https:\/\/amazon.es\/dp\/B0DF9C92SW?tag=man008-21\"><img decoding=\"async\" src=\"https:\/\/valvepress.s3.amazonaws.com\/imgs\/buy_now.png\"><\/a><br \/>\n<\/p>\n<p>                                             From the manufacturer   <\/p>\n<p>                                                  <img decoding=\"async\" alt=\"WD Red PRO\" src=\"https:\/\/images-na.ssl-images-amazon.com\/images\/G\/01\/x-locale\/common\/grey-pixel.gif\" class=\"a-lazy-loaded\" data-src=\"https:\/\/m.media-amazon.com\/images\/S\/aplus-media-library-service-media\/e2ac4c64-2b84-41b5-8e8c-16a4cf7efb10.__CR0,0,970,300_PT0_SX970_V1___.jpg\"><img decoding=\"async\" alt=\"WD Red PRO\" src=\"https:\/\/m.media-amazon.com\/images\/S\/aplus-media-library-service-media\/e2ac4c64-2b84-41b5-8e8c-16a4cf7efb10.__CR0,0,970,300_PT0_SX970_V1___.jpg\">  <\/p>\n<p>                                                      <img decoding=\"async\" alt=\"WD Red PRO\" src=\"https:\/\/images-na.ssl-images-amazon.com\/images\/G\/01\/x-locale\/common\/grey-pixel.gif\" class=\"a-spacing-mini a-lazy-loaded\" data-src=\"https:\/\/m.media-amazon.com\/images\/S\/aplus-media-library-service-media\/113d9aa4-9d47-481a-9c7c-31746ad63f86.__CR0,0,3000,3000_PT0_SX300_V1___.jpg\"><img decoding=\"async\" alt=\"WD Red PRO\" src=\"https:\/\/m.media-amazon.com\/images\/S\/aplus-media-library-service-media\/113d9aa4-9d47-481a-9c7c-31746ad63f86.__CR0,0,3000,3000_PT0_SX300_V1___.jpg\">  <\/p>\n<p class=\"a-spacing-base\"> Hay un disco WD Red Pro de \u00faltima generaci\u00f3n para cada sistema NAS compatible, que te ayudar\u00e1 a satisfacer tus necesidades de almacenamiento de datos. Los discos WD Red Pro, con capacidades de hasta 22 TB, ofrecen una amplia gama de soluciones para los clientes que buscan crear una soluci\u00f3n de   almacenamiento NAS. <\/p>\n<p class=\"a-spacing-base\">\n<p>Discos duros NAS con   capacidad de hasta 22 TBDise\u00f1ados para sistemas NAS de empresas medianas y grandes de hasta 24 compartimentosLa exclusiva tecnolog\u00eda avanzada de NASware 3.0 mejora el rendimiento de almacenamiento de tu sistema                                                                         <\/p>\n<p>                                                         \u00bfCu\u00e1les son las ventajas de NASware 3.0?                                        Ofrece una experiencia NAS incomparable       Mejora la compatibilidad       Aumenta la fiabilidad       Optimiza los discos duros para entornos NAS las 24 horas, todos los d\u00edas       <\/p>\n<p class=\"apm-text-center\">\n                                                      <img decoding=\"async\" alt=\"WD Red Pro\" src=\"https:\/\/images-na.ssl-images-amazon.com\/images\/G\/01\/x-locale\/common\/grey-pixel.gif\" class=\"a-lazy-loaded\" data-src=\"https:\/\/m.media-amazon.com\/images\/S\/aplus-media-library-service-media\/aafa8df4-5b8d-4a3d-8baf-c445ab2679e4.__CR0,0,300,300_PT0_SX220_V1___.jpg\"><img decoding=\"async\" alt=\"WD Red Pro\" src=\"https:\/\/m.media-amazon.com\/images\/S\/aplus-media-library-service-media\/aafa8df4-5b8d-4a3d-8baf-c445ab2679e4.__CR0,0,300,300_PT0_SX220_V1___.jpg\">  <\/p>\n<p>                                                    El disco para NAS                                       <\/p>\n<p class=\"a-size-small\"> Los discos para ordenadores de sobremesa no suelen estar probados ni dise\u00f1ados para los rigores de un sistema NAS. Elige el disco adecuado para tu NAS con una gama de prestaciones que te ayudar\u00e1n a proteger tus datos y a asegurar un rendimiento \u00f3ptimo. <\/p>\n<p class=\"apm-text-center\">\n                                                      <img decoding=\"async\" alt=\"WD Red PRO\" src=\"https:\/\/images-na.ssl-images-amazon.com\/images\/G\/01\/x-locale\/common\/grey-pixel.gif\" class=\"a-lazy-loaded\" data-src=\"https:\/\/m.media-amazon.com\/images\/S\/aplus-media-library-service-media\/5dd9c780-f9af-4014-91c6-58aee9f93616.__CR0,0,300,300_PT0_SX220_V1___.jpg\"><img decoding=\"async\" alt=\"WD Red PRO\" src=\"https:\/\/m.media-amazon.com\/images\/S\/aplus-media-library-service-media\/5dd9c780-f9af-4014-91c6-58aee9f93616.__CR0,0,300,300_PT0_SX220_V1___.jpg\">  <\/p>\n<p>                                                    Entornos que funcionan las 24 horas, los 7 d\u00edas de la semana                                     <\/p>\n<p class=\"a-size-small\"> Puesto que un sistema NAS est\u00e1 siempre en funcionamiento, es esencial elegir un disco fiable. Con un MTBF (tiempo medio entre fallos) de hasta 1 mill\u00f3n de   horas y una carga de trabajo de hasta 300 TB\/a\u00f1o, el disco WD Red Pro con tecnolog\u00eda NASware 3.0 est\u00e1 dise\u00f1ado para entornos que funcionan las 24 horas, todos los d\u00edas. <\/p>\n<p class=\"apm-text-center\">\n                                                      <img decoding=\"async\" alt=\"WD Red PRO\" src=\"https:\/\/images-na.ssl-images-amazon.com\/images\/G\/01\/x-locale\/common\/grey-pixel.gif\" class=\"a-lazy-loaded\" data-src=\"https:\/\/m.media-amazon.com\/images\/S\/aplus-media-library-service-media\/6b850175-10a7-461d-8271-0ccce38941aa.__CR0,0,300,300_PT0_SX220_V1___.jpg\"><img decoding=\"async\" alt=\"WD Red PRO\" src=\"https:\/\/m.media-amazon.com\/images\/S\/aplus-media-library-service-media\/6b850175-10a7-461d-8271-0ccce38941aa.__CR0,0,300,300_PT0_SX220_V1___.jpg\">  <\/p>\n<p>                                                    Evita el sobrecalentamiento                                     <\/p>\n<p class=\"a-size-small\"> Los   entornos de NAS o RAID que est\u00e1n siempre en funcionamiento alcanzan altas   temperaturas. Los discos WD Red est\u00e1n concebidos para funcionar de forma silenciosa y sin calentamiento, a la vez que ofrecen una compatibilidad \u00f3ptima en entornos exigentes que funcionan las 24 horas, todos los d\u00edas. <\/p>\n<p class=\"apm-text-center\">\n                                                      <img decoding=\"async\" alt=\"WD Red PRO\" src=\"https:\/\/images-na.ssl-images-amazon.com\/images\/G\/01\/x-locale\/common\/grey-pixel.gif\" class=\"a-lazy-loaded\" data-src=\"https:\/\/m.media-amazon.com\/images\/S\/aplus-media-library-service-media\/35ae2977-5e3c-4de5-b3f8-57d8cd4c1ec2.__CR0,0,300,300_PT0_SX220_V1___.jpg\"><img decoding=\"async\" alt=\"WD Red PRO\" src=\"https:\/\/m.media-amazon.com\/images\/S\/aplus-media-library-service-media\/35ae2977-5e3c-4de5-b3f8-57d8cd4c1ec2.__CR0,0,300,300_PT0_SX220_V1___.jpg\">  <\/p>\n<p>                                                    WD Red Pro para grandes empresas                                     <\/p>\n<p class=\"a-size-small\"> \u00bfBuscas el m\u00e1ximo rendimiento en un NAS de uso intensivo? El disco WD Red Pro est\u00e1 dise\u00f1ado para gestionar mayores cargas de trabajo <\/p>\n<p>                         Add To Basket  <\/p>\n<p>                         Add To Basket  <\/p>\n<p>                         Add To Basket  <\/p>\n<p>                             Customer Reviews  <\/p>\n<p>                    4.4 out of 5 stars  28  <\/p>\n<p>                    4.5 out of 5 stars  434  <\/p>\n<p>                    4.3 out of 5 stars  13,380  <\/p>\n<p>                             Price  <\/p>\n<p>                                    \u20ac259.00\u20ac259.00                  \u20ac209.95\u20ac209.95                  \u20ac234.81\u20ac234.81                 <\/p>\n<p>                             Uso<br \/>\n                                Sistemas NAS de hasta 24 compartimentos               Sistemas NAS de hasta 8 compartimentos               Sistemas NAS de hasta 8 compartimentos                 <\/p>\n<p>                             Clase r. p. m.<br \/>\n                                7200               7200               5400                 <\/p>\n<p>                             Carga de trabajo (TB\/a\u00f1o)<br \/>\n                                300               180               180                 <\/p>\n<p>                             Ideal para<br \/>\n                                Sistemas NAS para empresas medianas y grandes               Oficinas dom\u00e9sticas y pymes               Sistemas NAS personales, dom\u00e9sticos y para peque\u00f1as empresas                 <\/p>\n<p>                             Cach\u00e9<br \/>\n                                64 MB \u2013 512 MB               64 MB \u2013 512 MB               16 MB &#8211; 256 MB                 <\/p>\n<p>                             Mayor capacidad disponible<br \/>\n                                22 TB               14TB               14TB                 <\/p>\n<p>                             Interfaz<br \/>\n                                SATA a 6 Gb\/s               SATA a 6 Gb\/s               SATA a 6 Gb\/s                 <\/p>\n<p class=\"description\"> Western Digital, WD, el logotipo de WD, NASware y WD Red son marcas comerciales o marcas comerciales registradas de Western Digital Corporation y de sus filiales en EE. UU. u otros pa\u00edses. Todas las dem\u00e1s marcas comerciales pertenecen a sus respectivos propietarios. Las im\u00e1genes mostradas pueden diferir del producto real. Las especificaciones de los productos est\u00e1n sujetas a cambios sin aviso previo. Puede que no todos los productos est\u00e9n disponibles en todo el mundo. En lo que se refiere a capacidad de almacenamiento, un terabyte (TB) = un bill\u00f3n de bytes. La capacidad total accesible var\u00eda seg\u00fan el entorno operativo. <\/p>\n<p> Language                                            \u200f                                            :                                            \u200e                                            English   <br \/> Manufacturer                                            \u200f                                            :                                            \u200e                                            Western Digital Technologies, Inc.   <br \/> ASIN                                            \u200f                                            :                                            \u200e                                            B0DF9C92SW   <br \/> Item model number                                            \u200f                                            :                                            \u200e                                            WD103KFBX-SPM95N0   <br \/> Guaranteed software updates until                                            \u200f                                            :                                            \u200e                                            unknown   <br \/>  Customer reviews:                                                                                            4.2               4.2 out of 5 stars                                  (1,791)                                              var dpAcrHasRegisteredArcLinkClickAction;                    P.when(&#8216;A&#8217;, &#8216;ready&#8217;).execute(function(A) {                        if (dpAcrHasRegisteredArcLinkClickAction !== true) {                            dpAcrHasRegisteredArcLinkClickAction = true;                            A.declarative(                                &#8216;acrLink-click-metrics&#8217;, &#8216;click&#8217;,                                { \u00aballowLinkDefault\u00bb: true },                                function (event) {                                    if (window.ue) {                                        ue.count(\u00abacrLinkClickCount\u00bb, (ue.count(\u00abacrLinkClickCount\u00bb) || 0) + 1);                                    }                                }                            );                        }                    });                                             P.when(&#8216;A&#8217;, &#8216;cf&#8217;).execute(function(A) {                A.declarative(&#8216;acrStarsLink-click-metrics&#8217;, &#8216;click&#8217;, { \u00aballowLinkDefault\u00bb : true },  function(event){                    if(window.ue) {                        ue.count(\u00abacrStarsLinkWithPopoverClickCount\u00bb, (ue.count(\u00abacrStarsLinkWithPopoverClickCount\u00bb) || 0) + 1);                    }                });            });                          <\/p>\n<p>Optimized for NAS with NASware Western Digital&#8217;s exclusive NASware technology precisely adjusts parameters to match NAS system workloads, helping to increase reliability and performance.<br \/>Designed for continuous operation WD Red Pro hard drives are designed to withstand the rigorous demands of permanent, high-intensity multi-user NAS environments and to increase system durability.<br \/>Proven and reliable compatibility Western Digital partners with a wide range of NAS system vendors to perform thorough testing and ensure compatibility with most NAS enclosures.<br \/>Protected against excessive vibration WD Red Pro drives include Rotation Vibration (RV) sensors that proactively anticipate and counteract anomalous effects caused by increased vibrations. By dispersing excess vibration in the disk chassis, turbulence is minimized, performance is maintained, and disks are protected.<br \/>Designed to absorb impacts WD Red Pro hard drives include a multi-axis shock sensor to detect subtle bumps and automatically compensate them with dynamic flight height technology to further protect drives in NAS enclosures.<\/p>\n\n","protected":false},"excerpt":{"rendered":"<p> From the manufacturer Hay un disco WD Red Pro de \u00faltima generaci\u00f3n para cada sistema<\/p>","protected":false},"featured_media":36766,"comment_status":"open","ping_status":"closed","template":"","meta":[],"product_brand":[],"product_cat":[76],"product_tag":[2473,1515,1516,4229,1663,1572,4227,1519,795,1517,794,1514,1513,1522,1120,1518,1520,1717,163,3398,2474,1646,1521],"class_list":{"0":"post-36765","1":"product","2":"type-product","3":"status-publish","4":"has-post-thumbnail","6":"product_cat-hdd-drive","7":"product_tag-10tb","8":"product_tag-1tb-hard-drive","9":"product_tag-2tb-hdd","10":"product_tag-512mb","11":"product_tag-6gbs","12":"product_tag-cache","13":"product_tag-cmr","14":"product_tag-desktop-hdd","15":"product_tag-drive","16":"product_tag-external-hard-drive","17":"product_tag-hard","18":"product_tag-hard-drive","19":"product_tag-hdd","20":"product_tag-hdd-price","21":"product_tag-internal","22":"product_tag-internal-hard-drive","23":"product_tag-laptop-hdd","24":"product_tag-nas","25":"product_tag-pro","26":"product_tag-red","27":"product_tag-rpm","28":"product_tag-sata","29":"product_tag-storage-hard-drive","31":"first","32":"instock","33":"sale","34":"shipping-taxable","35":"product-type-external"},"_links":{"self":[{"href":"https:\/\/comprasyconsejos.store\/en\/wp-json\/wp\/v2\/product\/36765","targetHints":{"allow":["GET"]}}],"collection":[{"href":"https:\/\/comprasyconsejos.store\/en\/wp-json\/wp\/v2\/product"}],"about":[{"href":"https:\/\/comprasyconsejos.store\/en\/wp-json\/wp\/v2\/types\/product"}],"replies":[{"embeddable":true,"href":"https:\/\/comprasyconsejos.store\/en\/wp-json\/wp\/v2\/comments?post=36765"}],"version-history":[{"count":0,"href":"https:\/\/comprasyconsejos.store\/en\/wp-json\/wp\/v2\/product\/36765\/revisions"}],"wp:featuredmedia":[{"embeddable":true,"href":"https:\/\/comprasyconsejos.store\/en\/wp-json\/wp\/v2\/media\/36766"}],"wp:attachment":[{"href":"https:\/\/comprasyconsejos.store\/en\/wp-json\/wp\/v2\/media?parent=36765"}],"wp:term":[{"taxonomy":"product_brand","embeddable":true,"href":"https:\/\/comprasyconsejos.store\/en\/wp-json\/wp\/v2\/product_brand?post=36765"},{"taxonomy":"product_cat","embeddable":true,"href":"https:\/\/comprasyconsejos.store\/en\/wp-json\/wp\/v2\/product_cat?post=36765"},{"taxonomy":"product_tag","embeddable":true,"href":"https:\/\/comprasyconsejos.store\/en\/wp-json\/wp\/v2\/product_tag?post=36765"}],"curies":[{"name":"wp","href":"https:\/\/api.w.org\/{rel}","templated":true}]}}