{"id":36771,"date":"2026-03-02T10:04:26","date_gmt":"2026-03-02T10:04:26","guid":{"rendered":"https:\/\/comprasyconsejos.store\/product\/gamemax-gs-750g-sfx-750w-pc-power-supply-fully-modular-80-plus-gold-high-end-japanese-capacitors-fdb-fan-apfcllcdc-dc-9-protections\/"},"modified":"2026-03-02T10:04:29","modified_gmt":"2026-03-02T10:04:29","slug":"gamemax-gs-750g-sfx-750w-pc-power-supply-fully-modular-80-plus-gold-high-end-japanese-capacitors-fdb-fan-apfcllcdc-dc-9-protections","status":"publish","type":"product","link":"https:\/\/comprasyconsejos.store\/en\/product\/gamemax-gs-750g-sfx-750w-pc-power-supply-fully-modular-80-plus-gold-high-end-japanese-capacitors-fdb-fan-apfcllcdc-dc-9-protections\/","title":{"rendered":"GAMEMAX GS 750G SFX 750W PC Power Supply, Fully Modular, 80 Plus Gold, High-End Japanese Capacitors, FDB Fan, APFC+LLC+DC-DC, 9 Protections"},"content":{"rendered":"<p>Price: <span style=\"color:#b12704\">\u20ac123.48<\/span><br \/><i><small>(as of Mar 02, 2026 10:04:26 UTC &#8211; <span class=\"wp_automatic_amazon_disclaimer\" title=\"Product prices and availability are accurate as of the date\/time indicated and are subject to change. Any price and availability information displayed on [relevant Amazon Site(s), as applicable] at the time of purchase will apply to the purchase of this product.\">Details<\/span>)<\/small><\/i><\/p>\n<p><a href=\"https:\/\/amazon.es\/dp\/B0F4NBTMBB?tag=man008-21\"><img decoding=\"async\" src=\"https:\/\/valvepress.s3.amazonaws.com\/imgs\/buy_now.png\"><\/a><br \/>\n<\/p>\n<p>                                             Product Description   <\/p>\n<p>                                                                             <img decoding=\"async\" alt=\"aplus content image\" src=\"https:\/\/images-na.ssl-images-amazon.com\/images\/G\/01\/x-locale\/common\/grey-pixel.gif\" class=\"a-spacing-base a-lazy-loaded\" data-src=\"https:\/\/m.media-amazon.com\/images\/S\/aplus-media-library-service-media\/7ac10350-5b1a-44a6-9d81-d4b5fe48a9bf.__CR0,0,1940,1200_PT0_SX970_V1___.jpg\"><img decoding=\"async\" alt=\"aplus content image\" src=\"https:\/\/m.media-amazon.com\/images\/S\/aplus-media-library-service-media\/7ac10350-5b1a-44a6-9d81-d4b5fe48a9bf.__CR0,0,1940,1200_PT0_SX970_V1___.jpg\">                                                                    <\/p>\n<p>                                                                             <img decoding=\"async\" alt=\"aplus content image\" src=\"https:\/\/images-na.ssl-images-amazon.com\/images\/G\/01\/x-locale\/common\/grey-pixel.gif\" class=\"a-spacing-base a-lazy-loaded\" data-src=\"https:\/\/m.media-amazon.com\/images\/S\/aplus-media-library-service-media\/a47dc329-e647-4d4d-8f24-5dd121da0ab6.__CR0,0,1940,1200_PT0_SX970_V1___.jpg\"><img decoding=\"async\" alt=\"aplus content image\" src=\"https:\/\/m.media-amazon.com\/images\/S\/aplus-media-library-service-media\/a47dc329-e647-4d4d-8f24-5dd121da0ab6.__CR0,0,1940,1200_PT0_SX970_V1___.jpg\">                                                                    <\/p>\n<p>                                                                             <img decoding=\"async\" alt=\"aplus content image\" src=\"https:\/\/images-na.ssl-images-amazon.com\/images\/G\/01\/x-locale\/common\/grey-pixel.gif\" class=\"a-spacing-base a-lazy-loaded\" data-src=\"https:\/\/m.media-amazon.com\/images\/S\/aplus-media-library-service-media\/cb50ea26-8ff6-4d2b-b975-00abe1db1635.__CR0,0,1940,1200_PT0_SX970_V1___.jpg\"><img decoding=\"async\" alt=\"aplus content image\" src=\"https:\/\/m.media-amazon.com\/images\/S\/aplus-media-library-service-media\/cb50ea26-8ff6-4d2b-b975-00abe1db1635.__CR0,0,1940,1200_PT0_SX970_V1___.jpg\">                                                                    <\/p>\n<p>                                                                             <img decoding=\"async\" alt=\"El texto dice \u00ab80PLUS GOLD CERTIFIED\u00bb. El gr\u00e1fico de rendimiento muestra la curva de eficiencia, con las especificaciones t\u00e9cnicas y el emblema de certificaci\u00f3n dorado.\" src=\"https:\/\/images-na.ssl-images-amazon.com\/images\/G\/01\/x-locale\/common\/grey-pixel.gif\" class=\"a-spacing-base a-lazy-loaded\" data-src=\"https:\/\/m.media-amazon.com\/images\/S\/aplus-media-library-service-media\/93b9c099-a71f-43ee-922e-6e939bf4794a.__CR0,0,1940,1200_PT0_SX970_V1___.jpg\"><img decoding=\"async\" alt=\"El texto dice \u00ab80PLUS GOLD CERTIFIED\u00bb. El gr\u00e1fico de rendimiento muestra la curva de eficiencia, con las especificaciones t\u00e9cnicas y el emblema de certificaci\u00f3n dorado.\" src=\"https:\/\/m.media-amazon.com\/images\/S\/aplus-media-library-service-media\/93b9c099-a71f-43ee-922e-6e939bf4794a.__CR0,0,1940,1200_PT0_SX970_V1___.jpg\">                                                                    <\/p>\n<p>                                                                             <img decoding=\"async\" alt=\"aplus content image\" src=\"https:\/\/images-na.ssl-images-amazon.com\/images\/G\/01\/x-locale\/common\/grey-pixel.gif\" class=\"a-spacing-base a-lazy-loaded\" data-src=\"https:\/\/m.media-amazon.com\/images\/S\/aplus-media-library-service-media\/0185ef77-2ba1-419b-a935-3bb7770c4301.__CR0,0,1940,1200_PT0_SX970_V1___.jpg\"><img decoding=\"async\" alt=\"aplus content image\" src=\"https:\/\/m.media-amazon.com\/images\/S\/aplus-media-library-service-media\/0185ef77-2ba1-419b-a935-3bb7770c4301.__CR0,0,1940,1200_PT0_SX970_V1___.jpg\">                                                                    <\/p>\n<p>                                                                             <img decoding=\"async\" alt=\"Gr\u00e1ficos de marketing para hardware de computadora, que muestran las especificaciones t\u00e9cnicas y las m\u00e9tricas de rendimiento con una combinaci\u00f3n de colores verde y negro.\" src=\"https:\/\/images-na.ssl-images-amazon.com\/images\/G\/01\/x-locale\/common\/grey-pixel.gif\" class=\"a-spacing-base a-lazy-loaded\" data-src=\"https:\/\/m.media-amazon.com\/images\/S\/aplus-media-library-service-media\/d6135683-d3f1-4d57-83b8-3fb166800aa2.__CR0,0,1940,1200_PT0_SX970_V1___.jpg\"><img decoding=\"async\" alt=\"Gr\u00e1ficos de marketing para hardware de computadora, que muestran las especificaciones t\u00e9cnicas y las m\u00e9tricas de rendimiento con una combinaci\u00f3n de colores verde y negro.\" src=\"https:\/\/m.media-amazon.com\/images\/S\/aplus-media-library-service-media\/d6135683-d3f1-4d57-83b8-3fb166800aa2.__CR0,0,1940,1200_PT0_SX970_V1___.jpg\">                                                                    <\/p>\n<p>                                                                             <img decoding=\"async\" alt=\"aplus content image\" src=\"https:\/\/images-na.ssl-images-amazon.com\/images\/G\/01\/x-locale\/common\/grey-pixel.gif\" class=\"a-spacing-base a-lazy-loaded\" data-src=\"https:\/\/m.media-amazon.com\/images\/S\/aplus-media-library-service-media\/dd1ada01-a91d-40e2-9c48-09c0c1273dcf.__CR0,0,1940,1200_PT0_SX970_V1___.jpg\"><img decoding=\"async\" alt=\"aplus content image\" src=\"https:\/\/m.media-amazon.com\/images\/S\/aplus-media-library-service-media\/dd1ada01-a91d-40e2-9c48-09c0c1273dcf.__CR0,0,1940,1200_PT0_SX970_V1___.jpg\">                                                                    <\/p>\n<p> Product Dimensions                                            \u200f                                            :                                            \u200e                                            12.5 x 11 x 6.5 cm; 1.48 kg   <br \/> Manufacturer                                            \u200f                                            :                                            \u200e                                            GAMEMAX   <br \/> ASIN                                            \u200f                                            :                                            \u200e                                            B0F4NBTMBB   <br \/> Item model number                                            \u200f                                            :                                            \u200e                                            GS 750W Black   <br \/> Country\/Region of Origin                                            \u200f                                            :                                            \u200e                                            China   <br \/> Guaranteed software updates until                                            \u200f                                            :                                            \u200e                                            unknown   <br \/>  Customer reviews:                                                                                            4.2               4.2 out of 5 stars                                  (29)                                              var dpAcrHasRegisteredArcLinkClickAction;                    P.when(&#8216;A&#8217;, &#8216;ready&#8217;).execute(function(A) {                        if (dpAcrHasRegisteredArcLinkClickAction !== true) {                            dpAcrHasRegisteredArcLinkClickAction = true;                            A.declarative(                                &#8216;acrLink-click-metrics&#8217;, &#8216;click&#8217;,                                { \u00aballowLinkDefault\u00bb: true },                                function (event) {                                    if (window.ue) {                                        ue.count(\u00abacrLinkClickCount\u00bb, (ue.count(\u00abacrLinkClickCount\u00bb) || 0) + 1);                                    }                                }                            );                        }                    });                                             P.when(&#8216;A&#8217;, &#8216;cf&#8217;).execute(function(A) {                A.declarative(&#8216;acrStarsLink-click-metrics&#8217;, &#8216;click&#8217;, { \u00aballowLinkDefault\u00bb : true },  function(event){                    if(window.ue) {                        ue.count(\u00abacrStarsLinkWithPopoverClickCount\u00bb, (ue.count(\u00abacrStarsLinkWithPopoverClickCount\u00bb) || 0) + 1);                    }                });            });                          <\/p>\n<p>80 PLUS Gold certified 750W power supply with APFC + LLC + DC-DC topology and 105\u2103 Japanese capacitors for stable and efficient power.<br \/>FDB Smart Fan with Auto Start-Stop Function and Hybrid Cooling: Ensures an optimal balance between noise level and thermal efficiency.<br \/>Compact SFX Power Supply (125 \u00d7 110 \u00d7 63.5 mm) &#8211; Ideal for SFF enclosures<br \/>Fully modular cable design: for tidy installations and optimal space management in compact configurations.<br \/>9 built-in protections (NLP\/OLP\/OTP\/OCP\/SCP\/OVP\/UVP\/OPP\/SIP) with 5 years warranty for peace of mind use.<\/p>\n\n","protected":false},"excerpt":{"rendered":"<p> Product Description Product Dimensions \u200f : \u200e 12.5 x 11 x 6.5 cm; 1.48 kg<\/p>","protected":false},"featured_media":36772,"comment_status":"open","ping_status":"closed","template":"","meta":[],"product_brand":[],"product_cat":[79],"product_tag":[1488,10745,1730,1490,1495,10746,1499,1511,1500,910,5043,1502,10744,1494,401,2653,4191,1503,1492,1498,143,1485,10747,824,4310,1505],"class_list":{"0":"post-36771","1":"product","2":"type-product","3":"status-publish","4":"has-post-thumbnail","6":"product_cat-pc-power-supply-unit","7":"product_tag-650w-psu","8":"product_tag-750g","9":"product_tag-750w","10":"product_tag-750w-psu","11":"product_tag-80-plus-gold-psu","12":"product_tag-apfcllcdcdc","13":"product_tag-best-psu","14":"product_tag-capacitors","15":"product_tag-computer-power-unit","16":"product_tag-fan","17":"product_tag-fdb","18":"product_tag-fully","19":"product_tag-gamemax","20":"product_tag-gaming-power-supply","21":"product_tag-gold","22":"product_tag-highend","23":"product_tag-japanese","24":"product_tag-modular","25":"product_tag-modular-psu","26":"product_tag-pc-power-supply-price","27":"product_tag-power","28":"product_tag-power-supply","29":"product_tag-protections","30":"product_tag-psu","31":"product_tag-sfx","32":"product_tag-supply","34":"first","35":"instock","36":"shipping-taxable","37":"product-type-external"},"_links":{"self":[{"href":"https:\/\/comprasyconsejos.store\/en\/wp-json\/wp\/v2\/product\/36771","targetHints":{"allow":["GET"]}}],"collection":[{"href":"https:\/\/comprasyconsejos.store\/en\/wp-json\/wp\/v2\/product"}],"about":[{"href":"https:\/\/comprasyconsejos.store\/en\/wp-json\/wp\/v2\/types\/product"}],"replies":[{"embeddable":true,"href":"https:\/\/comprasyconsejos.store\/en\/wp-json\/wp\/v2\/comments?post=36771"}],"version-history":[{"count":0,"href":"https:\/\/comprasyconsejos.store\/en\/wp-json\/wp\/v2\/product\/36771\/revisions"}],"wp:featuredmedia":[{"embeddable":true,"href":"https:\/\/comprasyconsejos.store\/en\/wp-json\/wp\/v2\/media\/36772"}],"wp:attachment":[{"href":"https:\/\/comprasyconsejos.store\/en\/wp-json\/wp\/v2\/media?parent=36771"}],"wp:term":[{"taxonomy":"product_brand","embeddable":true,"href":"https:\/\/comprasyconsejos.store\/en\/wp-json\/wp\/v2\/product_brand?post=36771"},{"taxonomy":"product_cat","embeddable":true,"href":"https:\/\/comprasyconsejos.store\/en\/wp-json\/wp\/v2\/product_cat?post=36771"},{"taxonomy":"product_tag","embeddable":true,"href":"https:\/\/comprasyconsejos.store\/en\/wp-json\/wp\/v2\/product_tag?post=36771"}],"curies":[{"name":"wp","href":"https:\/\/api.w.org\/{rel}","templated":true}]}}