{"id":36774,"date":"2026-03-02T10:21:18","date_gmt":"2026-03-02T10:21:18","guid":{"rendered":"https:\/\/comprasyconsejos.store\/product\/butforfit-reloj-inteligente-hombre-mujer-1-47-smartwatch-con-notificaciones-monitor-de-sueno-137-modos-deportivos-ip68-impermeable-pulsera-actividad-para-android-ios\/"},"modified":"2026-03-02T10:21:18","modified_gmt":"2026-03-02T10:21:18","slug":"butforfit-reloj-inteligente-hombre-mujer-1-47-smartwatch-con-notificaciones-monitor-de-sueno-137-modos-deportivos-ip68-impermeable-pulsera-actividad-para-android-ios","status":"publish","type":"product","link":"https:\/\/comprasyconsejos.store\/en\/product\/butforfit-reloj-inteligente-hombre-mujer-1-47-smartwatch-con-notificaciones-monitor-de-sueno-137-modos-deportivos-ip68-impermeable-pulsera-actividad-para-android-ios\/","title":{"rendered":"BUTFORFIT Reloj Inteligente Hombre Mujer, 1.47&#8243; Smartwatch con Notificaciones, Monitor de Sue\u00f1o, 137+ Modos Deportivos, IP68 Impermeable, Pulsera Actividad para Android iOS"},"content":{"rendered":"<p>&#8211; \u3010Ultra-large 1.47&#8243; TFT Display\u3011La gran pantalla TFT de 1,47&#8243; ofrece un \u00e1rea de visualizaci\u00f3n un 10,5% mayor, lo que facilita la lectura. Si usted est\u00e1 comprobando su ritmo card\u00edaco en una carrera o sus mensajes en el camino al trabajo, ver todo lo que necesita con el movimiento de su B6 Fitness Tracker.<br \/>\n&#8211; \u3010Monitoreo de Salud Completo 24\/7\u3011 Cuida de ti con sensores de alta precisi\u00f3n. Este reloj fitness monitorea constantemente la frecuencia card\u00edaca, el nivel de ox\u00edgeno en sangre (SpO2) y analiza la calidad de tu sue\u00f1o (profundo, ligero y fase REM). Obt\u00e9n una visi\u00f3n clara de tu bienestar diario directamente desde la app dedicada para un estilo de vida m\u00e1s saludable.<br \/>\n&#8211; \u3010M\u00e1s de 130 Modos Deportivos\u3011 No importa si prefieres entrenar al aire libre o en interiores, hay una opci\u00f3n para cada persona. El fitness tracker B6 cuenta con 7 modos de entrenamiento profesionales, que incluyen caminar, correr, ciclismo y nataci\u00f3n, ofreciendo un seguimiento de alta calidad con instrucciones personalizadas. Adem\u00e1s, puedes elegir tus actividades favoritas entre los m\u00e1s de 130 modos de entrenamiento personalizados para mantenerte activo y motivado en todo momento.<br \/>\n&#8211; \u3010Comodidad en tu Vida Diaria\u3011 El reloj inteligente B6 para hombre y mujer te mantiene informado con notificaciones de mensajes, llamadas entrantes, el tiempo, recordatorios y m\u00e1s, permiti\u00e9ndote estar siempre al tanto de tu vida personal y profesional. Adem\u00e1s, hace tu d\u00eda a d\u00eda m\u00e1s f\u00e1cil gracias al control de m\u00fasica, el disparador remoto de c\u00e1mara y la funci\u00f3n para encontrar tu tel\u00e9fono.<br \/>\n&#8211; \u3010Impermeabilidad IP68\u3011 Lleva tu pulsera de actividad en cualquier condici\u00f3n clim\u00e1tica. Es perfecta para nadar, resistir la lluvia y para el uso diario. Gracias a su tecnolog\u00eda impermeable avanzada, podr\u00e1s concentrarte exclusivamente en tu rendimiento y disfrutar de cada entrenamiento sin preocuparte por tu reloj.<br \/>\n&#8211; \u3010Bater\u00eda de Larga Duraci\u00f3n\u3011 Gracias a la optimizaci\u00f3n energ\u00e9tica avanzada, disfruta de entre 7 y 10 d\u00edas de uso continuo con una sola carga. Olv\u00eddate de la ansiedad por la bater\u00eda baja durante tus viajes y actividades diarias; este smartwatch est\u00e1 dise\u00f1ado para seguir tu ritmo sin interrupciones.<\/p>","protected":false},"excerpt":{"rendered":"<p>&#8211; \u3010Ultra-large 1.47&#8243; TFT Display\u3011La gran pantalla TFT de 1,47&#8243; ofrece un \u00e1rea de visualizaci\u00f3n un 10,5% mayor, lo que<\/p>","protected":false},"featured_media":0,"comment_status":"open","ping_status":"closed","template":"","meta":[],"product_brand":[],"product_cat":[101],"product_tag":[],"class_list":{"0":"post-36774","1":"product","2":"type-product","3":"status-publish","5":"product_cat-accessories","7":"first","8":"instock","9":"sale","10":"shipping-taxable","11":"product-type-external"},"_links":{"self":[{"href":"https:\/\/comprasyconsejos.store\/en\/wp-json\/wp\/v2\/product\/36774","targetHints":{"allow":["GET"]}}],"collection":[{"href":"https:\/\/comprasyconsejos.store\/en\/wp-json\/wp\/v2\/product"}],"about":[{"href":"https:\/\/comprasyconsejos.store\/en\/wp-json\/wp\/v2\/types\/product"}],"replies":[{"embeddable":true,"href":"https:\/\/comprasyconsejos.store\/en\/wp-json\/wp\/v2\/comments?post=36774"}],"version-history":[{"count":0,"href":"https:\/\/comprasyconsejos.store\/en\/wp-json\/wp\/v2\/product\/36774\/revisions"}],"wp:attachment":[{"href":"https:\/\/comprasyconsejos.store\/en\/wp-json\/wp\/v2\/media?parent=36774"}],"wp:term":[{"taxonomy":"product_brand","embeddable":true,"href":"https:\/\/comprasyconsejos.store\/en\/wp-json\/wp\/v2\/product_brand?post=36774"},{"taxonomy":"product_cat","embeddable":true,"href":"https:\/\/comprasyconsejos.store\/en\/wp-json\/wp\/v2\/product_cat?post=36774"},{"taxonomy":"product_tag","embeddable":true,"href":"https:\/\/comprasyconsejos.store\/en\/wp-json\/wp\/v2\/product_tag?post=36774"}],"curies":[{"name":"wp","href":"https:\/\/api.w.org\/{rel}","templated":true}]}}