{"id":36790,"date":"2026-03-02T11:27:34","date_gmt":"2026-03-02T11:27:34","guid":{"rendered":"https:\/\/comprasyconsejos.store\/product\/sd-card-reader-dual-port-usb-3-0-and-usb-c-adapter-for-sd-sdhc-sdxc-micro-sd-compatible-with-laptops-pc-iphone-16-15-macbook-ipad-pro-and-android\/"},"modified":"2026-03-02T11:27:38","modified_gmt":"2026-03-02T11:27:38","slug":"sd-card-reader-dual-port-usb-3-0-and-usb-c-adapter-for-sd-sdhc-sdxc-micro-sd-compatible-with-laptops-pc-iphone-16-15-macbook-ipad-pro-and-android","status":"publish","type":"product","link":"https:\/\/comprasyconsejos.store\/en\/product\/sd-card-reader-dual-port-usb-3-0-and-usb-c-adapter-for-sd-sdhc-sdxc-micro-sd-compatible-with-laptops-pc-iphone-16-15-macbook-ipad-pro-and-android\/","title":{"rendered":"SD Card Reader, Dual Port USB 3.0 and USB-C Adapter for SD, SDHC, SDXC, Micro SD | Compatible with Laptops\/PC, iPhone 16\/15, MacBook, iPad Pro and Android"},"content":{"rendered":"<p>Price: <span style=\"color:#b12704\">\u20ac6.59<\/span><br \/><i><small>(as of Mar 02, 2026 11:27:34 UTC &#8211; <span class=\"wp_automatic_amazon_disclaimer\" title=\"Product prices and availability are accurate as of the date\/time indicated and are subject to change. Any price and availability information displayed on [relevant Amazon Site(s), as applicable] at the time of purchase will apply to the purchase of this product.\">Details<\/span>)<\/small><\/i><\/p>\n<p><a href=\"https:\/\/amazon.es\/dp\/B0B97BZQYC?tag=man008-21\"><img decoding=\"async\" src=\"https:\/\/valvepress.s3.amazonaws.com\/imgs\/buy_now.png\"><\/a><br \/>\n<\/p>\n<p>                                             Product Description   <\/p>\n<p>                                                                                                       <img decoding=\"async\" alt=\"Dispositivo lector de tarjetas USB azul transparente. El texto indica que es un lector de tarjetas SD 2 en 1 compatible con USB 3.0 y\" src=\"https:\/\/images-na.ssl-images-amazon.com\/images\/G\/01\/x-locale\/common\/grey-pixel.gif\" class=\"a-lazy-loaded\" data-src=\"https:\/\/m.media-amazon.com\/images\/S\/aplus-media-library-service-media\/37318ebd-8014-44b2-abd6-3ec838cd3bf2.__CR0,0,1464,600_PT0_SX1464_V1___.jpg\"><img decoding=\"async\" alt=\"Dispositivo lector de tarjetas USB azul transparente. El texto indica que es un lector de tarjetas SD 2 en 1 compatible con USB 3.0 y\" src=\"https:\/\/m.media-amazon.com\/images\/S\/aplus-media-library-service-media\/37318ebd-8014-44b2-abd6-3ec838cd3bf2.__CR0,0,1464,600_PT0_SX1464_V1___.jpg\">                                               <\/p>\n<p>                                                                                                       <img decoding=\"async\" alt=\"Dispositivo USB DSRKE con una secci\u00f3n central transparente que muestra los componentes electr\u00f3nicos, que se muestra junto a la tarjeta de memoria sobre un fondo azul\" src=\"https:\/\/images-na.ssl-images-amazon.com\/images\/G\/01\/x-locale\/common\/grey-pixel.gif\" class=\"a-lazy-loaded\" data-src=\"https:\/\/m.media-amazon.com\/images\/S\/aplus-media-library-service-media\/c67c9178-fcd3-442e-99be-cdb3792facaa.__CR0,0,1464,600_PT0_SX1464_V1___.jpg\"><img decoding=\"async\" alt=\"Dispositivo USB DSRKE con una secci\u00f3n central transparente que muestra los componentes electr\u00f3nicos, que se muestra junto a la tarjeta de memoria sobre un fondo azul\" src=\"https:\/\/m.media-amazon.com\/images\/S\/aplus-media-library-service-media\/c67c9178-fcd3-442e-99be-cdb3792facaa.__CR0,0,1464,600_PT0_SX1464_V1___.jpg\">                                               <\/p>\n<p>                                                                              <img decoding=\"async\" alt=\"Dispositivo lector de tarjetas USB con luz LED azul. El texto indica que es un lector SD USB 3.0 de alta velocidad, capaz de velocidades de transferencia de 5 Gbit\/s\" src=\"https:\/\/m.media-amazon.com\/images\/S\/aplus-media-library-service-media\/599cccfa-d583-4be7-9ccb-7ff132dd4e48.__CR0,0,1464,600_PT0_SX1464_V1___.jpg\">                                                    <img decoding=\"async\" alt=\"Dispositivo Plug and Play compatible con varios sistemas operativos. Se muestra el adaptador peque\u00f1o conectado a un tel\u00e9fono inteligente y port\u00e1til, con iconos que indican una amplia compatibilidad con el dispositivo.\" src=\"https:\/\/m.media-amazon.com\/images\/S\/aplus-media-library-service-media\/49510e30-fecd-43e3-98ec-8c4b49461958.__CR0,0,1464,600_PT0_SX1464_V1___.png\">                                                    <img decoding=\"async\" alt=\"Dispositivo lector de tarjetas dual conectado a un tel\u00e9fono inteligente y un port\u00e1til, que demuestra la capacidad de lectura y escritura simult\u00e1neas de dos tarjetas.\" src=\"https:\/\/m.media-amazon.com\/images\/S\/aplus-media-library-service-media\/24205d6c-b6d5-46b4-8eed-e5db1c7df4cb.__CR0,0,1464,600_PT0_SX1464_V1___.jpg\">                       <\/p>\n<p>                       1 5 Gbps Transmisi\u00f3n          2 Plug and Play          3 Lectura y Escritura                       <\/p>\n<p>                                                                                                                <img decoding=\"async\" alt=\"Vista del salpicadero que muestra la conectividad inal\u00e1mbrica entre la c\u00e1mara del salpicadero del coche y el smartphone y muestra las im\u00e1genes de la parte trasera del veh\u00edculo en una carretera\" src=\"https:\/\/m.media-amazon.com\/images\/S\/aplus-media-library-service-media\/991ae5fe-b9f7-41e1-9540-82124ef36795.__CR0,0,1464,600_PT0_SX1464_V1___.png\">                                                                                                                        <\/p>\n<p class=\"description aplus-p1\"> Ver el v\u00eddeo en el coche <\/p>\n<p>                                                      <img decoding=\"async\" alt=\"Smartphone que muestra videollamadas con una mujer y un ni\u00f1o. Peque\u00f1o dispositivo cuadrado conectado al tel\u00e9fono, que probablemente mejore la calidad del video o la conectividad.\" src=\"https:\/\/m.media-amazon.com\/images\/S\/aplus-media-library-service-media\/c236b0ed-dcd2-4a9c-8f13-4c4fd18de126.__CR0,0,1464,600_PT0_SX1464_V1___.png\">                                                                                                                        <\/p>\n<p class=\"description aplus-p1\"> Comprobar el estado de su mascota <\/p>\n<p>                                                      <img decoding=\"async\" alt=\"Imagen dividida: La izquierda muestra a una persona con vistas a un lago de monta\u00f1a. La derecha muestra una mano que sostiene un smartphone con una interfaz de aplicaci\u00f3n visible.\" src=\"https:\/\/m.media-amazon.com\/images\/S\/aplus-media-library-service-media\/93bfb224-fa4c-4ea2-9d44-a14e88cf3fa5.__CR0,0,1464,600_PT0_SX1464_V1___.png\">                                                                                                                        <\/p>\n<p class=\"description aplus-p1\"> Transferencia de fotos desde la c\u00e1mara <\/p>\n<p>                            1 Grabador de coche <\/p>\n<p>                            2 C\u00e1mara dom\u00e9stica <\/p>\n<p>                            3 Equipos fotogr\u00e1ficos <\/p>\n<p>                                                                                              <img decoding=\"async\" alt=\"con capacidad de 2 TB que se muestra en una plataforma futurista de color azul brillante. Se ve el texto \u00abSoporte Capacidad de Tarjeta de Memoria\" src=\"https:\/\/images-na.ssl-images-amazon.com\/images\/G\/01\/x-locale\/common\/grey-pixel.gif\" class=\"a-lazy-loaded\" data-src=\"https:\/\/m.media-amazon.com\/images\/S\/aplus-media-library-service-media\/5998a950-1c77-4af7-8d88-0b585efe2d8b.__CR0,0,650,350_PT0_SX650_V1___.jpg\"><img decoding=\"async\" alt=\"con capacidad de 2 TB que se muestra en una plataforma futurista de color azul brillante. Se ve el texto \u00abSoporte Capacidad de Tarjeta de Memoria\" src=\"https:\/\/m.media-amazon.com\/images\/S\/aplus-media-library-service-media\/5998a950-1c77-4af7-8d88-0b585efe2d8b.__CR0,0,650,350_PT0_SX650_V1___.jpg\">                                            Admite tarjetas de gran capacidad                                         <\/p>\n<p class=\"aplus-p3\"> Este lector de tarjetas USB 3.0 admite una capacidad m\u00e1xima de 2 TB, el doble que los adaptadores de tarjetas tradicionales. <\/p>\n<p>                                           <img decoding=\"async\" alt=\"con la marca \u00abbastke\u00bb, que presenta la funci\u00f3n de disipaci\u00f3n del calor a trav\u00e9s de un efecto de cristal de hielo que emerge\" src=\"https:\/\/images-na.ssl-images-amazon.com\/images\/G\/01\/x-locale\/common\/grey-pixel.gif\" class=\"a-lazy-loaded\" data-src=\"https:\/\/m.media-amazon.com\/images\/S\/aplus-media-library-service-media\/b8611d8c-fc55-44ec-b949-8ff975941ffe.__CR0,0,650,350_PT0_SX650_V1___.jpg\"><img decoding=\"async\" alt=\"con la marca \u00abbastke\u00bb, que presenta la funci\u00f3n de disipaci\u00f3n del calor a trav\u00e9s de un efecto de cristal de hielo que emerge\" src=\"https:\/\/m.media-amazon.com\/images\/S\/aplus-media-library-service-media\/b8611d8c-fc55-44ec-b949-8ff975941ffe.__CR0,0,650,350_PT0_SX650_V1___.jpg\">                                            Aleaci\u00f3n de aluminio de alta calidad                                         <\/p>\n<p class=\"aplus-p3\"> El lector de tarjetas sd usb est\u00e1 fabricado en aleaci\u00f3n de aluminio duradera y resistente al desgaste, con un aspecto elegante y una mayor durabilidad y disipaci\u00f3n del calor. <\/p>\n<p>                                                                                                       <img decoding=\"async\" alt=\"Infograf\u00eda que muestra la compatibilidad de USB-C en tel\u00e9fonos, ordenadores port\u00e1tiles y tabletas. Muestra la conectividad universal de los puertos USB-C con im\u00e1genes del dispositivo\" src=\"https:\/\/images-na.ssl-images-amazon.com\/images\/G\/01\/x-locale\/common\/grey-pixel.gif\" class=\"a-lazy-loaded\" data-src=\"https:\/\/m.media-amazon.com\/images\/S\/aplus-media-library-service-media\/a09802e5-ccb7-4287-8598-968fc1bb702e.__CR0,0,1464,600_PT0_SX1464_V1___.jpg\"><img decoding=\"async\" alt=\"Infograf\u00eda que muestra la compatibilidad de USB-C en tel\u00e9fonos, ordenadores port\u00e1tiles y tabletas. Muestra la conectividad universal de los puertos USB-C con im\u00e1genes del dispositivo\" src=\"https:\/\/m.media-amazon.com\/images\/S\/aplus-media-library-service-media\/a09802e5-ccb7-4287-8598-968fc1bb702e.__CR0,0,1464,600_PT0_SX1464_V1___.jpg\">                                                  <\/p>\n<h3 class=\"a-text-center aplus-h1 a-text-bold\"> Lector Tarjeta SD USB A\/C <\/h3>\n<p>                         Add To Basket  <\/p>\n<p>                         Add To Basket  <\/p>\n<p>                         Add To Basket  <\/p>\n<p>                                     Customer Reviews  <\/p>\n<p>                    4.5 out of 5 stars  1,538  <\/p>\n<p>                    4.3 out of 5 stars  896  <\/p>\n<p>                    4.5 out of 5 stars  85,413  <\/p>\n<p>                    4.5 out of 5 stars  85,413  <\/p>\n<p>                    4.6 out of 5 stars  491  <\/p>\n<p>                    4.6 out of 5 stars  491  <\/p>\n<p>                    4.5 out of 5 stars  85,413  <\/p>\n<p>                                     Price  <\/p>\n<p>                                                        \u2014    <\/p>\n<p>                                                        \u2014    <\/p>\n<p>                                                        \u20ac7.64\u20ac7.64     <\/p>\n<p>                                                        \u20ac7.64\u20ac7.64     <\/p>\n<p>                                                        \u2014    <\/p>\n<p>                                                        \u2014    <\/p>\n<p>                                                        \u20ac6.79\u20ac6.79     <\/p>\n<p>                                     Conexi\u00f3n Usb  <\/p>\n<p>                                                USB 3.0 &amp; USB C    <\/p>\n<p>                                                USB 2.0 &amp; USB C &amp; Micro USB    <\/p>\n<p>                                                USB 3.0 &amp; USB C    <\/p>\n<p>                                                USB 2.0 &amp; USB C &amp; Micro USB    <\/p>\n<p>                                                USB C    <\/p>\n<p>                                                USB 3.0    <\/p>\n<p>                                                USB 2.0 &amp; Micro USB    <\/p>\n<p>                                     Velocidad de transferencia  <\/p>\n<p>                                                5Gbps    <\/p>\n<p>                                                480Mbps    <\/p>\n<p>                                                5Gbps    <\/p>\n<p>                                                480Mbps    <\/p>\n<p>                                                5Gbps    <\/p>\n<p>                                                5Gbps    <\/p>\n<p>                                                480Mbps    <\/p>\n<p>                                     Ranura para las fichas  <\/p>\n<p>                                                SD\/Micro SD\/SDHC\/SDXC\/MMC    <\/p>\n<p>                                                SD\/Micro SD\/SDHC\/SDXC\/MMC    <\/p>\n<p>                                                SD\/Micro SD\/SDHC\/SDXC\/MMC    <\/p>\n<p>                                                SD\/Micro SD\/SDHC\/SDXC\/MMC    <\/p>\n<p>                                                SD\/Micro SD\/SDHC\/SDXC\/MMC    <\/p>\n<p>                                                SD\/Micro SD\/SDHC\/SDXC\/MMC    <\/p>\n<p>                                                SD\/Micro SD\/SDHC\/SDXC\/MMC    <\/p>\n<p>                                     Sistema operativo  <\/p>\n<p>                                                Android\/Mac OS\/Windows\/Linux    <\/p>\n<p>                                                Android\/Mac OS\/Windows\/Linux    <\/p>\n<p>                                                Android\/Mac OS\/Windows\/Linux    <\/p>\n<p>                                                Android\/Mac OS\/Windows\/Linux    <\/p>\n<p>                                                Android\/Mac OS\/Windows\/Linux    <\/p>\n<p>                                                Mac OS\/Windows\/Linux    <\/p>\n<p>                                                Android\/Mac OS\/Windows\/Linux    <\/p>\n<p>                                     Plug &amp; Play  <\/p>\n<p>                                                    \u2714       <\/p>\n<p>                                                    \u2714       <\/p>\n<p>                                                    \u2714       <\/p>\n<p>                                                    \u2714       <\/p>\n<p>                                                    \u2714       <\/p>\n<p>                                                    \u2714       <\/p>\n<p>                                                    \u2714       <\/p>\n<p>                                     Material  <\/p>\n<p>                                                Alluminio    <\/p>\n<p>                                                Alluminio    <\/p>\n<p>                                                Pl\u00e1stico    <\/p>\n<p>                                                Pl\u00e1stico    <\/p>\n<p>                                                Alluminio    <\/p>\n<p>                                                Alluminio    <\/p>\n<p>                                                Pl\u00e1stico    <\/p>\n<p> Product Dimensions                                            \u200f                                            :                                            \u200e                                            7 x 2 x 0.9 cm; 30 g   <br \/> Manufacturer                                            \u200f                                            :                                            \u200e                                            DSRKE   <br \/> ASIN                                            \u200f                                            :                                            \u200e                                            B0B97BZQYC   <br \/> Item model number                                            \u200f                                            :                                            \u200e                                            sd kartenleser usb 3.0   <br \/> Guaranteed software updates until                                            \u200f                                            :                                            \u200e                                            unknown   <br \/>  Customer reviews:                                                                                            4.5               4.5 out of 5 stars                                  (1,538)                                              var dpAcrHasRegisteredArcLinkClickAction;                    P.when(&#8216;A&#8217;, &#8216;ready&#8217;).execute(function(A) {                        if (dpAcrHasRegisteredArcLinkClickAction !== true) {                            dpAcrHasRegisteredArcLinkClickAction = true;                            A.declarative(                                &#8216;acrLink-click-metrics&#8217;, &#8216;click&#8217;,                                { \u00aballowLinkDefault\u00bb: true },                                function (event) {                                    if (window.ue) {                                        ue.count(\u00abacrLinkClickCount\u00bb, (ue.count(\u00abacrLinkClickCount\u00bb) || 0) + 1);                                    }                                }                            );                        }                    });                                             P.when(&#8216;A&#8217;, &#8216;cf&#8217;).execute(function(A) {                A.declarative(&#8216;acrStarsLink-click-metrics&#8217;, &#8216;click&#8217;, { \u00aballowLinkDefault\u00bb : true },  function(event){                    if(window.ue) {                        ue.count(\u00abacrStarsLinkWithPopoverClickCount\u00bb, (ue.count(\u00abacrStarsLinkWithPopoverClickCount\u00bb) || 0) + 1);                    }                });            });                          <\/p>\n<p>2-in-1 Integrated Design: The DSRKE SD card reader features dual USB-C and USB-A connectors, as well as SD and MicroSD card slots, allowing you to connect your Type-C and USB-A devices more conveniently. It is compatible with, for example, iPhone 16, 15 Pro\/Pro Max, laptops, USB-C smartphones and USB-C tablets<br \/>5Gbit\/s Quick Access: The USB 3.0 SD card reader supports 10x faster transfers than a USB 2.0 card reader, allowing you to transfer 1GB files in seconds without hassle. Ideal for transferring large files such as 4K videos or high-resolution photos, saving time and increasing efficiency<br \/>Universal Compatibility: The SD card adapter supports SD, SDHC, SDXC, MMC, RS-MMC, MicroSD, MicroSDHC, MicroSDXC and UHS-I cards, up to 2TB. Whether you want to transfer photos from your camera, videos from your action camera or data from your smartphone, this reader meets all the needs<br \/>Stylish and portable: The DSRKE Micro SD card reader, made of wear-resistant metal, is an excellent choice for everyday use, whether in the office or while traveling. Its aluminum housing allows rapid heat dissipation and extends its service life<br \/>Easy to use: USB-C to Micro SD adapter with plug and play function works with Windows, macOS, Linux, Chrome OS, iPad, Android, etc., and allows seamless connection with smartphones, tablets, laptops and PCs<\/p>\n\n","protected":false},"excerpt":{"rendered":"<p> Product Description 1 5 Gbps Transmisi\u00f3n 2 Plug and Play 3 Lectura y Escritura Ver<\/p>","protected":false},"featured_media":36791,"comment_status":"open","ping_status":"closed","template":"","meta":[],"product_brand":[],"product_cat":[47],"product_tag":[144,391,1420,1399,201,298,1411,162,147,1413,10754,160,1407,1424,1409,1415,1416,153,1417,163,1421,1405,2601,2602,133,1403,188],"class_list":{"0":"post-36790","1":"product","2":"type-product","3":"status-publish","4":"has-post-thumbnail","6":"product_cat-card-readers","7":"product_tag-adapter","8":"product_tag-android","9":"product_tag-card","10":"product_tag-card-reader","11":"product_tag-compatible","12":"product_tag-dual","13":"product_tag-fast-card-reader","14":"product_tag-ipad","15":"product_tag-iphone","16":"product_tag-laptop-card-reader","17":"product_tag-laptopspc","18":"product_tag-macbook","19":"product_tag-memory-card-reader","20":"product_tag-micro","21":"product_tag-micro-sd-card-reader","22":"product_tag-multi-card-reader","23":"product_tag-otg-card-reader","24":"product_tag-port","25":"product_tag-portable-card-reader","26":"product_tag-pro","27":"product_tag-reader","28":"product_tag-sd-card-reader","29":"product_tag-sdhc","30":"product_tag-sdxc","31":"product_tag-usb","32":"product_tag-usb-card-reader","33":"product_tag-usbc","35":"first","36":"instock","37":"shipping-taxable","38":"product-type-external"},"_links":{"self":[{"href":"https:\/\/comprasyconsejos.store\/en\/wp-json\/wp\/v2\/product\/36790","targetHints":{"allow":["GET"]}}],"collection":[{"href":"https:\/\/comprasyconsejos.store\/en\/wp-json\/wp\/v2\/product"}],"about":[{"href":"https:\/\/comprasyconsejos.store\/en\/wp-json\/wp\/v2\/types\/product"}],"replies":[{"embeddable":true,"href":"https:\/\/comprasyconsejos.store\/en\/wp-json\/wp\/v2\/comments?post=36790"}],"version-history":[{"count":0,"href":"https:\/\/comprasyconsejos.store\/en\/wp-json\/wp\/v2\/product\/36790\/revisions"}],"wp:featuredmedia":[{"embeddable":true,"href":"https:\/\/comprasyconsejos.store\/en\/wp-json\/wp\/v2\/media\/36791"}],"wp:attachment":[{"href":"https:\/\/comprasyconsejos.store\/en\/wp-json\/wp\/v2\/media?parent=36790"}],"wp:term":[{"taxonomy":"product_brand","embeddable":true,"href":"https:\/\/comprasyconsejos.store\/en\/wp-json\/wp\/v2\/product_brand?post=36790"},{"taxonomy":"product_cat","embeddable":true,"href":"https:\/\/comprasyconsejos.store\/en\/wp-json\/wp\/v2\/product_cat?post=36790"},{"taxonomy":"product_tag","embeddable":true,"href":"https:\/\/comprasyconsejos.store\/en\/wp-json\/wp\/v2\/product_tag?post=36790"}],"curies":[{"name":"wp","href":"https:\/\/api.w.org\/{rel}","templated":true}]}}