{"id":36799,"date":"2026-03-02T12:12:38","date_gmt":"2026-03-02T12:12:38","guid":{"rendered":"https:\/\/comprasyconsejos.store\/product\/cimetech-slim-wireless-mouse-2-4ghz-optical-mouse-with-silent-slim-nano-usb-receiver-800-1200-1600-dpi-adjustable-compatible-with-pc-laptop-tablet\/"},"modified":"2026-03-02T12:12:40","modified_gmt":"2026-03-02T12:12:40","slug":"cimetech-slim-wireless-mouse-2-4ghz-optical-mouse-with-silent-slim-nano-usb-receiver-800-1200-1600-dpi-adjustable-compatible-with-pc-laptop-tablet","status":"publish","type":"product","link":"https:\/\/comprasyconsejos.store\/en\/product\/cimetech-slim-wireless-mouse-2-4ghz-optical-mouse-with-silent-slim-nano-usb-receiver-800-1200-1600-dpi-adjustable-compatible-with-pc-laptop-tablet\/","title":{"rendered":"Cimetech &#8211; Slim wireless mouse, 2.4GHz optical mouse with silent slim nano-USB receiver, 800-1200-1600 DPI adjustable, compatible with PC, laptop, tablet"},"content":{"rendered":"<p>Price: <span style=\"color:#b12704\"><del>\u20ac16.99<\/del> - \u20ac9.99<\/span><br \/><i><small>(as of Mar 02, 2026 12:12:38 UTC &#8211; <span class=\"wp_automatic_amazon_disclaimer\" title=\"Product prices and availability are accurate as of the date\/time indicated and are subject to change. Any price and availability information displayed on [relevant Amazon Site(s), as applicable] at the time of purchase will apply to the purchase of this product.\">Details<\/span>)<\/small><\/i><\/p>\n<p><a href=\"https:\/\/amazon.es\/dp\/B0CFGP71G5?tag=man008-21\"><img decoding=\"async\" src=\"https:\/\/valvepress.s3.amazonaws.com\/imgs\/buy_now.png\"><\/a><br \/>\n<\/p>\n<p>                                             From the brand   <\/p>\n<p>                                              <img decoding=\"async\" alt=\"Teclado y Rat\u00f3n Inal\u00e1mbrico\" src=\"https:\/\/images-na.ssl-images-amazon.com\/images\/G\/01\/x-locale\/common\/grey-pixel.gif\" class=\"a-lazy-loaded\" data-src=\"https:\/\/m.media-amazon.com\/images\/S\/aplus-media-library-service-media\/aa5d3342-41bb-4c2e-972f-8a3629d8b851.__CR0,0,1464,625_PT0_SX1464_V1___.jpg\"><img decoding=\"async\" alt=\"Teclado y Rat\u00f3n Inal\u00e1mbrico\" src=\"https:\/\/m.media-amazon.com\/images\/S\/aplus-media-library-service-media\/aa5d3342-41bb-4c2e-972f-8a3629d8b851.__CR0,0,1464,625_PT0_SX1464_V1___.jpg\">  <\/p>\n<p>                                              <img decoding=\"async\" alt=\"\" src=\"https:\/\/images-na.ssl-images-amazon.com\/images\/G\/01\/x-locale\/common\/grey-pixel.gif\" class=\"a-lazy-loaded\" data-src=\"https:\/\/m.media-amazon.com\/images\/S\/aplus-media-library-service-media\/069a831c-0a09-4d5e-806a-c86bec9f92d4.__CR0,0,315,145_PT0_SX315_V1___.jpg\"><img decoding=\"async\" alt=\"\" src=\"https:\/\/m.media-amazon.com\/images\/S\/aplus-media-library-service-media\/069a831c-0a09-4d5e-806a-c86bec9f92d4.__CR0,0,315,145_PT0_SX315_V1___.jpg\">  <\/p>\n<p> Cimetech emerge como un faro de innovaci\u00f3n, juventud, moda y calidad. Nacida de una fusi\u00f3n de tecnolog\u00eda punta y estilo contempor\u00e1neo, Cimetech ofrece dise\u00f1os elegantes y minimalistas elaborados con los mejores materiales y normas inflexibles. Nuestros productos potencian lo moderno, combinando funcionalidad y moda para redefinir lo que es posible en la era digital. Con Cimetech, el futuro est\u00e1 al alcance de su mano. <\/p>\n<h3> Teclado y Rat\u00f3n Inal\u00e1mbrico <\/h3>\n<h3> Rat\u00f3n Inal\u00e1mbrico <\/h3>\n<h3> Alfombrilla de Rat\u00f3n <\/h3>\n<h3> Teclado inal\u00e1mbrico <\/h3>\n<h3> Stylus Pen y Teclado num\u00e9rico <\/h3>\n<h3> Velas sin llama <\/h3>\n<p> Batteries                                            \u200f                                            :                                            \u200e                                            1 AA batteries required.   <br \/> Package Dimensions                                            \u200f                                            :                                            \u200e                                            11.6 x 7.2 x 3.4 cm; 50 g   <br \/> Manufacturer                                            \u200f                                            :                                            \u200e                                            \u200ecntorich   <br \/> ASIN                                            \u200f                                            :                                            \u200e                                            B0CFGP71G5   <br \/> Item model number                                            \u200f                                            :                                            \u200e                                            TM002   <br \/> Country of origin                                            \u200f                                            :                                            \u200e                                            China   <br \/> Guaranteed software updates until                                            \u200f                                            :                                            \u200e                                            unknown   <br \/>  Customer reviews:                                                                                            4.2               4.2 out of 5 stars                                  (3,191)                                              var dpAcrHasRegisteredArcLinkClickAction;                    P.when(&#8216;A&#8217;, &#8216;ready&#8217;).execute(function(A) {                        if (dpAcrHasRegisteredArcLinkClickAction !== true) {                            dpAcrHasRegisteredArcLinkClickAction = true;                            A.declarative(                                &#8216;acrLink-click-metrics&#8217;, &#8216;click&#8217;,                                { \u00aballowLinkDefault\u00bb: true },                                function (event) {                                    if (window.ue) {                                        ue.count(\u00abacrLinkClickCount\u00bb, (ue.count(\u00abacrLinkClickCount\u00bb) || 0) + 1);                                    }                                }                            );                        }                    });                                             P.when(&#8216;A&#8217;, &#8216;cf&#8217;).execute(function(A) {                A.declarative(&#8216;acrStarsLink-click-metrics&#8217;, &#8216;click&#8217;, { \u00aballowLinkDefault\u00bb : true },  function(event){                    if(window.ue) {                        ue.count(\u00abacrStarsLinkWithPopoverClickCount\u00bb, (ue.count(\u00abacrStarsLinkWithPopoverClickCount\u00bb) || 0) + 1);                    }                });            });                          <\/p>\n<p>\u30103-Level Adjustable DPI\u3011 With 800, 1200 and 1600 DPI options, our wireless mouse adapts to all your needs, providing precision in every movement. Thanks to the advanced optical sensor, you will enjoy fast tracking and simple operation on any surface, whether fabric, paper or wood.<br \/>\u3010Sensitive and Quiet Click\u3011Designed with impressive ergonomics and smooth surface, our wireless mouse offers an extraordinary user experience. In addition, its silent click allows you to stay focused on your work without interrupting the peace of mind of the environment. Note: 2 AAA batteries are required (excluded).<br \/>\u30102.4G Plug &#038; Play Wireless Connection\u3011 Simply connect the mini USB receiver to the corresponding input on your computer and you are ready to use your wireless mouse. With an effective range of up to 15M, 2.4GHz wireless technology ensures a stable and reliable connection.<br \/>\u3010Portability and Durability\u3011 When not in use, the USB receiver is stored in the rear compartment of the wireless mouse, making it easy to carry. To conserve power, the mouse automatically turns off after 15 minutes of inactivity, but can be reactivated with a simple click. With a rugged and durable design, the Wireless Mouse is ready to withstand up to 50 million clicks.<br \/>\u3010Universal Compatibility\u3011 PC mouse works with Windows XP, Windows Vista, Windows 7, Mac OS X 10.4, etc.(This product is not compatible with macbook pro or other laptops that only have type-c ports).<\/p>\n\n","protected":false},"excerpt":{"rendered":"<p> From the brand Cimetech emerge como un faro de innovaci\u00f3n, juventud, moda y calidad. Nacida<\/p>","protected":false},"featured_media":36800,"comment_status":"open","ping_status":"closed","template":"","meta":[],"product_brand":[],"product_cat":[50],"product_tag":[889,876,765,759,1204,201,756,775,761,758,159,767,10759,891,770,763,760,1010,764,288,157,762,226,757],"class_list":{"0":"post-36799","1":"product","2":"type-product","3":"status-publish","4":"has-post-thumbnail","6":"product_cat-mouse","7":"product_tag-2-4ghz","8":"product_tag-adjustable","9":"product_tag-best-gaming-mouse","10":"product_tag-bluetooth-mouse","11":"product_tag-cimetech","12":"product_tag-compatible","13":"product_tag-computer-mouse","14":"product_tag-dpi","15":"product_tag-ergonomic-mouse","16":"product_tag-gaming-mouse","17":"product_tag-laptop","18":"product_tag-mouse","19":"product_tag-nanousb","20":"product_tag-optical","21":"product_tag-receiver","22":"product_tag-rechargeable-mouse","23":"product_tag-rgb-mouse","24":"product_tag-silent","25":"product_tag-silent-mouse","26":"product_tag-slim","27":"product_tag-tablet","28":"product_tag-usb-mouse","29":"product_tag-wireless","30":"product_tag-wireless-mouse","32":"first","33":"instock","34":"sale","35":"shipping-taxable","36":"product-type-external"},"_links":{"self":[{"href":"https:\/\/comprasyconsejos.store\/en\/wp-json\/wp\/v2\/product\/36799","targetHints":{"allow":["GET"]}}],"collection":[{"href":"https:\/\/comprasyconsejos.store\/en\/wp-json\/wp\/v2\/product"}],"about":[{"href":"https:\/\/comprasyconsejos.store\/en\/wp-json\/wp\/v2\/types\/product"}],"replies":[{"embeddable":true,"href":"https:\/\/comprasyconsejos.store\/en\/wp-json\/wp\/v2\/comments?post=36799"}],"version-history":[{"count":0,"href":"https:\/\/comprasyconsejos.store\/en\/wp-json\/wp\/v2\/product\/36799\/revisions"}],"wp:featuredmedia":[{"embeddable":true,"href":"https:\/\/comprasyconsejos.store\/en\/wp-json\/wp\/v2\/media\/36800"}],"wp:attachment":[{"href":"https:\/\/comprasyconsejos.store\/en\/wp-json\/wp\/v2\/media?parent=36799"}],"wp:term":[{"taxonomy":"product_brand","embeddable":true,"href":"https:\/\/comprasyconsejos.store\/en\/wp-json\/wp\/v2\/product_brand?post=36799"},{"taxonomy":"product_cat","embeddable":true,"href":"https:\/\/comprasyconsejos.store\/en\/wp-json\/wp\/v2\/product_cat?post=36799"},{"taxonomy":"product_tag","embeddable":true,"href":"https:\/\/comprasyconsejos.store\/en\/wp-json\/wp\/v2\/product_tag?post=36799"}],"curies":[{"name":"wp","href":"https:\/\/api.w.org\/{rel}","templated":true}]}}