{"id":36823,"date":"2026-03-02T12:23:12","date_gmt":"2026-03-02T12:23:12","guid":{"rendered":"https:\/\/comprasyconsejos.store\/product\/lenovo-loq-gen-8-gaming-laptop-15-6-fhd-amd-ryzen-7-7840hs-16-gb-ram-512-gb-ssd-nvidia-geforce-rtx-4050-6-gb-144hz-wi-fi-6-no-operating-system-grey-spanish-qwerty-keyboard\/"},"modified":"2026-03-02T12:23:17","modified_gmt":"2026-03-02T12:23:17","slug":"lenovo-loq-gen-8-gaming-laptop-15-6-fhd-amd-ryzen-7-7840hs-16-gb-ram-512-gb-ssd-nvidia-geforce-rtx-4050-6-gb-144hz-wi-fi-6-no-operating-system-grey-spanish-qwerty-keyboard","status":"publish","type":"product","link":"https:\/\/comprasyconsejos.store\/en\/product\/lenovo-loq-gen-8-gaming-laptop-15-6-fhd-amd-ryzen-7-7840hs-16-gb-ram-512-gb-ssd-nvidia-geforce-rtx-4050-6-gb-144hz-wi-fi-6-no-operating-system-grey-spanish-qwerty-keyboard\/","title":{"rendered":"Lenovo LOQ Gen 8 &#8211; Gaming Laptop 15.6&#8243; FHD (AMD Ryzen 7 7840HS, 16 GB RAM, 512 GB SSD, NVIDIA GeForce RTX 4050 6 GB, 144Hz, Wi-Fi 6, No Operating System) Grey \u2013 Spanish QWERTY Keyboard"},"content":{"rendered":"<p>Price: <span style=\"color:#b12704\">\u20ac959.00<\/span><br \/><i><small>(as of Mar 02, 2026 12:23:13 UTC &#8211; <span class=\"wp_automatic_amazon_disclaimer\" title=\"Product prices and availability are accurate as of the date\/time indicated and are subject to change. Any price and availability information displayed on [relevant Amazon Site(s), as applicable] at the time of purchase will apply to the purchase of this product.\">Details<\/span>)<\/small><\/i><\/p>\n<p><a href=\"https:\/\/amazon.es\/dp\/B0CT8XVQ1D?tag=man008-21\"><img decoding=\"async\" src=\"https:\/\/valvepress.s3.amazonaws.com\/imgs\/buy_now.png\"><\/a><br \/>\n<\/p>\n<p>                                             From the manufacturer   <\/p>\n<p>                                                                     Lenovo LOQ 15APH8 &#8211; Hora de subir las apuestas                                            <img decoding=\"async\" alt=\"Lenovo LOQ Gen 8 Imagen lateral frontal Ordenador \" src=\"https:\/\/images-na.ssl-images-amazon.com\/images\/G\/01\/x-locale\/common\/grey-pixel.gif\" class=\"a-lazy-loaded\" data-src=\"https:\/\/m.media-amazon.com\/images\/S\/aplus-media-library-service-media\/a066c760-44b0-44f5-9f00-f53b742ef020.__CR0,0,1464,600_PT0_SX1464_V1___.jpg\"><img decoding=\"async\" alt=\"Lenovo LOQ Gen 8 Imagen lateral frontal Ordenador \" src=\"https:\/\/m.media-amazon.com\/images\/S\/aplus-media-library-service-media\/a066c760-44b0-44f5-9f00-f53b742ef020.__CR0,0,1464,600_PT0_SX1464_V1___.jpg\">                                               <\/p>\n<p>The video showcases the product in use.The video guides you through product setup.The video compares multiple products.The video shows the product being unpacked.<\/p>\n<p>                                                                <img decoding=\"async\" alt=\"Lenovo LOQ Gen 8 imagen general laptop\" src=\"https:\/\/images-na.ssl-images-amazon.com\/images\/G\/01\/x-locale\/common\/grey-pixel.gif\" class=\"a-lazy-loaded\" data-src=\"https:\/\/m.media-amazon.com\/images\/S\/aplus-media-library-service-media\/542228d8-2007-496f-bce8-affdea3d0be4.__CR0,0,2000,1500_PT0_SX800_V1___.jpg\"><img decoding=\"async\" alt=\"Lenovo LOQ Gen 8 imagen general laptop\" src=\"https:\/\/m.media-amazon.com\/images\/S\/aplus-media-library-service-media\/542228d8-2007-496f-bce8-affdea3d0be4.__CR0,0,2000,1500_PT0_SX800_V1___.jpg\">                                    Juega a velocidad profesional                                          <\/p>\n<h3 class=\"aplus-h1 aplus-module-1-heading a-text-bold\"> Una pantalla dise\u00f1ada para la victoria <\/h3>\n<p class=\"aplus-p2 aplus-module-1-description\"> La pantalla FHD de 39,62 cm (15,6\u2033) con una r\u00e1pida frecuencia de actualizaci\u00f3n de 144Hz, te permite superar a tus contrincantes en las batallas m\u00e1s acaloradas. Disfruta de colores fotorrealistas con sRGB al 100 % y ve la pantalla en cualquier posici\u00f3n con hasta 350 nits conservando al mismo tiempo la bater\u00eda durante los desplazamientos, gracias a la tecnolog\u00eda de atenuaci\u00f3n DC. <\/p>\n<p>                                                            Creado para la arena de juegos                                            <img decoding=\"async\" alt=\"Lenovo LOQ 15APH8\" src=\"https:\/\/images-na.ssl-images-amazon.com\/images\/G\/01\/x-locale\/common\/grey-pixel.gif\" class=\"a-lazy-loaded\" data-src=\"https:\/\/m.media-amazon.com\/images\/S\/aplus-media-library-service-media\/97b22c2a-670f-479e-952e-ae69b9543f9b.__CR0,212,2000,1077_PT0_SX650_V1___.jpg\"><img decoding=\"async\" alt=\"Lenovo LOQ 15APH8\" src=\"https:\/\/m.media-amazon.com\/images\/S\/aplus-media-library-service-media\/97b22c2a-670f-479e-952e-ae69b9543f9b.__CR0,212,2000,1077_PT0_SX650_V1___.jpg\">                                            Velocidad y resistencia con AMD Ryzen 7 7840HS                                         <\/p>\n<p class=\"aplus-p3\"> La velocidad se une a la resistencia durante el juego en este port\u00e1til para videojuegos equipado con procesadores AMD Ryzen. Aprovecha el rendimiento puro que necesitas para ganar sin renunciar a la duraci\u00f3n de la bater\u00eda. <\/p>\n<p>                                           <img decoding=\"async\" alt=\"Lenovo LOQ 15APH8\" src=\"https:\/\/images-na.ssl-images-amazon.com\/images\/G\/01\/x-locale\/common\/grey-pixel.gif\" class=\"a-lazy-loaded\" data-src=\"https:\/\/m.media-amazon.com\/images\/S\/aplus-media-library-service-media\/a8faeb20-e67a-43ff-87f2-f2eb98243b52.__CR0,310,2000,1077_PT0_SX650_V1___.jpg\"><img decoding=\"async\" alt=\"Lenovo LOQ 15APH8\" src=\"https:\/\/m.media-amazon.com\/images\/S\/aplus-media-library-service-media\/a8faeb20-e67a-43ff-87f2-f2eb98243b52.__CR0,310,2000,1077_PT0_SX650_V1___.jpg\">                                            NVIDIA GeForce RTX 4050                                         <\/p>\n<p class=\"aplus-p3\"> Dise\u00f1ada especialmente para jugadores y creadores, la GPU NVIDIA GeForce RTX 40 Series est\u00e1 fabricada con la arquitectura ultraeficiente NVIDIA Ada Lovelace, que representa un salto cu\u00e1ntico en cuanto a rendimiento con DLSS 3 basado en IA. <\/p>\n<p>                                                                                              <img decoding=\"async\" alt=\"Lenovo LOQ 15APH8\" src=\"https:\/\/images-na.ssl-images-amazon.com\/images\/G\/01\/x-locale\/common\/grey-pixel.gif\" class=\"a-lazy-loaded\" data-src=\"https:\/\/m.media-amazon.com\/images\/S\/aplus-media-library-service-media\/3721b686-2cd4-4633-a009-6b8745d54fab.__CR0,212,2000,1077_PT0_SX650_V1___.jpg\"><img decoding=\"async\" alt=\"Lenovo LOQ 15APH8\" src=\"https:\/\/m.media-amazon.com\/images\/S\/aplus-media-library-service-media\/3721b686-2cd4-4633-a009-6b8745d54fab.__CR0,212,2000,1077_PT0_SX650_V1___.jpg\">                                            Domina tus movimientos con ergonom\u00eda y precisi\u00f3n                                         <\/p>\n<p class=\"aplus-p3\"> Teclea como un profesional y mant\u00e9n el control absoluto de tus juegos con la emblem\u00e1tica precisi\u00f3n t\u00e1ctil del teclado Lenovo LOQ. Dise\u00f1ado para una ergonom\u00eda superior, las teclas tienen un recorrido de 1,5 mm, y la tecnolog\u00eda 100 % antiim\u00e1genes fantasma te ofrece rapidez y control eficaz. <\/p>\n<p>                                           <img decoding=\"async\" alt=\"Lenovo, LOQ 15APH8\" src=\"https:\/\/images-na.ssl-images-amazon.com\/images\/G\/01\/x-locale\/common\/grey-pixel.gif\" class=\"a-lazy-loaded\" data-src=\"https:\/\/m.media-amazon.com\/images\/S\/aplus-media-library-service-media\/20fb8237-9e1d-49dd-bb9e-57998fd8a7bc.__CR0,212,2000,1077_PT0_SX650_V1___.jpg\"><img decoding=\"async\" alt=\"Lenovo, LOQ 15APH8\" src=\"https:\/\/m.media-amazon.com\/images\/S\/aplus-media-library-service-media\/20fb8237-9e1d-49dd-bb9e-57998fd8a7bc.__CR0,212,2000,1077_PT0_SX650_V1___.jpg\">                                            Dise\u00f1o t\u00e9rmico                                         <\/p>\n<p class=\"aplus-p3\"> La ventilaci\u00f3n generosa garantiza un flujo constante de aire fresco a trav\u00e9s del teclado y los conductos de la parte posterior y los laterales del teclado. Con una TDP de hasta 135 W, puedes jugar con total confianza y en silencio sabiendo que tu port\u00e1til no se sobrecalentar\u00e1 ni har\u00e1 ruido. <\/p>\n<p>                                                           Acelera tu juego con Lenovo AI Engine+                                          <\/p>\n<h3 class=\"aplus-h1 aplus-module-1-heading a-text-bold\"> Inteligencia de videojuegos basada en IA <\/h3>\n<p class=\"aplus-p2 aplus-module-1-description\"> Potencia tu rendimiento con el revolucionario Lenovo AI Engine+ y el innovador chip de IA LA1 de Lenovo, que optimizan tus sistema con sensores inteligentes perfeccionados para ofrecerte una experiencia de juego superior. <\/p>\n<p class=\"aplus-p2 aplus-module-1-description\"> Juega todav\u00eda m\u00e1s r\u00e1pido con el conmutador MUX independiente con NVIDIA Advanced Optimus, que reduce autom\u00e1ticamente la latencia, optimiza la duraci\u00f3n de la bater\u00eda y aumenta los fotogramas por segundo. <\/p>\n<p>                                           <img decoding=\"async\" alt=\"Lenovo,LOQ 15APH8\" src=\"https:\/\/images-na.ssl-images-amazon.com\/images\/G\/01\/x-locale\/common\/grey-pixel.gif\" class=\"a-lazy-loaded\" data-src=\"https:\/\/m.media-amazon.com\/images\/S\/aplus-media-library-service-media\/96da2b7a-2499-4650-bb48-b8b21c0c4255.__CR0,0,2000,1500_PT0_SX800_V1___.jpg\"><img decoding=\"async\" alt=\"Lenovo,LOQ 15APH8\" src=\"https:\/\/m.media-amazon.com\/images\/S\/aplus-media-library-service-media\/96da2b7a-2499-4650-bb48-b8b21c0c4255.__CR0,0,2000,1500_PT0_SX800_V1___.jpg\">          <\/p>\n<p>                                                                <img decoding=\"async\" alt=\"Lenovo LOQ Gen 8 descripci\u00f3n de puertos y ranuras\" src=\"https:\/\/images-na.ssl-images-amazon.com\/images\/G\/01\/x-locale\/common\/grey-pixel.gif\" class=\"a-lazy-loaded\" data-src=\"https:\/\/m.media-amazon.com\/images\/S\/aplus-media-library-service-media\/19f4c1e7-3792-4655-ad40-955bba806886.__CR105,0,1071,803_PT0_SX800_V1___.jpg\"><img decoding=\"async\" alt=\"Lenovo LOQ Gen 8 descripci\u00f3n de puertos y ranuras\" src=\"https:\/\/m.media-amazon.com\/images\/S\/aplus-media-library-service-media\/19f4c1e7-3792-4655-ad40-955bba806886.__CR105,0,1071,803_PT0_SX800_V1___.jpg\">                                                                          <\/p>\n<h3 class=\"aplus-h1 aplus-module-1-heading a-text-bold\"> Puertos y ranuras <\/h3>\n<p class=\"aplus-p2 aplus-module-1-description\"> 1-Interruptor para el obturador electr\u00f3nico   |   2- USB-A 2.0   |    3- USB-C 3.2 de 2.\u00aa generaci\u00f3n (10 Gbps, DisplayPort 1.4, suministro de alimentaci\u00f3n de 140 W)   |   4- Toma combinada para auriculares y micr\u00f3fono   |   5- 2 USB-A 3.2 de 2.\u00aa generaci\u00f3n (10 Gbps)   |   6- Ethernet (RJ45)   |   7- HDMI 2.1   |   8- Entrada de alimentaci\u00f3n <\/p>\n<p> Batteries                                            \u200f                                            :                                            \u200e                                            2 Lithium Ion batteries required. (included)   <br \/> Product Dimensions                                            \u200f                                            :                                            \u200e                                            51.3 x 7.6 x 41 cm; 2.4 kg   <br \/> Manufacturer                                            \u200f                                            :                                            \u200e                                            Lenovo   <br \/> ASIN                                            \u200f                                            :                                            \u200e                                            B0CT8XVQ1D   <br \/> Item model number                                            \u200f                                            :                                            \u200e                                            S77175918   <br \/> Guaranteed software updates until                                            \u200f                                            :                                            \u200e                                            unknown   <br \/>  Customer reviews:                                                                                            4.4               4.4 out of 5 stars                                  (6)                                              var dpAcrHasRegisteredArcLinkClickAction;                    P.when(&#8216;A&#8217;, &#8216;ready&#8217;).execute(function(A) {                        if (dpAcrHasRegisteredArcLinkClickAction !== true) {                            dpAcrHasRegisteredArcLinkClickAction = true;                            A.declarative(                                &#8216;acrLink-click-metrics&#8217;, &#8216;click&#8217;,                                { \u00aballowLinkDefault\u00bb: true },                                function (event) {                                    if (window.ue) {                                        ue.count(\u00abacrLinkClickCount\u00bb, (ue.count(\u00abacrLinkClickCount\u00bb) || 0) + 1);                                    }                                }                            );                        }                    });                                             P.when(&#8216;A&#8217;, &#8216;cf&#8217;).execute(function(A) {                A.declarative(&#8216;acrStarsLink-click-metrics&#8217;, &#8216;click&#8217;, { \u00aballowLinkDefault\u00bb : true },  function(event){                    if(window.ue) {                        ue.count(\u00abacrStarsLinkWithPopoverClickCount\u00bb, (ue.count(\u00abacrStarsLinkWithPopoverClickCount\u00bb) || 0) + 1);                    }                });            });                          <\/p>\n<p>Harness the performance you need to gain or power your creativity without compromising battery life, with the AMD Ryzen 7 7840HS processor<br \/>Accelerate your workflows or experience realistic virtual worlds with ray tracing, thanks to NVIDIA GeForce RTX 4050; Plus boost performance with DLSS 3 and gain a competitive edge with Reflex<br \/>Your games will come to life thanks to the ultra-fast 144Hz refresh rate and vivid colors on a 15.6&#8243; FullHD display with 350 nits brightness<br \/>Enjoy high quiet performance thanks to innovative thermal panels with up to 4 heat pipes, 2 85mm high-speed fans, larger vents and a TDP of 135W<br \/>Enhance your gaming experience with Lenovo AI Engine+ artificial intelligence, which incorporates the LA1 AI chip, allowing you to boost performance to levels you&#8217;ve never experienced before<\/p>\n\n","protected":false},"excerpt":{"rendered":"<p> From the manufacturer Lenovo LOQ 15APH8 &#8211; Hora de subir las apuestas The video showcases<\/p>","protected":false},"featured_media":36824,"comment_status":"open","ping_status":"closed","template":"","meta":[],"product_brand":[],"product_cat":[86],"product_tag":[853,526,10769,530,520,639,617,519,524,521,525,522,620,855,204,523,518,159,1054,6329,821,4444,528,858,587,527,621,531,5273,513,1578,543],"class_list":{"0":"post-36823","1":"product","2":"type-product","3":"status-publish","4":"has-post-thumbnail","6":"product_cat-gaming-laptop","7":"product_tag-144hz","8":"product_tag-144hz-gaming-laptop","9":"product_tag-7840hs","10":"product_tag-amd","11":"product_tag-best-gaming-laptop","12":"product_tag-fhd","13":"product_tag-gaming","14":"product_tag-gaming-laptop","15":"product_tag-gaming-laptop-16gb-ram","16":"product_tag-gaming-laptop-rtx","17":"product_tag-gaming-laptop-ssd","18":"product_tag-gaming-laptop-under-budget","19":"product_tag-geforce","20":"product_tag-gen","21":"product_tag-grey","22":"product_tag-high-performance-laptop","23":"product_tag-keyboard","24":"product_tag-laptop","25":"product_tag-lenovo","26":"product_tag-loq","27":"product_tag-nvidia","28":"product_tag-operating","29":"product_tag-portable-gaming-laptop","30":"product_tag-qwerty","31":"product_tag-ram","32":"product_tag-rgb-gaming-laptop","33":"product_tag-rtx","34":"product_tag-ryzen","35":"product_tag-spanish","36":"product_tag-ssd","37":"product_tag-system","38":"product_tag-wifi","40":"first","41":"instock","42":"shipping-taxable","43":"product-type-external"},"_links":{"self":[{"href":"https:\/\/comprasyconsejos.store\/en\/wp-json\/wp\/v2\/product\/36823","targetHints":{"allow":["GET"]}}],"collection":[{"href":"https:\/\/comprasyconsejos.store\/en\/wp-json\/wp\/v2\/product"}],"about":[{"href":"https:\/\/comprasyconsejos.store\/en\/wp-json\/wp\/v2\/types\/product"}],"replies":[{"embeddable":true,"href":"https:\/\/comprasyconsejos.store\/en\/wp-json\/wp\/v2\/comments?post=36823"}],"version-history":[{"count":0,"href":"https:\/\/comprasyconsejos.store\/en\/wp-json\/wp\/v2\/product\/36823\/revisions"}],"wp:featuredmedia":[{"embeddable":true,"href":"https:\/\/comprasyconsejos.store\/en\/wp-json\/wp\/v2\/media\/36824"}],"wp:attachment":[{"href":"https:\/\/comprasyconsejos.store\/en\/wp-json\/wp\/v2\/media?parent=36823"}],"wp:term":[{"taxonomy":"product_brand","embeddable":true,"href":"https:\/\/comprasyconsejos.store\/en\/wp-json\/wp\/v2\/product_brand?post=36823"},{"taxonomy":"product_cat","embeddable":true,"href":"https:\/\/comprasyconsejos.store\/en\/wp-json\/wp\/v2\/product_cat?post=36823"},{"taxonomy":"product_tag","embeddable":true,"href":"https:\/\/comprasyconsejos.store\/en\/wp-json\/wp\/v2\/product_tag?post=36823"}],"curies":[{"name":"wp","href":"https:\/\/api.w.org\/{rel}","templated":true}]}}