{"id":36826,"date":"2026-03-02T12:24:28","date_gmt":"2026-03-02T12:24:28","guid":{"rendered":"https:\/\/comprasyconsejos.store\/product\/acer-aspire-go-15-ag15-72p-laptop-15-6-full-hd-ips-intel-core-5-120u-16-gb-ram-512-gb-ssd-intel-graphics-no-operating-system-silver-spanish-qwerty-keyboard\/"},"modified":"2026-03-02T12:24:29","modified_gmt":"2026-03-02T12:24:29","slug":"acer-aspire-go-15-ag15-72p-laptop-15-6-full-hd-ips-intel-core-5-120u-16-gb-ram-512-gb-ssd-intel-graphics-no-operating-system-silver-spanish-qwerty-keyboard","status":"publish","type":"product","link":"https:\/\/comprasyconsejos.store\/en\/product\/acer-aspire-go-15-ag15-72p-laptop-15-6-full-hd-ips-intel-core-5-120u-16-gb-ram-512-gb-ssd-intel-graphics-no-operating-system-silver-spanish-qwerty-keyboard\/","title":{"rendered":"Acer Aspire Go 15 AG15-72P, Laptop 15.6&#8243; Full HD IPS (Intel Core 5 120U, 16 GB RAM, 512 GB SSD, Intel Graphics, No Operating System), Silver, Spanish QWERTY Keyboard"},"content":{"rendered":"<p>Price: <span style=\"color:#b12704\">\u20ac519.99<\/span><br \/><i><small>(as of Mar 02, 2026 12:24:28 UTC &#8211; <span class=\"wp_automatic_amazon_disclaimer\" title=\"Product prices and availability are accurate as of the date\/time indicated and are subject to change. Any price and availability information displayed on [relevant Amazon Site(s), as applicable] at the time of purchase will apply to the purchase of this product.\">Details<\/span>)<\/small><\/i><\/p>\n<p><a href=\"https:\/\/amazon.es\/dp\/B0836MKF5Y?tag=man008-21\"><img decoding=\"async\" src=\"https:\/\/valvepress.s3.amazonaws.com\/imgs\/buy_now.png\"><\/a><br \/>\n<\/p>\n<p>                                             From the manufacturer   <\/p>\n<p>                                                                                                       <img decoding=\"async\" alt=\"aplus content image\" src=\"https:\/\/images-na.ssl-images-amazon.com\/images\/G\/01\/x-locale\/common\/grey-pixel.gif\" class=\"a-lazy-loaded\" data-src=\"https:\/\/m.media-amazon.com\/images\/S\/aplus-media-library-service-media\/9c5b1914-d65f-4c85-88f9-4ebd992713cc.__CR0,0,1464,600_PT0_SX1464_V1___.jpg\"><img decoding=\"async\" alt=\"aplus content image\" src=\"https:\/\/m.media-amazon.com\/images\/S\/aplus-media-library-service-media\/9c5b1914-d65f-4c85-88f9-4ebd992713cc.__CR0,0,1464,600_PT0_SX1464_V1___.jpg\">                                               <\/p>\n<p>                                                                                                       <img decoding=\"async\" alt=\"aplus content image\" src=\"https:\/\/images-na.ssl-images-amazon.com\/images\/G\/01\/x-locale\/common\/grey-pixel.gif\" class=\"a-lazy-loaded\" data-src=\"https:\/\/m.media-amazon.com\/images\/S\/aplus-media-library-service-media\/097ef2b0-c56f-43f6-8ec1-b36db7010874.__CR0,0,1464,600_PT0_SX1464_V1___.png\"><img decoding=\"async\" alt=\"aplus content image\" src=\"https:\/\/m.media-amazon.com\/images\/S\/aplus-media-library-service-media\/097ef2b0-c56f-43f6-8ec1-b36db7010874.__CR0,0,1464,600_PT0_SX1464_V1___.png\">                                                                                    RENDIMIENTO Y PRODUCTIVIDAD EXCEPCIONALES                                        <\/p>\n<p class=\"aplus-p2 aplus-module-2-description\"> Experimente un rendimiento fluido y con gran capacidad de respuesta impulsado por un procesador Intel Core 5 120U y hasta 16 GB de memoria. Aumente su productividad con una duraci\u00f3n excepcional de la bater\u00eda. <\/p>\n<p>                                                                                                       <img decoding=\"async\" alt=\"Vista panor\u00e1mica de un paisaje monta\u00f1oso al atardecer o al amanecer, con siluetas de cadenas monta\u00f1osas contra un cielo colorido que se refleja en las tranquilas aguas de abajo.\" src=\"https:\/\/images-na.ssl-images-amazon.com\/images\/G\/01\/x-locale\/common\/grey-pixel.gif\" class=\"a-lazy-loaded\" data-src=\"https:\/\/m.media-amazon.com\/images\/S\/aplus-media-library-service-media\/25e1ce42-20e3-4b18-934d-bb76521a3e6e.__CR0,0,1464,600_PT0_SX1464_V1___.png\"><img decoding=\"async\" alt=\"Vista panor\u00e1mica de un paisaje monta\u00f1oso al atardecer o al amanecer, con siluetas de cadenas monta\u00f1osas contra un cielo colorido que se refleja en las tranquilas aguas de abajo.\" src=\"https:\/\/m.media-amazon.com\/images\/S\/aplus-media-library-service-media\/25e1ce42-20e3-4b18-934d-bb76521a3e6e.__CR0,0,1464,600_PT0_SX1464_V1___.png\">                                                                                    IM\u00c1GENES ENVOLVENTES                                        <\/p>\n<p class=\"aplus-p2 aplus-module-2-description\"> La pantalla Full HD LCD de 15.6&#8243; permite que las im\u00e1genes y los v\u00eddeos sean impresionantes, mientras que el bisel estrecho ofrece m\u00e1s espacio de visi\u00f3n. Adem\u00e1s, la tecnolog\u00eda Acer BlueLightShield mantiene tus ojos c\u00f3modos durante un uso prolongado. <\/p>\n<p>                                                                                                       <img decoding=\"async\" alt=\"aplus content image\" src=\"https:\/\/images-na.ssl-images-amazon.com\/images\/G\/01\/x-locale\/common\/grey-pixel.gif\" class=\"a-lazy-loaded\" data-src=\"https:\/\/m.media-amazon.com\/images\/S\/aplus-media-library-service-media\/e31d8660-05d2-4da9-bcb2-53d6194d3b0c.__CR0,0,1464,600_PT0_SX1464_V1___.jpg\"><img decoding=\"async\" alt=\"aplus content image\" src=\"https:\/\/m.media-amazon.com\/images\/S\/aplus-media-library-service-media\/e31d8660-05d2-4da9-bcb2-53d6194d3b0c.__CR0,0,1464,600_PT0_SX1464_V1___.jpg\">                                                                                    DISE\u00d1O F\u00c1CIL DE USAR                                        <\/p>\n<p class=\"aplus-p2 aplus-module-2-description\"> Mant\u00e9n la conexi\u00f3n sin problemas gracias a dos puertos USB 3.2 HDMI y Wi-Fi 802.11ax. <\/p>\n<p>                                                                                                       <img decoding=\"async\" alt=\"aplus content image\" src=\"https:\/\/images-na.ssl-images-amazon.com\/images\/G\/01\/x-locale\/common\/grey-pixel.gif\" class=\"a-lazy-loaded\" data-src=\"https:\/\/m.media-amazon.com\/images\/S\/aplus-media-library-service-media\/a79137df-adb4-4c25-8c47-2f39356e612f.__CR0,0,1464,600_PT0_SX1464_V1___.jpg\"><img decoding=\"async\" alt=\"aplus content image\" src=\"https:\/\/m.media-amazon.com\/images\/S\/aplus-media-library-service-media\/a79137df-adb4-4c25-8c47-2f39356e612f.__CR0,0,1464,600_PT0_SX1464_V1___.jpg\">                                                                                    OPTIMIZACI\u00d3N SIN ESFUERZO                                        <\/p>\n<p class=\"aplus-p2 aplus-module-2-description\"> El control intuitivo del dispositivo est\u00e1 a tu alcance con solo tocar un bot\u00f3n gracias a AcerSense, que gestiona la duraci\u00f3n de la bater\u00eda, el almacenamiento y las aplicaciones para obtener un rendimiento \u00f3ptimo. <\/p>\n<h3 class=\"a-text-center aplus-h1 a-text-bold\"> ACCESORIOS ACER <\/h3>\n<p>                         Add To Basket  <\/p>\n<p>                         Add To Basket  <\/p>\n<p>                                     Customer Reviews  <\/p>\n<p>                    4.3 out of 5 stars  110  <\/p>\n<p>                    4.3 out of 5 stars  36  <\/p>\n<p>                    4.5 out of 5 stars  276  <\/p>\n<p>                    4.2 out of 5 stars  56  <\/p>\n<p>                    3.3 out of 5 stars  9  <\/p>\n<p>                                     Price  <\/p>\n<p>                                                        \u2014    <\/p>\n<p>                                                        \u20ac24.99\u20ac24.99     <\/p>\n<p>                                                        \u2014    <\/p>\n<p>                                                        \u2014    <\/p>\n<p>                                                        \u20ac179.99\u20ac179.99     <\/p>\n<p>                                     Descripci\u00f3n  <\/p>\n<p>                                                Rat\u00f3n inal\u00e1mbrico    <\/p>\n<p>                                                Auriculares con cable    <\/p>\n<p>                                                Funda ordenadores y tablets     <\/p>\n<p>                                                Adaptador USB Tipo C    <\/p>\n<p>                                                Estaci\u00f3n de carga USB Tipo C    <\/p>\n<p>                                     Color  <\/p>\n<p>                                                Negro    <\/p>\n<p>                                                Negro    <\/p>\n<p>                                                Gris    <\/p>\n<p>                                                Plata    <\/p>\n<p>                                                Negro \/ Plata    <\/p>\n<p>                                     Conexiones  <\/p>\n<p>                                                Bluetooth    <\/p>\n<p>                                                Jack de 3,5 mm    <\/p>\n<p>                                                    \u2014    <\/p>\n<p>                                                USB, HDMI, DP, LAN, Audio    <\/p>\n<p>                                                USB, HDMI, DP, LAN, Audio    <\/p>\n<p>                                     Compatible con Aspire Go 15  <\/p>\n<p>                                                    \u2714       <\/p>\n<p>                                                    \u2714       <\/p>\n<p>                                                    \u2714       <\/p>\n<p>                                                    \u2714       <\/p>\n<p>                                                    \u2714       <\/p>\n<p>                                     Material  <\/p>\n<p>                                                Pl\u00e1stico    <\/p>\n<p>                                                Pl\u00e1stico    <\/p>\n<p>                                                Tejido impermeable    <\/p>\n<p>                                                Metal    <\/p>\n<p>                                                Metal    <\/p>\n<p> Batteries                                            \u200f                                            :                                            \u200e                                            1 12V batteries required.   <br \/> Language                                            \u200f                                            :                                            \u200e                                            Spanish   <br \/> Package Dimensions                                            \u200f                                            :                                            \u200e                                            49.8 x 31 x 6.5 cm; 2.56 kg   <br \/> Manufacturer                                            \u200f                                            :                                            \u200e                                            Acer   <br \/> ASIN                                            \u200f                                            :                                            \u200e                                            B0836MKF5Y   <br \/> Item model number                                            \u200f                                            :                                            \u200e                                            15-72P   <br \/> Country of origin                                            \u200f                                            :                                            \u200e                                            China   <br \/> Guaranteed software updates until                                            \u200f                                            :                                            \u200e                                            unknown   <br \/>  Customer reviews:                                                                                            1.0               1.0 out of 5 stars                                  (1)                                              var dpAcrHasRegisteredArcLinkClickAction;                    P.when(&#8216;A&#8217;, &#8216;ready&#8217;).execute(function(A) {                        if (dpAcrHasRegisteredArcLinkClickAction !== true) {                            dpAcrHasRegisteredArcLinkClickAction = true;                            A.declarative(                                &#8216;acrLink-click-metrics&#8217;, &#8216;click&#8217;,                                { \u00aballowLinkDefault\u00bb: true },                                function (event) {                                    if (window.ue) {                                        ue.count(\u00abacrLinkClickCount\u00bb, (ue.count(\u00abacrLinkClickCount\u00bb) || 0) + 1);                                    }                                }                            );                        }                    });                                             P.when(&#8216;A&#8217;, &#8216;cf&#8217;).execute(function(A) {                A.declarative(&#8216;acrStarsLink-click-metrics&#8217;, &#8216;click&#8217;, { \u00aballowLinkDefault\u00bb : true },  function(event){                    if(window.ue) {                        ue.count(\u00abacrStarsLinkWithPopoverClickCount\u00bb, (ue.count(\u00abacrStarsLinkWithPopoverClickCount\u00bb) || 0) + 1);                    }                });            });                          <\/p>\n<p>15.6&#8243; Full HD IPS LCD Screen 1920&#215;1080 pixels, 60Hz<br \/>Intel Core 5 Processor 120U (12-Core), 1.4GHz<br \/>16GB DDR4 SDRAM RAM Memory<br \/>512GB PCI Express Storage<br \/>Intel Graphics Card<br \/>No Operating System<\/p>\n\n","protected":false},"excerpt":{"rendered":"<p> From the manufacturer RENDIMIENTO Y PRODUCTIVIDAD EXCEPCIONALES Experimente un rendimiento fluido y con gran capacidad<\/p>","protected":false},"featured_media":36827,"comment_status":"open","ping_status":"closed","template":"","meta":[],"product_brand":[],"product_cat":[85],"product_tag":[3231,558,10770,4064,575,573,577,698,578,581,560,644,562,703,518,159,582,576,574,4444,580,858,587,366,5273,513,1578,579],"class_list":{"0":"post-36826","1":"product","2":"type-product","3":"status-publish","4":"has-post-thumbnail","6":"product_cat-business-laptop","7":"product_tag-120u","8":"product_tag-acer","9":"product_tag-ag1572p","10":"product_tag-aspire","11":"product_tag-best-laptop-for-business","12":"product_tag-business-laptop","13":"product_tag-business-laptop-with-ssd","14":"product_tag-core","15":"product_tag-corporate-laptop","16":"product_tag-durable-business-laptop","17":"product_tag-full","18":"product_tag-graphics","19":"product_tag-intel","20":"product_tag-ips","21":"product_tag-keyboard","22":"product_tag-laptop","23":"product_tag-laptop-for-work","24":"product_tag-lightweight-business-laptop","25":"product_tag-office-laptop","26":"product_tag-operating","27":"product_tag-professional-laptop","28":"product_tag-qwerty","29":"product_tag-ram","30":"product_tag-silver","31":"product_tag-spanish","32":"product_tag-ssd","33":"product_tag-system","34":"product_tag-windows-business-laptop","36":"first","37":"instock","38":"shipping-taxable","39":"product-type-external"},"_links":{"self":[{"href":"https:\/\/comprasyconsejos.store\/en\/wp-json\/wp\/v2\/product\/36826","targetHints":{"allow":["GET"]}}],"collection":[{"href":"https:\/\/comprasyconsejos.store\/en\/wp-json\/wp\/v2\/product"}],"about":[{"href":"https:\/\/comprasyconsejos.store\/en\/wp-json\/wp\/v2\/types\/product"}],"replies":[{"embeddable":true,"href":"https:\/\/comprasyconsejos.store\/en\/wp-json\/wp\/v2\/comments?post=36826"}],"version-history":[{"count":0,"href":"https:\/\/comprasyconsejos.store\/en\/wp-json\/wp\/v2\/product\/36826\/revisions"}],"wp:featuredmedia":[{"embeddable":true,"href":"https:\/\/comprasyconsejos.store\/en\/wp-json\/wp\/v2\/media\/36827"}],"wp:attachment":[{"href":"https:\/\/comprasyconsejos.store\/en\/wp-json\/wp\/v2\/media?parent=36826"}],"wp:term":[{"taxonomy":"product_brand","embeddable":true,"href":"https:\/\/comprasyconsejos.store\/en\/wp-json\/wp\/v2\/product_brand?post=36826"},{"taxonomy":"product_cat","embeddable":true,"href":"https:\/\/comprasyconsejos.store\/en\/wp-json\/wp\/v2\/product_cat?post=36826"},{"taxonomy":"product_tag","embeddable":true,"href":"https:\/\/comprasyconsejos.store\/en\/wp-json\/wp\/v2\/product_tag?post=36826"}],"curies":[{"name":"wp","href":"https:\/\/api.w.org\/{rel}","templated":true}]}}