{"id":36829,"date":"2026-03-02T12:25:47","date_gmt":"2026-03-02T12:25:47","guid":{"rendered":"https:\/\/comprasyconsejos.store\/product\/kensington-privacy-filter-for-apple-macbook-pro-13-limited-field-of-view-anti-glare-reversible\/"},"modified":"2026-03-02T12:25:48","modified_gmt":"2026-03-02T12:25:48","slug":"kensington-privacy-filter-for-apple-macbook-pro-13-limited-field-of-view-anti-glare-reversible","status":"publish","type":"product","link":"https:\/\/comprasyconsejos.store\/en\/product\/kensington-privacy-filter-for-apple-macbook-pro-13-limited-field-of-view-anti-glare-reversible\/","title":{"rendered":"Kensington Privacy Filter for Apple MacBook Pro 13&#8243;, Limited Field of View, Anti-Glare, Reversible"},"content":{"rendered":"<p>Price: <span style=\"color:#b12704\">\u20ac52.05<\/span><br \/><i><small>(as of Mar 02, 2026 12:25:47 UTC &#8211; <span class=\"wp_automatic_amazon_disclaimer\" title=\"Product prices and availability are accurate as of the date\/time indicated and are subject to change. Any price and availability information displayed on [relevant Amazon Site(s), as applicable] at the time of purchase will apply to the purchase of this product.\">Details<\/span>)<\/small><\/i><\/p>\n<p><a href=\"https:\/\/amazon.es\/dp\/B077TVSTMT?tag=man008-21\"><img decoding=\"async\" src=\"https:\/\/valvepress.s3.amazonaws.com\/imgs\/buy_now.png\"><\/a><br \/>\n<\/p>\n<p>                                             From the brand   <\/p>\n<p>                                              <img decoding=\"async\" alt=\"Kensington\" src=\"https:\/\/images-na.ssl-images-amazon.com\/images\/G\/01\/x-locale\/common\/grey-pixel.gif\" class=\"a-lazy-loaded\" data-src=\"https:\/\/m.media-amazon.com\/images\/S\/aplus-media-library-service-media\/9d49c42c-a6c1-41fc-a68b-d6e199ea4ab9.__CR0,0,1464,625_PT0_SX1464_V1___.jpg\"><img decoding=\"async\" alt=\"Kensington\" src=\"https:\/\/m.media-amazon.com\/images\/S\/aplus-media-library-service-media\/9d49c42c-a6c1-41fc-a68b-d6e199ea4ab9.__CR0,0,1464,625_PT0_SX1464_V1___.jpg\">  <\/p>\n<p>                                              <img decoding=\"async\" alt=\"\" src=\"https:\/\/images-na.ssl-images-amazon.com\/images\/G\/01\/x-locale\/common\/grey-pixel.gif\" class=\"a-lazy-loaded\" data-src=\"https:\/\/m.media-amazon.com\/images\/S\/aplus-media-library-service-media\/c0004234-6fd5-4fcd-be10-efae964e3a1c.__CR0,0,362,453_PT0_SX362_V1___.png\"><img decoding=\"async\" alt=\"\" src=\"https:\/\/m.media-amazon.com\/images\/S\/aplus-media-library-service-media\/c0004234-6fd5-4fcd-be10-efae964e3a1c.__CR0,0,362,453_PT0_SX362_V1___.png\">  <\/p>\n<h3> La elecci\u00f3n m\u00e1s profesional <\/h3>\n<p> Con sede en California, Kensington es una empresa l\u00edder y de confianza en accesorios para ordenadores y m\u00f3viles desde hace 40 a\u00f1os. <\/p>\n<p>                                              <img decoding=\"async\" alt=\"\" src=\"https:\/\/images-na.ssl-images-amazon.com\/images\/G\/01\/x-locale\/common\/grey-pixel.gif\" class=\"a-lazy-loaded\" data-src=\"https:\/\/m.media-amazon.com\/images\/S\/aplus-media-library-service-media\/2634a3a7-24d0-42ce-b662-e90c5ff7769c.__CR0,0,362,453_PT0_SX362_V1___.jpg\"><img decoding=\"async\" alt=\"\" src=\"https:\/\/m.media-amazon.com\/images\/S\/aplus-media-library-service-media\/2634a3a7-24d0-42ce-b662-e90c5ff7769c.__CR0,0,362,453_PT0_SX362_V1___.jpg\">  <\/p>\n<h3> Replicador de puertos <\/h3>\n<p> Con las soluciones de acoplamiento Kensington, un solo cable es todo lo que necesita para una completa experiencia de su port\u00e1til. <\/p>\n<p>                                              <img decoding=\"async\" alt=\"\" src=\"https:\/\/images-na.ssl-images-amazon.com\/images\/G\/01\/x-locale\/common\/grey-pixel.gif\" class=\"a-lazy-loaded\" data-src=\"https:\/\/m.media-amazon.com\/images\/S\/aplus-media-library-service-media\/42ddaca6-3481-4893-a713-917bd57bd7f0.__CR0,0,362,453_PT0_SX362_V1___.jpg\"><img decoding=\"async\" alt=\"\" src=\"https:\/\/m.media-amazon.com\/images\/S\/aplus-media-library-service-media\/42ddaca6-3481-4893-a713-917bd57bd7f0.__CR0,0,362,453_PT0_SX362_V1___.jpg\">  <\/p>\n<h3> Videoconferencia profesional <\/h3>\n<p> En un mundo en que la vida se graba con c\u00e1mara, Kensington sabe que una buena configuraci\u00f3n de v\u00eddeo le aportar\u00e1 lo mejor de s\u00ed mismo. <\/p>\n<h3> Compra la gama Kensington <\/h3>\n<p class=\"apm-brand-story-stores-link\">\n<p>                                              <img decoding=\"async\" alt=\"\" src=\"https:\/\/images-na.ssl-images-amazon.com\/images\/G\/01\/x-locale\/common\/grey-pixel.gif\" class=\"a-lazy-loaded\" data-src=\"https:\/\/m.media-amazon.com\/images\/S\/aplus-media-library-service-media\/621068da-eb1e-4fbf-9bc4-d7f4de21ccb6.__CR0,0,362,453_PT0_SX362_V1___.jpg\"><img decoding=\"async\" alt=\"\" src=\"https:\/\/m.media-amazon.com\/images\/S\/aplus-media-library-service-media\/621068da-eb1e-4fbf-9bc4-d7f4de21ccb6.__CR0,0,362,453_PT0_SX362_V1___.jpg\">  <\/p>\n<h3> Solucion de salud y bienestar <\/h3>\n<p> Trabajar deber\u00eda ser como vivir. Mejore su comodidad en el   lugar de trabajo con los productos de salud y bienestar de Kensington. <\/p>\n<p>                                              <img decoding=\"async\" alt=\"\" src=\"https:\/\/images-na.ssl-images-amazon.com\/images\/G\/01\/x-locale\/common\/grey-pixel.gif\" class=\"a-lazy-loaded\" data-src=\"https:\/\/m.media-amazon.com\/images\/S\/aplus-media-library-service-media\/f4400acb-5e00-409c-8bbc-580d345ccd14.__CR0,0,362,453_PT0_SX362_V1___.jpg\"><img decoding=\"async\" alt=\"\" src=\"https:\/\/m.media-amazon.com\/images\/S\/aplus-media-library-service-media\/f4400acb-5e00-409c-8bbc-580d345ccd14.__CR0,0,362,453_PT0_SX362_V1___.jpg\">  <\/p>\n<h3> Bolsas y fundas <\/h3>\n<p> Lleve facilmente sus dispositivos y accesorios. Las bolsas y fundas est\u00e1n dise\u00f1adas para adaptarse a usted y todas sus necesidades. <\/p>\n<h3> Compra la gama Kensington <\/h3>\n<p class=\"apm-brand-story-stores-link\">\n<p>                                              <img decoding=\"async\" alt=\"\" src=\"https:\/\/images-na.ssl-images-amazon.com\/images\/G\/01\/x-locale\/common\/grey-pixel.gif\" class=\"a-lazy-loaded\" data-src=\"https:\/\/m.media-amazon.com\/images\/S\/aplus-media-library-service-media\/a347bb7f-234f-49e6-9394-e002d493254b.__CR0,0,362,453_PT0_SX362_V1___.jpg\"><img decoding=\"async\" alt=\"\" src=\"https:\/\/m.media-amazon.com\/images\/S\/aplus-media-library-service-media\/a347bb7f-234f-49e6-9394-e002d493254b.__CR0,0,362,453_PT0_SX362_V1___.jpg\">  <\/p>\n<h3> Soluciones de seguridad <\/h3>\n<p> Cables de bloqueo hasta filtros de privacidad y m\u00e1s, mantenga sus dispositivos protegidos con las opciones de seguridad Kensington. <\/p>\n<p>                                              <img decoding=\"async\" alt=\"\" src=\"https:\/\/images-na.ssl-images-amazon.com\/images\/G\/01\/x-locale\/common\/grey-pixel.gif\" class=\"a-lazy-loaded\" data-src=\"https:\/\/m.media-amazon.com\/images\/S\/aplus-media-library-service-media\/3ab207bf-4c1d-4030-9a6b-a8b3cc70afef.__CR0,0,362,453_PT0_SX362_V1___.jpg\"><img decoding=\"async\" alt=\"\" src=\"https:\/\/m.media-amazon.com\/images\/S\/aplus-media-library-service-media\/3ab207bf-4c1d-4030-9a6b-a8b3cc70afef.__CR0,0,362,453_PT0_SX362_V1___.jpg\">  <\/p>\n<h3> Soluciones de control <\/h3>\n<p> Los ratones, teclados, trackballs y presentadores de Kensington   se fabrican pensando en la comodidad, la eficacia y la productividad. <\/p>\n<h3> Compra la gama Kensington <\/h3>\n<p class=\"apm-brand-story-stores-link\">\n<p> Is discontinued by manufacturer                                            \u200f                                            :                                            \u200e                                            No   <br \/> Product Dimensions                                            \u200f                                            :                                            \u200e                                            0.64 x 22.86 x 34.04 cm; 63.5 g   <br \/> Manufacturer                                            \u200f                                            :                                            \u200e                                            Kensington   <br \/> ASIN                                            \u200f                                            :                                            \u200e                                            B077TVSTMT   <br \/> Item model number                                            \u200f                                            :                                            \u200e                                            K64490WW   <br \/> Guaranteed software updates until                                            \u200f                                            :                                            \u200e                                            unknown   <br \/>  Customer reviews:                                                                                            4.2               4.2 out of 5 stars                                  (2,413)                                              var dpAcrHasRegisteredArcLinkClickAction;                    P.when(&#8216;A&#8217;, &#8216;ready&#8217;).execute(function(A) {                        if (dpAcrHasRegisteredArcLinkClickAction !== true) {                            dpAcrHasRegisteredArcLinkClickAction = true;                            A.declarative(                                &#8216;acrLink-click-metrics&#8217;, &#8216;click&#8217;,                                { \u00aballowLinkDefault\u00bb: true },                                function (event) {                                    if (window.ue) {                                        ue.count(\u00abacrLinkClickCount\u00bb, (ue.count(\u00abacrLinkClickCount\u00bb) || 0) + 1);                                    }                                }                            );                        }                    });                                             P.when(&#8216;A&#8217;, &#8216;cf&#8217;).execute(function(A) {                A.declarative(&#8216;acrStarsLink-click-metrics&#8217;, &#8216;click&#8217;, { \u00aballowLinkDefault\u00bb : true },  function(event){                    if(window.ue) {                        ue.count(\u00abacrStarsLinkWithPopoverClickCount\u00bb, (ue.count(\u00abacrStarsLinkWithPopoverClickCount\u00bb) || 0) + 1);                    }                });            });                          <\/p>\n<p>Hides personal and confidential information &#8211; from anyone who wants to view it from the sides, by limiting viewing angle to +\/-30\u00ba, GDPR compliant<br \/>REDUCES BLUE LIGHT AND REFLECTION &#8211; Anti-reflective coating reduces reflection from external light sources, reduces harmful blue light by up to 22%<br \/>Reduces eye strain and the chances of blue light interfering with your natural sleep patterns<br \/>Protects the screen \u2013 from scratches, bumps and fingerprints, use the included cloth to clean regularly<br \/>It integrates seamlessly into the screen and leaves minimal space when closing your MacBook Pro or Air 2018 so you can go into sleep<\/p>\n\n","protected":false},"excerpt":{"rendered":"<p> From the brand La elecci\u00f3n m\u00e1s profesional Con sede en California, Kensington es una empresa<\/p>","protected":false},"featured_media":36830,"comment_status":"open","ping_status":"closed","template":"","meta":[],"product_brand":[],"product_cat":[84],"product_tag":[3436,175,496,498,497,3429,862,10092,5999,160,502,503,504,499,500,501,505,1153,163,2699,1675],"class_list":{"0":"post-36829","1":"product","2":"type-product","3":"status-publish","4":"has-post-thumbnail","6":"product_cat-apple-macbook","7":"product_tag-antiglare","8":"product_tag-apple","9":"product_tag-apple-macbook","10":"product_tag-apple-macbook-air","11":"product_tag-apple-macbook-pro","12":"product_tag-field","13":"product_tag-filter","14":"product_tag-kensington","15":"product_tag-limited","16":"product_tag-macbook","17":"product_tag-macbook-13-inch","18":"product_tag-macbook-15-inch","19":"product_tag-macbook-16-inch","20":"product_tag-macbook-m1","21":"product_tag-macbook-m2","22":"product_tag-macbook-m3","23":"product_tag-macbook-price","24":"product_tag-privacy","25":"product_tag-pro","26":"product_tag-reversible","27":"product_tag-view","29":"first","30":"instock","31":"shipping-taxable","32":"product-type-external"},"_links":{"self":[{"href":"https:\/\/comprasyconsejos.store\/en\/wp-json\/wp\/v2\/product\/36829","targetHints":{"allow":["GET"]}}],"collection":[{"href":"https:\/\/comprasyconsejos.store\/en\/wp-json\/wp\/v2\/product"}],"about":[{"href":"https:\/\/comprasyconsejos.store\/en\/wp-json\/wp\/v2\/types\/product"}],"replies":[{"embeddable":true,"href":"https:\/\/comprasyconsejos.store\/en\/wp-json\/wp\/v2\/comments?post=36829"}],"version-history":[{"count":0,"href":"https:\/\/comprasyconsejos.store\/en\/wp-json\/wp\/v2\/product\/36829\/revisions"}],"wp:featuredmedia":[{"embeddable":true,"href":"https:\/\/comprasyconsejos.store\/en\/wp-json\/wp\/v2\/media\/36830"}],"wp:attachment":[{"href":"https:\/\/comprasyconsejos.store\/en\/wp-json\/wp\/v2\/media?parent=36829"}],"wp:term":[{"taxonomy":"product_brand","embeddable":true,"href":"https:\/\/comprasyconsejos.store\/en\/wp-json\/wp\/v2\/product_brand?post=36829"},{"taxonomy":"product_cat","embeddable":true,"href":"https:\/\/comprasyconsejos.store\/en\/wp-json\/wp\/v2\/product_cat?post=36829"},{"taxonomy":"product_tag","embeddable":true,"href":"https:\/\/comprasyconsejos.store\/en\/wp-json\/wp\/v2\/product_tag?post=36829"}],"curies":[{"name":"wp","href":"https:\/\/api.w.org\/{rel}","templated":true}]}}