{"id":36835,"date":"2026-03-02T12:29:44","date_gmt":"2026-03-02T12:29:44","guid":{"rendered":"https:\/\/comprasyconsejos.store\/product\/zhiyun-crane-m3s-combo-3-axis-camera-stabilizer-3-in-1-for-mirrorless-cameras-for-sony-canon-nikon-smarphone-for-iphone-sumsung-gopro-stabilizer-includes-clip-backpack\/"},"modified":"2026-03-02T12:29:44","modified_gmt":"2026-03-02T12:29:44","slug":"zhiyun-crane-m3s-combo-3-axis-camera-stabilizer-3-in-1-for-mirrorless-cameras-for-sony-canon-nikon-smarphone-for-iphone-sumsung-gopro-stabilizer-includes-clip-backpack","status":"publish","type":"product","link":"https:\/\/comprasyconsejos.store\/en\/product\/zhiyun-crane-m3s-combo-3-axis-camera-stabilizer-3-in-1-for-mirrorless-cameras-for-sony-canon-nikon-smarphone-for-iphone-sumsung-gopro-stabilizer-includes-clip-backpack\/","title":{"rendered":"Zhiyun Crane M3S Combo 3-Axis Camera Stabilizer 3-in-1 for Mirrorless Cameras for Sony, Canon, Nikon, Smarphone for iPhone, Sumsung, GoPro Stabilizer, Includes Clip, Backpack"},"content":{"rendered":"<p>Price: <span style=\"color:#b12704\"><del>\u20ac379.00<\/del> - \u20ac285.00<\/span><br \/><i><small>(as of Mar 02, 2026 12:29:44 UTC &#8211; <span class=\"wp_automatic_amazon_disclaimer\" title=\"Product prices and availability are accurate as of the date\/time indicated and are subject to change. Any price and availability information displayed on [relevant Amazon Site(s), as applicable] at the time of purchase will apply to the purchase of this product.\">Details<\/span>)<\/small><\/i><\/p>\n<p><a href=\"https:\/\/amazon.es\/dp\/B0C4XB9GWG?tag=man008-21\"><img decoding=\"async\" src=\"https:\/\/valvepress.s3.amazonaws.com\/imgs\/buy_now.png\"><\/a><br \/>\n<\/p>\n<p>                                             Product Description   <\/p>\n<p>                                                                             <img decoding=\"async\" alt=\"M3S combo\" src=\"https:\/\/images-na.ssl-images-amazon.com\/images\/G\/01\/x-locale\/common\/grey-pixel.gif\" class=\"a-spacing-base a-lazy-loaded\" data-src=\"https:\/\/m.media-amazon.com\/images\/S\/aplus-media-library-service-media\/6c771a09-d6cb-44d3-9eb8-3228ae8539c3.__CR0,0,970,600_PT0_SX970_V1___.jpg\"><img decoding=\"async\" alt=\"M3S combo\" src=\"https:\/\/m.media-amazon.com\/images\/S\/aplus-media-library-service-media\/6c771a09-d6cb-44d3-9eb8-3228ae8539c3.__CR0,0,970,600_PT0_SX970_V1___.jpg\">                                                                     <\/p>\n<p class=\"a-spacing-base\"> ZHIYUN   enciende la era de la filmaci\u00f3n m\u00f3vil 2.0 con el CRANE-M3 S, un producto que   combina a la perfecci\u00f3n fuerza y elegancia. El control del obturador por   Bluetooth y el sistema de liberaci\u00f3n dos en uno, est\u00e1n fabricados para que   cada usuario capte im\u00e1genes asombrosas sin esfuerzo, marcando un nuevo hito   en la industria cinematogr\u00e1fica que no querr\u00e1 perderse. <\/p>\n<p class=\"a-spacing-base\"> Lista compatibles :  \u00a1Aseg\u00farese de descargar la tabla de compatibilidad en la p\u00e1gina de detalles para ver las funciones de control! ! ! <\/p>\n<p class=\"a-spacing-base\">\n<p>Canon: Canon EOS R, Canon EOS RP, Canon EOS, Canon EOS, Canon EOS R6 Mark II, Canon EOS R7, Canon EOS R8, Canon EOS R10, Canon EOS R50, Canon M50 Mark II, Canon EOS M6, Canon EOS M6 Mark II, Canon EOS 200D Mark \u2161, Canon PowerShot G7X Mark III;Nikon: Nikon Z30, Nikon Z50, Nikon Z5, Nikon Z6, Nikon Z6 II, Nikon Z7, Nikon Z7 II , Nikon Zfc;Sony: Sony \u03b17M2, Sony \u03b17R2, Sony \u03b17S2, Sony \u03b17S3, Sony \u03b17S3 , Sony \u03b17M3 , Sony \u03b17M3, Sony \u03b17R3, Sony \u03b17R3, Sony \u03b17R4, Sony \u03b17R4, Sony \u03b17R5, Sony \u03b17R5, Sony FX3, Sony FX3, Sony \u03b17C, Sony \u03b17M4 , Sony \u03b11 , Sony \u03b19, Sony \u03b19 II , Sony \u03b16600, Sony \u03b16500 , Sony \u03b16400 , Sony \u03b16300 , Sony \u03b16100 , Sony ZV-E10 , Sony ZV-E1 , Sony DSC-RX100M5 , Sony DSC-RX100M5A , Sony DSC-RX100M6 , Sony DSC-RX100M7 , Sony ZV-1;FUJIFILM: FUJIFILM X-T2 , X-T3 , X-T4 , X-T5 , X-H2s;Panasonic: DMC-GH5 , DMC-GH5S , DMC-GH6 , DMC-G9 ,DMC-S5;SIGMA fp.     <\/p>\n<p>                                                  <img decoding=\"async\" alt=\"zhiyun crane m3s combo\" src=\"https:\/\/images-na.ssl-images-amazon.com\/images\/G\/01\/x-locale\/common\/grey-pixel.gif\" class=\"a-lazy-loaded\" data-src=\"https:\/\/m.media-amazon.com\/images\/S\/aplus-media-library-service-media\/4a5ff780-a9b8-4744-b515-5069ed4bef1c.__CR0,0,970,300_PT0_SX970_V1___.jpg\"><img decoding=\"async\" alt=\"zhiyun crane m3s combo\" src=\"https:\/\/m.media-amazon.com\/images\/S\/aplus-media-library-service-media\/4a5ff780-a9b8-4744-b515-5069ed4bef1c.__CR0,0,970,300_PT0_SX970_V1___.jpg\">  <\/p>\n<p>                                                  <img decoding=\"async\" alt=\"crane-m3s \" src=\"https:\/\/images-na.ssl-images-amazon.com\/images\/G\/01\/x-locale\/common\/grey-pixel.gif\" class=\"a-lazy-loaded\" data-src=\"https:\/\/m.media-amazon.com\/images\/S\/aplus-media-library-service-media\/4c1d3a77-065a-4535-8c63-fce3111e9e55.__CR0,0,970,300_PT0_SX970_V1___.jpg\"><img decoding=\"async\" alt=\"crane-m3s \" src=\"https:\/\/m.media-amazon.com\/images\/S\/aplus-media-library-service-media\/4c1d3a77-065a-4535-8c63-fce3111e9e55.__CR0,0,970,300_PT0_SX970_V1___.jpg\">  <\/p>\n<p>                                                  <img decoding=\"async\" alt=\"crane-m3s combo\" src=\"https:\/\/images-na.ssl-images-amazon.com\/images\/G\/01\/x-locale\/common\/grey-pixel.gif\" class=\"a-lazy-loaded\" data-src=\"https:\/\/m.media-amazon.com\/images\/S\/aplus-media-library-service-media\/92a7e575-c544-4f9a-9730-1102ae2af6ef.__CR0,0,970,300_PT0_SX970_V1___.jpg\"><img decoding=\"async\" alt=\"crane-m3s combo\" src=\"https:\/\/m.media-amazon.com\/images\/S\/aplus-media-library-service-media\/92a7e575-c544-4f9a-9730-1102ae2af6ef.__CR0,0,970,300_PT0_SX970_V1___.jpg\">  <\/p>\n<p class=\"apm-text-center\">\n                                                      <img decoding=\"async\" alt=\"6\" src=\"https:\/\/images-na.ssl-images-amazon.com\/images\/G\/01\/x-locale\/common\/grey-pixel.gif\" class=\"a-spacing-mini a-lazy-loaded\" data-src=\"https:\/\/m.media-amazon.com\/images\/S\/aplus-media-library-service-media\/5700997a-3fe9-454d-9894-1aed4cfe2ce2.__CR0,0,300,300_PT0_SX300_V1___.jpg\"><img decoding=\"async\" alt=\"6\" src=\"https:\/\/m.media-amazon.com\/images\/S\/aplus-media-library-service-media\/5700997a-3fe9-454d-9894-1aed4cfe2ce2.__CR0,0,300,300_PT0_SX300_V1___.jpg\">  <\/p>\n<p>                                                    Una maravilla en miniatura                                            <\/p>\n<p> Con un peso de solo 705 gramos, este potente   y ligero dispositivo consigue el equilibrio perfecto entre portabilidad y   gran capacidad de carga con las c\u00e1maras convencionales.  *Para conocer m\u00e1s detalles sobre la   compatibilidad, visite la p\u00e1gina web oficial. <\/p>\n<p class=\"apm-text-center\">\n                                                      <img decoding=\"async\" alt=\"7\" src=\"https:\/\/images-na.ssl-images-amazon.com\/images\/G\/01\/x-locale\/common\/grey-pixel.gif\" class=\"a-spacing-mini a-lazy-loaded\" data-src=\"https:\/\/m.media-amazon.com\/images\/S\/aplus-media-library-service-media\/3ead49cd-fee5-4556-80af-49e4b0def07e.__CR0,0,300,300_PT0_SX300_V1___.jpg\"><img decoding=\"async\" alt=\"7\" src=\"https:\/\/m.media-amazon.com\/images\/S\/aplus-media-library-service-media\/3ead49cd-fee5-4556-80af-49e4b0def07e.__CR0,0,300,300_PT0_SX300_V1___.jpg\">  <\/p>\n<p>                                                    Instalaci\u00f3n simplificada                                            <\/p>\n<p> La   sustituci\u00f3n de la bater\u00eda es ahora pan comido. Con el nuevo sistema de   liberaci\u00f3n r\u00e1pida, compatible con las c\u00e1maras convencionales, puede hacerlo   sin tener que desmontar la c\u00e1mara. \u00bfEquilibrado continuo? Tambi\u00e9n es   historia. <\/p>\n<p class=\"apm-text-center\">\n                                                      <img decoding=\"async\" alt=\"8\" src=\"https:\/\/images-na.ssl-images-amazon.com\/images\/G\/01\/x-locale\/common\/grey-pixel.gif\" class=\"a-spacing-mini a-lazy-loaded\" data-src=\"https:\/\/m.media-amazon.com\/images\/S\/aplus-media-library-service-media\/6927b7d4-3a45-4abd-95e7-c3f628f193c3.__CR0,0,300,300_PT0_SX300_V1___.jpg\"><img decoding=\"async\" alt=\"8\" src=\"https:\/\/m.media-amazon.com\/images\/S\/aplus-media-library-service-media\/6927b7d4-3a45-4abd-95e7-c3f628f193c3.__CR0,0,300,300_PT0_SX300_V1___.jpg\">  <\/p>\n<p>                                                    Carga r\u00e1pido. Graba m\u00e1s tiempo                                            <\/p>\n<p> Consiga una grabaci\u00f3n sin interrupciones con un soporte de alimentaci\u00f3n estable. Con una duraci\u00f3n m\u00e1xima de la bater\u00eda de hasta 7,5 horas y el soporte para los protocolos de carga r\u00e1pida PD, puede conseguir la carga m\u00e1xima en solo 2 horas*. La capacidad de cargar la bater\u00eda mientras la est\u00e1 usando, le permite capturar las fotos y v\u00eddeos perfectos sin la preocupaci\u00f3n de quedarse sin bater\u00eda. <\/p>\n<h3 class=\"a-spacing-mini\"> Zhiyun Crane-M3S COMBO Package <\/h3>\n<p>                                          <img decoding=\"async\" alt=\"package\" src=\"https:\/\/images-na.ssl-images-amazon.com\/images\/G\/01\/x-locale\/common\/grey-pixel.gif\" class=\"a-spacing-base a-lazy-loaded\" data-src=\"https:\/\/m.media-amazon.com\/images\/S\/aplus-media-library-service-media\/0e515d21-c246-4d2f-9790-5946cb2e5f67.__CR0,0,970,600_PT0_SX970_V1___.jpg\"><img decoding=\"async\" alt=\"package\" src=\"https:\/\/m.media-amazon.com\/images\/S\/aplus-media-library-service-media\/0e515d21-c246-4d2f-9790-5946cb2e5f67.__CR0,0,970,600_PT0_SX970_V1___.jpg\">                                                                     <\/p>\n<p class=\"a-spacing-base\">\n<p>1* Gimbal CRANE-M 3S;1* Mochila;1* Tr\u00edpode (grande);1* abrazadera de tel\u00e9fono;1* Cable de control Sony LN-UCUS-C02;1* Cable de control de c\u00e1mara Canon LN-MBUC-B02;1* Cable de control de c\u00e1mara Panasonic LN-UCUC-D07;1* Cable de carga USB tipo C;     <\/p>\n<p> Batteries                                            \u200f                                            :                                            \u200e                                            1 Lithium Ion batteries required. (included)   <br \/> Product Dimensions                                            \u200f                                            :                                            \u200e                                            7.49 x 16.41 x 28.4 cm; 705 g   <br \/> Date First Available                                            \u200f                                            :                                            \u200e                                            14 May 2023   <br \/> Manufacturer                                            \u200f                                            :                                            \u200e                                            zhi yun   <br \/> ASIN                                            \u200f                                            :                                            \u200e                                            B0C4XB9GWG   <br \/> Item model number                                            \u200f                                            :                                            \u200e                                            Crane M3S Combo   <br \/> Country of origin                                            \u200f                                            :                                            \u200e                                            China   <br \/> Guaranteed software updates until                                            \u200f                                            :                                            \u200e                                            unknown   <br \/>       Best Sellers Rank:  483 in Handheld Stabilisers for Camcorders       <br \/>  Customer reviews:                                                                                            4.2               4.2 out of 5 stars                                  (50)                                              var dpAcrHasRegisteredArcLinkClickAction;                    P.when(&#8216;A&#8217;, &#8216;ready&#8217;).execute(function(A) {                        if (dpAcrHasRegisteredArcLinkClickAction !== true) {                            dpAcrHasRegisteredArcLinkClickAction = true;                            A.declarative(                                &#8216;acrLink-click-metrics&#8217;, &#8216;click&#8217;,                                { \u00aballowLinkDefault\u00bb: true },                                function (event) {                                    if (window.ue) {                                        ue.count(\u00abacrLinkClickCount\u00bb, (ue.count(\u00abacrLinkClickCount\u00bb) || 0) + 1);                                    }                                }                            );                        }                    });                                             P.when(&#8216;A&#8217;, &#8216;cf&#8217;).execute(function(A) {                A.declarative(&#8216;acrStarsLink-click-metrics&#8217;, &#8216;click&#8217;, { \u00aballowLinkDefault\u00bb : true },  function(event){                    if(window.ue) {                        ue.count(\u00abacrStarsLinkWithPopoverClickCount\u00bb, (ue.count(\u00abacrStarsLinkWithPopoverClickCount\u00bb) || 0) + 1);                    }                });            });                          <\/p>\n<p>A miniature wonder: Weighing only 700g, this powerful, lightweight device strikes the perfect balance between portability and high carrying capacity with conventional cameras.<br \/>Simplified installation: With the new quick release system, compatible with conventional cameras, you can do so without having to disassemble the camera. Continuous balanced? It&#8217;s also history.<br \/>Built-in Fill Light: ZHIYUN created lumen amplifier technology features a tiny but powerful light source that is no bigger than a nail to emit with an intensity of up to 1000 lux. Maximum brightness: 1000 Lux color temperature: 2700K-5500K<br \/>Features at your fingertips: Perfect your photos and videos at your fingertips. The built-in 1.22-inch display offers easy adjustment of functions so you can effortlessly make a fine setup.<br \/>Unlimited photos and videos: The new frontiers of visual storytelling call us. Unlock endless possibilities with the CRANE M3 S with multiple gimbal modes and built-in recording functions.<br \/>erimental and support PD fast charging protocols, you can get the maximum charge in just 2 hours*. (There are differences between experimental data and actual usage)<\/p>\n\n","protected":false},"excerpt":{"rendered":"<p> Product Description ZHIYUN enciende la era de la filmaci\u00f3n m\u00f3vil 2.0 con el CRANE-M3 S,<\/p>","protected":false},"featured_media":36836,"comment_status":"open","ping_status":"closed","template":"","meta":[],"product_brand":[],"product_cat":[99],"product_tag":[3028,2522,237,4487,681,1621,2184,3020,3930,1003,3030,10773,3025,3022,6703,1196,147,3027,10774,3023,2161,3032,3018,3033,3029,1856,3024,3035,3034,3094,3021,2540,2155,3026,3019,2519,10775,3031,10772],"class_list":{"0":"post-36835","1":"product","2":"type-product","3":"status-publish","4":"has-post-thumbnail","6":"product_cat-mirrorless","7":"product_tag-24-70mm-mirrorless","8":"product_tag-3axis","9":"product_tag-3in1","10":"product_tag-backpack","11":"product_tag-camera","12":"product_tag-cameras","13":"product_tag-canon","14":"product_tag-canon-mirrorless","15":"product_tag-clip","16":"product_tag-combo","17":"product_tag-compact-mirrorless","18":"product_tag-crane","19":"product_tag-e-mount-lens","20":"product_tag-fujifilm-mirrorless","21":"product_tag-gopro","22":"product_tag-includes","23":"product_tag-iphone","24":"product_tag-lumix-lens","25":"product_tag-m3s","26":"product_tag-micro-four-thirds-lens","27":"product_tag-mirrorless","28":"product_tag-mirrorless-body-only","29":"product_tag-mirrorless-camera","30":"product_tag-mirrorless-camera-accessories","31":"product_tag-mirrorless-camera-bundle","32":"product_tag-mirrorless-cameras","33":"product_tag-mirrorless-lens","34":"product_tag-mirrorless-stabilizer","35":"product_tag-mirrorless-tripod","36":"product_tag-nikon","37":"product_tag-nikon-mirrorless","38":"product_tag-smarphone","39":"product_tag-sony","40":"product_tag-sony-a6000-lens","41":"product_tag-sony-mirrorless","42":"product_tag-stabilizer","43":"product_tag-sumsung","44":"product_tag-travel-mirrorless","45":"product_tag-zhiyun","47":"first","48":"instock","49":"sale","50":"shipping-taxable","51":"product-type-external"},"_links":{"self":[{"href":"https:\/\/comprasyconsejos.store\/en\/wp-json\/wp\/v2\/product\/36835","targetHints":{"allow":["GET"]}}],"collection":[{"href":"https:\/\/comprasyconsejos.store\/en\/wp-json\/wp\/v2\/product"}],"about":[{"href":"https:\/\/comprasyconsejos.store\/en\/wp-json\/wp\/v2\/types\/product"}],"replies":[{"embeddable":true,"href":"https:\/\/comprasyconsejos.store\/en\/wp-json\/wp\/v2\/comments?post=36835"}],"version-history":[{"count":0,"href":"https:\/\/comprasyconsejos.store\/en\/wp-json\/wp\/v2\/product\/36835\/revisions"}],"wp:featuredmedia":[{"embeddable":true,"href":"https:\/\/comprasyconsejos.store\/en\/wp-json\/wp\/v2\/media\/36836"}],"wp:attachment":[{"href":"https:\/\/comprasyconsejos.store\/en\/wp-json\/wp\/v2\/media?parent=36835"}],"wp:term":[{"taxonomy":"product_brand","embeddable":true,"href":"https:\/\/comprasyconsejos.store\/en\/wp-json\/wp\/v2\/product_brand?post=36835"},{"taxonomy":"product_cat","embeddable":true,"href":"https:\/\/comprasyconsejos.store\/en\/wp-json\/wp\/v2\/product_cat?post=36835"},{"taxonomy":"product_tag","embeddable":true,"href":"https:\/\/comprasyconsejos.store\/en\/wp-json\/wp\/v2\/product_tag?post=36835"}],"curies":[{"name":"wp","href":"https:\/\/api.w.org\/{rel}","templated":true}]}}