{"id":36838,"date":"2026-03-02T12:31:02","date_gmt":"2026-03-02T12:31:02","guid":{"rendered":"https:\/\/comprasyconsejos.store\/product\/compatible-con-dji-camara-gimbal-for-dron-mini-3-pro\/"},"modified":"2026-03-02T12:31:04","modified_gmt":"2026-03-02T12:31:04","slug":"compatible-con-dji-camara-gimbal-for-dron-mini-3-pro","status":"publish","type":"product","link":"https:\/\/comprasyconsejos.store\/en\/product\/compatible-con-dji-camara-gimbal-for-dron-mini-3-pro\/","title":{"rendered":"Compatible con DJI, c\u00e1mara gimbal, for dron Mini 3 Pro"},"content":{"rendered":"<p>Price: <span style=\"color:#b12704\">\u20ac524.48<\/span><br \/><i><small>(as of Mar 02, 2026 12:31:02 UTC &#8211; <span class=\"wp_automatic_amazon_disclaimer\" title=\"Product prices and availability are accurate as of the date\/time indicated and are subject to change. Any price and availability information displayed on [relevant Amazon Site(s), as applicable] at the time of purchase will apply to the purchase of this product.\">Details<\/span>)<\/small><\/i><\/p>\n<p><a href=\"https:\/\/amazon.es\/dp\/B0GJZV2B3H?tag=man008-21\"><img decoding=\"async\" src=\"https:\/\/valvepress.s3.amazonaws.com\/imgs\/buy_now.png\"><\/a><br \/>\n<br \/>\n    <span>Mini estabilizador 3 Pro<br \/>==========<br \/>Paquete: S\u00ed<br \/>Certificaci\u00f3n: FCC<br \/>Tipo de accesorios for drones: gimbal<\/span>    <br \/> Product Dimensions                                            \u200f                                            :                                            \u200e                                            10 x 10 x 10 cm; 50 g   <br \/> Date First Available                                            \u200f                                            :                                            \u200e                                            29 Nov. 2025   <br \/> Manufacturer                                            \u200f                                            :                                            \u200e                                            Gen\u00e9rico   <br \/> ASIN                                            \u200f                                            :                                            \u200e                                            B0GJZV2B3H   <br \/> Item model number                                            \u200f                                            :                                            \u200e                                            QBPUULWBW   <br \/> Country of origin                                            \u200f                                            :                                            \u200e                                            China   <\/p>\n<p>Asegure la c\u00e1mara gimbal de su dron durante el transporte y el almacenamiento con este soporte especialmente dise\u00f1ado, que ayudar\u00e1 a mantener su rendimiento.<br \/>Dise\u00f1ado for adaptarse a los contornos del dispositivo, este soporte ayuda a minimizar el contacto que podr\u00eda provocar ara\u00f1azos en la lente de la c\u00e1mara.<br \/>Su dise\u00f1o compacto mantiene tu equipo organizado sin a\u00f1adir volumen, lo que facilita su transporte en tu bolsa de viaje.<br \/>Este clip, f\u00e1cil de instalar y quitar, permite una configuraci\u00f3n r\u00e1pida, for que puedas dedicar menos tiempo a la preparaci\u00f3n y m\u00e1s tiempo al vuelo.<br \/>Este clip estabilizador est\u00e1 dise\u00f1ado for ayudar a proteger la estructura de la c\u00e1mara de movimientos involuntarios cuando no est\u00e9 en uso.<\/p>\n\n","protected":false},"excerpt":{"rendered":"<p> Mini estabilizador 3 Pro==========Paquete: S\u00edCertificaci\u00f3n: FCCTipo de accesorios for drones: gimbal Product Dimensions \u200f :<\/p>","protected":false},"featured_media":36839,"comment_status":"open","ping_status":"closed","template":"","meta":[],"product_brand":[],"product_cat":[98],"product_tag":[2845,4112,201,3994,2358,2854,2852,2855,10196,2853,2842,2844,2848,2846,2850,2838,2849,2839,2840,2518,2843,215,2851,163,2841,2847],"class_list":{"0":"post-36838","1":"product","2":"type-product","3":"status-publish","4":"has-post-thumbnail","6":"product_cat-drones","7":"product_tag-beginner-drone","8":"product_tag-camara","9":"product_tag-compatible","10":"product_tag-con","11":"product_tag-dji","12":"product_tag-dji-drone","13":"product_tag-dji-mavic","14":"product_tag-dji-mini-2","15":"product_tag-dron","16":"product_tag-drone","17":"product_tag-drone-accessories","18":"product_tag-drone-battery","19":"product_tag-drone-gimbal","20":"product_tag-drone-propellers","21":"product_tag-drone-spare-parts","22":"product_tag-drone-with-camera","23":"product_tag-drones-under-200","24":"product_tag-foldable-drone","25":"product_tag-fpv-drone","26":"product_tag-gimbal","27":"product_tag-hd-drone","28":"product_tag-mini","29":"product_tag-mini-drone","30":"product_tag-pro","31":"product_tag-quadcopter","32":"product_tag-remote-control-drone","34":"first","35":"instock","36":"shipping-taxable","37":"product-type-external"},"_links":{"self":[{"href":"https:\/\/comprasyconsejos.store\/en\/wp-json\/wp\/v2\/product\/36838","targetHints":{"allow":["GET"]}}],"collection":[{"href":"https:\/\/comprasyconsejos.store\/en\/wp-json\/wp\/v2\/product"}],"about":[{"href":"https:\/\/comprasyconsejos.store\/en\/wp-json\/wp\/v2\/types\/product"}],"replies":[{"embeddable":true,"href":"https:\/\/comprasyconsejos.store\/en\/wp-json\/wp\/v2\/comments?post=36838"}],"version-history":[{"count":0,"href":"https:\/\/comprasyconsejos.store\/en\/wp-json\/wp\/v2\/product\/36838\/revisions"}],"wp:featuredmedia":[{"embeddable":true,"href":"https:\/\/comprasyconsejos.store\/en\/wp-json\/wp\/v2\/media\/36839"}],"wp:attachment":[{"href":"https:\/\/comprasyconsejos.store\/en\/wp-json\/wp\/v2\/media?parent=36838"}],"wp:term":[{"taxonomy":"product_brand","embeddable":true,"href":"https:\/\/comprasyconsejos.store\/en\/wp-json\/wp\/v2\/product_brand?post=36838"},{"taxonomy":"product_cat","embeddable":true,"href":"https:\/\/comprasyconsejos.store\/en\/wp-json\/wp\/v2\/product_cat?post=36838"},{"taxonomy":"product_tag","embeddable":true,"href":"https:\/\/comprasyconsejos.store\/en\/wp-json\/wp\/v2\/product_tag?post=36838"}],"curies":[{"name":"wp","href":"https:\/\/api.w.org\/{rel}","templated":true}]}}