{"id":36844,"date":"2026-03-02T12:48:03","date_gmt":"2026-03-02T12:48:03","guid":{"rendered":"https:\/\/comprasyconsejos.store\/product\/adaptador-inalambrico-mini-usb-3-1-x-3-1-x-1-1-cm-convertidor-inalambrico-auto-wifi-plug-and-play-smart-adapter-conexion-rapida-smartphone-accesorio-vehiculo\/"},"modified":"2026-03-02T12:48:05","modified_gmt":"2026-03-02T12:48:05","slug":"adaptador-inalambrico-mini-usb-3-1-x-3-1-x-1-1-cm-convertidor-inalambrico-auto-wifi-plug-and-play-smart-adapter-conexion-rapida-smartphone-accesorio-vehiculo","status":"publish","type":"product","link":"https:\/\/comprasyconsejos.store\/en\/product\/adaptador-inalambrico-mini-usb-3-1-x-3-1-x-1-1-cm-convertidor-inalambrico-auto-wifi-plug-and-play-smart-adapter-conexion-rapida-smartphone-accesorio-vehiculo\/","title":{"rendered":"Adaptador inal\u00e1mbrico &#8211; Mini USB 3.1 x 3.1 x 1.1 cm convertidor inal\u00e1mbrico | Auto WiFi | Plug and Play Smart Adapter | Conexi\u00f3n r\u00e1pida Smartphone | Accesorio veh\u00edculo"},"content":{"rendered":"<p>Price: <span style=\"color:#b12704\">\u20ac23.77<\/span><br \/><i><small>(as of Mar 02, 2026 12:48:03 UTC &#8211; <span class=\"wp_automatic_amazon_disclaimer\" title=\"Product prices and availability are accurate as of the date\/time indicated and are subject to change. Any price and availability information displayed on [relevant Amazon Site(s), as applicable] at the time of purchase will apply to the purchase of this product.\">Details<\/span>)<\/small><\/i><\/p>\n<p><a href=\"https:\/\/amazon.es\/dp\/B0GKB7L818?tag=man008-21\"><img decoding=\"async\" src=\"https:\/\/valvepress.s3.amazonaws.com\/imgs\/buy_now.png\"><\/a><br \/>\n<br \/>\n    <span>El Mini Convertidor Inal\u00e1mbrico para Coche ofrece conectividad y reconexi\u00f3n autom\u00e1tica inteligente para una variedad de veh\u00edculos, incluidos sedanes, camionetas, camiones y remolques. Dise\u00f1ado para mejorar la comodidad del autom\u00f3vil, este adaptador garantiza una conexi\u00f3n r\u00e1pida, reduciendo los retrasos durante el uso. Su dise\u00f1o compacto lo hace ideal para diferentes aplicaciones automotrices mientras mantiene un rendimiento confiable. Ya sea que conduzca un sed\u00e1n o remolque, este convertidor inal\u00e1mbrico se adapta f\u00e1cilmente a sus necesidades. Dise\u00f1ado para un rendimiento consistente, soporta diferentes tipos de veh\u00edculos, garantizando compatibilidad y facilidad de uso. El Mini Convertidor Inal\u00e1mbrico para Coche es una soluci\u00f3n fiable para aquellos que buscan funciones inal\u00e1mbricas eficientes en sus veh\u00edculos. <\/p>\n<p>Especificaci\u00f3n: <br \/>Nombre del producto: adaptador inal\u00e1mbrico para coche <br \/>Material: metal, vidrio, componentes electr\u00f3nicos <br \/>Estilo: etiqueta de color, etiqueta blanca <br \/>Voltaje de la caja: 5 V. <br \/>Resoluci\u00f3n: pantalla adaptativa <br \/>Modo de conexi\u00f3n: WiFi inal\u00e1mbrico <br \/>Puerto de entrada: USB <br \/>Puerto de salida: USB <br \/>Control de voz: voz inteligente <br \/>Modo de empleo: Plug and Play. <br \/>Adecuado para el coche principal: admite la pantalla t\u00e1ctil del bot\u00f3n principal del coche MC, etc. <br \/>Tama\u00f1o del producto: aproximadamente 3,1 x 3,1 x 1,1 cm. <br \/>Peso del producto: 15 g <\/p>\n<p>1 adaptador inal\u00e1mbrico para coche. <\/p>\n<p>Nota: <br \/>1 unidad. Debido a los efectos de luz y los \u00e1ngulos de visi\u00f3n, puede haber diferencias de color en el producto. <br \/>2. Debido a la medici\u00f3n manual, puede haber errores en el tama\u00f1o del producto, por favor entienda.<\/span>    <br \/> Package Dimensions                                            \u200f                                            :                                            \u200e                                            8 x 8 x 3 cm; 49 g   <br \/> Manufacturer                                            \u200f                                            :                                            \u200e                                            Generico   <br \/> ASIN                                            \u200f                                            :                                            \u200e                                            B0GKB7L818   <br \/> Manufacturer reference                                            \u200f                                            :                                            \u200e                                            WTBBB5C4AXNF7J1M3N   <br \/> Guaranteed software updates until                                            \u200f                                            :                                            \u200e                                            unknown   <\/p>\n<p>Seguridad Conducci\u00f3n mejorada: el adaptador inal\u00e1mbrico coche le permite utilizar navegaci\u00f3n y medios en modo completamente manos libres, minimizando las distracciones y aumentando la concentraci\u00f3n en la conducci\u00f3n. Mejora significativamente la seguridad durante viajes largos o desplazamientos urbanos, eliminando la necesidad de manipular dispositivos f\u00edsicos.<br \/>Adaptabilidad para multiusuario: dise\u00f1ado para almacenar y priorizar dispositivos, el adaptador inal\u00e1mbrico para coche garantiza una conectividad sin interrupciones al arrancar el coche, evitando desconexiones. La soluci\u00f3n ideal para entornos compartidos como el coche compartido o los coches familiares. Seamless Multi-User Adaptability: Designed to learn and prioritize devices, this USB car wireless adapter provides uninterrupted connectivity when starting the car, avoiding disconnections during ent<br \/>Dise\u00f1o compacto y sin cables: gracias al factor de forma ultra mini y a la ausencia de cables externos, el adaptador inal\u00e1mbrico para coche ofrece una configuraci\u00f3n limpia y organizada. Maximiza el espacio en el interior y proporciona un aspecto ordenado durante los viajes.<br \/>Funci\u00f3n de conexi\u00f3n r\u00e1pida: ofrece un emparejamiento autom\u00e1tico en solo tres segundos, asegurando un rendimiento fiable incluso en entornos complejos, ideal para aquellos que viajan a menudo y necesitan una sincronizaci\u00f3n inal\u00e1mbrica estable para la transmisi\u00f3n de m\u00fasica o de contenido durante sus compromisos.<br \/>Conveniencia Plug-and-Play: El adaptador inal\u00e1mbrico para coche ofrece reconocimiento plug-and-play sin interrupciones, eliminando la necesidad de instalar controladores o aplicaciones y garantizando la compatibilidad entre diferentes marcas. Esto hace que sea f\u00e1cil conectarse y disfrutar de entretenimiento ininterrumpido durante los viajes por carretera. El adaptador inal\u00e1mbrico para autom\u00f3vil es compatible con todos los principales sistemas de autom\u00f3viles, proporcionando una soluci\u00f3n plug-and-play inmediata y pr\u00e1ctica para una experiencia de conducci\u00f3n sin into<\/p>\n\n","protected":false},"excerpt":{"rendered":"<p> El Mini Convertidor Inal\u00e1mbrico para Coche ofrece conectividad y reconexi\u00f3n autom\u00e1tica inteligente para una variedad<\/p>","protected":false},"featured_media":36845,"comment_status":"open","ping_status":"closed","template":"","meta":[],"product_brand":[],"product_cat":[72],"product_tag":[7317,4152,144,731,9845,10777,2110,2116,4022,2114,215,2118,2112,1139,324,5328,1593,1897,133,2108,10778,543,2104,2120,2102,2106],"class_list":{"0":"post-36844","1":"product","2":"type-product","3":"status-publish","4":"has-post-thumbnail","6":"product_cat-wifi-sticks","7":"product_tag-accesorio","8":"product_tag-adaptador","9":"product_tag-adapter","10":"product_tag-auto","11":"product_tag-conexion","12":"product_tag-convertidor","13":"product_tag-dual-band-wifi-adapter","14":"product_tag-high-speed-wifi-usb","15":"product_tag-inalambrico","16":"product_tag-laptop-wifi-adapter","17":"product_tag-mini","18":"product_tag-mini-wifi-adapter","19":"product_tag-pc-wifi-adapter","20":"product_tag-play","21":"product_tag-plug","22":"product_tag-rapida","23":"product_tag-smart","24":"product_tag-smartphone","25":"product_tag-usb","26":"product_tag-usb-wifi-dongle","27":"product_tag-vehiculo","28":"product_tag-wifi","29":"product_tag-wifi-stick","30":"product_tag-wifi-stick-price","31":"product_tag-wifi-usb-adapter","32":"product_tag-wireless-usb-adapter","34":"first","35":"instock","36":"shipping-taxable","37":"product-type-external"},"_links":{"self":[{"href":"https:\/\/comprasyconsejos.store\/en\/wp-json\/wp\/v2\/product\/36844","targetHints":{"allow":["GET"]}}],"collection":[{"href":"https:\/\/comprasyconsejos.store\/en\/wp-json\/wp\/v2\/product"}],"about":[{"href":"https:\/\/comprasyconsejos.store\/en\/wp-json\/wp\/v2\/types\/product"}],"replies":[{"embeddable":true,"href":"https:\/\/comprasyconsejos.store\/en\/wp-json\/wp\/v2\/comments?post=36844"}],"version-history":[{"count":0,"href":"https:\/\/comprasyconsejos.store\/en\/wp-json\/wp\/v2\/product\/36844\/revisions"}],"wp:featuredmedia":[{"embeddable":true,"href":"https:\/\/comprasyconsejos.store\/en\/wp-json\/wp\/v2\/media\/36845"}],"wp:attachment":[{"href":"https:\/\/comprasyconsejos.store\/en\/wp-json\/wp\/v2\/media?parent=36844"}],"wp:term":[{"taxonomy":"product_brand","embeddable":true,"href":"https:\/\/comprasyconsejos.store\/en\/wp-json\/wp\/v2\/product_brand?post=36844"},{"taxonomy":"product_cat","embeddable":true,"href":"https:\/\/comprasyconsejos.store\/en\/wp-json\/wp\/v2\/product_cat?post=36844"},{"taxonomy":"product_tag","embeddable":true,"href":"https:\/\/comprasyconsejos.store\/en\/wp-json\/wp\/v2\/product_tag?post=36844"}],"curies":[{"name":"wp","href":"https:\/\/api.w.org\/{rel}","templated":true}]}}