{"id":36853,"date":"2026-03-02T12:58:52","date_gmt":"2026-03-02T12:58:52","guid":{"rendered":"https:\/\/comprasyconsejos.store\/product\/beyerdynamic-dt-770-pro-80-ohm-closed-design-on-ear-studio-headphones-with-cable-for-professional-recording-and-monitoring\/"},"modified":"2026-03-02T12:58:53","modified_gmt":"2026-03-02T12:58:53","slug":"beyerdynamic-dt-770-pro-80-ohm-closed-design-on-ear-studio-headphones-with-cable-for-professional-recording-and-monitoring","status":"publish","type":"product","link":"https:\/\/comprasyconsejos.store\/en\/product\/beyerdynamic-dt-770-pro-80-ohm-closed-design-on-ear-studio-headphones-with-cable-for-professional-recording-and-monitoring\/","title":{"rendered":"beyerdynamic DT 770 Pro 80 Ohm Closed Design On-Ear Studio Headphones with Cable for Professional Recording and Monitoring"},"content":{"rendered":"<p>Price: <span style=\"color:#b12704\">\u20ac148.00<\/span><br \/><i><small>(as of Mar 02, 2026 12:58:52 UTC &#8211; <span class=\"wp_automatic_amazon_disclaimer\" title=\"Product prices and availability are accurate as of the date\/time indicated and are subject to change. Any price and availability information displayed on [relevant Amazon Site(s), as applicable] at the time of purchase will apply to the purchase of this product.\">Details<\/span>)<\/small><\/i><\/p>\n<p><a href=\"https:\/\/amazon.es\/dp\/B0016MNAAI?tag=man008-21\"><img decoding=\"async\" src=\"https:\/\/valvepress.s3.amazonaws.com\/imgs\/buy_now.png\"><\/a><br \/>\n<\/p>\n<p>                                             From the brand   <\/p>\n<p>                                              <img decoding=\"async\" alt=\"Persona que usa auriculares supraaurales, sonr\u00ede mientras mira hacia un lado. Icono circular naranja en la esquina inferior izquierda\" src=\"https:\/\/images-na.ssl-images-amazon.com\/images\/G\/01\/x-locale\/common\/grey-pixel.gif\" class=\"a-lazy-loaded\" data-src=\"https:\/\/m.media-amazon.com\/images\/S\/aplus-media-library-service-media\/818540cd-82f2-47a4-ad20-7184c93de35e.__CR0,0,1464,625_PT0_SX1464_V1___.jpg\"><img decoding=\"async\" alt=\"Persona que usa auriculares supraaurales, sonr\u00ede mientras mira hacia un lado. Icono circular naranja en la esquina inferior izquierda\" src=\"https:\/\/m.media-amazon.com\/images\/S\/aplus-media-library-service-media\/818540cd-82f2-47a4-ad20-7184c93de35e.__CR0,0,1464,625_PT0_SX1464_V1___.jpg\">  <\/p>\n<p>                                              <img decoding=\"async\" alt=\"Varios paneles que muestran papel de regalo blanco con un dise\u00f1o de coraz\u00f3n rojo. El papel se muestra desde diferentes \u00e1ngulos y perspectivas.\" src=\"https:\/\/images-na.ssl-images-amazon.com\/images\/G\/01\/x-locale\/common\/grey-pixel.gif\" class=\"a-lazy-loaded\" data-src=\"https:\/\/m.media-amazon.com\/images\/S\/aplus-media-library-service-media\/1527df9a-c9fe-4c56-b7a9-8d84157b42f1.__CR88,0,2802,3506_PT0_SX362_V1___.png\"><img decoding=\"async\" alt=\"Varios paneles que muestran papel de regalo blanco con un dise\u00f1o de coraz\u00f3n rojo. El papel se muestra desde diferentes \u00e1ngulos y perspectivas.\" src=\"https:\/\/m.media-amazon.com\/images\/S\/aplus-media-library-service-media\/1527df9a-c9fe-4c56-b7a9-8d84157b42f1.__CR88,0,2802,3506_PT0_SX362_V1___.png\">  <\/p>\n<p>                                                         PRO &amp; CREATOR                                       <\/p>\n<p> Nuestros auriculares PRO llevan d\u00e9cadas marcado la pauta en los estudios de sonido profesionales de todo el mundo. Son la primera opci\u00f3n para artistas, creadores y expertos en audio y adem\u00e1s est\u00e1n considerados un referente. <\/p>\n<p> Nuestra amplia cartera de productos ofrece auriculares para todos los \u00e1mbitos de aplicaci\u00f3n, como p. ej. grabaci\u00f3n, mezcla y masterizaci\u00f3n, as\u00ed como podcasting y radiodifusi\u00f3n. <\/p>\n<\/p>\n<p> Ahora, la \u00fanica pregunta es: \u00bfcu\u00e1les son los mejores auriculares para ti? <\/p>\n<h3> Nuestras leyendas del estudio <\/h3>\n<p>                                              <img decoding=\"async\" alt=\"Persona que usa auriculares supraaurales mientras est\u00e1 sentada al piano en una biblioteca o estudio con paredes bordeadas de libros\" src=\"https:\/\/images-na.ssl-images-amazon.com\/images\/G\/01\/x-locale\/common\/grey-pixel.gif\" class=\"a-lazy-loaded\" data-src=\"https:\/\/m.media-amazon.com\/images\/S\/aplus-media-library-service-media\/2cd3370b-86cd-4ccf-b4db-d2df8270cb7c.__CR0,23,463,579_PT0_SX362_V1___.jpg\"><img decoding=\"async\" alt=\"Persona que usa auriculares supraaurales mientras est\u00e1 sentada al piano en una biblioteca o estudio con paredes bordeadas de libros\" src=\"https:\/\/m.media-amazon.com\/images\/S\/aplus-media-library-service-media\/2cd3370b-86cd-4ccf-b4db-d2df8270cb7c.__CR0,23,463,579_PT0_SX362_V1___.jpg\">  <\/p>\n<p>                                              <img decoding=\"async\" alt=\"usados por un hombre sonriente. Auriculares grandes y circulares con dise\u00f1o de rejilla visible. Conexi\u00f3n por cable visible.\" src=\"https:\/\/images-na.ssl-images-amazon.com\/images\/G\/01\/x-locale\/common\/grey-pixel.gif\" class=\"a-lazy-loaded\" data-src=\"https:\/\/m.media-amazon.com\/images\/S\/aplus-media-library-service-media\/60e0e22e-05b8-4fde-ac7d-b104c789d279.__CR504,0,1170,1464_PT0_SX362_V1___.jpg\"><img decoding=\"async\" alt=\"usados por un hombre sonriente. Auriculares grandes y circulares con dise\u00f1o de rejilla visible. Conexi\u00f3n por cable visible.\" src=\"https:\/\/m.media-amazon.com\/images\/S\/aplus-media-library-service-media\/60e0e22e-05b8-4fde-ac7d-b104c789d279.__CR504,0,1170,1464_PT0_SX362_V1___.jpg\">  <\/p>\n<p>                                              <img decoding=\"async\" alt=\"Configuraci\u00f3n de producci\u00f3n musical con monitores duales que muestran la interfaz del software de audio, el controlador de teclado MIDI y los auriculares supraaurales visibles en un entorno de estudio dom\u00e9stico\" src=\"https:\/\/images-na.ssl-images-amazon.com\/images\/G\/01\/x-locale\/common\/grey-pixel.gif\" class=\"a-lazy-loaded\" data-src=\"https:\/\/m.media-amazon.com\/images\/S\/aplus-media-library-service-media\/fe60104f-08b3-4f3f-b40a-dad8b0dadab2.__CR356,0,1356,1697_PT0_SX362_V1___.jpg\"><img decoding=\"async\" alt=\"Configuraci\u00f3n de producci\u00f3n musical con monitores duales que muestran la interfaz del software de audio, el controlador de teclado MIDI y los auriculares supraaurales visibles en un entorno de estudio dom\u00e9stico\" src=\"https:\/\/m.media-amazon.com\/images\/S\/aplus-media-library-service-media\/fe60104f-08b3-4f3f-b40a-dad8b0dadab2.__CR356,0,1356,1697_PT0_SX362_V1___.jpg\">  <\/p>\n<p> Is discontinued by manufacturer                                            \u200f                                            :                                            \u200e                                            No   <br \/> Product Dimensions                                            \u200f                                            :                                            \u200e                                            25.4 x 12.7 x 20.32 cm; 270 g   <br \/> Manufacturer                                            \u200f                                            :                                            \u200e                                            beyerdynamic GmbH &#038; Co. KG   <br \/> ASIN                                            \u200f                                            :                                            \u200e                                            B0016MNAAI   <br \/> Item model number                                            \u200f                                            :                                            \u200e                                            474746   <br \/> Guaranteed software updates until                                            \u200f                                            :                                            \u200e                                            unknown   <br \/>  Customer reviews:                                                                                            4.6               4.6 out of 5 stars                                  (27,251)                                              var dpAcrHasRegisteredArcLinkClickAction;                    P.when(&#8216;A&#8217;, &#8216;ready&#8217;).execute(function(A) {                        if (dpAcrHasRegisteredArcLinkClickAction !== true) {                            dpAcrHasRegisteredArcLinkClickAction = true;                            A.declarative(                                &#8216;acrLink-click-metrics&#8217;, &#8216;click&#8217;,                                { \u00aballowLinkDefault\u00bb: true },                                function (event) {                                    if (window.ue) {                                        ue.count(\u00abacrLinkClickCount\u00bb, (ue.count(\u00abacrLinkClickCount\u00bb) || 0) + 1);                                    }                                }                            );                        }                    });                                             P.when(&#8216;A&#8217;, &#8216;cf&#8217;).execute(function(A) {                A.declarative(&#8216;acrStarsLink-click-metrics&#8217;, &#8216;click&#8217;, { \u00aballowLinkDefault\u00bb : true },  function(event){                    if(window.ue) {                        ue.count(\u00abacrStarsLinkWithPopoverClickCount\u00bb, (ue.count(\u00abacrStarsLinkWithPopoverClickCount\u00bb) || 0) + 1);                    }                });            });                          <\/p>\n<p>Studio headphones in diffuse field, innovative bass reflex system, made in Germany<br \/>80 ohm impedance for studio use (ideal for recording, monitoring)<br \/>Durable and comfortable steel headband design, padded and adjustable, easy to maintain thanks to its interchangeable parts<br \/>Maximum comfort: Interchangeable circumaural softskin ear pads, soft headband, one-sided cable entry (3 m coiled cable)<br \/>Includes: DT 770 PRO headphones, 6.35 mm stereo jack adapter, drawstring bag, instruction manual, warranty manual<\/p>\n\n","protected":false},"excerpt":{"rendered":"<p> From the brand PRO &amp; CREATOR Nuestros auriculares PRO llevan d\u00e9cadas marcado la pauta en<\/p>","protected":false},"featured_media":36854,"comment_status":"open","ping_status":"closed","template":"","meta":[],"product_brand":[],"product_cat":[67],"product_tag":[2039,9270,182,2888,2045,2034,939,928,2043,2038,10781,9271,4045,163,814,2517,5830,2035,2036,2033,2041,2048],"class_list":{"0":"post-36853","1":"product","2":"type-product","3":"status-publish","4":"has-post-thumbnail","6":"product_cat-thermal-paste","7":"product_tag-best-thermal-paste","8":"product_tag-beyerdynamic","9":"product_tag-cable","10":"product_tag-closed","11":"product_tag-cpu-cooling-paste","12":"product_tag-cpu-thermal-paste","13":"product_tag-design","14":"product_tag-headphones","15":"product_tag-heat-sink-paste","16":"product_tag-high-performance-thermal-paste","17":"product_tag-monitoring","18":"product_tag-ohm","19":"product_tag-onear","20":"product_tag-pro","21":"product_tag-professional","22":"product_tag-recording","23":"product_tag-studio","24":"product_tag-thermal-compound","25":"product_tag-thermal-grease","26":"product_tag-thermal-paste","27":"product_tag-thermal-paste-for-gaming-pc","28":"product_tag-thermal-paste-price","30":"first","31":"instock","32":"shipping-taxable","33":"product-type-external"},"_links":{"self":[{"href":"https:\/\/comprasyconsejos.store\/en\/wp-json\/wp\/v2\/product\/36853","targetHints":{"allow":["GET"]}}],"collection":[{"href":"https:\/\/comprasyconsejos.store\/en\/wp-json\/wp\/v2\/product"}],"about":[{"href":"https:\/\/comprasyconsejos.store\/en\/wp-json\/wp\/v2\/types\/product"}],"replies":[{"embeddable":true,"href":"https:\/\/comprasyconsejos.store\/en\/wp-json\/wp\/v2\/comments?post=36853"}],"version-history":[{"count":0,"href":"https:\/\/comprasyconsejos.store\/en\/wp-json\/wp\/v2\/product\/36853\/revisions"}],"wp:featuredmedia":[{"embeddable":true,"href":"https:\/\/comprasyconsejos.store\/en\/wp-json\/wp\/v2\/media\/36854"}],"wp:attachment":[{"href":"https:\/\/comprasyconsejos.store\/en\/wp-json\/wp\/v2\/media?parent=36853"}],"wp:term":[{"taxonomy":"product_brand","embeddable":true,"href":"https:\/\/comprasyconsejos.store\/en\/wp-json\/wp\/v2\/product_brand?post=36853"},{"taxonomy":"product_cat","embeddable":true,"href":"https:\/\/comprasyconsejos.store\/en\/wp-json\/wp\/v2\/product_cat?post=36853"},{"taxonomy":"product_tag","embeddable":true,"href":"https:\/\/comprasyconsejos.store\/en\/wp-json\/wp\/v2\/product_tag?post=36853"}],"curies":[{"name":"wp","href":"https:\/\/api.w.org\/{rel}","templated":true}]}}