{"id":36856,"date":"2026-03-02T13:36:19","date_gmt":"2026-03-02T13:36:19","guid":{"rendered":"https:\/\/comprasyconsejos.store\/product\/thermalright-tl-c12cw-s-x3-cpu-fan-120mm-white-argb-case-cooler-fan-4pin-pwm-silent-computer-fan-with-s-fdb-bearing-included-up-to-1500rpm-cooling-fan\/"},"modified":"2026-03-02T13:36:20","modified_gmt":"2026-03-02T13:36:20","slug":"thermalright-tl-c12cw-s-x3-cpu-fan-120mm-white-argb-case-cooler-fan-4pin-pwm-silent-computer-fan-with-s-fdb-bearing-included-up-to-1500rpm-cooling-fan","status":"publish","type":"product","link":"https:\/\/comprasyconsejos.store\/en\/product\/thermalright-tl-c12cw-s-x3-cpu-fan-120mm-white-argb-case-cooler-fan-4pin-pwm-silent-computer-fan-with-s-fdb-bearing-included-up-to-1500rpm-cooling-fan\/","title":{"rendered":"Thermalright TL-C12CW-S X3 CPU Fan 120mm White ARGB Case Cooler Fan, 4pin PWM Silent Computer Fan with S-FDB Bearing Included, Up to 1500RPM Cooling Fan"},"content":{"rendered":"<p>Price: <span style=\"color:#b12704\">\u20ac15.39<\/span><br \/><i><small>(as of Mar 02, 2026 13:36:19 UTC &#8211; <span class=\"wp_automatic_amazon_disclaimer\" title=\"Product prices and availability are accurate as of the date\/time indicated and are subject to change. Any price and availability information displayed on [relevant Amazon Site(s), as applicable] at the time of purchase will apply to the purchase of this product.\">Details<\/span>)<\/small><\/i><\/p>\n<p><a href=\"https:\/\/amazon.es\/dp\/B0BKFMWXL7?tag=man008-21\"><img decoding=\"async\" src=\"https:\/\/valvepress.s3.amazonaws.com\/imgs\/buy_now.png\"><\/a><br \/>\n<\/p>\n<p>                                             Product Description   <\/p>\n<p>                                                  <img decoding=\"async\" alt=\"t - luz - una - luz - lente - una - luz - una - luz - una - luz - una - luz - una - luz - una - luz - a -\" src=\"https:\/\/images-na.ssl-images-amazon.com\/images\/G\/01\/x-locale\/common\/grey-pixel.gif\" class=\"a-lazy-loaded\" data-src=\"https:\/\/m.media-amazon.com\/images\/S\/aplus-media-library-service-media\/304700cb-11fd-4c33-880e-a47a06a245b4.__CR0,0,970,300_PT0_SX970_V1___.jpg\"><img decoding=\"async\" alt=\"t - luz - una - luz - lente - una - luz - una - luz - una - luz - una - luz - una - luz - una - luz - a -\" src=\"https:\/\/m.media-amazon.com\/images\/S\/aplus-media-library-service-media\/304700cb-11fd-4c33-880e-a47a06a245b4.__CR0,0,970,300_PT0_SX970_V1___.jpg\">  <\/p>\n<p>                                                                             <img decoding=\"async\" alt=\"los diferentes tipos de CD\" src=\"https:\/\/images-na.ssl-images-amazon.com\/images\/G\/01\/x-locale\/common\/grey-pixel.gif\" class=\"a-spacing-base a-lazy-loaded\" data-src=\"https:\/\/m.media-amazon.com\/images\/S\/aplus-media-library-service-media\/13906809-c05c-4f9a-b69a-da60b4ffca25.__CR0,0,970,600_PT0_SX970_V1___.jpg\"><img decoding=\"async\" alt=\"los diferentes tipos de CD\" src=\"https:\/\/m.media-amazon.com\/images\/S\/aplus-media-library-service-media\/13906809-c05c-4f9a-b69a-da60b4ffca25.__CR0,0,970,600_PT0_SX970_V1___.jpg\">                                                                    <\/p>\n<p class=\"apm-text-center\">\n                                                      <img decoding=\"async\" alt=\"un reproductor de CD con un CD en una funda blanca\" src=\"https:\/\/images-na.ssl-images-amazon.com\/images\/G\/01\/x-locale\/common\/grey-pixel.gif\" class=\"a-spacing-mini a-lazy-loaded\" data-src=\"https:\/\/m.media-amazon.com\/images\/S\/aplus-media-library-service-media\/754ceb43-4a07-4fd4-aeb1-c87cf08be7b1.__CR0,0,300,300_PT0_SX300_V1___.jpg\"><img decoding=\"async\" alt=\"un reproductor de CD con un CD en una funda blanca\" src=\"https:\/\/m.media-amazon.com\/images\/S\/aplus-media-library-service-media\/754ceb43-4a07-4fd4-aeb1-c87cf08be7b1.__CR0,0,300,300_PT0_SX300_V1___.jpg\">  <\/p>\n<p>                                                    PODER DEL DISE\u00d1O                                       <\/p>\n<p> Despu\u00e9s de a\u00f1os de ingenier\u00eda, Thermalright presenta el dise\u00f1o original de TL-C12C, capaz de maximizar el flujo de aire a una velocidad de ventilador de 1550RPM. <\/p>\n<p> Centrado en el equilibrio entre el flujo de aire y el rendimiento de la presi\u00f3n est\u00e1tica, la serie de ventiladores Thermalright TL-C12C es una opci\u00f3n completa para disipadores, radiadores o cajas de refrigeraci\u00f3n de ordenadores. <\/p>\n<p class=\"apm-text-center\">\n                                                      <img decoding=\"async\" alt=\"los auriculares est\u00e1n dise\u00f1ados para usarse en el hogar.\" src=\"https:\/\/images-na.ssl-images-amazon.com\/images\/G\/01\/x-locale\/common\/grey-pixel.gif\" class=\"a-spacing-mini a-lazy-loaded\" data-src=\"https:\/\/m.media-amazon.com\/images\/S\/aplus-media-library-service-media\/a93f086a-6f07-4bed-b2c4-c8af4ab70628.__CR0,0,300,300_PT0_SX300_V1___.jpg\"><img decoding=\"async\" alt=\"los auriculares est\u00e1n dise\u00f1ados para usarse en el hogar.\" src=\"https:\/\/m.media-amazon.com\/images\/S\/aplus-media-library-service-media\/a93f086a-6f07-4bed-b2c4-c8af4ab70628.__CR0,0,300,300_PT0_SX300_V1___.jpg\">  <\/p>\n<p>                                                    CONSTRUYE FUERTE, PIENSA ERGON\u00d3MICO                                       <\/p>\n<p> Tanto las aspas del ventilador como el marco est\u00e1n fabricados con pol\u00edmeros de PC combinados con PBT de calidad industrial, lo que garantiza su resistencia y estabilidad en casos de uso inform\u00e1tico. Cada esquina del ventilador tiene preinstalada una almohadilla de caucho de silicona para amortiguar el ruido y las vibraciones. <\/p>\n<p class=\"apm-text-center\">\n                                                      <img decoding=\"async\" alt=\"una imagen de producto de t - v05 rgb v - i3 rgb v - i3 rgb rgb rgb rgb rgb rgb rgb rgb r\" src=\"https:\/\/images-na.ssl-images-amazon.com\/images\/G\/01\/x-locale\/common\/grey-pixel.gif\" class=\"a-spacing-mini a-lazy-loaded\" data-src=\"https:\/\/m.media-amazon.com\/images\/S\/aplus-media-library-service-media\/7238303c-7ca2-4c88-a8da-a75015225daa.__CR0,0,300,300_PT0_SX300_V1___.jpg\"><img decoding=\"async\" alt=\"una imagen de producto de t - v05 rgb v - i3 rgb v - i3 rgb rgb rgb rgb rgb rgb rgb rgb r\" src=\"https:\/\/m.media-amazon.com\/images\/S\/aplus-media-library-service-media\/7238303c-7ca2-4c88-a8da-a75015225daa.__CR0,0,300,300_PT0_SX300_V1___.jpg\">  <\/p>\n<p>                                                    RODAMIENTO S-FDB DE LARGA DURACI\u00d3N                                       <\/p>\n<p> Motor de ventilador equipado con rodamiento S-FDB (Fluid Dynamic Bearing) de alta durabilidad, que garantiza un funcionamiento silencioso y de baja fricci\u00f3n. Para una larga vida \u00fatil en la construcci\u00f3n de su PC. <\/p>\n<p> El ventilador Thermalright con rodamiento S-FDB no necesita mantenimiento, por favor no lo desmonte. <\/p>\n<p>                                                  <img decoding=\"async\" alt=\"el texto est\u00e1 en la esquina inferior derecha.\" src=\"https:\/\/images-na.ssl-images-amazon.com\/images\/G\/01\/x-locale\/common\/grey-pixel.gif\" class=\"a-lazy-loaded\" data-src=\"https:\/\/m.media-amazon.com\/images\/S\/aplus-media-library-service-media\/40f790fa-fe42-43a0-b030-7c215c5ebfc0.__CR0,0,970,300_PT0_SX970_V1___.jpg\"><img decoding=\"async\" alt=\"el texto est\u00e1 en la esquina inferior derecha.\" src=\"https:\/\/m.media-amazon.com\/images\/S\/aplus-media-library-service-media\/40f790fa-fe42-43a0-b030-7c215c5ebfc0.__CR0,0,970,300_PT0_SX970_V1___.jpg\">  <\/p>\n<p> Product Dimensions                                            \u200f                                            :                                            \u200e                                            11.99 x 11.99 x 2.49 cm; 460 g   <br \/> Date First Available                                            \u200f                                            :                                            \u200e                                            25 Oct. 2022   <br \/> Manufacturer                                            \u200f                                            :                                            \u200e                                            Thermalright   <br \/> ASIN                                            \u200f                                            :                                            \u200e                                            B0BKFMWXL7   <br \/> Manufacturer reference                                            \u200f                                            :                                            \u200e                                            C12CW-S X3-D5   <br \/> Country of origin                                            \u200f                                            :                                            \u200e                                            China   <br \/>       Best Sellers Rank:  2,482 in Computers (See Top 100 in Computers)    103 in Computer Case Fans      <br \/>  Customer reviews:                                                                                            4.6               4.6 out of 5 stars                                  (630)                                              var dpAcrHasRegisteredArcLinkClickAction;                    P.when(&#8216;A&#8217;, &#8216;ready&#8217;).execute(function(A) {                        if (dpAcrHasRegisteredArcLinkClickAction !== true) {                            dpAcrHasRegisteredArcLinkClickAction = true;                            A.declarative(                                &#8216;acrLink-click-metrics&#8217;, &#8216;click&#8217;,                                { \u00aballowLinkDefault\u00bb: true },                                function (event) {                                    if (window.ue) {                                        ue.count(\u00abacrLinkClickCount\u00bb, (ue.count(\u00abacrLinkClickCount\u00bb) || 0) + 1);                                    }                                }                            );                        }                    });                                             P.when(&#8216;A&#8217;, &#8216;cf&#8217;).execute(function(A) {                A.declarative(&#8216;acrStarsLink-click-metrics&#8217;, &#8216;click&#8217;, { \u00aballowLinkDefault\u00bb : true },  function(event){                    if(window.ue) {                        ue.count(\u00abacrStarsLinkWithPopoverClickCount\u00bb, (ue.count(\u00abacrStarsLinkWithPopoverClickCount\u00bb) || 0) + 1);                    }                });            });                          <\/p>\n<p>\u3010High Performance Cooling Fan\u3011. Automatic motherboard speed control through the 4PIN PWM fan cable interface, which can determine the speed according to the temperature of the motherboard, with a maximum speed of 1500RPM. Configured with up to 55cm of cable for PWM series control of fans, ideal for cases and CPU coolers.<br \/>\u3010Quality Bearings\u3011Carefully developed quality S-FDB bearings solve the problem of PC cooling fan blade shaking in lift mode, keeping fan noise to a minimum while providing maximum cooling performance when needed and extending fan life.<br \/>[Excellent LED Light] High-brightness LED by atomizing argb fan blade can effectively reflect light, making the ARGB lighting effect softer, and match the cooler and housing more perfectly. Up to 17 light effects modes with ARGB support, color can be managed and synchronized through the port on the motherboard.<br \/>\u3010Silent Fan Size\u3011 Model: TL-C12CW-S X3, Size: 120*120*25mm, Speed: 1500RPM\u00b110%, Noise \u2264 25.6dBA Connector: 4pin pwm, Current: 0.20A, Air pressure: 1.52mm H2O, Airflow: 6. 6.17CFF M, Increased airflow to improve cooling performance.<br \/>\u3010Perfect Match\u3011The PC fan can be used not only as a case fan, but also suitable for use with a CPU cooler to create a cooling effect together, which can remove the dry heat from the case and the high temperature generated by the CPU in operation, allowing maximum cooling; Ideal for cases, radiators and CPU coolers.<\/p>\n\n","protected":false},"excerpt":{"rendered":"<p> Product Description PODER DEL DISE\u00d1O Despu\u00e9s de a\u00f1os de ingenier\u00eda, Thermalright presenta el dise\u00f1o original<\/p>","protected":false},"featured_media":36857,"comment_status":"open","ping_status":"closed","template":"","meta":[],"product_brand":[],"product_cat":[65],"product_tag":[1381,2003,2005,9273,2021,1568,2026,2013,994,1998,539,2015,1668,989,2009,598,910,2011,415,2000,2023,2007,2001,2025,1010,2017,3722,205],"class_list":{"0":"post-36856","1":"product","2":"type-product","3":"status-publish","4":"has-post-thumbnail","6":"product_cat-case-fan","7":"product_tag-120mm","8":"product_tag-120mm-case-fan","9":"product_tag-140mm-case-fan","10":"product_tag-1500rpm","11":"product_tag-4pin","12":"product_tag-argb","13":"product_tag-bearing","14":"product_tag-best-case-fan","15":"product_tag-case","16":"product_tag-case-fan","17":"product_tag-computer","18":"product_tag-computer-cooling-fan","19":"product_tag-cooler","20":"product_tag-cooling","21":"product_tag-cooling-fan-for-pc","22":"product_tag-cpu","23":"product_tag-fan","24":"product_tag-high-airflow-case-fan","25":"product_tag-included","26":"product_tag-pc-case-fan","27":"product_tag-pwm","28":"product_tag-quiet-case-fan","29":"product_tag-rgb-case-fan","30":"product_tag-sfdb","31":"product_tag-silent","32":"product_tag-thermalright","33":"product_tag-tlc12cws","34":"product_tag-white","36":"first","37":"instock","38":"shipping-taxable","39":"product-type-external"},"_links":{"self":[{"href":"https:\/\/comprasyconsejos.store\/en\/wp-json\/wp\/v2\/product\/36856","targetHints":{"allow":["GET"]}}],"collection":[{"href":"https:\/\/comprasyconsejos.store\/en\/wp-json\/wp\/v2\/product"}],"about":[{"href":"https:\/\/comprasyconsejos.store\/en\/wp-json\/wp\/v2\/types\/product"}],"replies":[{"embeddable":true,"href":"https:\/\/comprasyconsejos.store\/en\/wp-json\/wp\/v2\/comments?post=36856"}],"version-history":[{"count":0,"href":"https:\/\/comprasyconsejos.store\/en\/wp-json\/wp\/v2\/product\/36856\/revisions"}],"wp:featuredmedia":[{"embeddable":true,"href":"https:\/\/comprasyconsejos.store\/en\/wp-json\/wp\/v2\/media\/36857"}],"wp:attachment":[{"href":"https:\/\/comprasyconsejos.store\/en\/wp-json\/wp\/v2\/media?parent=36856"}],"wp:term":[{"taxonomy":"product_brand","embeddable":true,"href":"https:\/\/comprasyconsejos.store\/en\/wp-json\/wp\/v2\/product_brand?post=36856"},{"taxonomy":"product_cat","embeddable":true,"href":"https:\/\/comprasyconsejos.store\/en\/wp-json\/wp\/v2\/product_cat?post=36856"},{"taxonomy":"product_tag","embeddable":true,"href":"https:\/\/comprasyconsejos.store\/en\/wp-json\/wp\/v2\/product_tag?post=36856"}],"curies":[{"name":"wp","href":"https:\/\/api.w.org\/{rel}","templated":true}]}}