{"id":36862,"date":"2026-03-02T13:52:51","date_gmt":"2026-03-02T13:52:51","guid":{"rendered":"https:\/\/comprasyconsejos.store\/product\/joyusing-scanpad100-the-most-portable-document-scanner-13mp-usb-document-camera-1-scanper-second-a4-capture-size-ocr-ai-enhancement-win-mac-compatible\/"},"modified":"2026-03-02T13:52:54","modified_gmt":"2026-03-02T13:52:54","slug":"joyusing-scanpad100-the-most-portable-document-scanner-13mp-usb-document-camera-1-scanper-second-a4-capture-size-ocr-ai-enhancement-win-mac-compatible","status":"publish","type":"product","link":"https:\/\/comprasyconsejos.store\/en\/product\/joyusing-scanpad100-the-most-portable-document-scanner-13mp-usb-document-camera-1-scanper-second-a4-capture-size-ocr-ai-enhancement-win-mac-compatible\/","title":{"rendered":"JOYUSING Scanpad100 The Most Portable Document Scanner 13MP USB Document Camera, 1 Scanper Second, A4 Capture Size, OCR, AI Enhancement, Win, Mac Compatible"},"content":{"rendered":"<p>Price: <span style=\"color:#b12704\">\u20ac119.00<\/span><br \/><i><small>(as of Mar 02, 2026 13:52:51 UTC &#8211; <span class=\"wp_automatic_amazon_disclaimer\" title=\"Product prices and availability are accurate as of the date\/time indicated and are subject to change. Any price and availability information displayed on [relevant Amazon Site(s), as applicable] at the time of purchase will apply to the purchase of this product.\">Details<\/span>)<\/small><\/i><\/p>\n<p><a href=\"https:\/\/amazon.es\/dp\/B0G566MP3Z?tag=man008-21\"><img decoding=\"async\" src=\"https:\/\/valvepress.s3.amazonaws.com\/imgs\/buy_now.png\"><\/a><br \/>\n<\/p>\n<p>                                             From the brand   <\/p>\n<p>                                              <img decoding=\"async\" alt=\"aplus content image\" src=\"https:\/\/images-na.ssl-images-amazon.com\/images\/G\/01\/x-locale\/common\/grey-pixel.gif\" class=\"a-lazy-loaded\" data-src=\"https:\/\/m.media-amazon.com\/images\/S\/aplus-media-library-service-media\/f84c23d3-293f-4d8d-87a6-be8f942b9c20.__CR0,0,1464,625_PT0_SX1464_V1___.jpg\"><img decoding=\"async\" alt=\"aplus content image\" src=\"https:\/\/m.media-amazon.com\/images\/S\/aplus-media-library-service-media\/f84c23d3-293f-4d8d-87a6-be8f942b9c20.__CR0,0,1464,625_PT0_SX1464_V1___.jpg\">  <\/p>\n<p>                                              <img decoding=\"async\" alt=\"V508 C\u00e1mara de Documentos\" src=\"https:\/\/images-na.ssl-images-amazon.com\/images\/G\/01\/x-locale\/common\/grey-pixel.gif\" class=\"a-lazy-loaded\" data-src=\"https:\/\/m.media-amazon.com\/images\/S\/aplus-media-library-service-media\/cdcfdad2-638e-4085-9c53-ee06f63ff408.__CR0,23,463,579_PT0_SX362_V1___.jpg\"><img decoding=\"async\" alt=\"V508 C\u00e1mara de Documentos\" src=\"https:\/\/m.media-amazon.com\/images\/S\/aplus-media-library-service-media\/cdcfdad2-638e-4085-9c53-ee06f63ff408.__CR0,23,463,579_PT0_SX362_V1___.jpg\">  <\/p>\n<p>                                              <img decoding=\"async\" alt=\"\" src=\"https:\/\/images-na.ssl-images-amazon.com\/images\/G\/01\/x-locale\/common\/grey-pixel.gif\" class=\"a-lazy-loaded\" data-src=\"https:\/\/m.media-amazon.com\/images\/S\/aplus-media-library-service-media\/f18d27e3-ec75-417c-9ed0-5e5b5d695c03.__CR0,0,315,145_PT0_SX315_V1___.jpg\"><img decoding=\"async\" alt=\"\" src=\"https:\/\/m.media-amazon.com\/images\/S\/aplus-media-library-service-media\/f18d27e3-ec75-417c-9ed0-5e5b5d695c03.__CR0,0,315,145_PT0_SX315_V1___.jpg\">  <\/p>\n<p> JOYUSING TECH Visi\u00f3n: Conectar mundo con productos y soluciones visuales innovadoras en entornos de negocio y educaci\u00f3n. QUI\u00c9NES SOMOS Joyusing Tech, fabricante profesional e innovador de materiales educativos y de oficina. Como suministrador global, ofrece productos, soluciones y servicios para ense\u00f1anza en aula, salas de conferencias, trabajo gubernamental, atenci\u00f3n m\u00e9dica, presentaci\u00f3n de pruebas judiciales y aprendizaje a distancia. <\/p>\n<p>                                              <img decoding=\"async\" alt=\"hdmi Visualizador\" src=\"https:\/\/images-na.ssl-images-amazon.com\/images\/G\/01\/x-locale\/common\/grey-pixel.gif\" class=\"a-lazy-loaded\" data-src=\"https:\/\/m.media-amazon.com\/images\/S\/aplus-media-library-service-media\/79413c03-cbeb-48fc-af34-a69095ad790c.__CR0,23,463,579_PT0_SX362_V1___.jpg\"><img decoding=\"async\" alt=\"hdmi Visualizador\" src=\"https:\/\/m.media-amazon.com\/images\/S\/aplus-media-library-service-media\/79413c03-cbeb-48fc-af34-a69095ad790c.__CR0,23,463,579_PT0_SX362_V1___.jpg\">  <\/p>\n<p>                                              <img decoding=\"async\" alt=\"usb Visualizador\" src=\"https:\/\/images-na.ssl-images-amazon.com\/images\/G\/01\/x-locale\/common\/grey-pixel.gif\" class=\"a-lazy-loaded\" data-src=\"https:\/\/m.media-amazon.com\/images\/S\/aplus-media-library-service-media\/418ad882-138a-4215-afa4-500efac56422.__CR0,23,463,579_PT0_SX362_V1___.jpg\"><img decoding=\"async\" alt=\"usb Visualizador\" src=\"https:\/\/m.media-amazon.com\/images\/S\/aplus-media-library-service-media\/418ad882-138a-4215-afa4-500efac56422.__CR0,23,463,579_PT0_SX362_V1___.jpg\">  <\/p>\n<p>                                              <img decoding=\"async\" alt=\"C\u00e1mara de Documentos\" src=\"https:\/\/images-na.ssl-images-amazon.com\/images\/G\/01\/x-locale\/common\/grey-pixel.gif\" class=\"a-lazy-loaded\" data-src=\"https:\/\/m.media-amazon.com\/images\/S\/aplus-media-library-service-media\/f5851689-e708-4fc2-8180-5b72d22ddf7c.__CR0,23,463,579_PT0_SX362_V1___.jpg\"><img decoding=\"async\" alt=\"C\u00e1mara de Documentos\" src=\"https:\/\/m.media-amazon.com\/images\/S\/aplus-media-library-service-media\/f5851689-e708-4fc2-8180-5b72d22ddf7c.__CR0,23,463,579_PT0_SX362_V1___.jpg\">  <\/p>\n<p>                                              <img decoding=\"async\" alt=\"4k C\u00e1mara de Documentos\" src=\"https:\/\/images-na.ssl-images-amazon.com\/images\/G\/01\/x-locale\/common\/grey-pixel.gif\" class=\"a-lazy-loaded\" data-src=\"https:\/\/m.media-amazon.com\/images\/S\/aplus-media-library-service-media\/ed9ca958-ebe2-4de4-9d43-3fc69997ab92.__CR0,23,463,579_PT0_SX362_V1___.jpg\"><img decoding=\"async\" alt=\"4k C\u00e1mara de Documentos\" src=\"https:\/\/m.media-amazon.com\/images\/S\/aplus-media-library-service-media\/ed9ca958-ebe2-4de4-9d43-3fc69997ab92.__CR0,23,463,579_PT0_SX362_V1___.jpg\">  <\/p>\n<p>                                              <img decoding=\"async\" alt=\"wifi C\u00e1mara de Documentos\" src=\"https:\/\/images-na.ssl-images-amazon.com\/images\/G\/01\/x-locale\/common\/grey-pixel.gif\" class=\"a-lazy-loaded\" data-src=\"https:\/\/m.media-amazon.com\/images\/S\/aplus-media-library-service-media\/1a134b18-05ad-41b5-af02-54bf0b27d67d.__CR0,23,463,579_PT0_SX362_V1___.jpg\"><img decoding=\"async\" alt=\"wifi C\u00e1mara de Documentos\" src=\"https:\/\/m.media-amazon.com\/images\/S\/aplus-media-library-service-media\/1a134b18-05ad-41b5-af02-54bf0b27d67d.__CR0,23,463,579_PT0_SX362_V1___.jpg\">  <\/p>\n<p>                                              <img decoding=\"async\" alt=\"13MP hdmi Herramienta de comunicaci\u00f3n visual \" src=\"https:\/\/images-na.ssl-images-amazon.com\/images\/G\/01\/x-locale\/common\/grey-pixel.gif\" class=\"a-lazy-loaded\" data-src=\"https:\/\/m.media-amazon.com\/images\/S\/aplus-media-library-service-media\/40cfdd62-7b75-4f58-b090-5a8a65312acb.__CR0,23,463,579_PT0_SX362_V1___.jpg\"><img decoding=\"async\" alt=\"13MP hdmi Herramienta de comunicaci\u00f3n visual \" src=\"https:\/\/m.media-amazon.com\/images\/S\/aplus-media-library-service-media\/40cfdd62-7b75-4f58-b090-5a8a65312acb.__CR0,23,463,579_PT0_SX362_V1___.jpg\">  <\/p>\n<p>                                              <img decoding=\"async\" alt=\"joyusing C\u00e1mara de Documentos\" src=\"https:\/\/images-na.ssl-images-amazon.com\/images\/G\/01\/x-locale\/common\/grey-pixel.gif\" class=\"a-lazy-loaded\" data-src=\"https:\/\/m.media-amazon.com\/images\/S\/aplus-media-library-service-media\/3102f97b-099a-4a89-ad2e-18a62783017b.__CR0,23,463,579_PT0_SX362_V1___.jpg\"><img decoding=\"async\" alt=\"joyusing C\u00e1mara de Documentos\" src=\"https:\/\/m.media-amazon.com\/images\/S\/aplus-media-library-service-media\/3102f97b-099a-4a89-ad2e-18a62783017b.__CR0,23,463,579_PT0_SX362_V1___.jpg\">  <\/p>\n<p>                                              <img decoding=\"async\" alt=\"aplus content image\" src=\"https:\/\/images-na.ssl-images-amazon.com\/images\/G\/01\/x-locale\/common\/grey-pixel.gif\" class=\"a-lazy-loaded\" data-src=\"https:\/\/m.media-amazon.com\/images\/S\/aplus-media-library-service-media\/4f7e28a7-d9e5-40e7-b38d-fc007ac05e7a.__CR0,23,463,579_PT0_SX362_V1___.jpg\"><img decoding=\"async\" alt=\"aplus content image\" src=\"https:\/\/m.media-amazon.com\/images\/S\/aplus-media-library-service-media\/4f7e28a7-d9e5-40e7-b38d-fc007ac05e7a.__CR0,23,463,579_PT0_SX362_V1___.jpg\">  <\/p>\n<p> Product Dimensions                                            \u200f                                            :                                            \u200e                                            5 x 7 x 35 cm; 900 g   <br \/> Manufacturer                                            \u200f                                            :                                            \u200e                                            joyusing tech   <br \/> ASIN                                            \u200f                                            :                                            \u200e                                            B0G566MP3Z   <br \/> Item model number                                            \u200f                                            :                                            \u200e                                            Scanpad100   <br \/> Guaranteed software updates until                                            \u200f                                            :                                            \u200e                                            unknown   <br \/>  Customer reviews:                                                                                            3.3               3.3 out of 5 stars                                  (17)                                              var dpAcrHasRegisteredArcLinkClickAction;                    P.when(&#8216;A&#8217;, &#8216;ready&#8217;).execute(function(A) {                        if (dpAcrHasRegisteredArcLinkClickAction !== true) {                            dpAcrHasRegisteredArcLinkClickAction = true;                            A.declarative(                                &#8216;acrLink-click-metrics&#8217;, &#8216;click&#8217;,                                { \u00aballowLinkDefault\u00bb: true },                                function (event) {                                    if (window.ue) {                                        ue.count(\u00abacrLinkClickCount\u00bb, (ue.count(\u00abacrLinkClickCount\u00bb) || 0) + 1);                                    }                                }                            );                        }                    });                                             P.when(&#8216;A&#8217;, &#8216;cf&#8217;).execute(function(A) {                A.declarative(&#8216;acrStarsLink-click-metrics&#8217;, &#8216;click&#8217;, { \u00aballowLinkDefault\u00bb : true },  function(event){                    if(window.ue) {                        ue.count(\u00abacrStarsLinkWithPopoverClickCount\u00bb, (ue.count(\u00abacrStarsLinkWithPopoverClickCount\u00bb) || 0) + 1);                    }                });            });                          <\/p>\n<p>\u3010How to get the software\u3011 Visit Joyusing website by searching for \u00abJoyusing\u00bb on Google, then click on SUPPORT \u2013 Download Center. Please select the model of your device. Choose the right software for your computer. If you have any questions, please contact us via Amazon Messages: we are here to help you anytime.<br \/>\u3010Excellent Performance\u301113MP and 300DPI, 1 scan per second, OCR text recognition, AI enhancement, Type-C output, scan size \u226421.0\u00d729.7cm (A4 equivalent), support Win, Mac.<br \/>\u3010Compact for Storage, Easy to Carry\u3011Thanks to its tilted arm, flexible folding base and magnetic closure, the ScanPad 100 folds into a slim and spacer bar: easy to store, convenient to carry, and ready to unfold when you need it.<br \/>\u3010Versatile scanning for all your needs\u3011Whether it&#8217;s official documents, drawings, photos, sketches, receipts or even stamps, the ScanPad 100 captures them all accurately and clearly. Not recommended for very bright papers and books.<br \/>\u3010Scan to Share in a Snap\u3011Powerful OCR supports multiple languages with 99.9% accuracy. With one click, export scans in editable Word\/Excel\/PDF\/PDF formats.<\/p>\n\n","protected":false},"excerpt":{"rendered":"<p> From the brand JOYUSING TECH Visi\u00f3n: Conectar mundo con productos y soluciones visuales innovadoras en<\/p>","protected":false},"featured_media":36863,"comment_status":"open","ping_status":"closed","template":"","meta":[],"product_brand":[],"product_cat":[60],"product_tag":[834,1990,681,4794,201,1996,1982,8118,1989,1983,1986,10787,774,6803,1987,1984,290,1985,840,1991,10788,10789,1359,133,1988,586],"class_list":{"0":"post-36862","1":"product","2":"type-product","3":"status-publish","4":"has-post-thumbnail","6":"product_cat-scanners","7":"product_tag-13mp","8":"product_tag-best-scanner","9":"product_tag-camera","10":"product_tag-capture","11":"product_tag-compatible","12":"product_tag-document","13":"product_tag-document-scanner","14":"product_tag-enhancement","15":"product_tag-fast-document-scanner","16":"product_tag-flatbed-scanner","17":"product_tag-high-resolution-scanner","18":"product_tag-joyusing","19":"product_tag-mac","20":"product_tag-ocr","21":"product_tag-office-scanner","22":"product_tag-photo-scanner","23":"product_tag-portable","24":"product_tag-portable-scanner","25":"product_tag-scanner","26":"product_tag-scanner-price","27":"product_tag-scanpad100","28":"product_tag-scanper","29":"product_tag-size","30":"product_tag-usb","31":"product_tag-usb-scanner","32":"product_tag-win","34":"first","35":"instock","36":"shipping-taxable","37":"product-type-external"},"_links":{"self":[{"href":"https:\/\/comprasyconsejos.store\/en\/wp-json\/wp\/v2\/product\/36862","targetHints":{"allow":["GET"]}}],"collection":[{"href":"https:\/\/comprasyconsejos.store\/en\/wp-json\/wp\/v2\/product"}],"about":[{"href":"https:\/\/comprasyconsejos.store\/en\/wp-json\/wp\/v2\/types\/product"}],"replies":[{"embeddable":true,"href":"https:\/\/comprasyconsejos.store\/en\/wp-json\/wp\/v2\/comments?post=36862"}],"version-history":[{"count":0,"href":"https:\/\/comprasyconsejos.store\/en\/wp-json\/wp\/v2\/product\/36862\/revisions"}],"wp:featuredmedia":[{"embeddable":true,"href":"https:\/\/comprasyconsejos.store\/en\/wp-json\/wp\/v2\/media\/36863"}],"wp:attachment":[{"href":"https:\/\/comprasyconsejos.store\/en\/wp-json\/wp\/v2\/media?parent=36862"}],"wp:term":[{"taxonomy":"product_brand","embeddable":true,"href":"https:\/\/comprasyconsejos.store\/en\/wp-json\/wp\/v2\/product_brand?post=36862"},{"taxonomy":"product_cat","embeddable":true,"href":"https:\/\/comprasyconsejos.store\/en\/wp-json\/wp\/v2\/product_cat?post=36862"},{"taxonomy":"product_tag","embeddable":true,"href":"https:\/\/comprasyconsejos.store\/en\/wp-json\/wp\/v2\/product_tag?post=36862"}],"curies":[{"name":"wp","href":"https:\/\/api.w.org\/{rel}","templated":true}]}}