{"id":36880,"date":"2026-03-02T15:35:52","date_gmt":"2026-03-02T15:35:52","guid":{"rendered":"https:\/\/comprasyconsejos.store\/product\/portable-monitor-4k-18-inches-display-with-gtv-os-uhd-3840-x-2160-hdr85-ntfcips-portable-monitor-for-laptop-xbo-ps5-smartphone-usb-c-hdmi-vesa-compatible-with-speakers-and-stand\/"},"modified":"2026-03-02T15:35:58","modified_gmt":"2026-03-02T15:35:58","slug":"portable-monitor-4k-18-inches-display-with-gtv-os-uhd-3840-x-2160-hdr85-ntfcips-portable-monitor-for-laptop-xbo-ps5-smartphone-usb-c-hdmi-vesa-compatible-with-speakers-and-stand","status":"publish","type":"product","link":"https:\/\/comprasyconsejos.store\/en\/product\/portable-monitor-4k-18-inches-display-with-gtv-os-uhd-3840-x-2160-hdr85-ntfcips-portable-monitor-for-laptop-xbo-ps5-smartphone-usb-c-hdmi-vesa-compatible-with-speakers-and-stand\/","title":{"rendered":"Portable Monitor 4K 18 Inches Display with GTV OS, UHD 3840 x 2160 | HDR|85% NTFC|IPS Portable Monitor for Laptop\/Xbo\/PS5\/Smartphone\/USB C\/HDMI, VESA Compatible, with Speakers and Stand"},"content":{"rendered":"<p>Price: <span style=\"color:#b12704\">\u20ac379.99<\/span><br \/><i><small>(as of Mar 02, 2026 15:35:52 UTC &#8211; <span class=\"wp_automatic_amazon_disclaimer\" title=\"Product prices and availability are accurate as of the date\/time indicated and are subject to change. Any price and availability information displayed on [relevant Amazon Site(s), as applicable] at the time of purchase will apply to the purchase of this product.\">Details<\/span>)<\/small><\/i><\/p>\n<p><a href=\"https:\/\/amazon.es\/dp\/B0F1MDCZ1Y?tag=man008-21\"><img decoding=\"async\" src=\"https:\/\/valvepress.s3.amazonaws.com\/imgs\/buy_now.png\"><\/a><br \/>\n<\/p>\n<p>                                             Product Description   <\/p>\n<p>                                                                                                       <img decoding=\"async\" alt=\"Monitor port\u00e1til 4K de 18,4 pulgadas con HDR\" src=\"https:\/\/images-na.ssl-images-amazon.com\/images\/G\/01\/x-locale\/common\/grey-pixel.gif\" class=\"a-lazy-loaded\" data-src=\"https:\/\/m.media-amazon.com\/images\/S\/aplus-media-library-service-media\/a2b73966-1970-49f2-b553-069f0e0f492b.__CR0,0,1464,600_PT0_SX1464_V1___.jpg\"><img decoding=\"async\" alt=\"Monitor port\u00e1til 4K de 18,4 pulgadas con HDR\" src=\"https:\/\/m.media-amazon.com\/images\/S\/aplus-media-library-service-media\/a2b73966-1970-49f2-b553-069f0e0f492b.__CR0,0,1464,600_PT0_SX1464_V1___.jpg\">                                               <\/p>\n<p>                                                                                  <img decoding=\"async\" alt=\"Monitor port\u00e1til 4K de 18,4 pulgadas con HDR\" src=\"https:\/\/m.media-amazon.com\/images\/S\/aplus-media-library-service-media\/5f74bdda-d013-4304-85da-c486f4edabeb.__CR0,0,1464,600_PT0_SX1464_V1___.jpg\">       <\/p>\n<p>                                                                                  <img decoding=\"async\" alt=\"Monitor port\u00e1til 4K de 18,4 pulgadas con HDR\" src=\"https:\/\/m.media-amazon.com\/images\/S\/aplus-media-library-service-media\/2f7d086b-7f37-4d23-8c20-55b352f9caa4.__CR0,0,1464,600_PT0_SX1464_V1___.jpg\">       <\/p>\n<p>                                                                                     <img decoding=\"async\" alt=\"Imagen dividida que muestra el sistema de entretenimiento del autom\u00f3vil. Izquierda: pasajero con auriculares. Centro: pantalla del asiento trasero con una interfaz colorida. Derecha: pantalla del Chromecast en la pantalla del reposacabezas. El texto dice: \u00abGoogle TV OS\u00bb y \u00abChromecast\u00bb.\" src=\"https:\/\/m.media-amazon.com\/images\/S\/aplus-media-library-service-media\/0ef01f38-9ea0-4e96-9ef1-c85f2ff2efab.__CR0,0,1464,600_PT0_SX1464_V1___.jpg\">       <\/p>\n<p>                                                                                     <img decoding=\"async\" alt=\"Monitor port\u00e1til 4K de 18,4 pulgadas con HDR\" src=\"https:\/\/m.media-amazon.com\/images\/S\/aplus-media-library-service-media\/ee68ad67-0c98-4863-b0a4-c113ae9270b3.__CR0,0,1464,600_PT0_SX1464_V1___.jpg\">                                                    Smart TV Port\u00e1til                                         <\/p>\n<p class=\"aplus-p3\"> Con el OS GTV integrado y los altavoces 2*2W, la pantalla se puede utilizar como un Smart TV sin necesidad de un decodificador o dispositivos adicionales, para disfrutar de un entretenimiento rico. <\/p>\n<p>                                                                                                                    <img decoding=\"async\" alt=\"Monitor port\u00e1til 4K de 18,4 pulgadas con HDR\" src=\"https:\/\/m.media-amazon.com\/images\/S\/aplus-media-library-service-media\/86791ed2-047d-4fbe-95ea-36185a66d5e9.__CR0,0,1464,600_PT0_SX1464_V1___.jpg\">                                                    <img decoding=\"async\" alt=\"Monitor port\u00e1til 4K de 18,4 pulgadas con HDR\" src=\"https:\/\/m.media-amazon.com\/images\/S\/aplus-media-library-service-media\/3f0c5119-9d17-4e7e-9dc7-ec52dcea8fc1.__CR0,0,1464,600_PT0_SX1464_V1___.jpg\">                                                    <img decoding=\"async\" alt=\"Monitor port\u00e1til 4K de 18,4 pulgadas con HDR\" src=\"https:\/\/m.media-amazon.com\/images\/S\/aplus-media-library-service-media\/0e11e0d1-e41e-4eb4-90f9-2b53f8914ba9.__CR0,0,1464,600_PT0_SX1464_V1___.jpg\">                                                    <img decoding=\"async\" alt=\"Monitor port\u00e1til 4K de 18,4 pulgadas con HDR\" src=\"https:\/\/m.media-amazon.com\/images\/S\/aplus-media-library-service-media\/2db67ac8-c57e-4f7b-b032-8c6a8d8d5803.__CR0,0,1464,600_PT0_SX1464_V1___.jpg\">                                                    <img decoding=\"async\" alt=\"Monitor port\u00e1til 4K de 18,4 pulgadas con HDR\" src=\"https:\/\/m.media-amazon.com\/images\/S\/aplus-media-library-service-media\/29563c99-66e7-4b6c-aa54-b19d98ddf095.__CR0,0,1464,600_PT0_SX1464_V1___.jpg\"><br \/>\n                            1 4K (3840*2160) Ultra HD <\/p>\n<p>                            2 HDR <\/p>\n<p>                            3 85%NTSC&amp;1,07B(8Bit + FRC) <\/p>\n<p>                            4 Pantalla IPS Mate <\/p>\n<p>                            5 Low BlueLight&amp;FlickerFree <\/p>\n<p>                                                                                                                    <img decoding=\"async\" alt=\"Monitor port\u00e1til 4K de 18,4 pulgadas con HDR\" src=\"https:\/\/m.media-amazon.com\/images\/S\/aplus-media-library-service-media\/52ebb72b-706a-47ad-a12b-93119cbf0ff8.__CR0,0,1464,600_PT0_SX1464_V1___.jpg\">                                                    <img decoding=\"async\" alt=\"Monitor port\u00e1til 4K de 18,4 pulgadas con HDR\" src=\"https:\/\/m.media-amazon.com\/images\/S\/aplus-media-library-service-media\/f0a26035-54b3-4e54-94c6-f143fcbbfb94.__CR0,0,1464,600_PT0_SX1464_V1___.jpg\">                                                    <img decoding=\"async\" alt=\"Monitor port\u00e1til 4K de 18,4 pulgadas con HDR\" src=\"https:\/\/m.media-amazon.com\/images\/S\/aplus-media-library-service-media\/7dacc07b-4491-472a-90ce-6c76b14d2656.__CR0,0,1464,600_PT0_SX1464_V1___.jpg\">                                                    <img decoding=\"async\" alt=\"Monitor port\u00e1til 4K de 18,4 pulgadas con HDR\" src=\"https:\/\/m.media-amazon.com\/images\/S\/aplus-media-library-service-media\/88b85150-f6a3-4963-9954-59fc15cb9a3e.__CR0,0,1464,600_PT0_SX1464_V1___.jpg\">                                                    <img decoding=\"async\" alt=\"Monitor port\u00e1til 4K de 18,4 pulgadas con HDR\" src=\"https:\/\/m.media-amazon.com\/images\/S\/aplus-media-library-service-media\/59afcf64-c309-4db6-b2a1-2cb368dbdb91.__CR0,0,1464,600_PT0_SX1464_V1___.jpg\"><br \/>\n                            1 18,4 Pulgadas <\/p>\n<p>                            2 Soporte Ajustable a 165\u00b0 <\/p>\n<p>                            3 Amplia Compatibilidad <\/p>\n<p>                            4 M\u00e9todos de Conexi\u00f3n <\/p>\n<p>                            5 Monitor Port\u00e1til <\/p>\n<p>                                                                                     <img decoding=\"async\" alt=\"Configuraci\u00f3n de escritorio con dos pantallas: port\u00e1til que muestra documentos y monitor independiente que muestra las redes sociales. Manos escribiendo en el port\u00e1til, taza de caf\u00e9 cerca\" src=\"https:\/\/m.media-amazon.com\/images\/S\/aplus-media-library-service-media\/516043b6-1e6f-4c56-9392-2287ecddf548.__CR0,0,1464,600_PT0_SX1464_V1___.jpg\">                                                    Oficina M\u00f3vil                                         <\/p>\n<p class=\"aplus-p3\"> El monitor port\u00e1til puede ampliar el espacio de visualizaci\u00f3n de port\u00e1tiles\/tabletas, ideal para trabajar durante viajes, desplazamientos de negocios o en cafeter\u00edas, mejorando la eficiencia laboral. <\/p>\n<p>                                                                                     <img decoding=\"async\" alt=\"Monitor port\u00e1til 4K de 18,4 pulgadas con HDR\" src=\"https:\/\/m.media-amazon.com\/images\/S\/aplus-media-library-service-media\/16dcefd8-b614-4189-a359-0c8fa644bb90.__CR0,0,1464,600_PT0_SX1464_V1___.jpg\">                                                    Juegos y Entretenimiento                                         <\/p>\n<p class=\"aplus-p3\"> Este monitor port\u00e1til de 18,4 pulgadas es compatible con dispositivos de juegos como Switch, PlayStation, Xbox, permiti\u00e9ndole disfrutar de una experiencia de juego en pantalla grande. <\/p>\n<p>                                                                                     <img decoding=\"async\" alt=\"Dispositivo port\u00e1til con pantalla t\u00e1ctil con recetas mostradas, utilizado en la cocina. Hombre con camisa azul preparando comida con verduras y un dispositivo cerca de la encimera\" src=\"https:\/\/m.media-amazon.com\/images\/S\/aplus-media-library-service-media\/80edb970-98de-4b86-a045-4515584f0365.__CR0,0,1464,600_PT0_SX1464_V1___.jpg\">                                                    Visualizaci\u00f3n en L\u00ednea                                         <\/p>\n<p class=\"aplus-p3\"> Este monitor port\u00e1til tiene integrado el sistema GTV, lo que le permite disfrutar de videos en l\u00ednea sin necesidad de dispositivos adicionales, facilitando enormemente su vida. <\/p>\n<p>                                                                                     <img decoding=\"async\" alt=\"con 88 teclas en un entorno dom\u00e9stico. Mujer tocando el instrumento cerca de una ventana con vista al jard\u00edn. Partituras y flores visibles en el piano.\" src=\"https:\/\/m.media-amazon.com\/images\/S\/aplus-media-library-service-media\/b812503e-adba-40f0-81ad-4abd3c35813e.__CR0,0,1464,600_PT0_SX1464_V1___.jpg\">                                                    Ampliaci\u00f3n de la Pantalla del Tel\u00e9fono                                         <\/p>\n<p class=\"aplus-p3\"> Al conectar el monitor port\u00e1til al tel\u00e9fono, puede disfrutar f\u00e1cilmente de un espacio de visualizaci\u00f3n m\u00e1s grande, ofreciendo un uso m\u00e1s c\u00f3modo y pr\u00e1ctico. <\/p>\n<p>                                                                                     <img decoding=\"async\" alt=\"Monitor port\u00e1til 4K de 18,4 pulgadas con HDR\" src=\"https:\/\/m.media-amazon.com\/images\/S\/aplus-media-library-service-media\/433672f0-fa74-4de1-9153-592472c2e3df.__CR0,0,1464,600_PT0_SX1464_V1___.jpg\">                                                    Mejorar la Experiencia Creativa                                         <\/p>\n<p class=\"aplus-p3\"> El monitor port\u00e1til ofrece un \u00e1rea de visualizaci\u00f3n m\u00e1s grande, combinada con una alta capacidad de reproducci\u00f3n del color, permitiendo monitorear el contenido en tiempo real durante la grabaci\u00f3n. <\/p>\n<p>                                                                                  <img decoding=\"async\" alt=\"Monitor port\u00e1til 4K de 18,4 pulgadas con HDR\" src=\"https:\/\/m.media-amazon.com\/images\/S\/aplus-media-library-service-media\/84016464-92ac-4470-9f8f-17786084afa9.__CR0,0,1464,600_PT0_SX1464_V1___.jpg\">       <\/p>\n<p>                                                                                  <img decoding=\"async\" alt=\"Configuraci\u00f3n de juegos con consola blanca, computadora port\u00e1til que muestra gr\u00e1ficos coloridos y un monitor grande que muestra el juego de carreras. Imagen insertada de personas celebrando con sombreros de fiesta y confeti\" src=\"https:\/\/m.media-amazon.com\/images\/S\/aplus-media-library-service-media\/fcff78c7-7d7a-40c9-ab7f-71ed39e51ffb.__CR0,0,1464,600_PT0_SX1464_V1___.jpg\">       <\/p>\n<p>                                                                                  <img decoding=\"async\" alt=\"Monitor port\u00e1til 4K de 18,4 pulgadas con HDR\" src=\"https:\/\/m.media-amazon.com\/images\/S\/aplus-media-library-service-media\/86603354-0032-4530-bd9b-16253a0f6ddf.__CR0,0,1464,600_PT0_SX1464_V1___.jpg\">       <\/p>\n<p>                                                                                  <img decoding=\"async\" alt=\"Monitor port\u00e1til 4K de 18,4 pulgadas con HDR\" src=\"https:\/\/m.media-amazon.com\/images\/S\/aplus-media-library-service-media\/c4519374-6b4e-45a5-b097-e883bcaca9c6.__CR0,0,1464,600_PT0_SX1464_V1___.jpg\">       <\/p>\n<p>                                                                                  <img decoding=\"async\" alt=\"que muestra im\u00e1genes de paisajes. Incluye accesorios: cables USB-C, mando a distancia, adaptador de corriente. Dimensiones del producto mostradas: 43,5 cm de ancho, 25,7 cm de alto, 0,98\" src=\"https:\/\/m.media-amazon.com\/images\/S\/aplus-media-library-service-media\/0decbb0b-bfca-4df3-bfb6-06e069f6ade2.__CR0,0,1464,600_PT0_SX1464_V1___.jpg\">       <\/p>\n<h3>\n<p class=\"aplus-question aplus-p1\"> \u00bfPor qu\u00e9 parpadea frecuentemente un monitor port\u00e1til? <\/p>\n<\/h3>\n<p class=\"aplus-answer aplus-p2\"> -Verifique si las conexiones est\u00e1n bien ajustadas. <\/p>\n<p class=\"aplus-answer aplus-p2\"> -Para las conexiones USB-C o HDMI, se recomienda utilizar un adaptador de alimentaci\u00f3n separado para garantizar una alimentaci\u00f3n adecuada del monitor. <\/p>\n<h3>\n<p class=\"aplus-question aplus-p1\"> El puerto USB Type-C est\u00e1 conectado pero no se muestra ninguna imagen <\/p>\n<\/h3>\n<p class=\"aplus-answer aplus-p2\"> El monitor port\u00e1til solo es compatible con dispositivos que cuenten con un puerto USB Type-C de funcionalidad completa para la transmisi\u00f3n de audio y video.Su dispositivo debe ser compatible con los protocolos USB Type-C DisplayPort Thunderbolt 3\/4. <\/p>\n<h3>\n<p class=\"aplus-question aplus-p1\"> \u00bfQu\u00e9 hacer si mi computadora port\u00e1til no es compatible con un puerto USB-C de funci\u00f3n completa? <\/p>\n<\/h3>\n<p class=\"aplus-answer aplus-p2\"> Si su computadora port\u00e1til no tiene un puerto USB-C de funci\u00f3n completa, le recomendamos usar un cable HDMI (para la transmisi\u00f3n de se\u00f1al de video) y conectar el adaptador de alimentaci\u00f3n proporcionado para alimentar el monitor. <\/p>\n<p> Product Dimensions                                            \u200f                                            :                                            \u200e                                            0.58 x 43.4 x 25.2 cm; 2.23 kg   <br \/> Manufacturer                                            \u200f                                            :                                            \u200e                                            Kinhank   <br \/> ASIN                                            \u200f                                            :                                            \u200e                                            B0F1MDCZ1Y   <br \/> Item model number                                            \u200f                                            :                                            \u200e                                            K18G   <br \/> Country\/Region of Origin                                            \u200f                                            :                                            \u200e                                            China   <br \/> Guaranteed software updates until                                            \u200f                                            :                                            \u200e                                            unknown   <br \/>  Customer reviews:                                                                                            4.8               4.8 out of 5 stars                                  (8)                                              var dpAcrHasRegisteredArcLinkClickAction;                    P.when(&#8216;A&#8217;, &#8216;ready&#8217;).execute(function(A) {                        if (dpAcrHasRegisteredArcLinkClickAction !== true) {                            dpAcrHasRegisteredArcLinkClickAction = true;                            A.declarative(                                &#8216;acrLink-click-metrics&#8217;, &#8216;click&#8217;,                                { \u00aballowLinkDefault\u00bb: true },                                function (event) {                                    if (window.ue) {                                        ue.count(\u00abacrLinkClickCount\u00bb, (ue.count(\u00abacrLinkClickCount\u00bb) || 0) + 1);                                    }                                }                            );                        }                    });                                             P.when(&#8216;A&#8217;, &#8216;cf&#8217;).execute(function(A) {                A.declarative(&#8216;acrStarsLink-click-metrics&#8217;, &#8216;click&#8217;, { \u00aballowLinkDefault\u00bb : true },  function(event){                    if(window.ue) {                        ue.count(\u00abacrStarsLinkWithPopoverClickCount\u00bb, (ue.count(\u00abacrStarsLinkWithPopoverClickCount\u00bb) || 0) + 1);                    }                });            });                          <\/p>\n<p>\u30104K Ultra HD Resolution &#038; HDR Support\u3011This 18.4 inch portable monitor supports 4K resolution (3840 x 2160 pixels) and HDR technology, increasing pixel density four times compared to Full HD 1080p, bringing you a clearer, more vivid and realistic visual experience. The monitor features an IPS matte display with a 170\u00b0 viewing angle, Low-Blue-Light and Flicker-Free technology, ensuring your eyes won&#8217;t get tired or uncomfortable even with prolonged use.<br \/>\u3010Google TV Integrated System\u3011 This portable 4K Ultra HD monitor is equipped with the Google TV smart system and integrates two 2W speakers. It can not only be used as a working device, but also as a smart TV. The monitor is compatible with over 10,000 apps like Netflix, YouTube and more, so you can enjoy rich 4K content anytime, anywhere without needing to connect additional devices. It also features an HDMI output port that supports 4K Ultra HD output.<br \/>\u301018.4 Inch Large Screen\u3011 This 18.4 inch portable screen can be used as an additional monitor for laptops and supports a 16:9 aspect ratio, offering more workspace. Its design is slim and lightweight, with a minimum thickness of only 0.5cm, which makes it highly portable and ideal for business trips or travel, increasing work efficiency.<br \/>\u3010Accurate Color Representation\u3011 This portable laptop monitor supports 85% NTSC color space, 1.07 billion colors (8 bits + FRC), 300 nits brightness and 1000:1 contrast ratio, providing an expanded color range and more accurate and vibrant color reproduction. It is particularly suitable for image editing, video production and professional design work, improving labor efficiency.<br \/>\u3010Full Compatibility\u3011 This portable screen features standardized HDMI input\/output ports and two fully functional USB-C ports, compatible with Xbox, PS3\/4\/5, Switch and other game consoles, PCs, laptops and smartphones. It also has a 3.5mm audio jack and a TF card slot. It is equipped with a 165\u00b0 adjustable bracket and is compatible with standard VESA mounting (75x75mm). It is suitable for various situations, such as office work, entertainment, games and creative applications.<br \/>\u3010Multiple Display Modes for Laptop Secondary Screen\u3011 This portable monitor supports three display modes: mirroring, extension and secondary display. You can adjust the screen orientation to landscape or portrait mode according to your preference(Portrait mode should be set on PC or laptop, not automatically adjust on monitor), improving work efficiency and providing the best viewing angle. You can also adjust brightness, volume, HDR on\/off and other settings directly on the monitor.<br \/>\u3010Laptop Screen Extension, 2-Year Warranty\u3011 Kinhank smart portable monitor offers 24\/7 customer service and a worry-free 30-day return guarantee. Contact Kinhank support for a 24-month product warranty and lifetime technical support. Please save the user manual for easy access to the bracket!<\/p>\n\n","protected":false},"excerpt":{"rendered":"<p> Product Description Smart TV Port\u00e1til Con el OS GTV integrado y los altavoces 2*2W, la<\/p>","protected":false},"featured_media":36881,"comment_status":"open","ping_status":"closed","template":"","meta":[],"product_brand":[],"product_cat":[53],"product_tag":[1804,1801,1802,1805,1803,1799,1807,1806,10806,201,561,10802,10803,1611,10805,844,10804,290,1808,1039,227,684,1800,2342],"class_list":{"0":"post-36880","1":"product","2":"type-product","3":"status-publish","4":"has-post-thumbnail","6":"product_cat-4k-monitors","7":"product_tag-32-inch-4k-monitor","8":"product_tag-3840x2160-monitor","9":"product_tag-4k-gaming-monitor","10":"product_tag-4k-hdr-monitor","11":"product_tag-4k-ips-monitor","12":"product_tag-4k-monitor","13":"product_tag-4k-monitor-price","14":"product_tag-best-4k-monitor","15":"product_tag-chdmi","16":"product_tag-compatible","17":"product_tag-display","18":"product_tag-gtv","19":"product_tag-hdr85","20":"product_tag-inches","21":"product_tag-laptopxbops5smartphoneusb","22":"product_tag-monitor","23":"product_tag-ntfcips","24":"product_tag-portable","25":"product_tag-professional-4k-monitor","26":"product_tag-speakers","27":"product_tag-stand","28":"product_tag-uhd","29":"product_tag-uhd-monitor","30":"product_tag-vesa","32":"first","33":"instock","34":"shipping-taxable","35":"product-type-external"},"_links":{"self":[{"href":"https:\/\/comprasyconsejos.store\/en\/wp-json\/wp\/v2\/product\/36880","targetHints":{"allow":["GET"]}}],"collection":[{"href":"https:\/\/comprasyconsejos.store\/en\/wp-json\/wp\/v2\/product"}],"about":[{"href":"https:\/\/comprasyconsejos.store\/en\/wp-json\/wp\/v2\/types\/product"}],"replies":[{"embeddable":true,"href":"https:\/\/comprasyconsejos.store\/en\/wp-json\/wp\/v2\/comments?post=36880"}],"version-history":[{"count":0,"href":"https:\/\/comprasyconsejos.store\/en\/wp-json\/wp\/v2\/product\/36880\/revisions"}],"wp:featuredmedia":[{"embeddable":true,"href":"https:\/\/comprasyconsejos.store\/en\/wp-json\/wp\/v2\/media\/36881"}],"wp:attachment":[{"href":"https:\/\/comprasyconsejos.store\/en\/wp-json\/wp\/v2\/media?parent=36880"}],"wp:term":[{"taxonomy":"product_brand","embeddable":true,"href":"https:\/\/comprasyconsejos.store\/en\/wp-json\/wp\/v2\/product_brand?post=36880"},{"taxonomy":"product_cat","embeddable":true,"href":"https:\/\/comprasyconsejos.store\/en\/wp-json\/wp\/v2\/product_cat?post=36880"},{"taxonomy":"product_tag","embeddable":true,"href":"https:\/\/comprasyconsejos.store\/en\/wp-json\/wp\/v2\/product_tag?post=36880"}],"curies":[{"name":"wp","href":"https:\/\/api.w.org\/{rel}","templated":true}]}}