{"id":36883,"date":"2026-03-02T15:38:27","date_gmt":"2026-03-02T15:38:27","guid":{"rendered":"https:\/\/comprasyconsejos.store\/product\/aoc-q27g42xe-gaming-monitor-27-qhd-180-hz-ips-1-ms-gtg-hdr10-freesync-prem-g-sync-compat-speakers-2560x1440-2x-hdmi-2-0-1x-dp-1-4-black\/"},"modified":"2026-03-02T15:38:28","modified_gmt":"2026-03-02T15:38:28","slug":"aoc-q27g42xe-gaming-monitor-27-qhd-180-hz-ips-1-ms-gtg-hdr10-freesync-prem-g-sync-compat-speakers-2560x1440-2x-hdmi-2-0-1x-dp-1-4-black","status":"publish","type":"product","link":"https:\/\/comprasyconsejos.store\/en\/product\/aoc-q27g42xe-gaming-monitor-27-qhd-180-hz-ips-1-ms-gtg-hdr10-freesync-prem-g-sync-compat-speakers-2560x1440-2x-hdmi-2-0-1x-dp-1-4-black\/","title":{"rendered":"AOC Q27G42XE Gaming Monitor 27&#8243; QHD, 180 Hz, IPS, 1 ms GtG, HDR10, FreeSync Prem., G-Sync Compat., Speakers (2560&#215;1440, 2X HDMI 2.0, 1x DP 1.4) Black"},"content":{"rendered":"<p>Price: <span style=\"color:#b12704\"><del>\u20ac209.00<\/del> - \u20ac149.00<\/span><br \/><i><small>(as of Mar 02, 2026 15:38:27 UTC &#8211; <span class=\"wp_automatic_amazon_disclaimer\" title=\"Product prices and availability are accurate as of the date\/time indicated and are subject to change. Any price and availability information displayed on [relevant Amazon Site(s), as applicable] at the time of purchase will apply to the purchase of this product.\">Details<\/span>)<\/small><\/i><\/p>\n<p><a href=\"https:\/\/amazon.es\/dp\/B0DT4R1N9N?tag=man008-21\"><img decoding=\"async\" src=\"https:\/\/valvepress.s3.amazonaws.com\/imgs\/buy_now.png\"><\/a><br \/>\n<\/p>\n<p>                                             From the manufacturer   <\/p>\n<p>                                                  <img decoding=\"async\" alt=\"Escena de puesta de sol con decoraciones con tem\u00e1tica de Halloween y una silueta retroiluminada de color naranja contra un espectacular cielo con nubes.\" src=\"https:\/\/images-na.ssl-images-amazon.com\/images\/G\/01\/x-locale\/common\/grey-pixel.gif\" class=\"a-lazy-loaded\" data-src=\"https:\/\/m.media-amazon.com\/images\/S\/aplus-media-library-service-media\/c3ef2f4d-ea49-4638-92d8-16197f198f92.__CR0,0,970,300_PT0_SX970_V1___.jpg\"><img decoding=\"async\" alt=\"Escena de puesta de sol con decoraciones con tem\u00e1tica de Halloween y una silueta retroiluminada de color naranja contra un espectacular cielo con nubes.\" src=\"https:\/\/m.media-amazon.com\/images\/S\/aplus-media-library-service-media\/c3ef2f4d-ea49-4638-92d8-16197f198f92.__CR0,0,970,300_PT0_SX970_V1___.jpg\">  <\/p>\n<h3> Monitor Q27G42XE <\/h3>\n<p> SOLO PARA LOS VERDADEROS VALIENTES <\/p>\n<p>                                                      <img decoding=\"async\" alt=\"altTextForImage\" src=\"https:\/\/images-na.ssl-images-amazon.com\/images\/G\/01\/x-locale\/common\/grey-pixel.gif\" class=\"a-spacing-mini a-lazy-loaded\" data-src=\"https:\/\/m.media-amazon.com\/images\/S\/aplus-media-library-service-media\/20281e9f-bd13-41c5-92f6-41e35a4652e5.__CR0,0,300,400_PT0_SX300_V1___.jpg\"><img decoding=\"async\" alt=\"altTextForImage\" src=\"https:\/\/m.media-amazon.com\/images\/S\/aplus-media-library-service-media\/20281e9f-bd13-41c5-92f6-41e35a4652e5.__CR0,0,300,400_PT0_SX300_V1___.jpg\">  <\/p>\n<p>                                                              <img decoding=\"async\" alt=\"altTextForImage\" src=\"https:\/\/images-na.ssl-images-amazon.com\/images\/G\/01\/x-locale\/common\/grey-pixel.gif\" class=\"a-spacing-mini a-lazy-loaded\" data-src=\"https:\/\/m.media-amazon.com\/images\/S\/aplus-media-library-service-media\/bb9078ea-10a6-4740-99c4-6cfeb5412d3f.__CR0,0,350,175_PT0_SX350_V1___.jpg\"><img decoding=\"async\" alt=\"altTextForImage\" src=\"https:\/\/m.media-amazon.com\/images\/S\/aplus-media-library-service-media\/bb9078ea-10a6-4740-99c4-6cfeb5412d3f.__CR0,0,350,175_PT0_SX350_V1___.jpg\">                                                                                                   Tama\u00f1o de la pantalla (pulgadas): 27       Tipo de panel: Fast IPS       Frecuencia de actualizaci\u00f3n: 180 Hz       Tecnolog\u00eda de sincronizaci\u00f3n (VRR): Adaptive Sync       Tiempo de respuesta GtG: 1 ms       <\/p>\n<p>                                                                                         Mejora tu configuraci\u00f3n con el monitor para juegos QHD de 27&#8243; Q27G42XE                                     <\/p>\n<p class=\"a-spacing-base\"> El Q27G42XE cuenta con un panel IPS r\u00e1pido QHD de 27&#8243;, frecuencia de actualizaci\u00f3n de 180 Hz y tiempo de respuesta GtG de 1 ms para im\u00e1genes n\u00edtidas y fluidas. Con HDR10, AdaptiveSync y bajo retraso de entrada, garantiza un rendimiento confiable. Un dise\u00f1o listo para la estaci\u00f3n de batalla, un embalaje reciclable y el software G-Menu hacen de este monitor un complemento pr\u00e1ctico y ecol\u00f3gico para cualquier configuraci\u00f3n de juego. <\/p>\n<p class=\"apm-text-center\">\n                                                      <img decoding=\"async\" alt=\"altTextForImage\" src=\"https:\/\/images-na.ssl-images-amazon.com\/images\/G\/01\/x-locale\/common\/grey-pixel.gif\" class=\"a-spacing-mini a-lazy-loaded\" data-src=\"https:\/\/m.media-amazon.com\/images\/S\/aplus-media-library-service-media\/68a1573c-04a2-41db-86a2-516a208a1690.__CR0,0,860,860_PT0_SX300_V1___.jpg\"><img decoding=\"async\" alt=\"altTextForImage\" src=\"https:\/\/m.media-amazon.com\/images\/S\/aplus-media-library-service-media\/68a1573c-04a2-41db-86a2-516a208a1690.__CR0,0,860,860_PT0_SX300_V1___.jpg\">  <\/p>\n<p>                                                    Resoluci\u00f3n QHD                                       <\/p>\n<p> Con una resoluci\u00f3n de 2560 x 1440, la pantalla Quad HD (QHD) ofrece una calidad superior de imagen e im\u00e1genes m\u00e1s precisas que desvelan los detalles m\u00e1s sutiles. La relaci\u00f3n de aspecto de gran pantalla de 16:9 proporciona mucho espacio para repartir y trabajar, y tambi\u00e9n te permite disfrutar de juegos o pel\u00edculas en su tama\u00f1o original. <\/p>\n<p class=\"apm-text-center\">\n                                                      <img decoding=\"async\" alt=\"altTextForImage\" src=\"https:\/\/images-na.ssl-images-amazon.com\/images\/G\/01\/x-locale\/common\/grey-pixel.gif\" class=\"a-spacing-mini a-lazy-loaded\" data-src=\"https:\/\/m.media-amazon.com\/images\/S\/aplus-media-library-service-media\/98be2b37-b524-4506-bbb3-c5ca8f5745ed.__CR0,0,860,860_PT0_SX300_V1___.jpg\"><img decoding=\"async\" alt=\"altTextForImage\" src=\"https:\/\/m.media-amazon.com\/images\/S\/aplus-media-library-service-media\/98be2b37-b524-4506-bbb3-c5ca8f5745ed.__CR0,0,860,860_PT0_SX300_V1___.jpg\">  <\/p>\n<p>                                                    180Hz Refresh Rate                                       <\/p>\n<p> Los juegos competitivos e intensos exigen la mejor tecnolog\u00eda para garantizar un juego m\u00e1s fluido y sin demoras. Este monitor AGON by AOC presenta una frecuencia de actualizaci\u00f3n de 180 Hz, lo que lo hace 3 veces m\u00e1s r\u00e1pido que una pantalla est\u00e1ndar. Una velocidad de cuadros m\u00e1s baja puede hacer que los enemigos parezcan saltar de un lugar a otro en la pantalla, lo que los convierte en objetivos muy dif\u00edciles de alcanzar. Una velocidad de fotogramas de 180 Hz restaura esas im\u00e1genes cr\u00edticas faltantes en la pantalla, revelando los movimientos del enemigo con un movimiento ultrasuave, lo que te permite apuntar m\u00e1s f\u00e1cilmente. Con este monitor de juegos AGON by AOC, no tendr\u00e1s que soportar retrasos de entrada ni roturas de pantalla. <\/p>\n<p class=\"apm-text-center\">\n                                                      <img decoding=\"async\" alt=\"altTextForImage\" src=\"https:\/\/images-na.ssl-images-amazon.com\/images\/G\/01\/x-locale\/common\/grey-pixel.gif\" class=\"a-spacing-mini a-lazy-loaded\" data-src=\"https:\/\/m.media-amazon.com\/images\/S\/aplus-media-library-service-media\/b79fb79e-10b7-40f0-a2b0-38dfc584ee2d.__CR0,0,860,860_PT0_SX300_V1___.jpg\"><img decoding=\"async\" alt=\"altTextForImage\" src=\"https:\/\/m.media-amazon.com\/images\/S\/aplus-media-library-service-media\/b79fb79e-10b7-40f0-a2b0-38dfc584ee2d.__CR0,0,860,860_PT0_SX300_V1___.jpg\">  <\/p>\n<p>                                                    1ms tiempo de respuesta GTG &#8211; Grey-to-Grey                                       <\/p>\n<p> GtG significa Grey-To-Grey y representa el tiempo que toma a un pixel cambiar desde un nivel de gris al pr\u00f3ximo nivel de gris. En el \u00e1rea de juegos cada milisegundo cuenta y puede ser un diferenciador entre acertar o fallar un disparo. Una respuesta r\u00e1pida en tiempo elimina efectos fantasma y de movimiento. <\/p>\n<p class=\"apm-text-center\">\n                                                      <img decoding=\"async\" alt=\"altTextForImage\" src=\"https:\/\/images-na.ssl-images-amazon.com\/images\/G\/01\/x-locale\/common\/grey-pixel.gif\" class=\"a-spacing-mini a-lazy-loaded\" data-src=\"https:\/\/m.media-amazon.com\/images\/S\/aplus-media-library-service-media\/8aa7e14a-cfaa-4e56-a492-434faa3ef2d4.__CR0,0,860,860_PT0_SX300_V1___.jpg\"><img decoding=\"async\" alt=\"altTextForImage\" src=\"https:\/\/m.media-amazon.com\/images\/S\/aplus-media-library-service-media\/8aa7e14a-cfaa-4e56-a492-434faa3ef2d4.__CR0,0,860,860_PT0_SX300_V1___.jpg\">  <\/p>\n<p>                                                    NVIDIA G-SYNC Compatible                                       <\/p>\n<p> La calidad de imagen es impecable gracias a que las tarjetas gr\u00e1ficas* NVIDIA de nueva generaci\u00f3n se sincronizan con este monitor FreeSync. *En la p\u00e1gina web de NVIDIA encontrar\u00e1s la lista completa de las GPU que funcionan con monitores FreeSync <\/p>\n<p class=\"apm-text-center\">\n                                                      <img decoding=\"async\" alt=\"Juego digital o escena de animaci\u00f3n que muestra dos figuras brillantes en poses de combate con efectos de luz sobre un fondo oscuro.\" src=\"https:\/\/images-na.ssl-images-amazon.com\/images\/G\/01\/x-locale\/common\/grey-pixel.gif\" class=\"a-spacing-mini a-lazy-loaded\" data-src=\"https:\/\/m.media-amazon.com\/images\/S\/aplus-media-library-service-media\/abecbb05-50e0-4afc-b7c8-803cec547f99.__CR0,0,860,860_PT0_SX300_V1___.jpg\"><img decoding=\"async\" alt=\"Juego digital o escena de animaci\u00f3n que muestra dos figuras brillantes en poses de combate con efectos de luz sobre un fondo oscuro.\" src=\"https:\/\/m.media-amazon.com\/images\/S\/aplus-media-library-service-media\/abecbb05-50e0-4afc-b7c8-803cec547f99.__CR0,0,860,860_PT0_SX300_V1___.jpg\">  <\/p>\n<p>                                                    Bajo retraso de entrada                                       <\/p>\n<p> Potencia tus reflejos cambiando al modo Bajo retraso de entrada de AOC. A cambio de renunciar a parte de la calidad gr\u00e1fica, este modo configura el monitor para acelerar su tiempo de respuesta, lo que te proporciona una ventaja decisiva en torneos de disparos ultra r\u00e1pidos. <\/p>\n<p class=\"apm-text-center\">\n                                                      <img decoding=\"async\" alt=\"altTextForImage\" src=\"https:\/\/images-na.ssl-images-amazon.com\/images\/G\/01\/x-locale\/common\/grey-pixel.gif\" class=\"a-spacing-mini a-lazy-loaded\" data-src=\"https:\/\/m.media-amazon.com\/images\/S\/aplus-media-library-service-media\/c68868e8-ddcb-4e1d-8004-a78d66cdfb69.__CR0,0,860,860_PT0_SX300_V1___.jpg\"><img decoding=\"async\" alt=\"altTextForImage\" src=\"https:\/\/m.media-amazon.com\/images\/S\/aplus-media-library-service-media\/c68868e8-ddcb-4e1d-8004-a78d66cdfb69.__CR0,0,860,860_PT0_SX300_V1___.jpg\">  <\/p>\n<p>                                                    Vive el juego al m\u00e1ximo con HDR10                                       <\/p>\n<p> HDR10 est\u00e1 aqu\u00ed para mejorar a\u00fan m\u00e1s la calidad de imagen, mejorando la sincronizaci\u00f3n de tu GPU o tu consola con el monitor. Esto crea una experiencia de juego m\u00e1s realista, inmersiva y fluida: Te sentir\u00e1s como si estuvieras entrando en el juego, fotograma a fotograma. <\/p>\n<p>                                                                      <img decoding=\"async\" alt=\"altTextForImage\" src=\"https:\/\/images-na.ssl-images-amazon.com\/images\/G\/01\/x-locale\/common\/grey-pixel.gif\" class=\"a-spacing-mini a-lazy-loaded\" data-src=\"https:\/\/m.media-amazon.com\/images\/S\/aplus-media-library-service-media\/10846a06-3c25-4ec2-98f6-3729b717f03c.__CR0,0,860,860_PT0_SX300_V1___.jpg\"><img decoding=\"async\" alt=\"altTextForImage\" src=\"https:\/\/m.media-amazon.com\/images\/S\/aplus-media-library-service-media\/10846a06-3c25-4ec2-98f6-3729b717f03c.__CR0,0,860,860_PT0_SX300_V1___.jpg\">  <\/p>\n<h3 class=\"a-spacing-mini\"> 0.5ms MPRT &#8211; Tiempo de respuesta de la imagen en movimiento <\/h3>\n<p class=\"a-spacing-base\"> MPRT &#8211; es un acr\u00f3nimo que significa Tiempo de respuesta de la imagen en movimiento, por sus siglas en ingl\u00e9s. La tecnolog\u00eda MPRT habilita y deshabilita la retroiluminaci\u00f3n de su monitor durante los cambios de imagen. Debido al tiempo reducido en que se visualiza un cuadro en su monitor se reducen los efectos fantasma y difuminado, lo cual resulta en una experiencia de juego m\u00e1s suave y\u00bbfluida\u00bb. <\/p>\n<p>                                                                      <img decoding=\"async\" alt=\"altTextForImage\" src=\"https:\/\/images-na.ssl-images-amazon.com\/images\/G\/01\/x-locale\/common\/grey-pixel.gif\" class=\"a-spacing-mini a-lazy-loaded\" data-src=\"https:\/\/m.media-amazon.com\/images\/S\/aplus-media-library-service-media\/573c6c50-322c-464e-8bb5-e3e76e6497e3.__CR0,0,860,860_PT0_SX300_V1___.jpg\"><img decoding=\"async\" alt=\"altTextForImage\" src=\"https:\/\/m.media-amazon.com\/images\/S\/aplus-media-library-service-media\/573c6c50-322c-464e-8bb5-e3e76e6497e3.__CR0,0,860,860_PT0_SX300_V1___.jpg\">  <\/p>\n<h3 class=\"a-spacing-mini\"> Soporte de monitor de e-sports <\/h3>\n<p class=\"a-spacing-base\"> Nuestra nueva base. Dise\u00f1ada en colaboraci\u00f3n con profesionales de los deportes electr\u00f3nicos, te permite maximizar el espacio libre para todos tus perif\u00e9ricos. La base del monitor est\u00e1 dise\u00f1ada para reducir el espacio que ocupa el monitor en tu escritorio, e incluso te permite colocar el teclado encima. El soporte incluye una gesti\u00f3n de cables para mantener tu escritorio limpio. No importa en qu\u00e9 g\u00e9nero compitas, queremos que te sientas como un profesional. <\/p>\n<p>                                                                      <img decoding=\"async\" alt=\"altTextForImage\" src=\"https:\/\/images-na.ssl-images-amazon.com\/images\/G\/01\/x-locale\/common\/grey-pixel.gif\" class=\"a-spacing-mini a-lazy-loaded\" data-src=\"https:\/\/m.media-amazon.com\/images\/S\/aplus-media-library-service-media\/7c69734b-625f-40e3-97a4-eb6426c627d3.__CR0,0,860,860_PT0_SX300_V1___.jpg\"><img decoding=\"async\" alt=\"altTextForImage\" src=\"https:\/\/m.media-amazon.com\/images\/S\/aplus-media-library-service-media\/7c69734b-625f-40e3-97a4-eb6426c627d3.__CR0,0,860,860_PT0_SX300_V1___.jpg\">  <\/p>\n<h3 class=\"a-spacing-mini\"> GMENU <\/h3>\n<p class=\"a-spacing-base\"> AOC G-Menu es una aplicaci\u00f3n complementaria que puedes instalar en tu ordenador para personalizar tu producto y hacerlo m\u00e1s pr\u00e1ctico todav\u00eda. <\/p>\n<p>                                                                    <img decoding=\"async\" alt=\"\" src=\"https:\/\/images-na.ssl-images-amazon.com\/images\/G\/01\/x-locale\/common\/grey-pixel.gif\" class=\"a-lazy-loaded\" data-src=\"https:\/\/m.media-amazon.com\/images\/S\/aplus-media-library-service-media\/10846a06-3c25-4ec2-98f6-3729b717f03c.__CR0,0,860,860_PT0_SX300_V1___.jpg\"><img decoding=\"async\" alt=\"\" src=\"https:\/\/m.media-amazon.com\/images\/S\/aplus-media-library-service-media\/10846a06-3c25-4ec2-98f6-3729b717f03c.__CR0,0,860,860_PT0_SX300_V1___.jpg\">   <\/p>\n<p>                                                                    <img decoding=\"async\" alt=\"\" src=\"https:\/\/images-na.ssl-images-amazon.com\/images\/G\/01\/x-locale\/common\/grey-pixel.gif\" class=\"a-lazy-loaded\" data-src=\"https:\/\/m.media-amazon.com\/images\/S\/aplus-media-library-service-media\/573c6c50-322c-464e-8bb5-e3e76e6497e3.__CR0,0,860,860_PT0_SX300_V1___.jpg\"><img decoding=\"async\" alt=\"\" src=\"https:\/\/m.media-amazon.com\/images\/S\/aplus-media-library-service-media\/573c6c50-322c-464e-8bb5-e3e76e6497e3.__CR0,0,860,860_PT0_SX300_V1___.jpg\">   <\/p>\n<p>                                                                    <img decoding=\"async\" alt=\"\" src=\"https:\/\/images-na.ssl-images-amazon.com\/images\/G\/01\/x-locale\/common\/grey-pixel.gif\" class=\"a-lazy-loaded\" data-src=\"https:\/\/m.media-amazon.com\/images\/S\/aplus-media-library-service-media\/7c69734b-625f-40e3-97a4-eb6426c627d3.__CR0,0,860,860_PT0_SX300_V1___.jpg\"><img decoding=\"async\" alt=\"\" src=\"https:\/\/m.media-amazon.com\/images\/S\/aplus-media-library-service-media\/7c69734b-625f-40e3-97a4-eb6426c627d3.__CR0,0,860,860_PT0_SX300_V1___.jpg\">   <\/p>\n<p> Language                                            \u200f                                            :                                            \u200e                                            Spanish   <br \/> Product Dimensions                                            \u200f                                            :                                            \u200e                                            17.74 x 61.39 x 46.04 cm; 5.2 kg   <br \/> Manufacturer                                            \u200f                                            :                                            \u200e                                            AOC International   <br \/> ASIN                                            \u200f                                            :                                            \u200e                                            B0DT4R1N9N   <br \/> Item model number                                            \u200f                                            :                                            \u200e                                            Q27G42XE   <br \/> Country of origin                                            \u200f                                            :                                            \u200e                                            China   <br \/> Guaranteed software updates until                                            \u200f                                            :                                            \u200e                                            unknown   <br \/>  Customer reviews:                                                                                            4.4               4.4 out of 5 stars                                  (3,770)                                              var dpAcrHasRegisteredArcLinkClickAction;                    P.when(&#8216;A&#8217;, &#8216;ready&#8217;).execute(function(A) {                        if (dpAcrHasRegisteredArcLinkClickAction !== true) {                            dpAcrHasRegisteredArcLinkClickAction = true;                            A.declarative(                                &#8216;acrLink-click-metrics&#8217;, &#8216;click&#8217;,                                { \u00aballowLinkDefault\u00bb: true },                                function (event) {                                    if (window.ue) {                                        ue.count(\u00abacrLinkClickCount\u00bb, (ue.count(\u00abacrLinkClickCount\u00bb) || 0) + 1);                                    }                                }                            );                        }                    });                                             P.when(&#8216;A&#8217;, &#8216;cf&#8217;).execute(function(A) {                A.declarative(&#8216;acrStarsLink-click-metrics&#8217;, &#8216;click&#8217;, { \u00aballowLinkDefault\u00bb : true },  function(event){                    if(window.ue) {                        ue.count(\u00abacrStarsLinkWithPopoverClickCount\u00bb, (ue.count(\u00abacrStarsLinkWithPopoverClickCount\u00bb) || 0) + 1);                    }                });            });                          <\/p>\n<p>180Hz refresh rates for bright, ultra-smooth images<br \/>Fast IPS, 1ms GTG response time<br \/>Sync the screen refresh rate with the graphics card to eliminate screen tearing and stuttering.<br \/>HDR10: High dynamic range to enhance color and contrast, bringing a more vivid viewing experience.<br \/>Reduces screen flicker to minimize eyestrain during prolonged use.<\/p>\n\n","protected":false},"excerpt":{"rendered":"<p> From the manufacturer Monitor Q27G42XE SOLO PARA LOS VERDADEROS VALIENTES Tama\u00f1o de la pantalla (pulgadas):<\/p>","protected":false},"featured_media":36884,"comment_status":"open","ping_status":"closed","template":"","meta":[],"product_brand":[],"product_cat":[52,54],"product_tag":[1817,1822,2265,1819,1821,1816,1824,2263,1823,307,6598,1825,1922,617,1304,6067,544,1925,703,1820,844,6597,10807,1243,1818,1039],"class_list":{"0":"post-36883","1":"product","2":"type-product","3":"status-publish","4":"has-post-thumbnail","6":"product_cat-2k-monitors","7":"product_cat-curved-monitors","8":"product_tag-1440p-monitor","9":"product_tag-144hz-2k-monitor","10":"product_tag-2560x1440","11":"product_tag-27-inch-2k-monitor","12":"product_tag-2k-gaming-monitor","13":"product_tag-2k-monitor","14":"product_tag-2k-monitor-price","15":"product_tag-aoc","16":"product_tag-best-2k-monitor","17":"product_tag-black","18":"product_tag-compat","19":"product_tag-curved-2k-monitor","20":"product_tag-freesync","21":"product_tag-gaming","22":"product_tag-gsync","23":"product_tag-gtg","24":"product_tag-hdmi","25":"product_tag-hdr10","26":"product_tag-ips","27":"product_tag-ips-2k-monitor","28":"product_tag-monitor","29":"product_tag-prem","30":"product_tag-q27g42xe","31":"product_tag-qhd","32":"product_tag-qhd-monitor","33":"product_tag-speakers","35":"first","36":"instock","37":"sale","38":"shipping-taxable","39":"product-type-external"},"_links":{"self":[{"href":"https:\/\/comprasyconsejos.store\/en\/wp-json\/wp\/v2\/product\/36883","targetHints":{"allow":["GET"]}}],"collection":[{"href":"https:\/\/comprasyconsejos.store\/en\/wp-json\/wp\/v2\/product"}],"about":[{"href":"https:\/\/comprasyconsejos.store\/en\/wp-json\/wp\/v2\/types\/product"}],"replies":[{"embeddable":true,"href":"https:\/\/comprasyconsejos.store\/en\/wp-json\/wp\/v2\/comments?post=36883"}],"version-history":[{"count":0,"href":"https:\/\/comprasyconsejos.store\/en\/wp-json\/wp\/v2\/product\/36883\/revisions"}],"wp:featuredmedia":[{"embeddable":true,"href":"https:\/\/comprasyconsejos.store\/en\/wp-json\/wp\/v2\/media\/36884"}],"wp:attachment":[{"href":"https:\/\/comprasyconsejos.store\/en\/wp-json\/wp\/v2\/media?parent=36883"}],"wp:term":[{"taxonomy":"product_brand","embeddable":true,"href":"https:\/\/comprasyconsejos.store\/en\/wp-json\/wp\/v2\/product_brand?post=36883"},{"taxonomy":"product_cat","embeddable":true,"href":"https:\/\/comprasyconsejos.store\/en\/wp-json\/wp\/v2\/product_cat?post=36883"},{"taxonomy":"product_tag","embeddable":true,"href":"https:\/\/comprasyconsejos.store\/en\/wp-json\/wp\/v2\/product_tag?post=36883"}],"curies":[{"name":"wp","href":"https:\/\/api.w.org\/{rel}","templated":true}]}}