{"id":36905,"date":"2026-03-02T18:19:07","date_gmt":"2026-03-02T18:19:07","guid":{"rendered":"https:\/\/comprasyconsejos.store\/product\/timetec-16gb-kit-2x8gb-compatible-for-apple-ddr3-1333mhz-pc3-10600-cl9-for-mac-book-pro-early-late-2011-imac-mac-mini-2011-upgrade-mac-ram\/"},"modified":"2026-03-02T18:19:12","modified_gmt":"2026-03-02T18:19:12","slug":"timetec-16gb-kit-2x8gb-compatible-for-apple-ddr3-1333mhz-pc3-10600-cl9-for-mac-book-pro-early-late-2011-imac-mac-mini-2011-upgrade-mac-ram","status":"publish","type":"product","link":"https:\/\/comprasyconsejos.store\/en\/product\/timetec-16gb-kit-2x8gb-compatible-for-apple-ddr3-1333mhz-pc3-10600-cl9-for-mac-book-pro-early-late-2011-imac-mac-mini-2011-upgrade-mac-ram\/","title":{"rendered":"Timetec 16GB Kit (2x8GB) Compatible for Apple DDR3 1333MHz PC3-10600 CL9 for Mac Book Pro (Early\/Late 2011), iMac, Mac Mini 2011 Upgrade Mac RAM"},"content":{"rendered":"<p>Price: <span style=\"color:#b12704\">\u20ac47.99<\/span><br \/><i><small>(as of Mar 02, 2026 18:19:07 UTC &#8211; <span class=\"wp_automatic_amazon_disclaimer\" title=\"Product prices and availability are accurate as of the date\/time indicated and are subject to change. Any price and availability information displayed on [relevant Amazon Site(s), as applicable] at the time of purchase will apply to the purchase of this product.\">Details<\/span>)<\/small><\/i><\/p>\n<p><a href=\"https:\/\/amazon.es\/dp\/B01N7WA5XB?tag=man008-21\"><img decoding=\"async\" src=\"https:\/\/valvepress.s3.amazonaws.com\/imgs\/buy_now.png\"><\/a><br \/>\n<\/p>\n<p>                                             From the brand   <\/p>\n<p>                                              <img decoding=\"async\" alt=\"1\" src=\"https:\/\/images-na.ssl-images-amazon.com\/images\/G\/01\/x-locale\/common\/grey-pixel.gif\" class=\"a-lazy-loaded\" data-src=\"https:\/\/m.media-amazon.com\/images\/S\/aplus-media-library-service-media\/61ea1251-3a43-48e3-afed-31b406c384a2.__CR0,0,3840,1639_PT0_SX1464_V1___.png\"><img decoding=\"async\" alt=\"1\" src=\"https:\/\/m.media-amazon.com\/images\/S\/aplus-media-library-service-media\/61ea1251-3a43-48e3-afed-31b406c384a2.__CR0,0,3840,1639_PT0_SX1464_V1___.png\">  <\/p>\n<p>                                              <img decoding=\"async\" alt=\"\" src=\"https:\/\/images-na.ssl-images-amazon.com\/images\/G\/01\/x-locale\/common\/grey-pixel.gif\" class=\"a-lazy-loaded\" data-src=\"https:\/\/m.media-amazon.com\/images\/S\/aplus-media-library-service-media\/6745af41-b797-4ff3-8f91-7499b95f482e.__CR0,0,315,145_PT0_SX315_V1___.jpg\"><img decoding=\"async\" alt=\"\" src=\"https:\/\/m.media-amazon.com\/images\/S\/aplus-media-library-service-media\/6745af41-b797-4ff3-8f91-7499b95f482e.__CR0,0,315,145_PT0_SX315_V1___.jpg\">  <\/p>\n<p> TIMETEC se fund\u00f3 en 2013 en Estados Unidos con la intenci\u00f3n de convertirse en uno de los principales fabricantes de productos de memoria. Colaborando con un equipo de gesti\u00f3n que tiene m\u00e1s de 30 a\u00f1os de experiencia, nos esforzamos por hacer esto ofreciendo productos y servicios de primera calidad a todos nuestros clientes. Nos aseguramos de que nuestros productos cumplan con los est\u00e1ndares de calidad y confiabilidad de la industria. <\/p>\n<p>                                              <img decoding=\"async\" alt=\"\" src=\"https:\/\/images-na.ssl-images-amazon.com\/images\/G\/01\/x-locale\/common\/grey-pixel.gif\" class=\"a-lazy-loaded\" data-src=\"https:\/\/m.media-amazon.com\/images\/S\/aplus-media-library-service-media\/d1130273-e048-40ea-9565-5f2226cb2efb.__CR0,0,362,453_PT0_SX362_V1___.jpg\"><img decoding=\"async\" alt=\"\" src=\"https:\/\/m.media-amazon.com\/images\/S\/aplus-media-library-service-media\/d1130273-e048-40ea-9565-5f2226cb2efb.__CR0,0,362,453_PT0_SX362_V1___.jpg\">  <\/p>\n<h3> TIMETEC TP-1 PORTABLE SSD <\/h3>\n<p> USB3.2 Gen2 Type C Up to 550MB\/s Ultra-Light Aluminum Mini External SSD <\/p>\n<h3> PINNACLE GAMING SERIES <\/h3>\n<h3> INTERNAL SSD <\/h3>\n<h3> COMPACT INTERNAL SSD <\/h3>\n<h3> DDR3 SODIMM Laptop RAM <\/h3>\n<h3> DDR4 SODIMM Laptop RAM <\/h3>\n<h3> DDR3\/DDR4 Desktop RAM <\/h3>\n<h3> DDR3\/DDR4 MAC RAM <\/h3>\n<p>                                              <img decoding=\"async\" alt=\"Infograf\u00eda verde oliva con un icono de diamante para \u00abCalidad\u00bb, un icono de l\u00edneas superpuestas para \u00abSuperposici\u00f3n\u00bb y un icono de flecha para \u00abAdelante\u00bb, cada uno con texto descriptivo\" src=\"https:\/\/images-na.ssl-images-amazon.com\/images\/G\/01\/x-locale\/common\/grey-pixel.gif\" class=\"a-lazy-loaded\" data-src=\"https:\/\/m.media-amazon.com\/images\/S\/aplus-media-library-service-media\/b553ef6a-ffc1-44fc-800d-cac720606ea8.__CR0,0,362,453_PT0_SX362_V1___.jpg\"><img decoding=\"async\" alt=\"Infograf\u00eda verde oliva con un icono de diamante para \u00abCalidad\u00bb, un icono de l\u00edneas superpuestas para \u00abSuperposici\u00f3n\u00bb y un icono de flecha para \u00abAdelante\u00bb, cada uno con texto descriptivo\" src=\"https:\/\/m.media-amazon.com\/images\/S\/aplus-media-library-service-media\/b553ef6a-ffc1-44fc-800d-cac720606ea8.__CR0,0,362,453_PT0_SX362_V1___.jpg\">  <\/p>\n<p>                                              <img decoding=\"async\" alt=\"Caracter\u00edsticas del producto de los m\u00f3dulos de memoria TIMETEC: calidad superior de los mejores proveedores, valor de mercado competitivo y garant\u00eda de cuidado del producto de por vida\" src=\"https:\/\/images-na.ssl-images-amazon.com\/images\/G\/01\/x-locale\/common\/grey-pixel.gif\" class=\"a-lazy-loaded\" data-src=\"https:\/\/m.media-amazon.com\/images\/S\/aplus-media-library-service-media\/678bc647-605d-4e1d-b8ae-21db23500044.__CR0,0,362,453_PT0_SX362_V1___.jpg\"><img decoding=\"async\" alt=\"Caracter\u00edsticas del producto de los m\u00f3dulos de memoria TIMETEC: calidad superior de los mejores proveedores, valor de mercado competitivo y garant\u00eda de cuidado del producto de por vida\" src=\"https:\/\/m.media-amazon.com\/images\/S\/aplus-media-library-service-media\/678bc647-605d-4e1d-b8ae-21db23500044.__CR0,0,362,453_PT0_SX362_V1___.jpg\">  <\/p>\n<p> Is discontinued by manufacturer                                            \u200f                                            :                                            \u200e                                            No   <br \/> Product Dimensions                                            \u200f                                            :                                            \u200e                                            9.5 x 0.6 x 9.5 cm; 40 g   <br \/> Manufacturer                                            \u200f                                            :                                            \u200e                                            Timetec   <br \/> ASIN                                            \u200f                                            :                                            \u200e                                            B01N7WA5XB   <br \/> Item model number                                            \u200f                                            :                                            \u200e                                            78AP13   <br \/> Country of origin                                            \u200f                                            :                                            \u200e                                            Taiwan   <br \/> Guaranteed software updates until                                            \u200f                                            :                                            \u200e                                            unknown   <br \/>  Customer reviews:                                                                                            4.6               4.6 out of 5 stars                                  (3,889)                                              var dpAcrHasRegisteredArcLinkClickAction;                    P.when(&#8216;A&#8217;, &#8216;ready&#8217;).execute(function(A) {                        if (dpAcrHasRegisteredArcLinkClickAction !== true) {                            dpAcrHasRegisteredArcLinkClickAction = true;                            A.declarative(                                &#8216;acrLink-click-metrics&#8217;, &#8216;click&#8217;,                                { \u00aballowLinkDefault\u00bb: true },                                function (event) {                                    if (window.ue) {                                        ue.count(\u00abacrLinkClickCount\u00bb, (ue.count(\u00abacrLinkClickCount\u00bb) || 0) + 1);                                    }                                }                            );                        }                    });                                             P.when(&#8216;A&#8217;, &#8216;cf&#8217;).execute(function(A) {                A.declarative(&#8216;acrStarsLink-click-metrics&#8217;, &#8216;click&#8217;, { \u00aballowLinkDefault\u00bb : true },  function(event){                    if(window.ue) {                        ue.count(\u00abacrStarsLinkWithPopoverClickCount\u00bb, (ue.count(\u00abacrStarsLinkWithPopoverClickCount\u00bb) || 0) + 1);                    }                });            });                          <\/p>\n<p>NOTE: iMac Mid 2010 iMac 11.3 (3.2GHz) 27&#8243; and iMac 11.2 (3.06GHz\/ 3.2GHz\/ 3.6GHz) 21.5&#8243; ONLY SUPPORT 4GB, NOT 8GB.<br \/>Compatible with Apple Mac Book Pro -13&#8243;\/15&#8243;\/17&#8243; Early 2011, 13&#8243;\/15&#8243;\/17&#8243; Late 2011 &#8211; Mac Book Pro8.1 Mac Book Pro8.2 Mac Book Pro8.3<br \/>Compatible with Apple iMac &#8211; 27&#8243; Mid 2010, 21.5&#8243;\/27&#8243; Mid 2011, 21.5&#8243; Late 2011 &#8211; iMac11.3, iMac12.1, iMac12.2<br \/>Compatible with Apple Mac Mini &#8211; Mid 2011 &#8211; MacMini5.1 MacMini5.2 MacMini5.3<br \/>DDR3 1333MHz PC3-10600 204-pin Unbuffered Non-ECC 1.5V CL9 Dual Rank 2Rx8 based 512 x 8 Module Size: 16GB KIT (2 x 8GB Modules) Lifetime Warranty Guaranteed from Date of Purchase Free Technical Support<\/p>\n\n","protected":false},"excerpt":{"rendered":"<p> From the brand TIMETEC se fund\u00f3 en 2013 en Estados Unidos con la intenci\u00f3n de<\/p>","protected":false},"featured_media":36906,"comment_status":"open","ping_status":"closed","template":"","meta":[],"product_brand":[],"product_cat":[77],"product_tag":[3661,509,1480,4582,1481,175,1735,3663,201,1245,1478,1479,1484,3664,1482,965,1539,1483,774,215,3662,163,587,1487,1486,1724,1552],"class_list":{"0":"post-36905","1":"product","2":"type-product","3":"status-publish","4":"has-post-thumbnail","6":"product_cat-memory-ram","7":"product_tag-1333mhz","8":"product_tag-16gb","9":"product_tag-16gb-ram","10":"product_tag-2x8gb","11":"product_tag-32gb-ram","12":"product_tag-apple","13":"product_tag-book","14":"product_tag-cl9","15":"product_tag-compatible","16":"product_tag-ddr3","17":"product_tag-ddr4-ram","18":"product_tag-ddr5-ram","19":"product_tag-desktop-ram","20":"product_tag-earlylate","21":"product_tag-gaming-ram","22":"product_tag-imac","23":"product_tag-kit","24":"product_tag-laptop-ram","25":"product_tag-mac","26":"product_tag-mini","27":"product_tag-pc310600","28":"product_tag-pro","29":"product_tag-ram","30":"product_tag-ram-price","31":"product_tag-rgb-ram","32":"product_tag-timetec","33":"product_tag-upgrade","35":"first","36":"instock","37":"shipping-taxable","38":"product-type-external"},"_links":{"self":[{"href":"https:\/\/comprasyconsejos.store\/en\/wp-json\/wp\/v2\/product\/36905","targetHints":{"allow":["GET"]}}],"collection":[{"href":"https:\/\/comprasyconsejos.store\/en\/wp-json\/wp\/v2\/product"}],"about":[{"href":"https:\/\/comprasyconsejos.store\/en\/wp-json\/wp\/v2\/types\/product"}],"replies":[{"embeddable":true,"href":"https:\/\/comprasyconsejos.store\/en\/wp-json\/wp\/v2\/comments?post=36905"}],"version-history":[{"count":0,"href":"https:\/\/comprasyconsejos.store\/en\/wp-json\/wp\/v2\/product\/36905\/revisions"}],"wp:featuredmedia":[{"embeddable":true,"href":"https:\/\/comprasyconsejos.store\/en\/wp-json\/wp\/v2\/media\/36906"}],"wp:attachment":[{"href":"https:\/\/comprasyconsejos.store\/en\/wp-json\/wp\/v2\/media?parent=36905"}],"wp:term":[{"taxonomy":"product_brand","embeddable":true,"href":"https:\/\/comprasyconsejos.store\/en\/wp-json\/wp\/v2\/product_brand?post=36905"},{"taxonomy":"product_cat","embeddable":true,"href":"https:\/\/comprasyconsejos.store\/en\/wp-json\/wp\/v2\/product_cat?post=36905"},{"taxonomy":"product_tag","embeddable":true,"href":"https:\/\/comprasyconsejos.store\/en\/wp-json\/wp\/v2\/product_tag?post=36905"}],"curies":[{"name":"wp","href":"https:\/\/api.w.org\/{rel}","templated":true}]}}