{"id":36911,"date":"2026-03-02T18:54:10","date_gmt":"2026-03-02T18:54:10","guid":{"rendered":"https:\/\/comprasyconsejos.store\/product\/pny-geforce-rtx-4060-ti-8gb-xlr8-gaming-verto-overclocked-dual-fan-dlss-3-graphics-card\/"},"modified":"2026-03-02T18:54:11","modified_gmt":"2026-03-02T18:54:11","slug":"pny-geforce-rtx-4060-ti-8gb-xlr8-gaming-verto-overclocked-dual-fan-dlss-3-graphics-card","status":"publish","type":"product","link":"https:\/\/comprasyconsejos.store\/en\/product\/pny-geforce-rtx-4060-ti-8gb-xlr8-gaming-verto-overclocked-dual-fan-dlss-3-graphics-card\/","title":{"rendered":"PNY GeForce RTX\u2122 4060 Ti 8GB XLR8 Gaming Verto Overclocked Dual Fan DLSS 3 Graphics Card"},"content":{"rendered":"<p>Price: <span style=\"color:#b12704\">\u20ac439.18<\/span><br \/><i><small>(as of Mar 02, 2026 18:54:10 UTC &#8211; <span class=\"wp_automatic_amazon_disclaimer\" title=\"Product prices and availability are accurate as of the date\/time indicated and are subject to change. Any price and availability information displayed on [relevant Amazon Site(s), as applicable] at the time of purchase will apply to the purchase of this product.\">Details<\/span>)<\/small><\/i><\/p>\n<p><a href=\"https:\/\/amazon.es\/dp\/B0CJ9D1VBH?tag=man008-21\"><img decoding=\"async\" src=\"https:\/\/valvepress.s3.amazonaws.com\/imgs\/buy_now.png\"><\/a><br \/>\n<\/p>\n<p>                                             From the brand   <\/p>\n<p>                                              <img decoding=\"async\" alt=\"El texto dice \u00abCREAR\u00bb, \u00abALMACENAR\u00bb, \u00abJUEGO\u00bb. Tres paneles horizontales que muestran los componentes del hardware del ordenador sobre fondos de textura oscura.\" src=\"https:\/\/images-na.ssl-images-amazon.com\/images\/G\/01\/x-locale\/common\/grey-pixel.gif\" class=\"a-lazy-loaded\" data-src=\"https:\/\/m.media-amazon.com\/images\/S\/aplus-media-library-service-media\/21230793-7a9a-41ac-94e0-55db255729f2.__CR0,0,1464,625_PT0_SX1464_V1___.jpg\"><img decoding=\"async\" alt=\"El texto dice \u00abCREAR\u00bb, \u00abALMACENAR\u00bb, \u00abJUEGO\u00bb. Tres paneles horizontales que muestran los componentes del hardware del ordenador sobre fondos de textura oscura.\" src=\"https:\/\/m.media-amazon.com\/images\/S\/aplus-media-library-service-media\/21230793-7a9a-41ac-94e0-55db255729f2.__CR0,0,1464,625_PT0_SX1464_V1___.jpg\">  <\/p>\n<p>                                              <img decoding=\"async\" alt=\"\" src=\"https:\/\/images-na.ssl-images-amazon.com\/images\/G\/01\/x-locale\/common\/grey-pixel.gif\" class=\"a-lazy-loaded\" data-src=\"https:\/\/m.media-amazon.com\/images\/S\/aplus-media-library-service-media\/e87d333d-1ba4-4e52-b62d-fca3cfc12a1f.__CR0,0,315,145_PT0_SX315_V1___.jpg\"><img decoding=\"async\" alt=\"\" src=\"https:\/\/m.media-amazon.com\/images\/S\/aplus-media-library-service-media\/e87d333d-1ba4-4e52-b62d-fca3cfc12a1f.__CR0,0,315,145_PT0_SX315_V1___.jpg\">  <\/p>\n<p> Crea, almacena y juega con PNY. Celebramos 40 a\u00f1os como fabricante l\u00edder de productos de punta dise\u00f1ados para jugadores, creadores, entusiastas de tecnolog\u00eda. Las soluciones de visualizaci\u00f3n para juegos, fotograf\u00eda\/videograf\u00eda, movilidad y negocios de PNY incluyen GPU NVIDIA Geforce, tarjetas de memoria flash, flash USB, estado s\u00f3lido y m\u00f3dulos de memoria para computadoras, todos ellos dise\u00f1ados para ofrecer la mejor experiencia al usuario. <\/p>\n<h3> Tarjetas de Memoria Flash <\/h3>\n<p class=\"apm-brand-story-stores-link\">\n<h3> Flash USB <\/h3>\n<p class=\"apm-brand-story-stores-link\">\n<h3> Unidades de estado s\u00f3lido <\/h3>\n<p class=\"apm-brand-story-stores-link\">\n<h3> Tarjetas gr\u00e1ficas GeForce <\/h3>\n<p class=\"apm-brand-story-stores-link\">\n<p> Language                                            \u200f                                            :                                            \u200e                                            English   <br \/> Product Dimensions                                            \u200f                                            :                                            \u200e                                            24.5 x 11.26 x 4 cm; 880 g   <br \/> Manufacturer                                            \u200f                                            :                                            \u200e                                            PNY   <br \/> ASIN                                            \u200f                                            :                                            \u200e                                            B0CJ9D1VBH   <br \/> Item model number                                            \u200f                                            :                                            \u200e                                            VCG4060T8DFXPB1-O   <br \/> Country of origin                                            \u200f                                            :                                            \u200e                                            China   <br \/> Guaranteed software updates until                                            \u200f                                            :                                            \u200e                                            unknown   <br \/>  Customer reviews:                                                                                            4.7               4.7 out of 5 stars                                  (621)                                              var dpAcrHasRegisteredArcLinkClickAction;                    P.when(&#8216;A&#8217;, &#8216;ready&#8217;).execute(function(A) {                        if (dpAcrHasRegisteredArcLinkClickAction !== true) {                            dpAcrHasRegisteredArcLinkClickAction = true;                            A.declarative(                                &#8216;acrLink-click-metrics&#8217;, &#8216;click&#8217;,                                { \u00aballowLinkDefault\u00bb: true },                                function (event) {                                    if (window.ue) {                                        ue.count(\u00abacrLinkClickCount\u00bb, (ue.count(\u00abacrLinkClickCount\u00bb) || 0) + 1);                                    }                                }                            );                        }                    });                                             P.when(&#8216;A&#8217;, &#8216;cf&#8217;).execute(function(A) {                A.declarative(&#8216;acrStarsLink-click-metrics&#8217;, &#8216;click&#8217;, { \u00aballowLinkDefault\u00bb : true },  function(event){                    if(window.ue) {                        ue.count(\u00abacrStarsLinkWithPopoverClickCount\u00bb, (ue.count(\u00abacrStarsLinkWithPopoverClickCount\u00bb) || 0) + 1);                    }                });            });                          <\/p>\n<p>With DLSS 3, the ultra-efficient Ada Lovelace architecture and ray tracing.<br \/>NVIDIA Ada Lovelace, with 2310 MHz frequency and 2550 MHz boost frequency to meet the needs of the most demanding games.<br \/>8GB of GDDR6 (128-bit) memory, 4,352 CUDA processing cores and up to 288GB\/s of memory bandwidth to provide the memory needed to create striking visual realism.<br \/>PCI Express 4.0 x16 (x8 Active) interface: offers compatibility with a wide range of systems. It also includes DisplayPort and HDMI outputs for expanded connectivity.<br \/>NVIDIA GeForce Experience: Capture and share videos, screenshots, and live streams with your friends. Keep your controllers updated and optimize your game settings. It&#8217;s the essential companion of your GeForce graphics card.<\/p>\n\n","protected":false},"excerpt":{"rendered":"<p> From the brand Crea, almacena y juega con PNY. Celebramos 40 a\u00f1os como fabricante l\u00edder<\/p>","protected":false},"featured_media":36912,"comment_status":"open","ping_status":"closed","template":"","meta":[],"product_brand":[],"product_cat":[75],"product_tag":[622,1432,1427,1433,1420,2799,298,910,617,1428,620,599,644,1425,1426,2572,5998,621,1429,1430,1431,10821,10820],"class_list":{"0":"post-36911","1":"product","2":"type-product","3":"status-publish","4":"has-post-thumbnail","6":"product_cat-graphics-cards","7":"product_tag-8gb","8":"product_tag-8gb-graphics-card","9":"product_tag-amd-radeon-gpu","10":"product_tag-best-gpu","11":"product_tag-card","12":"product_tag-dlss","13":"product_tag-dual","14":"product_tag-fan","15":"product_tag-gaming","16":"product_tag-gaming-graphics-card","17":"product_tag-geforce","18":"product_tag-gpu","19":"product_tag-graphics","20":"product_tag-graphics-card","21":"product_tag-nvidia-rtx-graphics-card","22":"product_tag-overclocked","23":"product_tag-pny","24":"product_tag-rtx","25":"product_tag-rtx-4060","26":"product_tag-rtx-4070","27":"product_tag-rtx-4080","28":"product_tag-verto","29":"product_tag-xlr8","31":"first","32":"instock","33":"shipping-taxable","34":"product-type-external"},"_links":{"self":[{"href":"https:\/\/comprasyconsejos.store\/en\/wp-json\/wp\/v2\/product\/36911","targetHints":{"allow":["GET"]}}],"collection":[{"href":"https:\/\/comprasyconsejos.store\/en\/wp-json\/wp\/v2\/product"}],"about":[{"href":"https:\/\/comprasyconsejos.store\/en\/wp-json\/wp\/v2\/types\/product"}],"replies":[{"embeddable":true,"href":"https:\/\/comprasyconsejos.store\/en\/wp-json\/wp\/v2\/comments?post=36911"}],"version-history":[{"count":0,"href":"https:\/\/comprasyconsejos.store\/en\/wp-json\/wp\/v2\/product\/36911\/revisions"}],"wp:featuredmedia":[{"embeddable":true,"href":"https:\/\/comprasyconsejos.store\/en\/wp-json\/wp\/v2\/media\/36912"}],"wp:attachment":[{"href":"https:\/\/comprasyconsejos.store\/en\/wp-json\/wp\/v2\/media?parent=36911"}],"wp:term":[{"taxonomy":"product_brand","embeddable":true,"href":"https:\/\/comprasyconsejos.store\/en\/wp-json\/wp\/v2\/product_brand?post=36911"},{"taxonomy":"product_cat","embeddable":true,"href":"https:\/\/comprasyconsejos.store\/en\/wp-json\/wp\/v2\/product_cat?post=36911"},{"taxonomy":"product_tag","embeddable":true,"href":"https:\/\/comprasyconsejos.store\/en\/wp-json\/wp\/v2\/product_tag?post=36911"}],"curies":[{"name":"wp","href":"https:\/\/api.w.org\/{rel}","templated":true}]}}