{"id":36920,"date":"2026-03-02T19:55:01","date_gmt":"2026-03-02T19:55:01","guid":{"rendered":"https:\/\/comprasyconsejos.store\/product\/ugreen-sd-tf-card-reader-type-c-card-reader-usb-3-0-memory-card-adapter-type-c-compatible-with-micro-sd-micro-sdhc-micro-sdxc-iphone-17-pro-max-air-macbook-air-ipad-pro-galaxy\/"},"modified":"2026-03-02T19:55:01","modified_gmt":"2026-03-02T19:55:01","slug":"ugreen-sd-tf-card-reader-type-c-card-reader-usb-3-0-memory-card-adapter-type-c-compatible-with-micro-sd-micro-sdhc-micro-sdxc-iphone-17-pro-max-air-macbook-air-ipad-pro-galaxy","status":"publish","type":"product","link":"https:\/\/comprasyconsejos.store\/en\/product\/ugreen-sd-tf-card-reader-type-c-card-reader-usb-3-0-memory-card-adapter-type-c-compatible-with-micro-sd-micro-sdhc-micro-sdxc-iphone-17-pro-max-air-macbook-air-ipad-pro-galaxy\/","title":{"rendered":"UGREEN SD TF Card Reader Type C Card Reader USB 3.0 Memory Card Adapter Type C Compatible with Micro SD Micro SDHC Micro SDXC, iPhone 17 Pro MAX Air MacBook Air iPad Pro Galaxy"},"content":{"rendered":"<p>Price: <span style=\"color:#b12704\"><del>\u20ac10.99<\/del> - \u20ac9.34<\/span><br \/><i><small>(as of Mar 02, 2026 19:55:01 UTC &#8211; <span class=\"wp_automatic_amazon_disclaimer\" title=\"Product prices and availability are accurate as of the date\/time indicated and are subject to change. Any price and availability information displayed on [relevant Amazon Site(s), as applicable] at the time of purchase will apply to the purchase of this product.\">Details<\/span>)<\/small><\/i><\/p>\n<p><a href=\"https:\/\/amazon.es\/dp\/B07ZKRM12C?tag=man008-21\"><img decoding=\"async\" src=\"https:\/\/valvepress.s3.amazonaws.com\/imgs\/buy_now.png\"><\/a><br \/>\n<\/p>\n<p>                                             Product Description   <\/p>\n<p>                                                                                                       <img decoding=\"async\" alt=\"una computadora port\u00e1til con una unidad USB y una unidad USB\" src=\"https:\/\/images-na.ssl-images-amazon.com\/images\/G\/01\/x-locale\/common\/grey-pixel.gif\" class=\"a-lazy-loaded\" data-src=\"https:\/\/m.media-amazon.com\/images\/S\/aplus-media-library-service-media\/542a5535-b30a-4a1f-9577-36bd51a8535d.__CR0,0,1464,600_PT0_SX1464_V1___.jpg\"><img decoding=\"async\" alt=\"una computadora port\u00e1til con una unidad USB y una unidad USB\" src=\"https:\/\/m.media-amazon.com\/images\/S\/aplus-media-library-service-media\/542a5535-b30a-4a1f-9577-36bd51a8535d.__CR0,0,1464,600_PT0_SX1464_V1___.jpg\">                                               <\/p>\n<p class=\"description\"> UGREEN 2-EN-1 Lector de Tarjetas USB 3.0 y USB C para Tarjetas de SD y Micro SD <\/p>\n<p class=\"description\">\n<p>Leer y Escribir 2 Tarjetas Simult\u00e1neamente: UGREEN lector de tarjetas le permite utilizar dos ranuras SD y Micro SD al mismo tiempo, evita insertar y quitar pesta\u00f1as repetidamente, ahorra su tiempo tanto como sea posible.Alta Velocidad de 5 Gbps: El chipset USB 3.0 garantiza velocidades de  transferencia r\u00e1pidas de hasta 5 Gbps y permite la transferencia de datos de 1 GB en segundos.Plug y Play: Este lector de tarjetas sd es compatible con Windows, Mac OS, Linux y Android, pluy y play, no es necesario instalar el driver, es f\u00e1cil transferir datos entre el tel\u00e9fono USB C y las tarjetas de memoria.C\u00f3modo y Durabe: La carcasa de ABS resistente a los ara\u00f1azos es superior en t\u00e9rminos de durabilidad y sensaci\u00f3n c\u00f3moda.Dise\u00f1o Amigable: Pr\u00e1ctico mecanismo de expulsi\u00f3n en la ranura para tarjeta TF para un ajuste perfecto.Amplia Capacidad: Es compatible con PS5 \/4, Xbox One, Smart TV, tel\u00e9fono m\u00f3vil, tableta, computadora port\u00e1til y PC para la expansi\u00f3n de memoria, reproducci\u00f3n de fotos y videos, procesamiento de im\u00e1genes y copia de seguridad de datos.           <\/p>\n<p>                                                                                                       <img decoding=\"async\" alt=\"el nuevo sistema de carga inal\u00e1mbrica ecol\u00f3gico est\u00e1 dise\u00f1ado para conectarse a tu smartphone.\" src=\"https:\/\/images-na.ssl-images-amazon.com\/images\/G\/01\/x-locale\/common\/grey-pixel.gif\" class=\"a-lazy-loaded\" data-src=\"https:\/\/m.media-amazon.com\/images\/S\/aplus-media-library-service-media\/1fa06397-a2cf-4f5b-9041-5b3df09860c0.__CR0,0,1464,600_PT0_SX1464_V1___.jpg\"><img decoding=\"async\" alt=\"el nuevo sistema de carga inal\u00e1mbrica ecol\u00f3gico est\u00e1 dise\u00f1ado para conectarse a tu smartphone.\" src=\"https:\/\/m.media-amazon.com\/images\/S\/aplus-media-library-service-media\/1fa06397-a2cf-4f5b-9041-5b3df09860c0.__CR0,0,1464,600_PT0_SX1464_V1___.jpg\">                                               <\/p>\n<p>                                                                                                                                                       M\u00e1s Detalles de UGREEN Lector de Tarjetas                                                                                                        Leer y Escribir 2 Tarjetas Simult\u00e1neamente     <\/p>\n<p class=\"aplus-p2\"> Es adecuado para la mayor\u00eda de PS5, 4, Xbox One, PC, computadora port\u00e1til, tel\u00e9fono inteligente y tableta. No se requiere instalaci\u00f3n ning\u00fan driver para Windows 11, 10, 8.1, 8, 7, XP, Vista, macOS, Chrome, Linux, Android, iPadOS. <\/p>\n<p>                                            <img decoding=\"async\" alt=\"el cable USB es un adaptador USB tipo C que se puede usar para conectarse a una computadora port\u00e1til\" src=\"https:\/\/m.media-amazon.com\/images\/S\/aplus-media-library-service-media\/d042dde6-59f0-44ac-bb78-1d5c881873c1.__CR0,0,800,600_PT0_SX800_V1___.jpg\">                                                                                                  Gran Capacidad de 2 TB    <\/p>\n<p class=\"aplus-p2\"> El lector de tarjetas USB 3.0 admite tarjetas SD, Micro SD, TF, SDXC, SDHC, Micro SDXC, Micro SDHC, RS-MMC y MMC de hasta 2 TB. <\/p>\n<p>                                            <img decoding=\"async\" alt=\"el cable USB con el texto `` 2 tb\u00bb\" src=\"https:\/\/m.media-amazon.com\/images\/S\/aplus-media-library-service-media\/907772c4-7b28-4a54-83e0-a4983135ed7e.__CR0,0,800,600_PT0_SX800_V1___.jpg\">                                                                                                  F\u00e1cil de Llevar    <\/p>\n<p class=\"aplus-p2\"> El tama\u00f1o peque\u00f1o de este lector de tarjeta (L72.8 x W21.5 x H11.8mm)  maximiza la conveniencia, f\u00e1cil de guardar en su bolso mientras trabaja o  viaja. <\/p>\n<p class=\"aplus-p2\"> El extremo USB C del lector de tarjetas SD admite una carcasa de tel\u00e9fono de 1,2 mm. <\/p>\n<p>                                            <img decoding=\"async\" alt=\"una mano que sostiene una bolsa gris con una cremallera negra.\" src=\"https:\/\/m.media-amazon.com\/images\/S\/aplus-media-library-service-media\/eea9e13e-cc8f-4986-87c4-5e86b5dc64d6.__CR0,0,800,600_PT0_SX800_V1___.jpg\">                                                          <\/p>\n<p>                                                                     Aplicaciones                                            <img decoding=\"async\" alt=\"una persona que sostiene un cable USB conectado a una computadora port\u00e1til\" src=\"https:\/\/images-na.ssl-images-amazon.com\/images\/G\/01\/x-locale\/common\/grey-pixel.gif\" class=\"a-lazy-loaded\" data-src=\"https:\/\/m.media-amazon.com\/images\/S\/aplus-media-library-service-media\/0641979d-46cb-4498-863d-913b3333ada1.__CR0,0,1464,600_PT0_SX1464_V1___.jpg\"><img decoding=\"async\" alt=\"una persona que sostiene un cable USB conectado a una computadora port\u00e1til\" src=\"https:\/\/m.media-amazon.com\/images\/S\/aplus-media-library-service-media\/0641979d-46cb-4498-863d-913b3333ada1.__CR0,0,1464,600_PT0_SX1464_V1___.jpg\">                                               <\/p>\n<h3 class=\"a-size-extra-large a-spacing-base a-text-center\"> Amplia Compatibilidad  <\/h3>\n<p>                                                        MacBook                                     MacBook Pro M2\/ M1, MacBook Pro 2023\/ 2022\/ 2021\/ 2020, MacBook Air M2\/ M1, MacBook Air 2022\/ 2021\/ 2020, iMac M1                                         Iphone                                    iPhone 16\/ iPhone 16 Plus\/ iPhone 16 Pro\/ iPhone 16 Pro Max\/ iPhone 15                                         Dell                                     Dell XPS 17\/ 15\/ 13                                         Huawei                                     Huawei MateBook 16\/ D15\/ D14\/ 14                                         Surface                                    Surface Laptop Studio\/ Laptop 4\/ Laptop Go 2                                         iPad                                      iPad Pro 2022\/ 2021\/ 2020\/ 2018, iPad Air 2022\/ 2020, iPad mini 2021                                         Galaxy                                     Galaxy Tab S8\/ S8 Ultra\/ S7\/ S6\/ A8                                         Surface                                     Surface Pro 9\/ 8\/ 7+\/ X, Surface Go 3                                         Huawei                                     Huawei P50 Pro\/ P50\/ P40\/ P30\/ Mate 40\/ Mate 30\/ Nova 10 Pro\/ Nova 9                                         Galaxy                                     Galaxy S23 Ultra\/ S23+\/ S23\/ S22 Ultra\/ S22+\/ S22\/ S21\/ S20\/ Note 22\/ Note 20\/ Note 10\/ Note 9                                         Xiaomi                                     Xiaomi 12S Ultra\/ 12S Pro\/ Mi 11 Ultra\/ Mi 11 Lite\/ Mi 11\/ Mi 10\/ Mi 9\/ Poco X4                                         Honor                                     Honor 70Pro \/70 \/60SE \/50 \/30 pro \/ 30 \/ 9 \/ Honor 8                                         Google                                     Pixel 7\/ Pixel 6 Pro\/ Pixel 4\/ Pixel 2 XL \/ Pixel \/ Pixel XL                   <\/p>\n<h3 class=\"a-text-center aplus-h1 a-text-bold\"> Comparaci\u00f3n de UGREEN Lector de Tarjetas <\/h3>\n<p>                         Add To Basket  <\/p>\n<p>                         Add To Basket  <\/p>\n<p>                         Add To Basket  <\/p>\n<p>                         Add To Basket  <\/p>\n<p>                         Add To Basket  <\/p>\n<p>                         Add To Basket  <\/p>\n<p>                         Add To Basket  <\/p>\n<p>                                     Customer Reviews  <\/p>\n<p>                    4.6 out of 5 stars  5,728  <\/p>\n<p>                    4.7 out of 5 stars  20,845  <\/p>\n<p>                    4.5 out of 5 stars  310  <\/p>\n<p>                    4.6 out of 5 stars  2,071  <\/p>\n<p>                    4.6 out of 5 stars  10,282  <\/p>\n<p>                    4.6 out of 5 stars  24,786  <\/p>\n<p>                    4.6 out of 5 stars  11,323  <\/p>\n<p>                                     Price  <\/p>\n<p>                                                        \u20ac9.34\u20ac9.34     <\/p>\n<p>                                                        \u20ac8.99\u20ac8.99     <\/p>\n<p>                                                        \u20ac12.74\u20ac12.74     <\/p>\n<p>                                                        \u20ac32.74\u20ac32.74     <\/p>\n<p>                                                        \u20ac12.59\u20ac12.59     <\/p>\n<p>                                                        \u20ac11.19\u20ac11.19     <\/p>\n<p>                                                        \u20ac14.99\u20ac14.99     <\/p>\n<p>                                     Conector  <\/p>\n<p>                                                USB 3.0 + Tipo C    <\/p>\n<p>                                                USB 3.0 + Tipo C    <\/p>\n<p>                                                Tipo C    <\/p>\n<p>                                                USB 3.0 + Tipo C    <\/p>\n<p>                                                Tipo C    <\/p>\n<p>                                                USB 3.0    <\/p>\n<p>                                                USB 3.0    <\/p>\n<p>                                     Ranuras  <\/p>\n<p>                                                SD\/Micro SD    <\/p>\n<p>                                                SD\/Micro SD    <\/p>\n<p>                                                SD\/Micro SD    <\/p>\n<p>                                                SD\/Micro SD    <\/p>\n<p>                                                SD\/Micro SD    <\/p>\n<p>                                                SD\/Micro SD    <\/p>\n<p>                                                SD\/Micro SD\/CF\/MS    <\/p>\n<p>                                     Puerto USB  <\/p>\n<p>                                                &#8211;    <\/p>\n<p>                                                &#8211;    <\/p>\n<p>                                                &#8211;    <\/p>\n<p>                                                2*USB 3.0    <\/p>\n<p>                                                &#8211;    <\/p>\n<p>                                                &#8211;    <\/p>\n<p>                                                &#8211;    <\/p>\n<p>                                     Soporta Maximo la Tarjeta  <\/p>\n<p>                                                512GB    <\/p>\n<p>                                                2TB    <\/p>\n<p>                                                512GB    <\/p>\n<p>                                                512GB    <\/p>\n<p>                                                512GB    <\/p>\n<p>                                                512GB    <\/p>\n<p>                                                512GB    <\/p>\n<p>                                     Velocidad  <\/p>\n<p>                                                5 Gbp\/s    <\/p>\n<p>                                                5 Gbp\/s    <\/p>\n<p>                                                5 Gbp\/s    <\/p>\n<p>                                                5 Gbp\/s    <\/p>\n<p>                                                5 Gbp\/s    <\/p>\n<p>                                                5 Gbp\/s    <\/p>\n<p>                                                5 Gbp\/s    <\/p>\n<p>                                     Leer Tarjetas Simult\u00e1nea  <\/p>\n<p>                                                    \u2714       <\/p>\n<p>                                                    \u2714       <\/p>\n<p>                                                    \u2714       <\/p>\n<p>                                                    \u2714       <\/p>\n<p>                                                    \u2714       <\/p>\n<p>                                                    \u2714       <\/p>\n<p>                                                    \u2714       <\/p>\n<p> Product Dimensions                                            \u200f                                            :                                            \u200e                                            7.24 x 2.13 x 1.17 cm; 40 g   <br \/> Manufacturer                                            \u200f                                            :                                            \u200e                                            Ugreen Group Limited   <br \/> ASIN                                            \u200f                                            :                                            \u200e                                            B07ZKRM12C   <br \/> Item model number                                            \u200f                                            :                                            \u200e                                            80191   <br \/> Country\/Region of Origin                                            \u200f                                            :                                            \u200e                                            China   <br \/> Guaranteed software updates until                                            \u200f                                            :                                            \u200e                                            unknown   <br \/>  Customer reviews:                                                                                            4.6               4.6 out of 5 stars                                  (5,728)                                              var dpAcrHasRegisteredArcLinkClickAction;                    P.when(&#8216;A&#8217;, &#8216;ready&#8217;).execute(function(A) {                        if (dpAcrHasRegisteredArcLinkClickAction !== true) {                            dpAcrHasRegisteredArcLinkClickAction = true;                            A.declarative(                                &#8216;acrLink-click-metrics&#8217;, &#8216;click&#8217;,                                { \u00aballowLinkDefault\u00bb: true },                                function (event) {                                    if (window.ue) {                                        ue.count(\u00abacrLinkClickCount\u00bb, (ue.count(\u00abacrLinkClickCount\u00bb) || 0) + 1);                                    }                                }                            );                        }                    });                                             P.when(&#8216;A&#8217;, &#8216;cf&#8217;).execute(function(A) {                A.declarative(&#8216;acrStarsLink-click-metrics&#8217;, &#8216;click&#8217;, { \u00aballowLinkDefault\u00bb : true },  function(event){                    if(window.ue) {                        ue.count(\u00abacrStarsLinkWithPopoverClickCount\u00bb, (ue.count(\u00abacrStarsLinkWithPopoverClickCount\u00bb) || 0) + 1);                    }                });            });                          <\/p>\n<p>[ Fast and Secure Transfer ] The USB C card reader is equipped with USB 3.0 chipset, high-speed transfer can take full advantage of the high performance of the memory card, the transmission speed is up to 5Gbps. Built-in fuse prevents short circuit and over-current, providing good protection for transfer.<br \/>[ Read 2 Cards Simultaneously ] UGREEN USB C card reader can read and write two cards (SD \/ Micro SD) at the same time, which is convenient for you to exchange files\/photos\/videos between SD card and mobile digital camera or dual memory cards without taking up space on your device.<br \/>[ Wide Compatibility ] This 2-in-1 memory card reader features USB 3.0 and USB Type-C port, allowing you to easily back up data or transfer files to your PC, laptop, mobile or tablet. The USB 3.0 port is compatible with PC, PS5, PS4 and Xbox One. The USB-C port is compatible with iPhone 17\/ iPhone 17 Air\/ iP7 Pro Max\/ iPhone 16, Macbook Pro Air\/ iPad Pro, Galaxy S25\/S24, Xiaomi 17\/14 Redmi Note 12, LG G6\/ V30, Huawei Mate 50\/P50.<br \/>[ Plug and Play ] The card reader requires no driver and works with Windows 11\/10\/8\/7\/XP\/Vista, macOS, iPhone 16 series, iPadOS, Android, Chrome, Linux, and is compatible with all OTG devices. Simply plug and play to transfer files conveniently without additional power supply.<br \/>[ Compact and Portable ] UGREEN memory card adapter is designed in a small size of W72.8 x D21.5 x H11.8 mm and comes with two covers to protect the USB Type A and USB Type-C plugs, so it can be safely carried in a backpack or pocket.<\/p>\n\n","protected":false},"excerpt":{"rendered":"<p> Product Description UGREEN 2-EN-1 Lector de Tarjetas USB 3.0 y USB C para Tarjetas de<\/p>","protected":false},"featured_media":36921,"comment_status":"open","ping_status":"closed","template":"","meta":[],"product_brand":[],"product_cat":[47],"product_tag":[144,216,1420,1399,201,1411,165,162,147,1413,160,164,511,1407,1424,1409,1415,1416,1417,163,1421,1405,2601,2602,168,3784,133,1403],"class_list":{"0":"post-36920","1":"product","2":"type-product","3":"status-publish","4":"has-post-thumbnail","6":"product_cat-card-readers","7":"product_tag-adapter","8":"product_tag-air","9":"product_tag-card","10":"product_tag-card-reader","11":"product_tag-compatible","12":"product_tag-fast-card-reader","13":"product_tag-galaxy","14":"product_tag-ipad","15":"product_tag-iphone","16":"product_tag-laptop-card-reader","17":"product_tag-macbook","18":"product_tag-max","19":"product_tag-memory","20":"product_tag-memory-card-reader","21":"product_tag-micro","22":"product_tag-micro-sd-card-reader","23":"product_tag-multi-card-reader","24":"product_tag-otg-card-reader","25":"product_tag-portable-card-reader","26":"product_tag-pro","27":"product_tag-reader","28":"product_tag-sd-card-reader","29":"product_tag-sdhc","30":"product_tag-sdxc","31":"product_tag-type","32":"product_tag-ugreen","33":"product_tag-usb","34":"product_tag-usb-card-reader","36":"first","37":"instock","38":"sale","39":"shipping-taxable","40":"product-type-external"},"_links":{"self":[{"href":"https:\/\/comprasyconsejos.store\/en\/wp-json\/wp\/v2\/product\/36920","targetHints":{"allow":["GET"]}}],"collection":[{"href":"https:\/\/comprasyconsejos.store\/en\/wp-json\/wp\/v2\/product"}],"about":[{"href":"https:\/\/comprasyconsejos.store\/en\/wp-json\/wp\/v2\/types\/product"}],"replies":[{"embeddable":true,"href":"https:\/\/comprasyconsejos.store\/en\/wp-json\/wp\/v2\/comments?post=36920"}],"version-history":[{"count":0,"href":"https:\/\/comprasyconsejos.store\/en\/wp-json\/wp\/v2\/product\/36920\/revisions"}],"wp:featuredmedia":[{"embeddable":true,"href":"https:\/\/comprasyconsejos.store\/en\/wp-json\/wp\/v2\/media\/36921"}],"wp:attachment":[{"href":"https:\/\/comprasyconsejos.store\/en\/wp-json\/wp\/v2\/media?parent=36920"}],"wp:term":[{"taxonomy":"product_brand","embeddable":true,"href":"https:\/\/comprasyconsejos.store\/en\/wp-json\/wp\/v2\/product_brand?post=36920"},{"taxonomy":"product_cat","embeddable":true,"href":"https:\/\/comprasyconsejos.store\/en\/wp-json\/wp\/v2\/product_cat?post=36920"},{"taxonomy":"product_tag","embeddable":true,"href":"https:\/\/comprasyconsejos.store\/en\/wp-json\/wp\/v2\/product_tag?post=36920"}],"curies":[{"name":"wp","href":"https:\/\/api.w.org\/{rel}","templated":true}]}}