{"id":36926,"date":"2026-03-02T20:35:09","date_gmt":"2026-03-02T20:35:09","guid":{"rendered":"https:\/\/comprasyconsejos.store\/product\/teclado-mecanico-con-cable-75-tkl-montaje-de-junta-retroiluminada-rgb-82-teclas-intercambiable-en-caliente-interruptor-rojo-lineal-personalizado-teclado-para-juegos-con-perilla-de\/"},"modified":"2026-03-02T20:35:11","modified_gmt":"2026-03-02T20:35:11","slug":"teclado-mecanico-con-cable-75-tkl-montaje-de-junta-retroiluminada-rgb-82-teclas-intercambiable-en-caliente-interruptor-rojo-lineal-personalizado-teclado-para-juegos-con-perilla-de","status":"publish","type":"product","link":"https:\/\/comprasyconsejos.store\/en\/product\/teclado-mecanico-con-cable-75-tkl-montaje-de-junta-retroiluminada-rgb-82-teclas-intercambiable-en-caliente-interruptor-rojo-lineal-personalizado-teclado-para-juegos-con-perilla-de\/","title":{"rendered":"Teclado mec\u00e1nico con cable 75% TKL, montaje de junta retroiluminada RGB, 82 teclas, intercambiable en caliente, interruptor rojo lineal, personalizado, teclado para juegos con perilla de"},"content":{"rendered":"<p>Price: <span style=\"color:#b12704\">\u20ac69.99<\/span><br \/><i><small>(as of Mar 02, 2026 20:35:09 UTC &#8211; <span class=\"wp_automatic_amazon_disclaimer\" title=\"Product prices and availability are accurate as of the date\/time indicated and are subject to change. Any price and availability information displayed on [relevant Amazon Site(s), as applicable] at the time of purchase will apply to the purchase of this product.\">Details<\/span>)<\/small><\/i><\/p>\n<p><a href=\"https:\/\/amazon.es\/dp\/B0CTGRKJST?tag=man008-21\"><img decoding=\"async\" src=\"https:\/\/valvepress.s3.amazonaws.com\/imgs\/buy_now.png\"><\/a><br \/>\n<br \/>\n    <span>Teclado de junta RGB 82 con cable 75% mec\u00e1nico para juegos, sonido cremoso, retroiluminado, silencioso, pastel, compacto, teclado mecanico personalizado intercambiable en caliente teclado arco iris<\/span>    <br \/> Package Dimensions                                            \u200f                                            :                                            \u200e                                            36.7 x 18.8 x 5.41 cm; 921 g   <br \/> Manufacturer                                            \u200f                                            :                                            \u200e                                            CJXSP   <br \/> ASIN                                            \u200f                                            :                                            \u200e                                            B0CTGRKJST   <br \/> Item model number                                            \u200f                                            :                                            \u200e                                            ZH018   <br \/> Guaranteed software updates until                                            \u200f                                            :                                            \u200e                                            unknown   <br \/>  Customer reviews:                                                                                            4.6               4.6 out of 5 stars                                  (75)                                              var dpAcrHasRegisteredArcLinkClickAction;                    P.when(&#8216;A&#8217;, &#8216;ready&#8217;).execute(function(A) {                        if (dpAcrHasRegisteredArcLinkClickAction !== true) {                            dpAcrHasRegisteredArcLinkClickAction = true;                            A.declarative(                                &#8216;acrLink-click-metrics&#8217;, &#8216;click&#8217;,                                { \u00aballowLinkDefault\u00bb: true },                                function (event) {                                    if (window.ue) {                                        ue.count(\u00abacrLinkClickCount\u00bb, (ue.count(\u00abacrLinkClickCount\u00bb) || 0) + 1);                                    }                                }                            );                        }                    });                                             P.when(&#8216;A&#8217;, &#8216;cf&#8217;).execute(function(A) {                A.declarative(&#8216;acrStarsLink-click-metrics&#8217;, &#8216;click&#8217;, { \u00aballowLinkDefault\u00bb : true },  function(event){                    if(window.ue) {                        ue.count(\u00abacrStarsLinkWithPopoverClickCount\u00bb, (ue.count(\u00abacrStarsLinkWithPopoverClickCount\u00bb) || 0) + 1);                    }                });            });                          <\/p>\n<p>75% de teclado: 82 teclas en un dise\u00f1o compacto, estas teclas de funci\u00f3n de teclado compacto y teclas de flecha al mismo tiempo, la perilla multifuncional en la esquina derecha de este soporte de teclado (volumen, reproducci\u00f3n\/pausa) tienen el control sin complicaciones.<br \/>Teclado mec\u00e1nico intercambiable en caliente: teclado intercambiable en caliente de 3 pines o 5 pines. El teclado mec\u00e1nico se puede personalizar f\u00e1cilmente a trav\u00e9s del controlador para adaptarse a tus propios h\u00e1bitos de uso.<br \/>Teclado ergon\u00f3mico para juegos: el teclado retroiluminado RGB para juegos adopta teclas PBT, antisudor, no pegajosas y antideslizantes, la parte inferior del teclado mec\u00e1nico tiene soporte de pie de doble extremo para estabilizar la posici\u00f3n del teclado mec\u00e1nico de perfil bajo en cualquier entorno, por lo que las manos siempre son el estado m\u00e1s natural y relajante, para evitar la fatiga de un uso prolongado.<br \/>Teclado de montaje en junta: el teclado lineal est\u00e1 dise\u00f1ado con la estructura interna de teclado de montaje de junta m\u00e1s avanzada del mercado, con una almohadilla inferior de amortiguaci\u00f3n de dos silicona y un dise\u00f1o de cancelaci\u00f3n de ruido, proporcionando una experiencia de escritura pr\u00e1cticamente silenciosa y una sensaci\u00f3n de escritura s\u00f3lida.<br \/>Teclado RGB: el teclado personalizado se puede personalizar con m\u00e1s de 16.8 millones de colores RGB a trav\u00e9s del controlador. Experimenta una variedad de emocionantes efectos de iluminaci\u00f3n para convertirlo realmente en ti.<br \/>Interruptor rojo: este teclado mec\u00e1nico intercambiable en caliente tiene la misma fuerza tanto al principio como al final de cada paso, una sensaci\u00f3n m\u00e1s apretada, que puedes disfrutar de un tacto m\u00e1s preciso, limpio y suave. Ideal para adaptarse al hogar, espacio de trabajo compartido y juegos ligeros.<\/p>\n\n","protected":false},"excerpt":{"rendered":"<p> Teclado de junta RGB 82 con cable 75% mec\u00e1nico para juegos, sonido cremoso, retroiluminado, silencioso,<\/p>","protected":false},"featured_media":36927,"comment_status":"open","ping_status":"closed","template":"","meta":[],"product_brand":[],"product_cat":[49],"product_tag":[746,743,182,10832,747,3994,740,10831,8771,4440,10829,518,10833,8770,739,7726,744,3954,4341,10834,10830,885,742,9878,745,4021,4024,3898,741],"class_list":{"0":"post-36926","1":"product","2":"type-product","3":"status-publish","4":"has-post-thumbnail","6":"product_cat-keyboards","7":"product_tag-backlit-keyboard","8":"product_tag-bluetooth-keyboard","9":"product_tag-cable","10":"product_tag-caliente","11":"product_tag-compact-keyboard","12":"product_tag-con","13":"product_tag-gaming-keyboard","14":"product_tag-intercambiable","15":"product_tag-interruptor","16":"product_tag-juegos","17":"product_tag-junta","18":"product_tag-keyboard","19":"product_tag-lineal","20":"product_tag-mecanico","21":"product_tag-mechanical-keyboard","22":"product_tag-montaje","23":"product_tag-office-keyboard","24":"product_tag-para","25":"product_tag-perilla","26":"product_tag-personalizado","27":"product_tag-retroiluminada","28":"product_tag-rgb","29":"product_tag-rgb-keyboard","30":"product_tag-rojo","31":"product_tag-silent-keyboard","32":"product_tag-teclado","33":"product_tag-teclas","34":"product_tag-tkl","35":"product_tag-wireless-keyboard","37":"first","38":"instock","39":"shipping-taxable","40":"product-type-external"},"_links":{"self":[{"href":"https:\/\/comprasyconsejos.store\/en\/wp-json\/wp\/v2\/product\/36926","targetHints":{"allow":["GET"]}}],"collection":[{"href":"https:\/\/comprasyconsejos.store\/en\/wp-json\/wp\/v2\/product"}],"about":[{"href":"https:\/\/comprasyconsejos.store\/en\/wp-json\/wp\/v2\/types\/product"}],"replies":[{"embeddable":true,"href":"https:\/\/comprasyconsejos.store\/en\/wp-json\/wp\/v2\/comments?post=36926"}],"version-history":[{"count":0,"href":"https:\/\/comprasyconsejos.store\/en\/wp-json\/wp\/v2\/product\/36926\/revisions"}],"wp:featuredmedia":[{"embeddable":true,"href":"https:\/\/comprasyconsejos.store\/en\/wp-json\/wp\/v2\/media\/36927"}],"wp:attachment":[{"href":"https:\/\/comprasyconsejos.store\/en\/wp-json\/wp\/v2\/media?parent=36926"}],"wp:term":[{"taxonomy":"product_brand","embeddable":true,"href":"https:\/\/comprasyconsejos.store\/en\/wp-json\/wp\/v2\/product_brand?post=36926"},{"taxonomy":"product_cat","embeddable":true,"href":"https:\/\/comprasyconsejos.store\/en\/wp-json\/wp\/v2\/product_cat?post=36926"},{"taxonomy":"product_tag","embeddable":true,"href":"https:\/\/comprasyconsejos.store\/en\/wp-json\/wp\/v2\/product_tag?post=36926"}],"curies":[{"name":"wp","href":"https:\/\/api.w.org\/{rel}","templated":true}]}}