{"id":36929,"date":"2026-03-02T20:52:33","date_gmt":"2026-03-02T20:52:33","guid":{"rendered":"https:\/\/comprasyconsejos.store\/product\/glorious-gaming-model-o-wired-gaming-mouse-67g-super-light-beehive-design-rgb-pixart-sensor-3360-omron-switches-ambidextrous-matte-black\/"},"modified":"2026-03-02T20:52:36","modified_gmt":"2026-03-02T20:52:36","slug":"glorious-gaming-model-o-wired-gaming-mouse-67g-super-light-beehive-design-rgb-pixart-sensor-3360-omron-switches-ambidextrous-matte-black","status":"publish","type":"product","link":"https:\/\/comprasyconsejos.store\/en\/product\/glorious-gaming-model-o-wired-gaming-mouse-67g-super-light-beehive-design-rgb-pixart-sensor-3360-omron-switches-ambidextrous-matte-black\/","title":{"rendered":"GLORIOUS Gaming Model O Wired Gaming Mouse &#8211; 67g Super Light, Beehive Design, RGB, Pixart Sensor 3360, Omron Switches, Ambidextrous &#8211; Matte Black"},"content":{"rendered":"<p>Price: <span style=\"color:#b12704\">\u20ac36.08<\/span><br \/><i><small>(as of Mar 02, 2026 20:52:34 UTC &#8211; <span class=\"wp_automatic_amazon_disclaimer\" title=\"Product prices and availability are accurate as of the date\/time indicated and are subject to change. Any price and availability information displayed on [relevant Amazon Site(s), as applicable] at the time of purchase will apply to the purchase of this product.\">Details<\/span>)<\/small><\/i><\/p>\n<p><a href=\"https:\/\/amazon.es\/dp\/B07LDH3TWM?tag=man008-21\"><img decoding=\"async\" src=\"https:\/\/valvepress.s3.amazonaws.com\/imgs\/buy_now.png\"><\/a><br \/>\n<\/p>\n<p>                                             From the manufacturer   <\/p>\n<p>The video showcases the product in use.The video guides you through product setup.The video compares multiple products.The video shows the product being unpacked.<\/p>\n<p>                                                                                                       <img decoding=\"async\" alt=\"Glorious Gaming Model O Rat\u00f3n gaming con cable - 67 g superligero, dise\u00f1o colmena, RGB, Pixart 3360\" src=\"https:\/\/images-na.ssl-images-amazon.com\/images\/G\/01\/x-locale\/common\/grey-pixel.gif\" class=\"a-lazy-loaded\" data-src=\"https:\/\/m.media-amazon.com\/images\/S\/aplus-media-library-service-media\/3cba785f-dd04-42f1-a181-a1a98241a8b5.__CR0,0,1464,600_PT0_SX1464_V1___.png\"><img decoding=\"async\" alt=\"Glorious Gaming Model O Rat\u00f3n gaming con cable - 67 g superligero, dise\u00f1o colmena, RGB, Pixart 3360\" src=\"https:\/\/m.media-amazon.com\/images\/S\/aplus-media-library-service-media\/3cba785f-dd04-42f1-a181-a1a98241a8b5.__CR0,0,1464,600_PT0_SX1464_V1___.png\">                                                                                    Model O: El rat\u00f3n superligero original                                        <\/p>\n<p class=\"aplus-p2 aplus-module-2-description\"> Un rat\u00f3n gaming, ligero y ambidiestro de 6 botones, con un dise\u00f1o mate de 67 g a modo de colmena, cable paracord y seguimiento de p\u00edxeles excepcional. El Model O es el rat\u00f3n gaming perfecto para FPS, MOBA, MMO, Battle Royale y otros juegos competitivos. <\/p>\n<p>                                                                                                                    <img decoding=\"async\" alt=\"Glorious Gaming Model O Rat\u00f3n gaming con cable - 67 g superligero, dise\u00f1o colmena, RGB, Pixart 3360\" src=\"https:\/\/m.media-amazon.com\/images\/S\/aplus-media-library-service-media\/8f486bb8-8de7-43aa-a761-705c7a91d31b.__CR0,0,1464,600_PT0_SX1464_V1___.png\">                                                                                           CARCASA COLMENA DURADERA                                       <\/p>\n<p class=\"description aplus-p1\"> Su carcasa a modo de colmena proporciona un peso \u00ednfimo sin renunciar a un aguante ultrarresistente. <\/p>\n<p>                                                      <img decoding=\"async\" alt=\"Glorious Gaming Model O Rat\u00f3n gaming con cable - 67 g superligero, dise\u00f1o colmena, RGB, Pixart 3360\" src=\"https:\/\/m.media-amazon.com\/images\/S\/aplus-media-library-service-media\/14388520-b922-4fb5-9a94-bf331aae7485.__CR0,0,1464,600_PT0_SX1464_V1___.png\">                                                                                           SENSACI\u00d3N INAL\u00c1MBRICA                                       <\/p>\n<p class=\"description aplus-p1\"> El cable Ascended es tan flexible que no se arrastra al utilizarlo. Tan ligero que es imperceptible. <\/p>\n<p>                                                      <img decoding=\"async\" alt=\"Glorious Gaming Model O Rat\u00f3n gaming con cable - 67 g superligero, dise\u00f1o colmena, RGB, Pixart 3360\" src=\"https:\/\/m.media-amazon.com\/images\/S\/aplus-media-library-service-media\/76cd625e-911d-455d-b491-f76a3a43fadf.__CR0,0,1464,600_PT0_SX1464_V1___.png\">                                                                                           SENSOR PARA E-SPORTS                                       <\/p>\n<p class=\"description aplus-p1\"> Seguimiento, sin aceleraci\u00f3n ni giros bruscos, sondeo de 1000 Hz y levantamiento inferior a 0,7 mm. <\/p>\n<p>                                                      <img decoding=\"async\" alt=\"Glorious Gaming Model O Rat\u00f3n gaming con cable - 67 g superligero, dise\u00f1o colmena, RGB, Pixart 3360\" src=\"https:\/\/m.media-amazon.com\/images\/S\/aplus-media-library-service-media\/c119584e-d6de-4793-9365-106b65f07b3e.__CR0,0,1464,600_PT0_SX1464_V1___.png\">                                                                                           BORDES REDONDEADOS                                       <\/p>\n<p class=\"description aplus-p1\"> Deslizadores para rat\u00f3n hechos exclusivamente de PTFE 100 % virgen que te dar\u00e1n el control. <\/p>\n<p>                                                      <img decoding=\"async\" alt=\"Glorious Gaming Model O Rat\u00f3n gaming con cable - 67 g superligero, dise\u00f1o colmena, RGB, Pixart 3360\" src=\"https:\/\/m.media-amazon.com\/images\/S\/aplus-media-library-service-media\/8fcc9cb6-f633-4956-bd04-5ca31db1040f.__CR0,0,1464,600_PT0_SX1464_V1___.png\">                                                                                           DESCARGA SU SOFTWARE                                       <\/p>\n<p class=\"description aplus-p1\"> Cambia el RGB, los p\u00edxeles por pulgada, la distancia de levantamiento y los 6 botones a tu antojo. <\/p>\n<p>                            1 DISE\u00d1O LIGERO <\/p>\n<p>                            2 CABLE ULTRAFLEXIBLE <\/p>\n<p>                            3 DISE\u00d1O PRECISO <\/p>\n<p>                            4 DESLIZADORES PR\u00c9MIUM <\/p>\n<p>                            5 PERSONAL\u00cdZALO TODO <\/p>\n<p>                                                                <img decoding=\"async\" alt=\"\" src=\"https:\/\/images-na.ssl-images-amazon.com\/images\/G\/01\/x-locale\/common\/grey-pixel.gif\" class=\"a-lazy-loaded\" data-src=\"https:\/\/m.media-amazon.com\/images\/S\/aplus-media-library-service-media\/78b89136-88a0-408a-92d1-2fc670fd59e3.__CR0,0,1464,600_PT0_SX1464_V1___.png\"><img decoding=\"async\" alt=\"\" src=\"https:\/\/m.media-amazon.com\/images\/S\/aplus-media-library-service-media\/78b89136-88a0-408a-92d1-2fc670fd59e3.__CR0,0,1464,600_PT0_SX1464_V1___.png\">        <\/p>\n<p>                                                                                     <img decoding=\"async\" alt=\"Glorious Gaming Model O Rat\u00f3n gaming con cable - 67 g superligero, dise\u00f1o colmena, RGB, Pixart 3360\" src=\"https:\/\/m.media-amazon.com\/images\/S\/aplus-media-library-service-media\/a6679e24-cbd0-43c6-9695-b48c6dc6fa3e.__CR0,0,1464,600_PT0_SX1464_V1___.png\">                                                    COMPLETA TU ESCRITORIO CON PRODUCTOS DE GLORIOUS                                         <\/p>\n<p class=\"aplus-p3\"> Mejora tu avanzadilla con un teclado gaming pr\u00e9mium que te lleve a otra dimensi\u00f3n o ll\u00e9vate la alfombrilla que usan los profesionales para que tu rat\u00f3n sea a\u00fan m\u00e1s eficaz. <\/p>\n<p>                                                                                     <img decoding=\"async\" alt=\"Glorious Gaming Model O Rat\u00f3n gaming con cable - 67 g superligero, dise\u00f1o colmena, RGB, Pixart 3360\" src=\"https:\/\/m.media-amazon.com\/images\/S\/aplus-media-library-service-media\/33b51635-d9d4-4573-ac6c-6ac61910f95b.__CR0,0,1464,600_PT0_SX1464_V1___.png\">                                                    GMMK 2: EL TECLADO POR ANTONOMASIA                                         <\/p>\n<p class=\"aplus-p3\"> Completa tu escritorio con el GMMK 2. Este teclado a\u00fana componentes de categor\u00eda pr\u00e9mium y una est\u00e9tica apabullante para la mejor relaci\u00f3n calidad. El GMMK 2 sube el list\u00f3n. <\/p>\n<p>                                                                                     <img decoding=\"async\" alt=\"Glorious Gaming Model O Rat\u00f3n gaming con cable - 67 g superligero, dise\u00f1o colmena, RGB, Pixart 3360\" src=\"https:\/\/m.media-amazon.com\/images\/S\/aplus-media-library-service-media\/001db7c5-b910-4bd0-9265-14fd887ef07f.__CR0,0,1464,600_PT0_SX1464_V1___.png\">                                                    LA ALFOMBRILLA N.\u00ba 1 EN VELOCIDAD Y CONTROL                                         <\/p>\n<p class=\"aplus-p3\"> Hazte con la Glorious Elements Mousepad para rematar tu pedido. La usan profesionales y aficionados de todo el mundo por su superficie supersuave, que dota al rat\u00f3n de un deslizamiento excepcional. <\/p>\n<p>                                                                                     <img decoding=\"async\" alt=\"Glorious Gaming Model O Rat\u00f3n gaming con cable - 67 g superligero, dise\u00f1o colmena, RGB, Pixart 3360\" src=\"https:\/\/m.media-amazon.com\/images\/S\/aplus-media-library-service-media\/a8d15710-c179-4a4c-a67f-49d05c99bbb5.__CR0,0,1464,600_PT0_SX1464_V1___.png\">                                                    QUE NO TE RESBALE                                         <\/p>\n<p class=\"aplus-p3\"> Cintas antideslizantes para ratones gaming de Glorious. Ya cortadas para aplicarse mejor. Su forma se adapta a los ratones con cable e inal\u00e1mbricos de los modelos V1. No compatibles con los V2. <\/p>\n<p>                                                                                     <img decoding=\"async\" alt=\"Glorious Gaming Model O Rat\u00f3n gaming con cable - 67 g superligero, dise\u00f1o colmena, RGB, Pixart 3360\" src=\"https:\/\/m.media-amazon.com\/images\/S\/aplus-media-library-service-media\/51f910ff-08c6-4b05-a94d-ce19df8ad79d.__CR0,0,1464,600_PT0_SX1464_V1___.png\">                                                    DESLIZADORES G-FLOATS ULTRARR\u00c1PIDOS                                         <\/p>\n<p class=\"aplus-p3\"> Cambia los deslizadores de PTFE del Model O y el Model O- por los G-Floats, hechos de porcelana, para conseguir el deslizamiento m\u00e1s r\u00e1pido que pueda tener un rat\u00f3n. <\/p>\n<h3 class=\"a-size-extra-large a-spacing-base a-text-center\"> Especificaciones <\/h3>\n<p>                                                        Peso                                     67 gramos                                         Botones totales                                    6 botones                                         Switches                                    Switches mec\u00e1nicos de Omron para 20 millones de clics                                        Deslizadores                                    Deslizadores para rat\u00f3n pr\u00e9mium G-Skates                                         Sensor                                     Sensor Pixart PMW-3360                                         Cable de rat\u00f3n                                    Cable paracord Ascended (ultraflexible), USB 2.0, 2 m\/6,5 ft                                        Conector                                    USB 2.0                                                          Resoluci\u00f3n                                    100 a 12 000 ppp                                         Velocidad m\u00e1xima                                     250 in\/s                                        Aceleraci\u00f3n m\u00e1xima                                     50 G                                         Tasa de sondeo m\u00e1xima                                     1000 Hz (1 ms)                                         Distancia de levantamiento                                    -0,7 mm                                        Iluminaci\u00f3n                                    RGB con 16,8 millones de colores                                         Compatibilidad                                    Windows, Mac y Linux. Se requiere un puerto USB                     <\/p>\n<p> Batteries                                            \u200f                                            :                                            \u200e                                            1 AA batteries required.   <br \/> Is discontinued by manufacturer                                            \u200f                                            :                                            \u200e                                            No   <br \/> Product Dimensions                                            \u200f                                            :                                            \u200e                                            12.7 x 6.6 x 0.25 cm; 68 g   <br \/> Manufacturer                                            \u200f                                            :                                            \u200e                                            Glorious   <br \/> ASIN                                            \u200f                                            :                                            \u200e                                            B07LDH3TWM   <br \/> Item model number                                            \u200f                                            :                                            \u200e                                            a8a8d66b-352c-4b06-a72a-b5a3dcd7d2ef   <br \/> Guaranteed software updates until                                            \u200f                                            :                                            \u200e                                            unknown   <br \/>  Customer reviews:                                                                                            4.5               4.5 out of 5 stars                                  (23,697)                                              var dpAcrHasRegisteredArcLinkClickAction;                    P.when(&#8216;A&#8217;, &#8216;ready&#8217;).execute(function(A) {                        if (dpAcrHasRegisteredArcLinkClickAction !== true) {                            dpAcrHasRegisteredArcLinkClickAction = true;                            A.declarative(                                &#8216;acrLink-click-metrics&#8217;, &#8216;click&#8217;,                                { \u00aballowLinkDefault\u00bb: true },                                function (event) {                                    if (window.ue) {                                        ue.count(\u00abacrLinkClickCount\u00bb, (ue.count(\u00abacrLinkClickCount\u00bb) || 0) + 1);                                    }                                }                            );                        }                    });                                             P.when(&#8216;A&#8217;, &#8216;cf&#8217;).execute(function(A) {                A.declarative(&#8216;acrStarsLink-click-metrics&#8217;, &#8216;click&#8217;, { \u00aballowLinkDefault\u00bb : true },  function(event){                    if(window.ue) {                        ue.count(\u00abacrStarsLinkWithPopoverClickCount\u00bb, (ue.count(\u00abacrStarsLinkWithPopoverClickCount\u00bb) || 0) + 1);                    }                });            });                          <\/p>\n<p>SIZE &#038; STYLE: Ambidextrous lightweight gaming mouse. Designed for speed, control and comfort, with optimal weight and durability. Ideal for medium or large hands.<br \/>ULTRA FLEXIBLE CABLE &#8211; Our Ascended paracord cable is so light that it won&#8217;t drag when using it. The ultimate wired mouse that feels like a wireless gaming mouse.<br \/>MOUSE SLIDERS &#8211; Glorious Skates are made exclusively from 100% virgin PTFE so they will slide which skates on the ice and give you the control you need even at great speeds.<br \/>Optimized for competitive gaming: Exceptional pixel tracking, no mouse acceleration, no sharp turns, 1000Hz polling rate, lifting distance less than 0.7mm, click\/scroll speed, 6 macro compatible buttons and more.<br \/>Built to last: The Model O&#8217;s hive-like design contributes to the creation of the ultimate lightweight mouse without sacrificing durability. Its Omron pointing switches, capable of up to 20 million clicks, and excellent material quality ensure the durability of the Model O.<\/p>\n\n","protected":false},"excerpt":{"rendered":"<p> From the manufacturer The video showcases the product in use.The video guides you through product<\/p>","protected":false},"featured_media":36930,"comment_status":"open","ping_status":"closed","template":"","meta":[],"product_brand":[],"product_cat":[50],"product_tag":[10836,893,10837,765,307,759,756,939,761,617,758,10835,248,3055,1170,767,10838,7864,763,885,760,959,764,256,875,762,750,757],"class_list":{"0":"post-36929","1":"product","2":"type-product","3":"status-publish","4":"has-post-thumbnail","6":"product_cat-mouse","7":"product_tag-67g","8":"product_tag-ambidextrous","9":"product_tag-beehive","10":"product_tag-best-gaming-mouse","11":"product_tag-black","12":"product_tag-bluetooth-mouse","13":"product_tag-computer-mouse","14":"product_tag-design","15":"product_tag-ergonomic-mouse","16":"product_tag-gaming","17":"product_tag-gaming-mouse","18":"product_tag-glorious","19":"product_tag-light","20":"product_tag-matte","21":"product_tag-model","22":"product_tag-mouse","23":"product_tag-omron","24":"product_tag-pixart","25":"product_tag-rechargeable-mouse","26":"product_tag-rgb","27":"product_tag-rgb-mouse","28":"product_tag-sensor","29":"product_tag-silent-mouse","30":"product_tag-super","31":"product_tag-switches","32":"product_tag-usb-mouse","33":"product_tag-wired","34":"product_tag-wireless-mouse","36":"first","37":"instock","38":"shipping-taxable","39":"product-type-external"},"_links":{"self":[{"href":"https:\/\/comprasyconsejos.store\/en\/wp-json\/wp\/v2\/product\/36929","targetHints":{"allow":["GET"]}}],"collection":[{"href":"https:\/\/comprasyconsejos.store\/en\/wp-json\/wp\/v2\/product"}],"about":[{"href":"https:\/\/comprasyconsejos.store\/en\/wp-json\/wp\/v2\/types\/product"}],"replies":[{"embeddable":true,"href":"https:\/\/comprasyconsejos.store\/en\/wp-json\/wp\/v2\/comments?post=36929"}],"version-history":[{"count":0,"href":"https:\/\/comprasyconsejos.store\/en\/wp-json\/wp\/v2\/product\/36929\/revisions"}],"wp:featuredmedia":[{"embeddable":true,"href":"https:\/\/comprasyconsejos.store\/en\/wp-json\/wp\/v2\/media\/36930"}],"wp:attachment":[{"href":"https:\/\/comprasyconsejos.store\/en\/wp-json\/wp\/v2\/media?parent=36929"}],"wp:term":[{"taxonomy":"product_brand","embeddable":true,"href":"https:\/\/comprasyconsejos.store\/en\/wp-json\/wp\/v2\/product_brand?post=36929"},{"taxonomy":"product_cat","embeddable":true,"href":"https:\/\/comprasyconsejos.store\/en\/wp-json\/wp\/v2\/product_cat?post=36929"},{"taxonomy":"product_tag","embeddable":true,"href":"https:\/\/comprasyconsejos.store\/en\/wp-json\/wp\/v2\/product_tag?post=36929"}],"curies":[{"name":"wp","href":"https:\/\/api.w.org\/{rel}","templated":true}]}}