{"id":36941,"date":"2026-03-02T21:32:02","date_gmt":"2026-03-02T21:32:02","guid":{"rendered":"https:\/\/comprasyconsejos.store\/product\/android-15-tablet-30gb-ram-128gb-rom-tf-2tb-expandable-10-inch-8000mah-wifi-5g-gps-bt5-0-otg-face-id-widevine-l1-metal-body-tablet-with-keyboard-mouse-and-protective-case-black\/"},"modified":"2026-03-02T21:32:06","modified_gmt":"2026-03-02T21:32:06","slug":"android-15-tablet-30gb-ram-128gb-rom-tf-2tb-expandable-10-inch-8000mah-wifi-5g-gps-bt5-0-otg-face-id-widevine-l1-metal-body-tablet-with-keyboard-mouse-and-protective-case-black","status":"publish","type":"product","link":"https:\/\/comprasyconsejos.store\/en\/product\/android-15-tablet-30gb-ram-128gb-rom-tf-2tb-expandable-10-inch-8000mah-wifi-5g-gps-bt5-0-otg-face-id-widevine-l1-metal-body-tablet-with-keyboard-mouse-and-protective-case-black\/","title":{"rendered":"Android 15 Tablet, 30GB RAM 128GB ROM (TF 2TB Expandable), 10 Inch, 8000mAh, WIFI 5G, GPS\/BT5.0\/OTG, Face ID, Widevine L1, Metal Body Tablet with Keyboard, Mouse and Protective Case -Black"},"content":{"rendered":"<p>Price: <span style=\"color:#b12704\">\u20ac109.99<\/span><br \/><i><small>(as of Mar 02, 2026 21:32:03 UTC &#8211; <span class=\"wp_automatic_amazon_disclaimer\" title=\"Product prices and availability are accurate as of the date\/time indicated and are subject to change. Any price and availability information displayed on [relevant Amazon Site(s), as applicable] at the time of purchase will apply to the purchase of this product.\">Details<\/span>)<\/small><\/i><\/p>\n<p><a href=\"https:\/\/amazon.es\/dp\/B0FQTMBN5Y?tag=man008-21\"><img decoding=\"async\" src=\"https:\/\/valvepress.s3.amazonaws.com\/imgs\/buy_now.png\"><\/a><br \/>\n<\/p>\n<p>                                             From the brand   <\/p>\n<p>                                              <img decoding=\"async\" alt=\"aplus content image\" src=\"https:\/\/images-na.ssl-images-amazon.com\/images\/G\/01\/x-locale\/common\/grey-pixel.gif\" class=\"a-lazy-loaded\" data-src=\"https:\/\/m.media-amazon.com\/images\/S\/aplus-media-library-service-media\/38a6502b-2913-4ccc-a91b-6f223f78d0ea.__CR0,0,1464,625_PT0_SX1464_V1___.jpg\"><img decoding=\"async\" alt=\"aplus content image\" src=\"https:\/\/m.media-amazon.com\/images\/S\/aplus-media-library-service-media\/38a6502b-2913-4ccc-a91b-6f223f78d0ea.__CR0,0,1464,625_PT0_SX1464_V1___.jpg\">  <\/p>\n<p>                                              <img decoding=\"async\" alt=\"La funda gris oscuro para tableta o dispositivo se muestra sobre un fondo blanco en un entorno de estudio.\" src=\"https:\/\/images-na.ssl-images-amazon.com\/images\/G\/01\/x-locale\/common\/grey-pixel.gif\" class=\"a-lazy-loaded\" data-src=\"https:\/\/m.media-amazon.com\/images\/S\/aplus-media-library-service-media\/b4e6dae4-aff7-455d-bfbc-37303b1275a1.__CR0,0,724,906_PT0_SX362_V1___.png\"><img decoding=\"async\" alt=\"La funda gris oscuro para tableta o dispositivo se muestra sobre un fondo blanco en un entorno de estudio.\" src=\"https:\/\/m.media-amazon.com\/images\/S\/aplus-media-library-service-media\/b4e6dae4-aff7-455d-bfbc-37303b1275a1.__CR0,0,724,906_PT0_SX362_V1___.png\">  <\/p>\n<p>                                              <img decoding=\"async\" alt=\"aplus content image\" src=\"https:\/\/images-na.ssl-images-amazon.com\/images\/G\/01\/x-locale\/common\/grey-pixel.gif\" class=\"a-lazy-loaded\" data-src=\"https:\/\/m.media-amazon.com\/images\/S\/aplus-media-library-service-media\/bec5092f-d275-417c-8297-401fef705614.__CR0,0,724,906_PT0_SX362_V1___.jpg\"><img decoding=\"async\" alt=\"aplus content image\" src=\"https:\/\/m.media-amazon.com\/images\/S\/aplus-media-library-service-media\/bec5092f-d275-417c-8297-401fef705614.__CR0,0,724,906_PT0_SX362_V1___.jpg\">  <\/p>\n<p>                                              <img decoding=\"async\" alt=\"Tres im\u00e1genes conectadas que muestran las manos cogidas y muestran las caracter\u00edsticas de un dispositivo electr\u00f3nico gris sobre un fondo de color claro.\" src=\"https:\/\/images-na.ssl-images-amazon.com\/images\/G\/01\/x-locale\/common\/grey-pixel.gif\" class=\"a-lazy-loaded\" data-src=\"https:\/\/m.media-amazon.com\/images\/S\/aplus-media-library-service-media\/e9aef634-2939-4d4c-b44c-1b3b635aee58.__CR0,0,724,906_PT0_SX362_V1___.png\"><img decoding=\"async\" alt=\"Tres im\u00e1genes conectadas que muestran las manos cogidas y muestran las caracter\u00edsticas de un dispositivo electr\u00f3nico gris sobre un fondo de color claro.\" src=\"https:\/\/m.media-amazon.com\/images\/S\/aplus-media-library-service-media\/e9aef634-2939-4d4c-b44c-1b3b635aee58.__CR0,0,724,906_PT0_SX362_V1___.png\">  <\/p>\n<p>                                              <img decoding=\"async\" alt=\"aplus content image\" src=\"https:\/\/images-na.ssl-images-amazon.com\/images\/G\/01\/x-locale\/common\/grey-pixel.gif\" class=\"a-lazy-loaded\" data-src=\"https:\/\/m.media-amazon.com\/images\/S\/aplus-media-library-service-media\/e172f168-07c8-4f15-9a5c-d75fa7ad65f9.__CR0,0,724,906_PT0_SX362_V1___.jpg\"><img decoding=\"async\" alt=\"aplus content image\" src=\"https:\/\/m.media-amazon.com\/images\/S\/aplus-media-library-service-media\/e172f168-07c8-4f15-9a5c-d75fa7ad65f9.__CR0,0,724,906_PT0_SX362_V1___.jpg\">  <\/p>\n<p> Batteries                                            \u200f                                            :                                            \u200e                                            1 Lithium Polymer batteries required. (included)   <br \/> Package Dimensions                                            \u200f                                            :                                            \u200e                                            33.4 x 18.5 x 4.3 cm; 530 g   <br \/> Manufacturer                                            \u200f                                            :                                            \u200e                                            Dghrti   <br \/> ASIN                                            \u200f                                            :                                            \u200e                                            B0FQTMBN5Y   <br \/> Item model number                                            \u200f                                            :                                            \u200e                                            TAB30   <br \/> Country of origin                                            \u200f                                            :                                            \u200e                                            China   <br \/> Guaranteed software updates until                                            \u200f                                            :                                            \u200e                                            unknown   <br \/>  Customer reviews:                                                                                            4.5               4.5 out of 5 stars                                  (114)                                              var dpAcrHasRegisteredArcLinkClickAction;                    P.when(&#8216;A&#8217;, &#8216;ready&#8217;).execute(function(A) {                        if (dpAcrHasRegisteredArcLinkClickAction !== true) {                            dpAcrHasRegisteredArcLinkClickAction = true;                            A.declarative(                                &#8216;acrLink-click-metrics&#8217;, &#8216;click&#8217;,                                { \u00aballowLinkDefault\u00bb: true },                                function (event) {                                    if (window.ue) {                                        ue.count(\u00abacrLinkClickCount\u00bb, (ue.count(\u00abacrLinkClickCount\u00bb) || 0) + 1);                                    }                                }                            );                        }                    });                                             P.when(&#8216;A&#8217;, &#8216;cf&#8217;).execute(function(A) {                A.declarative(&#8216;acrStarsLink-click-metrics&#8217;, &#8216;click&#8217;, { \u00aballowLinkDefault\u00bb : true },  function(event){                    if(window.ue) {                        ue.count(\u00abacrStarsLinkWithPopoverClickCount\u00bb, (ue.count(\u00abacrStarsLinkWithPopoverClickCount\u00bb) || 0) + 1);                    }                });            });                          <\/p>\n<p>\u3010Android 15 Operation\u3011 Fully upgraded Android 15 system offers smarter and more convenient operation, while protecting the security of personal information. The operation process is more agile. Along with an artificial intelligence assistant that accurately understands voice commands, it enables quick data searches and schedule settings, providing a hands-on and efficient experience for daily entertainment, work and study.<br \/>\u301030GB RAM + 128GB ROM\u3011 This tablet features 8GB physical RAM and 22GB expandable RAM, which adds up to a total of 30GB RAM. This combination of physical RAM and expandable memory enables smooth application execution. The generous 128GB of storage meets your daily application installation needs and supports Micro SD cards up to 2TB to easily save photos, videos and files.<br \/>\u30108000mAh &#038; Stereo Sound\u3011 The tablet features a large capacity 8000mAh battery that ensures continuous use. Smart Power Save Mode automatically optimizes system settings to further extend battery life. Two stereo speakers create an immersive audio experience. The tablet also supports split screen and Wi-Fi projection, making work and entertainment easier.<br \/>\u3010Dual Channel 5G WiFi &#038; Bluetooth 5.0\u3011Support 2.4GHz and 5GHz dual-channel Wi-Fi, providing a more stable and faster internet experience. Bluetooth 5.0 technology ensures a more stable connection and longer transmission distance. Connect a keyboard and mouse for more convenient document management, meeting both daily use and work needs.<br \/>\u30102-in-1 Tablet + Accessories\u3011 This portable tablet, combined with keyboard and mouse, transforms into a PC, ideal for working, video conferences or enjoying leisure time. Accessories included: Keyboard (QWERTY standard), mouse, OTG, protective case, charger, cable, protective film and manual. The TAB30 is the perfect solution for all your daily activities.<\/p>\n\n","protected":false},"excerpt":{"rendered":"<p> From the brand Batteries \u200f : \u200e 1 Lithium Polymer batteries required. (included) Package Dimensions<\/p>","protected":false},"featured_media":36942,"comment_status":"open","ping_status":"closed","template":"","meta":[],"product_brand":[],"product_cat":[95],"product_tag":[700,631,909,6426,694,391,307,2667,632,994,1248,841,10844,584,518,2343,629,767,637,3083,587,913,157,636,635,916,543,628,634,633,630],"class_list":{"0":"post-36941","1":"product","2":"type-product","3":"status-publish","4":"has-post-thumbnail","6":"product_cat-windows-tablets","7":"product_tag-128gb","8":"product_tag-2-in-1-tablet","9":"product_tag-2tb","10":"product_tag-30gb","11":"product_tag-8000mah","12":"product_tag-android","13":"product_tag-black","14":"product_tag-body","15":"product_tag-business-tablet-windows","16":"product_tag-case","17":"product_tag-expandable","18":"product_tag-face","19":"product_tag-gpsbt5-0otg","20":"product_tag-inch","21":"product_tag-keyboard","22":"product_tag-metal","23":"product_tag-microsoft-surface-tablet","24":"product_tag-mouse","25":"product_tag-portable-windows-tablet","26":"product_tag-protective","27":"product_tag-ram","28":"product_tag-rom","29":"product_tag-tablet","30":"product_tag-tablet-laptop-combo","31":"product_tag-touchscreen-windows-tablet","32":"product_tag-widevine","33":"product_tag-wifi","34":"product_tag-windows-tablet","35":"product_tag-windows-tablet-for-work","36":"product_tag-windows-tablet-price","37":"product_tag-windows-tablet-with-keyboard","39":"first","40":"instock","41":"shipping-taxable","42":"product-type-external"},"_links":{"self":[{"href":"https:\/\/comprasyconsejos.store\/en\/wp-json\/wp\/v2\/product\/36941","targetHints":{"allow":["GET"]}}],"collection":[{"href":"https:\/\/comprasyconsejos.store\/en\/wp-json\/wp\/v2\/product"}],"about":[{"href":"https:\/\/comprasyconsejos.store\/en\/wp-json\/wp\/v2\/types\/product"}],"replies":[{"embeddable":true,"href":"https:\/\/comprasyconsejos.store\/en\/wp-json\/wp\/v2\/comments?post=36941"}],"version-history":[{"count":0,"href":"https:\/\/comprasyconsejos.store\/en\/wp-json\/wp\/v2\/product\/36941\/revisions"}],"wp:featuredmedia":[{"embeddable":true,"href":"https:\/\/comprasyconsejos.store\/en\/wp-json\/wp\/v2\/media\/36942"}],"wp:attachment":[{"href":"https:\/\/comprasyconsejos.store\/en\/wp-json\/wp\/v2\/media?parent=36941"}],"wp:term":[{"taxonomy":"product_brand","embeddable":true,"href":"https:\/\/comprasyconsejos.store\/en\/wp-json\/wp\/v2\/product_brand?post=36941"},{"taxonomy":"product_cat","embeddable":true,"href":"https:\/\/comprasyconsejos.store\/en\/wp-json\/wp\/v2\/product_cat?post=36941"},{"taxonomy":"product_tag","embeddable":true,"href":"https:\/\/comprasyconsejos.store\/en\/wp-json\/wp\/v2\/product_tag?post=36941"}],"curies":[{"name":"wp","href":"https:\/\/api.w.org\/{rel}","templated":true}]}}