{"id":36944,"date":"2026-03-02T21:47:10","date_gmt":"2026-03-02T21:47:10","guid":{"rendered":"https:\/\/comprasyconsejos.store\/product\/doogee-tab-g6-2025-android-16-tablet-11-inch-tablet-with-sim-card-30gb-ram256gb-romtf-2tb-8000mah13mp-cameraocta-core-t7250widevine-l1netflixdual-4gwifi-5bluetooth-5-0gps\/"},"modified":"2026-03-02T21:47:13","modified_gmt":"2026-03-02T21:47:13","slug":"doogee-tab-g6-2025-android-16-tablet-11-inch-tablet-with-sim-card-30gb-ram256gb-romtf-2tb-8000mah13mp-cameraocta-core-t7250widevine-l1netflixdual-4gwifi-5bluetooth-5-0gps","status":"publish","type":"product","link":"https:\/\/comprasyconsejos.store\/en\/product\/doogee-tab-g6-2025-android-16-tablet-11-inch-tablet-with-sim-card-30gb-ram256gb-romtf-2tb-8000mah13mp-cameraocta-core-t7250widevine-l1netflixdual-4gwifi-5bluetooth-5-0gps\/","title":{"rendered":"DOOGEE Tab G6 2025 Android 16 Tablet 11 Inch, Tablet with Sim Card 30GB RAM+256GB ROM(TF 2TB), 8000mAh|13MP Camera|Octa-Core T7250|Widevine L1|Netflix|Dual 4G|WiFi 5|Bluetooth 5.0|GPS"},"content":{"rendered":"<p>Price: <span style=\"color:#b12704\">\u20ac139.99<\/span><br \/><i><small>(as of Mar 02, 2026 21:47:11 UTC &#8211; <span class=\"wp_automatic_amazon_disclaimer\" title=\"Product prices and availability are accurate as of the date\/time indicated and are subject to change. Any price and availability information displayed on [relevant Amazon Site(s), as applicable] at the time of purchase will apply to the purchase of this product.\">Details<\/span>)<\/small><\/i><\/p>\n<p><a href=\"https:\/\/amazon.es\/dp\/B0FLKGVRKJ?tag=man008-21\"><img decoding=\"async\" src=\"https:\/\/valvepress.s3.amazonaws.com\/imgs\/buy_now.png\"><\/a><br \/>\n<\/p>\n<p>                                             From the brand   <\/p>\n<p>                                              <img decoding=\"async\" alt=\"\" src=\"https:\/\/images-na.ssl-images-amazon.com\/images\/G\/01\/x-locale\/common\/grey-pixel.gif\" class=\"a-lazy-loaded\" data-src=\"https:\/\/m.media-amazon.com\/images\/S\/aplus-media-library-service-media\/3305e445-11a6-4149-8204-59cb8b527a79.__CR0,0,1464,625_PT0_SX1464_V1___.jpg\"><img decoding=\"async\" alt=\"\" src=\"https:\/\/m.media-amazon.com\/images\/S\/aplus-media-library-service-media\/3305e445-11a6-4149-8204-59cb8b527a79.__CR0,0,1464,625_PT0_SX1464_V1___.jpg\">  <\/p>\n<h3> DOOGEE TAB G6 Tablet 2026 <\/h3>\n<p>                                              <img decoding=\"async\" alt=\"\" src=\"https:\/\/images-na.ssl-images-amazon.com\/images\/G\/01\/x-locale\/common\/grey-pixel.gif\" class=\"a-lazy-loaded\" data-src=\"https:\/\/m.media-amazon.com\/images\/S\/aplus-media-library-service-media\/9bd8cc6d-8058-4bbc-8b53-d4e9c208fedf.__CR0,0,362,453_PT0_SX362_V1___.jpg\"><img decoding=\"async\" alt=\"\" src=\"https:\/\/m.media-amazon.com\/images\/S\/aplus-media-library-service-media\/9bd8cc6d-8058-4bbc-8b53-d4e9c208fedf.__CR0,0,362,453_PT0_SX362_V1___.jpg\">  <\/p>\n<h3> DOOGEE&#8211;OFFICIAL <\/h3>\n<p> La creencia de Doogee es crear un tel\u00e9fono m\u00f3vil que siempre sea impermeable, siempre duradero y tabletas buenas y baratas <\/p>\n<h3> DOOGEE Tablet Tab G6 Android16 <\/h3>\n<h3> DOOGEE Tab G6 Edici\u00f3n VIP 2026 <\/h3>\n<p>                                              <img decoding=\"async\" alt=\"aplus content image\" src=\"https:\/\/images-na.ssl-images-amazon.com\/images\/G\/01\/x-locale\/common\/grey-pixel.gif\" class=\"a-lazy-loaded\" data-src=\"https:\/\/m.media-amazon.com\/images\/S\/aplus-media-library-service-media\/d78a8b42-fe0e-44a3-9305-23df399928b9.__CR151,0,1199,1500_PT0_SX362_V1___.jpg\"><img decoding=\"async\" alt=\"aplus content image\" src=\"https:\/\/m.media-amazon.com\/images\/S\/aplus-media-library-service-media\/d78a8b42-fe0e-44a3-9305-23df399928b9.__CR151,0,1199,1500_PT0_SX362_V1___.jpg\">  <\/p>\n<p>                                              <img decoding=\"async\" alt=\"aplus content image\" src=\"https:\/\/images-na.ssl-images-amazon.com\/images\/G\/01\/x-locale\/common\/grey-pixel.gif\" class=\"a-lazy-loaded\" data-src=\"https:\/\/m.media-amazon.com\/images\/S\/aplus-media-library-service-media\/c2bf458a-dd24-4aba-a039-0a3cd81b744f.__CR1167,0,1905,2384_PT0_SX362_V1___.jpg\"><img decoding=\"async\" alt=\"aplus content image\" src=\"https:\/\/m.media-amazon.com\/images\/S\/aplus-media-library-service-media\/c2bf458a-dd24-4aba-a039-0a3cd81b744f.__CR1167,0,1905,2384_PT0_SX362_V1___.jpg\">  <\/p>\n<p>                                              <img decoding=\"async\" alt=\"aplus content image\" src=\"https:\/\/images-na.ssl-images-amazon.com\/images\/G\/01\/x-locale\/common\/grey-pixel.gif\" class=\"a-lazy-loaded\" data-src=\"https:\/\/m.media-amazon.com\/images\/S\/aplus-media-library-service-media\/0afcc5fe-6d4d-44c1-a81b-994495dff6c8.__CR1167,0,1905,2384_PT0_SX362_V1___.jpg\"><img decoding=\"async\" alt=\"aplus content image\" src=\"https:\/\/m.media-amazon.com\/images\/S\/aplus-media-library-service-media\/0afcc5fe-6d4d-44c1-a81b-994495dff6c8.__CR1167,0,1905,2384_PT0_SX362_V1___.jpg\">  <\/p>\n<p>                                              <img decoding=\"async\" alt=\"que muestra las estad\u00edsticas de la empresa: m\u00e1s de 16 a\u00f1os de experiencia, m\u00e1s de 60 pa\u00edses vendidos en l\u00ednea, m\u00e1s de 200 patentes, m\u00e1s de 1 000 000 000 de usuarios en todo el mundo, m\u00e1s de 1 763 736 seguidores\" src=\"https:\/\/images-na.ssl-images-amazon.com\/images\/G\/01\/x-locale\/common\/grey-pixel.gif\" class=\"a-lazy-loaded\" data-src=\"https:\/\/m.media-amazon.com\/images\/S\/aplus-media-library-service-media\/67f24eb0-1589-4994-80b1-8b01b247572c.__CR0,0,362,453_PT0_SX362_V1___.jpg\"><img decoding=\"async\" alt=\"que muestra las estad\u00edsticas de la empresa: m\u00e1s de 16 a\u00f1os de experiencia, m\u00e1s de 60 pa\u00edses vendidos en l\u00ednea, m\u00e1s de 200 patentes, m\u00e1s de 1 000 000 000 de usuarios en todo el mundo, m\u00e1s de 1 763 736 seguidores\" src=\"https:\/\/m.media-amazon.com\/images\/S\/aplus-media-library-service-media\/67f24eb0-1589-4994-80b1-8b01b247572c.__CR0,0,362,453_PT0_SX362_V1___.jpg\">  <\/p>\n<p>                                                         Nuestro comienzo?                                       <\/p>\n<p> DOOGEE se fund\u00f3 en marzo de 2013, la creencia de DOOGEE es crear un tel\u00e9fono m\u00f3vil que sea resistente al agua para siempre y que nunca se da\u00f1e. <\/p>\n<p>                                                         \u00bfPor qu\u00e9 usar Doogee                                       <\/p>\n<p> Para ofrecer la experiencia perfecta a cada usuario, nos dedicamos a defender \u00abCALIDAD, EXPERIENCIA\u00bb. <\/p>\n<p>                                                         \u00bfQu\u00e9 podemos proporcionar                                       <\/p>\n<p> Para ofrecer la experiencia perfecta a cada usuario, especialmente en la calidad, todos los productos de DOOGEE deben pasar por el proceso de pruebas de alto nivel e inspecci\u00f3n de calidad de alta tecnolog\u00eda. <\/p>\n<p>                                              <img decoding=\"async\" alt=\"de la marca de la empresa DOOGEE con texto en espa\u00f1ol que describe el liderazgo en la industria de los tel\u00e9fonos inteligentes, que se muestra sobre un fondo azul claro\" src=\"https:\/\/images-na.ssl-images-amazon.com\/images\/G\/01\/x-locale\/common\/grey-pixel.gif\" class=\"a-lazy-loaded\" data-src=\"https:\/\/m.media-amazon.com\/images\/S\/aplus-media-library-service-media\/45c73b06-afc7-4990-bccf-ec688d78b0a4.__CR0,0,362,453_PT0_SX362_V1___.jpg\"><img decoding=\"async\" alt=\"de la marca de la empresa DOOGEE con texto en espa\u00f1ol que describe el liderazgo en la industria de los tel\u00e9fonos inteligentes, que se muestra sobre un fondo azul claro\" src=\"https:\/\/m.media-amazon.com\/images\/S\/aplus-media-library-service-media\/45c73b06-afc7-4990-bccf-ec688d78b0a4.__CR0,0,362,453_PT0_SX362_V1___.jpg\">  <\/p>\n<p>                                              <img decoding=\"async\" alt=\"Informaci\u00f3n de la marca DOOGEE en espa\u00f1ol, que destaca tres caracter\u00edsticas clave: resistencia al agua y a los impactos, apariencia personalizada y\" src=\"https:\/\/images-na.ssl-images-amazon.com\/images\/G\/01\/x-locale\/common\/grey-pixel.gif\" class=\"a-lazy-loaded\" data-src=\"https:\/\/m.media-amazon.com\/images\/S\/aplus-media-library-service-media\/a665ff86-10a3-472a-9504-c537ce8d8b9d.__CR0,0,362,453_PT0_SX362_V1___.jpg\"><img decoding=\"async\" alt=\"Informaci\u00f3n de la marca DOOGEE en espa\u00f1ol, que destaca tres caracter\u00edsticas clave: resistencia al agua y a los impactos, apariencia personalizada y\" src=\"https:\/\/m.media-amazon.com\/images\/S\/aplus-media-library-service-media\/a665ff86-10a3-472a-9504-c537ce8d8b9d.__CR0,0,362,453_PT0_SX362_V1___.jpg\">  <\/p>\n<p>                                              <img decoding=\"async\" alt=\"un collage de fotos que muestra a una mujer sosteniendo una c\u00e1mara y a una mujer sosteniendo una c\u00e1mara.\" src=\"https:\/\/images-na.ssl-images-amazon.com\/images\/G\/01\/x-locale\/common\/grey-pixel.gif\" class=\"a-lazy-loaded\" data-src=\"https:\/\/m.media-amazon.com\/images\/S\/aplus-media-library-service-media\/2b0f595a-3c87-444a-bac3-90baf1d3702b.__CR0,0,362,453_PT0_SX362_V1___.jpg\"><img decoding=\"async\" alt=\"un collage de fotos que muestra a una mujer sosteniendo una c\u00e1mara y a una mujer sosteniendo una c\u00e1mara.\" src=\"https:\/\/m.media-amazon.com\/images\/S\/aplus-media-library-service-media\/2b0f595a-3c87-444a-bac3-90baf1d3702b.__CR0,0,362,453_PT0_SX362_V1___.jpg\">  <\/p>\n<p>                                              <img decoding=\"async\" alt=\"de exhibici\u00f3n de productos DOOGEE con relojes inteligentes y tel\u00e9fonos inteligentes plegables. Rotulaci\u00f3n de marca iluminada y unidades de demostraci\u00f3n\" src=\"https:\/\/images-na.ssl-images-amazon.com\/images\/G\/01\/x-locale\/common\/grey-pixel.gif\" class=\"a-lazy-loaded\" data-src=\"https:\/\/m.media-amazon.com\/images\/S\/aplus-media-library-service-media\/566cff4c-038a-489d-9c76-7c2d9b32808e.__CR0,0,362,453_PT0_SX362_V1___.jpg\"><img decoding=\"async\" alt=\"de exhibici\u00f3n de productos DOOGEE con relojes inteligentes y tel\u00e9fonos inteligentes plegables. Rotulaci\u00f3n de marca iluminada y unidades de demostraci\u00f3n\" src=\"https:\/\/m.media-amazon.com\/images\/S\/aplus-media-library-service-media\/566cff4c-038a-489d-9c76-7c2d9b32808e.__CR0,0,362,453_PT0_SX362_V1___.jpg\">  <\/p>\n<p> Batteries                                            \u200f                                            :                                            \u200e                                            2 Lithium Polymer batteries required. (included)   <br \/> Product Dimensions                                            \u200f                                            :                                            \u200e                                            27.95 x 17.5 x 0.75 cm; 572 g   <br \/> Manufacturer                                            \u200f                                            :                                            \u200e                                            DOOGEE   <br \/> ASIN                                            \u200f                                            :                                            \u200e                                            B0FLKGVRKJ   <br \/> Item model number                                            \u200f                                            :                                            \u200e                                            Tab G6   <br \/> Guaranteed software updates until                                            \u200f                                            :                                            \u200e                                            unknown   <br \/>  Customer reviews:                                                                                            4.4               4.4 out of 5 stars                                  (35)                                              var dpAcrHasRegisteredArcLinkClickAction;                    P.when(&#8216;A&#8217;, &#8216;ready&#8217;).execute(function(A) {                        if (dpAcrHasRegisteredArcLinkClickAction !== true) {                            dpAcrHasRegisteredArcLinkClickAction = true;                            A.declarative(                                &#8216;acrLink-click-metrics&#8217;, &#8216;click&#8217;,                                { \u00aballowLinkDefault\u00bb: true },                                function (event) {                                    if (window.ue) {                                        ue.count(\u00abacrLinkClickCount\u00bb, (ue.count(\u00abacrLinkClickCount\u00bb) || 0) + 1);                                    }                                }                            );                        }                    });                                             P.when(&#8216;A&#8217;, &#8216;cf&#8217;).execute(function(A) {                A.declarative(&#8216;acrStarsLink-click-metrics&#8217;, &#8216;click&#8217;, { \u00aballowLinkDefault\u00bb : true },  function(event){                    if(window.ue) {                        ue.count(\u00abacrStarsLinkWithPopoverClickCount\u00bb, (ue.count(\u00abacrStarsLinkWithPopoverClickCount\u00bb) || 0) + 1);                    }                });            });                          <\/p>\n<p>\u3010Android 16 Tablet &#038; Octa-Core Unisoc T7250\u3011DOOGEE Tab G6 tablet andriod 16 is equipped with the latest Android 16 operating system, which enjoys greater security, smooth navigation. The Android 16 tablet is powered by Unisoc T7250 octa-core processor, which offers significant performance improvements over the previous generation chip, with reduced power consumption and lower heat generation, providing a stable and smooth operating environment.<br \/>\u3010Dual SIM 4G LTE+WiFi 5\u3011DOOGEE Tab G6 tablet 11 inch supports two SIM card slots and supports the most popular 4G LTE networks, so you can make voice calls and enjoy high-speed internet access easily. You can enjoy true mobile freedom, even in environments without Wi-Fi. The andriod tablet is equipped with a high-speed Wi-Fi module, which offers faster data transfer speeds and a more stable network experience.<br \/>\u30108000mAh Battery &#038; 7.9mm Slim Metal Body\u3011This Doogee Tab G6 tablet is equipped with an ultra-powerful 8000mAh battery, which offers a full day of battery life. Whether you&#8217;re watching series, playing games, or taking online courses, you can handle it all with ease. It also supports OTG functionality. DOOGEE Tab G6 Android 16 tablet, with its 7.9mm ultra-thin design, is lightweight, portable, with a premium feel and comfortable grip.<br \/>\u301030GB RAM+256GB ROM\/2TB &#038; LPDDR4X\u3011DOOGEE TAB G6 sim card tablet has 30GB RAM (6GB physical memory + 24GB virtual memory) + 256GB ROM and up to 2TB TF card expansion and can easily store thousands of photos, HD videos and office documents. DOOGEE TAB G6 sim card tablet incorporates advanced LPDDR4X memory technology for smooth multitasking, ensures stable and efficient system performance.<br \/>\u301011 inch 90Hz IPS &#038; Widevine L1 Tablet\u3011Tab G6 sim card tablet features an 11-inch IPS HD display with a refresh rate of up to 90Hz, providing ultra-smooth scrolling for gaming, streaming and multitasking. DOOGEE TAB G6 tablet andriod is compatible with Widevine L1 to enjoy 1080PHD content on Netflix, Prime Video and more. Adaptive brightness ensures optimal viewing comfort in any lighting environment.<br \/>\u301013MP+5MP+Face ID &#038; Dual Speaker\u3011This DOOGEE Tab G6 tablet is equipped with a high-definition dual camera with a 13MP main camera and a 5MP secondary camera for sharper photos, allowing you to capture the important moments in your life. It also supports Face ID Smart Face Recognition Unlock, which allows you to unlock the device with a simple glance to access. Equipped with two stereo speakers, it delivers immersive sound.<br \/>\u3010WPS &#038; 3.5mm+GPS Navigation\u3011DOOGEE Tab G6 cheap and good tablet comes with pre-installed WPS office software, allowing you to work on documents, spreadsheets and presentations anytime and anywhere. The doogee Tab G6 tablet features a 3.5mm headphone jack, FM radio support, and a host of navigation features that will help you locate your location.<\/p>\n\n","protected":false},"excerpt":{"rendered":"<p> From the brand DOOGEE TAB G6 Tablet 2026 DOOGEE&#8211;OFFICIAL La creencia de Doogee es crear<\/p>","protected":false},"featured_media":36945,"comment_status":"open","ping_status":"closed","template":"","meta":[],"product_brand":[],"product_cat":[93],"product_tag":[651,909,6426,10849,10851,10850,10845,391,646,648,650,10846,1420,6113,655,584,10848,1105,6206,647,2827,10847,831,157,652,653,649,654],"class_list":{"0":"post-36944","1":"product","2":"type-product","3":"status-publish","4":"has-post-thumbnail","6":"product_cat-android-tablets","7":"product_tag-10-inch-tablet","8":"product_tag-2tb","9":"product_tag-30gb","10":"product_tag-4gwifi","11":"product_tag-5-0gps","12":"product_tag-5bluetooth","13":"product_tag-8000mah13mp","14":"product_tag-android","15":"product_tag-android-tablet","16":"product_tag-best-android-tablet","17":"product_tag-budget-android-tablet","18":"product_tag-cameraoctacore","19":"product_tag-card","20":"product_tag-doogee","21":"product_tag-gaming-tablet","22":"product_tag-inch","23":"product_tag-l1netflixdual","24":"product_tag-ram256gb","25":"product_tag-romtf","26":"product_tag-samsung-android-tablet","27":"product_tag-sim","28":"product_tag-t7250widevine","29":"product_tag-tab","30":"product_tag-tablet","31":"product_tag-tablet-for-kids","32":"product_tag-tablet-for-study","33":"product_tag-tablet-with-sim","34":"product_tag-tablet-with-stylus","36":"first","37":"instock","38":"shipping-taxable","39":"product-type-external"},"_links":{"self":[{"href":"https:\/\/comprasyconsejos.store\/en\/wp-json\/wp\/v2\/product\/36944","targetHints":{"allow":["GET"]}}],"collection":[{"href":"https:\/\/comprasyconsejos.store\/en\/wp-json\/wp\/v2\/product"}],"about":[{"href":"https:\/\/comprasyconsejos.store\/en\/wp-json\/wp\/v2\/types\/product"}],"replies":[{"embeddable":true,"href":"https:\/\/comprasyconsejos.store\/en\/wp-json\/wp\/v2\/comments?post=36944"}],"version-history":[{"count":0,"href":"https:\/\/comprasyconsejos.store\/en\/wp-json\/wp\/v2\/product\/36944\/revisions"}],"wp:featuredmedia":[{"embeddable":true,"href":"https:\/\/comprasyconsejos.store\/en\/wp-json\/wp\/v2\/media\/36945"}],"wp:attachment":[{"href":"https:\/\/comprasyconsejos.store\/en\/wp-json\/wp\/v2\/media?parent=36944"}],"wp:term":[{"taxonomy":"product_brand","embeddable":true,"href":"https:\/\/comprasyconsejos.store\/en\/wp-json\/wp\/v2\/product_brand?post=36944"},{"taxonomy":"product_cat","embeddable":true,"href":"https:\/\/comprasyconsejos.store\/en\/wp-json\/wp\/v2\/product_cat?post=36944"},{"taxonomy":"product_tag","embeddable":true,"href":"https:\/\/comprasyconsejos.store\/en\/wp-json\/wp\/v2\/product_tag?post=36944"}],"curies":[{"name":"wp","href":"https:\/\/api.w.org\/{rel}","templated":true}]}}