{"id":36961,"date":"2026-03-02T23:52:31","date_gmt":"2026-03-02T23:52:31","guid":{"rendered":"https:\/\/comprasyconsejos.store\/product\/kf-concept-69-selfie-stick-for-iphone-selfie-stick-with-auto-opening-tripod-with-9-button-bluetooth-remote-control-portable-for-travel-vloggers-black-textured\/"},"modified":"2026-03-02T23:52:35","modified_gmt":"2026-03-02T23:52:35","slug":"kf-concept-69-selfie-stick-for-iphone-selfie-stick-with-auto-opening-tripod-with-9-button-bluetooth-remote-control-portable-for-travel-vloggers-black-textured","status":"publish","type":"product","link":"https:\/\/comprasyconsejos.store\/en\/product\/kf-concept-69-selfie-stick-for-iphone-selfie-stick-with-auto-opening-tripod-with-9-button-bluetooth-remote-control-portable-for-travel-vloggers-black-textured\/","title":{"rendered":"K&#038;F CONCEPT 69&#8243; Selfie Stick for iPhone, Selfie Stick with Auto Opening, Tripod with 9 Button Bluetooth Remote Control, Portable for Travel, Vloggers, Black, Textured"},"content":{"rendered":"<p>Price: <span style=\"color:#b12704\"><del>\u20ac36.99<\/del> - \u20ac31.99<\/span><br \/><i><small>(as of Mar 02, 2026 23:52:32 UTC &#8211; <span class=\"wp_automatic_amazon_disclaimer\" title=\"Product prices and availability are accurate as of the date\/time indicated and are subject to change. Any price and availability information displayed on [relevant Amazon Site(s), as applicable] at the time of purchase will apply to the purchase of this product.\">Details<\/span>)<\/small><\/i><\/p>\n<p><a href=\"https:\/\/amazon.es\/dp\/B0FS1J72D6?tag=man008-21\"><img decoding=\"async\" src=\"https:\/\/valvepress.s3.amazonaws.com\/imgs\/buy_now.png\"><\/a><br \/>\n<\/p>\n<p>                                             From the brand   <\/p>\n<p>                                              <img decoding=\"async\" alt=\"FILTRO DE LENTE\" src=\"https:\/\/images-na.ssl-images-amazon.com\/images\/G\/01\/x-locale\/common\/grey-pixel.gif\" class=\"a-lazy-loaded\" data-src=\"https:\/\/m.media-amazon.com\/images\/S\/aplus-media-library-service-media\/627cfca3-fbab-435a-94b6-02d12c9ed148.__CR0,1,1464,625_PT0_SX1464_V1___.jpg\"><img decoding=\"async\" alt=\"FILTRO DE LENTE\" src=\"https:\/\/m.media-amazon.com\/images\/S\/aplus-media-library-service-media\/627cfca3-fbab-435a-94b6-02d12c9ed148.__CR0,1,1464,625_PT0_SX1464_V1___.jpg\">  <\/p>\n<p>                                              <img decoding=\"async\" alt=\"en alem\u00e1n para K&amp;amp;F Concept, con tipograf\u00eda negra llamativa sobre fondo gris claro con texto\" src=\"https:\/\/images-na.ssl-images-amazon.com\/images\/G\/01\/x-locale\/common\/grey-pixel.gif\" class=\"a-lazy-loaded\" data-src=\"https:\/\/m.media-amazon.com\/images\/S\/aplus-media-library-service-media\/e9bb5c58-26aa-43df-8bd4-e740bf518b8b.__CR0,0,364,455_PT0_SX362_V1___.jpg\"><img decoding=\"async\" alt=\"en alem\u00e1n para K&amp;amp;F Concept, con tipograf\u00eda negra llamativa sobre fondo gris claro con texto\" src=\"https:\/\/m.media-amazon.com\/images\/S\/aplus-media-library-service-media\/e9bb5c58-26aa-43df-8bd4-e740bf518b8b.__CR0,0,364,455_PT0_SX362_V1___.jpg\">  <\/p>\n<p>                                              <img decoding=\"async\" alt=\"aplus content image\" src=\"https:\/\/images-na.ssl-images-amazon.com\/images\/G\/01\/x-locale\/common\/grey-pixel.gif\" class=\"a-lazy-loaded\" data-src=\"https:\/\/m.media-amazon.com\/images\/S\/aplus-media-library-service-media\/bd93c879-edb4-44e9-85a6-f1e204bd6825.__CR0,0,364,455_PT0_SX362_V1___.jpg\"><img decoding=\"async\" alt=\"aplus content image\" src=\"https:\/\/m.media-amazon.com\/images\/S\/aplus-media-library-service-media\/bd93c879-edb4-44e9-85a6-f1e204bd6825.__CR0,0,364,455_PT0_SX362_V1___.jpg\">  <\/p>\n<h3> Osmo Pocket 3 Filtros Set <\/h3>\n<p class=\"apm-brand-story-stores-link\">\n<h3> Osmo Pocket 3 Accesorios <\/h3>\n<p class=\"apm-brand-story-stores-link\">\n<h3> Juego de lentes para c\u00e1mara de tel\u00e9fono <\/h3>\n<p class=\"apm-brand-story-stores-link\">\n<h3> Selfie Stick <\/h3>\n<p class=\"apm-brand-story-stores-link\">\n<h3> tr\u00edpode para tel\u00e9fono m\u00f3vil <\/h3>\n<p class=\"apm-brand-story-stores-link\">\n<p>                                              <img decoding=\"async\" alt=\"aplus content image\" src=\"https:\/\/images-na.ssl-images-amazon.com\/images\/G\/01\/x-locale\/common\/grey-pixel.gif\" class=\"a-lazy-loaded\" data-src=\"https:\/\/m.media-amazon.com\/images\/S\/aplus-media-library-service-media\/7a297d0e-3177-4a6d-9d8d-ebd36a545014.__CR0,0,364,455_PT0_SX362_V1___.jpg\"><img decoding=\"async\" alt=\"aplus content image\" src=\"https:\/\/m.media-amazon.com\/images\/S\/aplus-media-library-service-media\/7a297d0e-3177-4a6d-9d8d-ebd36a545014.__CR0,0,364,455_PT0_SX362_V1___.jpg\">  <\/p>\n<p>                                              <img decoding=\"async\" alt=\"aplus content image\" src=\"https:\/\/images-na.ssl-images-amazon.com\/images\/G\/01\/x-locale\/common\/grey-pixel.gif\" class=\"a-lazy-loaded\" data-src=\"https:\/\/m.media-amazon.com\/images\/S\/aplus-media-library-service-media\/93adb2cf-5f96-417c-8867-83691d9d781c.__CR0,0,364,455_PT0_SX362_V1___.jpg\"><img decoding=\"async\" alt=\"aplus content image\" src=\"https:\/\/m.media-amazon.com\/images\/S\/aplus-media-library-service-media\/93adb2cf-5f96-417c-8867-83691d9d781c.__CR0,0,364,455_PT0_SX362_V1___.jpg\">  <\/p>\n<p>                                              <img decoding=\"async\" alt=\"aplus content image\" src=\"https:\/\/images-na.ssl-images-amazon.com\/images\/G\/01\/x-locale\/common\/grey-pixel.gif\" class=\"a-lazy-loaded\" data-src=\"https:\/\/m.media-amazon.com\/images\/S\/aplus-media-library-service-media\/48751745-6792-4c7e-ae19-d72300656fd2.__CR0,0,364,455_PT0_SX362_V1___.jpg\"><img decoding=\"async\" alt=\"aplus content image\" src=\"https:\/\/m.media-amazon.com\/images\/S\/aplus-media-library-service-media\/48751745-6792-4c7e-ae19-d72300656fd2.__CR0,0,364,455_PT0_SX362_V1___.jpg\">  <\/p>\n<p>                                              <img decoding=\"async\" alt=\"mochila fotografia\" src=\"https:\/\/images-na.ssl-images-amazon.com\/images\/G\/01\/x-locale\/common\/grey-pixel.gif\" class=\"a-lazy-loaded\" data-src=\"https:\/\/m.media-amazon.com\/images\/S\/aplus-media-library-service-media\/02369043-0ff0-4f19-81dc-723ee4f30e2c.__CR0,0,364,455_PT0_SX362_V1___.jpg\"><img decoding=\"async\" alt=\"mochila fotografia\" src=\"https:\/\/m.media-amazon.com\/images\/S\/aplus-media-library-service-media\/02369043-0ff0-4f19-81dc-723ee4f30e2c.__CR0,0,364,455_PT0_SX362_V1___.jpg\">  <\/p>\n<p> Batteries                                            \u200f                                            :                                            \u200e                                            1 Nonstandard Battery batteries required. (included)   <br \/> Package Dimensions                                            \u200f                                            :                                            \u200e                                            35.79 x 5.41 x 4.9 cm; 440 g   <br \/> Date First Available                                            \u200f                                            :                                            \u200e                                            19 Jan. 2026   <br \/> Manufacturer                                            \u200f                                            :                                            \u200e                                            Shenzhen Zhuoer Photograph   <br \/> ASIN                                            \u200f                                            :                                            \u200e                                            B0FS1J72D6   <br \/> Item model number                                            \u200f                                            :                                            \u200e                                            KF15.0002V1   <br \/> Country of origin                                            \u200f                                            :                                            \u200e                                            China   <br \/> Guaranteed software updates until                                            \u200f                                            :                                            \u200e                                            unknown   <br \/>       Best Sellers Rank:  101 in Selfie Sticks       <br \/>  Customer reviews:                                                                                            4.5               4.5 out of 5 stars                                  (222)                                              var dpAcrHasRegisteredArcLinkClickAction;                    P.when(&#8216;A&#8217;, &#8216;ready&#8217;).execute(function(A) {                        if (dpAcrHasRegisteredArcLinkClickAction !== true) {                            dpAcrHasRegisteredArcLinkClickAction = true;                            A.declarative(                                &#8216;acrLink-click-metrics&#8217;, &#8216;click&#8217;,                                { \u00aballowLinkDefault\u00bb: true },                                function (event) {                                    if (window.ue) {                                        ue.count(\u00abacrLinkClickCount\u00bb, (ue.count(\u00abacrLinkClickCount\u00bb) || 0) + 1);                                    }                                }                            );                        }                    });                                             P.when(&#8216;A&#8217;, &#8216;cf&#8217;).execute(function(A) {                A.declarative(&#8216;acrStarsLink-click-metrics&#8217;, &#8216;click&#8217;, { \u00aballowLinkDefault\u00bb : true },  function(event){                    if(window.ue) {                        ue.count(\u00abacrStarsLinkWithPopoverClickCount\u00bb, (ue.count(\u00abacrStarsLinkWithPopoverClickCount\u00bb) || 0) + 1);                    }                });            });                          <\/p>\n<p>Quick opening and folding: the K&#038;F CONCEPT selfie stick automatically pops up after a 10 cm drop and closes with a simple lift thanks to its magnetic system. Intuitive and one-finger operation. The included remote control has a strap for secure and leak-proof transport<br \/>Stable and Portable: This mobile phone tripod made of aluminium alloy measures 43 cm unfolded and can extend up to 175 cm for wide angle photos. Lightweight (376g), easily fits into a backpack. Its non-slip coating makes it the ideal companion for travel, excursions or the city<br \/>\u30109 Button Bluetooth Remote Control\u3011Included with this iPhone tripod, allows you to take photos, zoom, switch between front and rear camera and manage videos. The K&#038;F CONCEPT tripod is highly versatile and can be used on the floor, on a table or as a selfie stick, making it ideal for content creators and vloggers<br \/>\u3010Two Axis Adjustment\u3011This iPhone selfie stick rotates 360\u00b0 horizontally and 180\u00b0 vertically. Ideal for shooting or photographing from any angle (horizontal, vertical, dive or tilted), it is perfect for travel, direct and family moments<br \/>Universal compatibility: Compatible with most smartphones, this adjustable clamp (5.5-8.5cm) supports many models. The interface with claw on the top allows you to add accessories (microphone, light) for a more professional audio-visual result<\/p>\n\n","protected":false},"excerpt":{"rendered":"<p> From the brand Osmo Pocket 3 Filtros Set Osmo Pocket 3 Accesorios Juego de lentes<\/p>","protected":false},"featured_media":36962,"comment_status":"open","ping_status":"closed","template":"","meta":[],"product_brand":[],"product_cat":[104],"product_tag":[731,307,726,1089,3809,1124,147,3004,3003,3015,3008,3007,3010,3011,3000,3001,3013,3016,3014,3005,3002,3009,3017,3006,5163,290,3012,2515,2513,2131,10860,240,2511,10859],"class_list":{"0":"post-36961","1":"product","2":"type-product","3":"status-publish","4":"has-post-thumbnail","6":"product_cat-apple-iphone","7":"product_tag-auto","8":"product_tag-black","9":"product_tag-bluetooth","10":"product_tag-button","11":"product_tag-concept","12":"product_tag-control","13":"product_tag-iphone","14":"product_tag-iphone-13-accessories","15":"product_tag-iphone-14-case","16":"product_tag-iphone-adapter","17":"product_tag-iphone-battery-pack","18":"product_tag-iphone-cable","19":"product_tag-iphone-camera-lens","20":"product_tag-iphone-car-mount","21":"product_tag-iphone-case","22":"product_tag-iphone-charger","23":"product_tag-iphone-earbuds","24":"product_tag-iphone-gaming-controller","25":"product_tag-iphone-magsafe","26":"product_tag-iphone-pro-max-case","27":"product_tag-iphone-screen-protector","28":"product_tag-iphone-tempered-glass","29":"product_tag-iphone-tripod","30":"product_tag-iphone-wireless-charger","31":"product_tag-opening","32":"product_tag-portable","33":"product_tag-refurbished-iphone","34":"product_tag-remote","35":"product_tag-selfie","36":"product_tag-stick","37":"product_tag-textured","38":"product_tag-travel","39":"product_tag-tripod","40":"product_tag-vloggers","42":"first","43":"instock","44":"sale","45":"shipping-taxable","46":"product-type-external"},"_links":{"self":[{"href":"https:\/\/comprasyconsejos.store\/en\/wp-json\/wp\/v2\/product\/36961","targetHints":{"allow":["GET"]}}],"collection":[{"href":"https:\/\/comprasyconsejos.store\/en\/wp-json\/wp\/v2\/product"}],"about":[{"href":"https:\/\/comprasyconsejos.store\/en\/wp-json\/wp\/v2\/types\/product"}],"replies":[{"embeddable":true,"href":"https:\/\/comprasyconsejos.store\/en\/wp-json\/wp\/v2\/comments?post=36961"}],"version-history":[{"count":0,"href":"https:\/\/comprasyconsejos.store\/en\/wp-json\/wp\/v2\/product\/36961\/revisions"}],"wp:featuredmedia":[{"embeddable":true,"href":"https:\/\/comprasyconsejos.store\/en\/wp-json\/wp\/v2\/media\/36962"}],"wp:attachment":[{"href":"https:\/\/comprasyconsejos.store\/en\/wp-json\/wp\/v2\/media?parent=36961"}],"wp:term":[{"taxonomy":"product_brand","embeddable":true,"href":"https:\/\/comprasyconsejos.store\/en\/wp-json\/wp\/v2\/product_brand?post=36961"},{"taxonomy":"product_cat","embeddable":true,"href":"https:\/\/comprasyconsejos.store\/en\/wp-json\/wp\/v2\/product_cat?post=36961"},{"taxonomy":"product_tag","embeddable":true,"href":"https:\/\/comprasyconsejos.store\/en\/wp-json\/wp\/v2\/product_tag?post=36961"}],"curies":[{"name":"wp","href":"https:\/\/api.w.org\/{rel}","templated":true}]}}