{"id":36967,"date":"2026-03-03T00:29:42","date_gmt":"2026-03-03T00:29:42","guid":{"rendered":"https:\/\/comprasyconsejos.store\/product\/td12lcd-dron-con-camara-para-adultos-drones-con-posicionamiento-por-flujo-optico-motor-sin-escobillas-transmision-de-pantalla-lcd-plegable-drone-para-principiantes-menos-de-249g\/"},"modified":"2026-03-03T00:29:44","modified_gmt":"2026-03-03T00:29:44","slug":"td12lcd-dron-con-camara-para-adultos-drones-con-posicionamiento-por-flujo-optico-motor-sin-escobillas-transmision-de-pantalla-lcd-plegable-drone-para-principiantes-menos-de-249g","status":"publish","type":"product","link":"https:\/\/comprasyconsejos.store\/en\/product\/td12lcd-dron-con-camara-para-adultos-drones-con-posicionamiento-por-flujo-optico-motor-sin-escobillas-transmision-de-pantalla-lcd-plegable-drone-para-principiantes-menos-de-249g\/","title":{"rendered":"TD12LCD Dron con C\u00e1mara para Adultos, Drones con Posicionamiento por Flujo \u00d3ptico, Motor sin Escobillas, Transmisi\u00f3n de Pantalla LCD, Plegable Drone para Principiantes, Menos de 249g"},"content":{"rendered":"<p>Price: <span style=\"color:#b12704\">\u20ac159.99<\/span><br \/><i><small>(as of Mar 03, 2026 00:29:42 UTC &#8211; <span class=\"wp_automatic_amazon_disclaimer\" title=\"Product prices and availability are accurate as of the date\/time indicated and are subject to change. Any price and availability information displayed on [relevant Amazon Site(s), as applicable] at the time of purchase will apply to the purchase of this product.\">Details<\/span>)<\/small><\/i><\/p>\n<p><a href=\"https:\/\/amazon.es\/dp\/B0FVKGBSS9?tag=man008-21\"><img decoding=\"async\" src=\"https:\/\/valvepress.s3.amazonaws.com\/imgs\/buy_now.png\"><\/a><br \/>\n<\/p>\n<p>                                             Product Description   <\/p>\n<p>                                                                                                       <img decoding=\"async\" alt=\"drone\" src=\"https:\/\/images-na.ssl-images-amazon.com\/images\/G\/01\/x-locale\/common\/grey-pixel.gif\" class=\"a-lazy-loaded\" data-src=\"https:\/\/m.media-amazon.com\/images\/S\/aplus-media-library-service-media\/ea44ac72-c1a1-4246-a175-d4e004f72c85.__CR0,0,1464,600_PT0_SX1464_V1___.jpg\"><img decoding=\"async\" alt=\"drone\" src=\"https:\/\/m.media-amazon.com\/images\/S\/aplus-media-library-service-media\/ea44ac72-c1a1-4246-a175-d4e004f72c85.__CR0,0,1464,600_PT0_SX1464_V1___.jpg\">                                               <\/p>\n<p>                                                                                                       <img decoding=\"async\" alt=\"la c\u00e1mara es compacta, compacta y compacta.\" src=\"https:\/\/images-na.ssl-images-amazon.com\/images\/G\/01\/x-locale\/common\/grey-pixel.gif\" class=\"a-lazy-loaded\" data-src=\"https:\/\/m.media-amazon.com\/images\/S\/aplus-media-library-service-media\/7a1cd1e3-2a2a-4bd4-92bb-4039a56310d2.__CR0,0,1464,600_PT0_SX1464_V1___.jpg\"><img decoding=\"async\" alt=\"la c\u00e1mara es compacta, compacta y compacta.\" src=\"https:\/\/m.media-amazon.com\/images\/S\/aplus-media-library-service-media\/7a1cd1e3-2a2a-4bd4-92bb-4039a56310d2.__CR0,0,1464,600_PT0_SX1464_V1___.jpg\">                                               <\/p>\n<p>                                                                                                       <img decoding=\"async\" alt=\"la c\u00e1mara es una c\u00e1mara de v\u00eddeo que se puede utilizar para videojuegos.\" src=\"https:\/\/images-na.ssl-images-amazon.com\/images\/G\/01\/x-locale\/common\/grey-pixel.gif\" class=\"a-lazy-loaded\" data-src=\"https:\/\/m.media-amazon.com\/images\/S\/aplus-media-library-service-media\/6a21d35b-5378-44e8-b216-8ece1f5ca505.__CR0,0,1464,600_PT0_SX1464_V1___.jpg\"><img decoding=\"async\" alt=\"la c\u00e1mara es una c\u00e1mara de v\u00eddeo que se puede utilizar para videojuegos.\" src=\"https:\/\/m.media-amazon.com\/images\/S\/aplus-media-library-service-media\/6a21d35b-5378-44e8-b216-8ece1f5ca505.__CR0,0,1464,600_PT0_SX1464_V1___.jpg\">                                               <\/p>\n<p>                                                                                                       <img decoding=\"async\" alt=\"la c\u00e1mara tiene un dise\u00f1o muy simple.\" src=\"https:\/\/images-na.ssl-images-amazon.com\/images\/G\/01\/x-locale\/common\/grey-pixel.gif\" class=\"a-lazy-loaded\" data-src=\"https:\/\/m.media-amazon.com\/images\/S\/aplus-media-library-service-media\/42ae32ea-73a2-4299-b1a8-138d1f9a5d36.__CR0,0,1464,600_PT0_SX1464_V1___.jpg\"><img decoding=\"async\" alt=\"la c\u00e1mara tiene un dise\u00f1o muy simple.\" src=\"https:\/\/m.media-amazon.com\/images\/S\/aplus-media-library-service-media\/42ae32ea-73a2-4299-b1a8-138d1f9a5d36.__CR0,0,1464,600_PT0_SX1464_V1___.jpg\">                                               <\/p>\n<p>                                                                                                                <img decoding=\"async\" alt=\"flotando sobre un terreno rocoso con monta\u00f1as de fondo. El texto indica una resistencia al viento de hasta el nivel 5 para un vuelo estable en diversas condiciones\" src=\"https:\/\/m.media-amazon.com\/images\/S\/aplus-media-library-service-media\/ce68c943-917a-452e-99e8-0993c90ef3e1.__CR0,0,1464,600_PT0_SX1464_V1___.jpg\">                                                    <img decoding=\"async\" alt=\"Primer plano de un componente de un motor sin escobillas, mostrando \u00ab1000\u00bb en una pantalla LCD. Engranajes anaranjados y plateados visibles en la parte inferior. El texto indica que est\u00e1 equipado con 4 potentes motores.\" src=\"https:\/\/m.media-amazon.com\/images\/S\/aplus-media-library-service-media\/c249b037-ca32-4728-909d-a02112d69a74.__CR0,0,1464,600_PT0_SX1464_V1___.jpg\">                                                    <img decoding=\"async\" alt=\"drone con camara\" src=\"https:\/\/m.media-amazon.com\/images\/S\/aplus-media-library-service-media\/31eae2ae-f22c-4690-9736-ca6122db3a8f.__CR0,0,1464,600_PT0_SX1464_V1___.jpg\"><br \/>\n                            1 Resistencia al viento <\/p>\n<p>                            2 Motor sin escobillas <\/p>\n<p>                            3 Admite tarjeta SD de 32 G <\/p>\n<p>                                                                            <img decoding=\"async\" alt=\"un dron volando en el aire\" src=\"https:\/\/m.media-amazon.com\/images\/S\/aplus-media-library-service-media\/7ede74b3-7497-4afd-bb5c-9991f01d353e.__CR0,0,1464,600_PT0_SX1464_V1___.jpg\">                                                    <img decoding=\"async\" alt=\"el dron est\u00e1 dise\u00f1ado para volar.\" src=\"https:\/\/m.media-amazon.com\/images\/S\/aplus-media-library-service-media\/c7f876fc-af6f-4ad8-8c1e-f764c692fe27.__CR0,0,1464,600_PT0_SX1464_V1___.jpg\">                           <\/p>\n<p>                       1 3 Modos de velocidad          2 Volteo de 360                            <\/p>\n<p>                                                                                                       <img decoding=\"async\" alt=\"est\u00e1n dispuestos sobre una superficie gris: mando a distancia, dron doblado, funda de transporte, bater\u00edas, destornillador, cargador, manual, piezas de repuesto, incluidas h\u00e9lices y protectores\" src=\"https:\/\/images-na.ssl-images-amazon.com\/images\/G\/01\/x-locale\/common\/grey-pixel.gif\" class=\"a-lazy-loaded\" data-src=\"https:\/\/m.media-amazon.com\/images\/S\/aplus-media-library-service-media\/42a230a9-22e2-41ff-909c-b1051351ab70.__CR0,0,1464,600_PT0_SX1464_V1___.jpg\"><img decoding=\"async\" alt=\"est\u00e1n dispuestos sobre una superficie gris: mando a distancia, dron doblado, funda de transporte, bater\u00edas, destornillador, cargador, manual, piezas de repuesto, incluidas h\u00e9lices y protectores\" src=\"https:\/\/m.media-amazon.com\/images\/S\/aplus-media-library-service-media\/42a230a9-22e2-41ff-909c-b1051351ab70.__CR0,0,1464,600_PT0_SX1464_V1___.jpg\">                                               <\/p>\n<p> Batteries                                            \u200f                                            :                                            \u200e                                            1 Lithium Polymer batteries required. (included)   <br \/> Product Dimensions                                            \u200f                                            :                                            \u200e                                            18 x 16 x 6 cm; 640 g   <br \/> Date First Available                                            \u200f                                            :                                            \u200e                                            14 Oct. 2025   <br \/> Manufacturer                                            \u200f                                            :                                            \u200e                                            Toladrone   <br \/> ASIN                                            \u200f                                            :                                            \u200e                                            B0FVKGBSS9   <br \/> Country of origin                                            \u200f                                            :                                            \u200e                                            China   <br \/>       Best Sellers Rank:  12,301 in Toys &#038; Games (See Top 100 in Toys &#038; Games)    70 in Remote &#038; App-Controlled Drones      <br \/>  Customer reviews:                                                                                            4.0               4.0 out of 5 stars                                  (256)                                              var dpAcrHasRegisteredArcLinkClickAction;                    P.when(&#8216;A&#8217;, &#8216;ready&#8217;).execute(function(A) {                        if (dpAcrHasRegisteredArcLinkClickAction !== true) {                            dpAcrHasRegisteredArcLinkClickAction = true;                            A.declarative(                                &#8216;acrLink-click-metrics&#8217;, &#8216;click&#8217;,                                { \u00aballowLinkDefault\u00bb: true },                                function (event) {                                    if (window.ue) {                                        ue.count(\u00abacrLinkClickCount\u00bb, (ue.count(\u00abacrLinkClickCount\u00bb) || 0) + 1);                                    }                                }                            );                        }                    });                                             P.when(&#8216;A&#8217;, &#8216;cf&#8217;).execute(function(A) {                A.declarative(&#8216;acrStarsLink-click-metrics&#8217;, &#8216;click&#8217;, { \u00aballowLinkDefault\u00bb : true },  function(event){                    if(window.ue) {                        ue.count(\u00abacrStarsLinkWithPopoverClickCount\u00bb, (ue.count(\u00abacrStarsLinkWithPopoverClickCount\u00bb) || 0) + 1);                    }                });            });                          <\/p>\n<p>\u3010Remote Control with Built-in LCD Display\u3011 The drone for adults is equipped with image transmission technology that can transmit the images captured by the RC drone camera to the remote control screen in real time. Create an immersive flight experience, with real-time monitoring of flight status and image capture.<br \/>\u3010Optical Flow Positioning\u3011 The camera drone is equipped with an optical flow positioning system, which by recognizing and analyzing the texture of the terrain achieves accurate positioning and hovering of the drone when flying at low altitude, which effectively improves flight stability. Even in complex environments, such as windy conditions or indoors.<br \/>\u3010Support 32GB SD Card\u3011The brushless motor drone is equipped with an SD card slot that supports SD cards with a maximum capacity of 32GB, providing you with ample storage space to take many high-resolution photos and videos without worrying about lack of space.<br \/>\u301090\u00b0 Adjustable Motorized Camera\u3011The drone for beginners is equipped with a flexible camera with adjustable angle, allowing you to capture exciting moments from different perspectives. Meet your various recording needs and record amazing images.<br \/>\u3010Customer Support Team\u3011 Discover the perfect operation and excitement of brushless motor drones and camera, which open up countless possibilities for exploration and innovation from the air. If you encounter any problems when using your drone, our team will always be at your disposal.<\/p>\n\n","protected":false},"excerpt":{"rendered":"<p> Product Description 1 Resistencia al viento 2 Motor sin escobillas 3 Admite tarjeta SD de<\/p>","protected":false},"featured_media":36968,"comment_status":"open","ping_status":"closed","template":"","meta":[],"product_brand":[],"product_cat":[98],"product_tag":[3064,9881,2845,4112,3994,2854,2852,2855,10196,2853,2842,2844,2848,2846,2850,2838,3038,2849,10864,10201,2839,2840,2843,1186,5119,2851,1613,5116,4109,3954,9577,5791,10200,10202,2841,2847,5021,10863,10603],"class_list":{"0":"post-36967","1":"product","2":"type-product","3":"status-publish","4":"has-post-thumbnail","6":"product_cat-drones","7":"product_tag-249g","8":"product_tag-adultos","9":"product_tag-beginner-drone","10":"product_tag-camara","11":"product_tag-con","12":"product_tag-dji-drone","13":"product_tag-dji-mavic","14":"product_tag-dji-mini-2","15":"product_tag-dron","16":"product_tag-drone","17":"product_tag-drone-accessories","18":"product_tag-drone-battery","19":"product_tag-drone-gimbal","20":"product_tag-drone-propellers","21":"product_tag-drone-spare-parts","22":"product_tag-drone-with-camera","23":"product_tag-drones","24":"product_tag-drones-under-200","25":"product_tag-escobillas","26":"product_tag-flujo","27":"product_tag-foldable-drone","28":"product_tag-fpv-drone","29":"product_tag-hd-drone","30":"product_tag-lcd","31":"product_tag-menos","32":"product_tag-mini-drone","33":"product_tag-motor","34":"product_tag-optico","35":"product_tag-pantalla","36":"product_tag-para","37":"product_tag-plegable","38":"product_tag-por","39":"product_tag-posicionamiento","40":"product_tag-principiantes","41":"product_tag-quadcopter","42":"product_tag-remote-control-drone","43":"product_tag-sin","44":"product_tag-td12lcd","45":"product_tag-transmision","47":"first","48":"instock","49":"shipping-taxable","50":"product-type-external"},"_links":{"self":[{"href":"https:\/\/comprasyconsejos.store\/en\/wp-json\/wp\/v2\/product\/36967","targetHints":{"allow":["GET"]}}],"collection":[{"href":"https:\/\/comprasyconsejos.store\/en\/wp-json\/wp\/v2\/product"}],"about":[{"href":"https:\/\/comprasyconsejos.store\/en\/wp-json\/wp\/v2\/types\/product"}],"replies":[{"embeddable":true,"href":"https:\/\/comprasyconsejos.store\/en\/wp-json\/wp\/v2\/comments?post=36967"}],"version-history":[{"count":0,"href":"https:\/\/comprasyconsejos.store\/en\/wp-json\/wp\/v2\/product\/36967\/revisions"}],"wp:featuredmedia":[{"embeddable":true,"href":"https:\/\/comprasyconsejos.store\/en\/wp-json\/wp\/v2\/media\/36968"}],"wp:attachment":[{"href":"https:\/\/comprasyconsejos.store\/en\/wp-json\/wp\/v2\/media?parent=36967"}],"wp:term":[{"taxonomy":"product_brand","embeddable":true,"href":"https:\/\/comprasyconsejos.store\/en\/wp-json\/wp\/v2\/product_brand?post=36967"},{"taxonomy":"product_cat","embeddable":true,"href":"https:\/\/comprasyconsejos.store\/en\/wp-json\/wp\/v2\/product_cat?post=36967"},{"taxonomy":"product_tag","embeddable":true,"href":"https:\/\/comprasyconsejos.store\/en\/wp-json\/wp\/v2\/product_tag?post=36967"}],"curies":[{"name":"wp","href":"https:\/\/api.w.org\/{rel}","templated":true}]}}