{"id":36973,"date":"2026-03-03T01:16:43","date_gmt":"2026-03-03T01:16:43","guid":{"rendered":"https:\/\/comprasyconsejos.store\/product\/msi-axe5400-wifi-6e-usb-tri-band-adapter-wlan-up-to-5400mbps-6ghz-5ghz-2-4ghz-wireless-usb-3-2-gen-1-type-a-mu-mimo-adjustable-antenna-beamforming-wpa3-cable-support-included\/"},"modified":"2026-03-03T01:16:47","modified_gmt":"2026-03-03T01:16:47","slug":"msi-axe5400-wifi-6e-usb-tri-band-adapter-wlan-up-to-5400mbps-6ghz-5ghz-2-4ghz-wireless-usb-3-2-gen-1-type-a-mu-mimo-adjustable-antenna-beamforming-wpa3-cable-support-included","status":"publish","type":"product","link":"https:\/\/comprasyconsejos.store\/en\/product\/msi-axe5400-wifi-6e-usb-tri-band-adapter-wlan-up-to-5400mbps-6ghz-5ghz-2-4ghz-wireless-usb-3-2-gen-1-type-a-mu-mimo-adjustable-antenna-beamforming-wpa3-cable-support-included\/","title":{"rendered":"Msi AXE5400 WiFi 6E USB Tri-Band Adapter, WLAN up to 5400Mbps (6GHz, 5GHz, 2.4GHz Wireless), USB 3.2 Gen 1 Type-A, MU-MIMO, Adjustable Antenna, Beamforming, WPA3, Cable Support Included"},"content":{"rendered":"<p>Price: <span style=\"color:#b12704\"><del>\u20ac79.53<\/del> - \u20ac65.95<\/span><br \/><i><small>(as of Mar 03, 2026 01:16:43 UTC &#8211; <span class=\"wp_automatic_amazon_disclaimer\" title=\"Product prices and availability are accurate as of the date\/time indicated and are subject to change. Any price and availability information displayed on [relevant Amazon Site(s), as applicable] at the time of purchase will apply to the purchase of this product.\">Details<\/span>)<\/small><\/i><\/p>\n<p><a href=\"https:\/\/amazon.es\/dp\/B0CRVFWTT2?tag=man008-21\"><img decoding=\"async\" src=\"https:\/\/valvepress.s3.amazonaws.com\/imgs\/buy_now.png\"><\/a><br \/>\n<\/p>\n<p>                                             From the manufacturer   <\/p>\n<p>                                                  <img decoding=\"async\" alt=\"Actualiza a WiFi 6E ultrarr\u00e1pido sin esfuerzo\" src=\"https:\/\/images-na.ssl-images-amazon.com\/images\/G\/01\/x-locale\/common\/grey-pixel.gif\" class=\"a-lazy-loaded\" data-src=\"https:\/\/m.media-amazon.com\/images\/S\/aplus-media\/vc\/0585f63b-308c-48a8-ad9f-26b3bc1294ad.__CR0,0,1940,600_PT0_SX970_V1___.jpg\"><img decoding=\"async\" alt=\"Actualiza a WiFi 6E ultrarr\u00e1pido sin esfuerzo\" src=\"https:\/\/m.media-amazon.com\/images\/S\/aplus-media\/vc\/0585f63b-308c-48a8-ad9f-26b3bc1294ad.__CR0,0,1940,600_PT0_SX970_V1___.jpg\">  <\/p>\n<p>                                                      <img decoding=\"async\" alt=\"Adaptador USB WiFi AXE5400\" src=\"https:\/\/images-na.ssl-images-amazon.com\/images\/G\/01\/x-locale\/common\/grey-pixel.gif\" class=\"a-spacing-mini a-lazy-loaded\" data-src=\"https:\/\/m.media-amazon.com\/images\/S\/aplus-media\/vc\/f60ba4ed-907e-4505-b6af-1d85bb20cb5a.__CR0,0,600,800_PT0_SX300_V1___.jpg\"><img decoding=\"async\" alt=\"Adaptador USB WiFi AXE5400\" src=\"https:\/\/m.media-amazon.com\/images\/S\/aplus-media\/vc\/f60ba4ed-907e-4505-b6af-1d85bb20cb5a.__CR0,0,600,800_PT0_SX300_V1___.jpg\">  <\/p>\n<p>                                                              <img decoding=\"async\" alt=\"MSI: Para jugadores y creadores\" src=\"https:\/\/images-na.ssl-images-amazon.com\/images\/G\/01\/x-locale\/common\/grey-pixel.gif\" class=\"a-spacing-mini a-lazy-loaded\" data-src=\"https:\/\/m.media-amazon.com\/images\/S\/aplus-media\/vc\/114fa35d-9063-4a70-a19b-1a84ab6eba49.__CR0,0,350,175_PT0_SX350_V1___.png\"><img decoding=\"async\" alt=\"MSI: Para jugadores y creadores\" src=\"https:\/\/m.media-amazon.com\/images\/S\/aplus-media\/vc\/114fa35d-9063-4a70-a19b-1a84ab6eba49.__CR0,0,350,175_PT0_SX350_V1___.png\">                                          MSI: Para jugadores y creadores                                 <\/p>\n<p class=\"a-spacing-small a-size-small a-color-secondary\"> MSI es uno de los nombres m\u00e1s confiables en juegos y deportes electr\u00f3nicos con innumerables horas y recursos significativos invertidos en ligas de deportes electr\u00f3nicos de primer nivel y equipos de juego de nivel 1. Al apoyar y trabajar con lo mejor de lo mejor, MSI es capaz de integrar el conocimiento y las aspiraciones de juego competitivos con la innovaci\u00f3n tecnol\u00f3gica para crear nuevos productos que rompen los l\u00edmites de rendimiento actuales. <\/p>\n<h3 class=\"a-spacing-mini\"> Adaptador USB WiFi AXE5400 <\/h3>\n<p>                                          Actualiza a WiFi 6E ultrarr\u00e1pido sin esfuerzo                                     <\/p>\n<p class=\"a-spacing-base\"> El adaptador USB WiFi AXE5400 es un adaptador USB WiFi 6E de tres bandas que aumenta las velocidades de red para juegos, transmisi\u00f3n y navegaci\u00f3n web en la banda inal\u00e1mbrica de 6 GHz menos congestionada. La instalaci\u00f3n Plug and Play hace que sea f\u00e1cil de usar. <\/p>\n<p>                                                          Velocidad de tres bandas ultrarr\u00e1pida de 2402 Mbps en 6 GHz, 2402 Mbps en 5 GHz y 574 Mbps en 2,4 GHz       Disfruta de juegos sin retrasos y transmisi\u00f3n HD en menos congesti\u00f3n banda de 6 GHz       La formaci\u00f3n de haz y las antenas ajustables mejoran la conectividad WiFi       Actualizaci\u00f3n sin complicaciones a trav\u00e9s de una simple conexi\u00f3n al puerto USB       Posicionamiento flexible con base USB       Mejore la seguridad de la red con el cifrado WiFi WPA3      <\/p>\n<p class=\"apm-text-center\">\n                                                      <img decoding=\"async\" alt=\"Banda WiFi 6E -6GHz\" src=\"https:\/\/images-na.ssl-images-amazon.com\/images\/G\/01\/x-locale\/common\/grey-pixel.gif\" class=\"a-lazy-loaded\" data-src=\"https:\/\/m.media-amazon.com\/images\/S\/aplus-media\/vc\/1bed9a0d-8803-430e-b661-eea1dba56543.__CR0,0,2000,2000_PT0_SX220_V1___.jpg\"><img decoding=\"async\" alt=\"Banda WiFi 6E -6GHz\" src=\"https:\/\/m.media-amazon.com\/images\/S\/aplus-media\/vc\/1bed9a0d-8803-430e-b661-eea1dba56543.__CR0,0,2000,2000_PT0_SX220_V1___.jpg\">  <\/p>\n<p>                                                    Banda WiFi 6E -6GHz                                     <\/p>\n<p class=\"a-size-small\"> WiFi 6E es una extensi\u00f3n de WiFi 6 y tiene todos los mismos beneficios, incluido el acceso a 6 GHz. La nueva tecnolog\u00eda con canales m\u00e1s amplios aumenta las velocidades con baja latencia. <\/p>\n<p class=\"apm-text-center\">\n                                                      <img decoding=\"async\" alt=\"Velocidades ultrarr\u00e1pidas\" src=\"https:\/\/images-na.ssl-images-amazon.com\/images\/G\/01\/x-locale\/common\/grey-pixel.gif\" class=\"a-lazy-loaded\" data-src=\"https:\/\/m.media-amazon.com\/images\/S\/aplus-media\/vc\/5b2ef684-7119-44ac-ad96-082f539213ed.__CR0,0,2000,2000_PT0_SX220_V1___.jpg\"><img decoding=\"async\" alt=\"Velocidades ultrarr\u00e1pidas\" src=\"https:\/\/m.media-amazon.com\/images\/S\/aplus-media\/vc\/5b2ef684-7119-44ac-ad96-082f539213ed.__CR0,0,2000,2000_PT0_SX220_V1___.jpg\">  <\/p>\n<p>                                                    Velocidades ultrarr\u00e1pidas                                     <\/p>\n<p class=\"a-size-small\"> Actualiza un PC\/port\u00e1til con velocidades WiFi 6E Tri-band AXE5400, con MU-MIMO, OFDMA y 1024-QAM para ofrecer WiFi m\u00e1s r\u00e1pido con menos latencia. <\/p>\n<p class=\"apm-text-center\">\n                                                      <img decoding=\"async\" alt=\"Conexi\u00f3n fiable\" src=\"https:\/\/images-na.ssl-images-amazon.com\/images\/G\/01\/x-locale\/common\/grey-pixel.gif\" class=\"a-lazy-loaded\" data-src=\"https:\/\/m.media-amazon.com\/images\/S\/aplus-media\/vc\/2686a437-5680-4304-9749-fa26d7cfe0eb.__CR0,0,2000,2000_PT0_SX220_V1___.jpg\"><img decoding=\"async\" alt=\"Conexi\u00f3n fiable\" src=\"https:\/\/m.media-amazon.com\/images\/S\/aplus-media\/vc\/2686a437-5680-4304-9749-fa26d7cfe0eb.__CR0,0,2000,2000_PT0_SX220_V1___.jpg\">  <\/p>\n<p>                                                    Conexi\u00f3n fiable                                     <\/p>\n<p class=\"a-size-small\"> La antena ajustable de alta ganancia utiliza tecnolog\u00eda de formaci\u00f3n de haces para dirigir la se\u00f1al hacia tu router para una mejor recepci\u00f3n de se\u00f1al. <\/p>\n<p class=\"apm-text-center\">\n                                                      <img decoding=\"async\" alt=\"Posicionamiento flexible\" src=\"https:\/\/images-na.ssl-images-amazon.com\/images\/G\/01\/x-locale\/common\/grey-pixel.gif\" class=\"a-lazy-loaded\" data-src=\"https:\/\/m.media-amazon.com\/images\/S\/aplus-media\/vc\/1ce8ec7c-fb0b-482d-a8a3-8b1571497e9b.__CR0,0,2000,2000_PT0_SX220_V1___.jpg\"><img decoding=\"async\" alt=\"Posicionamiento flexible\" src=\"https:\/\/m.media-amazon.com\/images\/S\/aplus-media\/vc\/1ce8ec7c-fb0b-482d-a8a3-8b1571497e9b.__CR0,0,2000,2000_PT0_SX220_V1___.jpg\">  <\/p>\n<p>                                                    Posicionamiento flexible                                     <\/p>\n<p class=\"a-size-small\"> Con\u00e9ctalo a un puerto USB o m\u00f3ntalo en la base USB incluida para un mejor posicionamiento. <\/p>\n<p class=\"apm-text-center\">\n                                                      <img decoding=\"async\" alt=\"Seguridad de red mejorada\" src=\"https:\/\/images-na.ssl-images-amazon.com\/images\/G\/01\/x-locale\/common\/grey-pixel.gif\" class=\"a-lazy-loaded\" data-src=\"https:\/\/m.media-amazon.com\/images\/S\/aplus-media\/vc\/3b43776b-aea0-4c39-8666-ad91cd9e54ab.__CR0,0,2000,2000_PT0_SX220_V1___.jpg\"><img decoding=\"async\" alt=\"Seguridad de red mejorada\" src=\"https:\/\/m.media-amazon.com\/images\/S\/aplus-media\/vc\/3b43776b-aea0-4c39-8666-ad91cd9e54ab.__CR0,0,2000,2000_PT0_SX220_V1___.jpg\">  <\/p>\n<p>                                                    Seguridad de red mejorada                                     <\/p>\n<p class=\"a-size-small\"> El adaptador USB MSI AXE5400 utiliza el cifrado WPA3 m\u00e1s reciente, mejorando la seguridad y protegiendo sus transmisiones de datos de posibles ataques y olfateo. <\/p>\n<p class=\"apm-text-center\">\n                                                      <img decoding=\"async\" alt=\"Actualizar a WiFi 6E es as\u00ed de f\u00e1cil\" src=\"https:\/\/images-na.ssl-images-amazon.com\/images\/G\/01\/x-locale\/common\/grey-pixel.gif\" class=\"a-lazy-loaded\" data-src=\"https:\/\/m.media-amazon.com\/images\/S\/aplus-media\/vc\/ceb343de-d250-46e8-9c91-2f05ab78a2f3.__CR0,0,2000,2000_PT0_SX220_V1___.jpg\"><img decoding=\"async\" alt=\"Actualizar a WiFi 6E es as\u00ed de f\u00e1cil\" src=\"https:\/\/m.media-amazon.com\/images\/S\/aplus-media\/vc\/ceb343de-d250-46e8-9c91-2f05ab78a2f3.__CR0,0,2000,2000_PT0_SX220_V1___.jpg\">  <\/p>\n<p>                                                    Actualizar a WiFi 6E es as\u00ed de f\u00e1cil                                     <\/p>\n<p class=\"a-size-small\"> Actualiza al instante a WiFi 6E para tu PC de escritorio o port\u00e1til simplemente conectando y ejecutando el controlador integrado. <\/p>\n<p class=\"apm-text-center\">\n                                                      <img decoding=\"async\" alt=\"Compatible con la mayor\u00eda de routers\" src=\"https:\/\/images-na.ssl-images-amazon.com\/images\/G\/01\/x-locale\/common\/grey-pixel.gif\" class=\"a-lazy-loaded\" data-src=\"https:\/\/m.media-amazon.com\/images\/S\/aplus-media\/vc\/da3cac50-e053-4b9d-8dff-1f1c9a8c708f.__CR0,0,2000,2000_PT0_SX220_V1___.jpg\"><img decoding=\"async\" alt=\"Compatible con la mayor\u00eda de routers\" src=\"https:\/\/m.media-amazon.com\/images\/S\/aplus-media\/vc\/da3cac50-e053-4b9d-8dff-1f1c9a8c708f.__CR0,0,2000,2000_PT0_SX220_V1___.jpg\">  <\/p>\n<p>                                                    Compatible con la mayor\u00eda de routers                                     <\/p>\n<p class=\"a-size-small\"> El adaptador USB AXE5400 es capaz de conectarse a la mayor\u00eda de los routers. Recomendamos utilizar un enrutador WiFi 6E y Windows 11 en la PC para admitir el canal de 6 GHz. <\/p>\n<p class=\"apm-text-center\">\n                                                      <img decoding=\"async\" alt=\"1 unidad\" src=\"https:\/\/images-na.ssl-images-amazon.com\/images\/G\/01\/x-locale\/common\/grey-pixel.gif\" class=\"a-lazy-loaded\" data-src=\"https:\/\/m.media-amazon.com\/images\/S\/aplus-media-library-service-media\/7aaa6fe2-3859-4f77-9f85-90a69b85701c.__CR0,0,2000,2000_PT0_SX220_V1___.jpg\"><img decoding=\"async\" alt=\"1 unidad\" src=\"https:\/\/m.media-amazon.com\/images\/S\/aplus-media-library-service-media\/7aaa6fe2-3859-4f77-9f85-90a69b85701c.__CR0,0,2000,2000_PT0_SX220_V1___.jpg\">  <\/p>\n<p>                                                    USB 3.0 de velocidad superior                                     <\/p>\n<p class=\"a-size-small\"> USB 3.0 cuenta con una velocidad de transferencia de 5 Gbps, presentando un rendimiento hasta diez veces mayor que el de USB 2.0. <\/p>\n<p> Batteries                                            \u200f                                            :                                            \u200e                                            1 AAAA batteries required. (included)   <br \/> Language                                            \u200f                                            :                                            \u200e                                            Dutch   <br \/> Product Dimensions                                            \u200f                                            :                                            \u200e                                            20 x 15 x 15 cm; 46 g   <br \/> Manufacturer                                            \u200f                                            :                                            \u200e                                            Msi   <br \/> ASIN                                            \u200f                                            :                                            \u200e                                            B0CRVFWTT2   <br \/> Item model number                                            \u200f                                            :                                            \u200e                                            AXE5400WiFiUSB   <br \/> Country of origin                                            \u200f                                            :                                            \u200e                                            China   <br \/> Guaranteed software updates until                                            \u200f                                            :                                            \u200e                                            unknown   <br \/>  Customer reviews:                                                                                            4.0               4.0 out of 5 stars                                  (295)                                              var dpAcrHasRegisteredArcLinkClickAction;                    P.when(&#8216;A&#8217;, &#8216;ready&#8217;).execute(function(A) {                        if (dpAcrHasRegisteredArcLinkClickAction !== true) {                            dpAcrHasRegisteredArcLinkClickAction = true;                            A.declarative(                                &#8216;acrLink-click-metrics&#8217;, &#8216;click&#8217;,                                { \u00aballowLinkDefault\u00bb: true },                                function (event) {                                    if (window.ue) {                                        ue.count(\u00abacrLinkClickCount\u00bb, (ue.count(\u00abacrLinkClickCount\u00bb) || 0) + 1);                                    }                                }                            );                        }                    });                                             P.when(&#8216;A&#8217;, &#8216;cf&#8217;).execute(function(A) {                A.declarative(&#8216;acrStarsLink-click-metrics&#8217;, &#8216;click&#8217;, { \u00aballowLinkDefault\u00bb : true },  function(event){                    if(window.ue) {                        ue.count(\u00abacrStarsLinkWithPopoverClickCount\u00bb, (ue.count(\u00abacrStarsLinkWithPopoverClickCount\u00bb) || 0) + 1);                    }                });            });                          <\/p>\n<p>INSTANT UPGRADE TO WIFI 6E: AXE5400 USB 3.2 Gen 1 Type-A dongle enables Wi-Fi 6E speeds of up to 5400Mbps for legacy model laptops and desktop PC systems (MU-MIMO ready); compatible with 6GHz, 5GHz and 2.4G Wi-Fi<br \/>TRI-BAND WLAN: Supports low-latency video calling, gaming and streaming over three frequencies up to 2402Mbps on the 6GHz and 5GHz bands (faster) and 574Mbps on the 2.4GHz band (best range); best use on USB 3.2 Gen 1, compatible<br \/>EASY PLUG and PLAY: Plug it in and instantly enjoy Wi-Fi 6E network features such as OFDMA enhanced latency, 1024-QAM transmission, and BSS-color RF channel differentiation; compatible with Windows 11 and Windows 10 operating systems<br \/>WPA3 SECURITY: Provides enhanced protection and more robust authentication protocols through individualized encryption, and eliminates electronic snooping when using WPA3-compliant public Wi-Fi networks<br \/>AMPLIFIED SIGNAL: The foldable, beam-forming antenna design is compact and easy to adjust to improve signal strength; the included wired bracket offers flexible placement, whether for a more powerful or simp signal<\/p>\n\n","protected":false},"excerpt":{"rendered":"<p> From the manufacturer MSI: Para jugadores y creadores MSI es uno de los nombres m\u00e1s<\/p>","protected":false},"featured_media":36974,"comment_status":"open","ping_status":"closed","template":"","meta":[],"product_brand":[],"product_cat":[72],"product_tag":[889,4086,2141,2137,144,876,3454,2308,2094,182,2110,855,2116,415,2114,2118,1262,2092,2112,1098,2133,3537,133,2108,543,2104,2120,2102,226,2106,4782,2095],"class_list":{"0":"post-36973","1":"product","2":"type-product","3":"status-publish","4":"has-post-thumbnail","6":"product_cat-wifi-sticks","7":"product_tag-2-4ghz","8":"product_tag-5400mbps","9":"product_tag-5ghz","10":"product_tag-6ghz","11":"product_tag-adapter","12":"product_tag-adjustable","13":"product_tag-antenna","14":"product_tag-axe5400","15":"product_tag-beamforming","16":"product_tag-cable","17":"product_tag-dual-band-wifi-adapter","18":"product_tag-gen","19":"product_tag-high-speed-wifi-usb","20":"product_tag-included","21":"product_tag-laptop-wifi-adapter","22":"product_tag-mini-wifi-adapter","23":"product_tag-msi","24":"product_tag-mumimo","25":"product_tag-pc-wifi-adapter","26":"product_tag-support","27":"product_tag-triband","28":"product_tag-typea","29":"product_tag-usb","30":"product_tag-usb-wifi-dongle","31":"product_tag-wifi","32":"product_tag-wifi-stick","33":"product_tag-wifi-stick-price","34":"product_tag-wifi-usb-adapter","35":"product_tag-wireless","36":"product_tag-wireless-usb-adapter","37":"product_tag-wlan","38":"product_tag-wpa3","40":"first","41":"instock","42":"sale","43":"shipping-taxable","44":"product-type-external"},"_links":{"self":[{"href":"https:\/\/comprasyconsejos.store\/en\/wp-json\/wp\/v2\/product\/36973","targetHints":{"allow":["GET"]}}],"collection":[{"href":"https:\/\/comprasyconsejos.store\/en\/wp-json\/wp\/v2\/product"}],"about":[{"href":"https:\/\/comprasyconsejos.store\/en\/wp-json\/wp\/v2\/types\/product"}],"replies":[{"embeddable":true,"href":"https:\/\/comprasyconsejos.store\/en\/wp-json\/wp\/v2\/comments?post=36973"}],"version-history":[{"count":0,"href":"https:\/\/comprasyconsejos.store\/en\/wp-json\/wp\/v2\/product\/36973\/revisions"}],"wp:featuredmedia":[{"embeddable":true,"href":"https:\/\/comprasyconsejos.store\/en\/wp-json\/wp\/v2\/media\/36974"}],"wp:attachment":[{"href":"https:\/\/comprasyconsejos.store\/en\/wp-json\/wp\/v2\/media?parent=36973"}],"wp:term":[{"taxonomy":"product_brand","embeddable":true,"href":"https:\/\/comprasyconsejos.store\/en\/wp-json\/wp\/v2\/product_brand?post=36973"},{"taxonomy":"product_cat","embeddable":true,"href":"https:\/\/comprasyconsejos.store\/en\/wp-json\/wp\/v2\/product_cat?post=36973"},{"taxonomy":"product_tag","embeddable":true,"href":"https:\/\/comprasyconsejos.store\/en\/wp-json\/wp\/v2\/product_tag?post=36973"}],"curies":[{"name":"wp","href":"https:\/\/api.w.org\/{rel}","templated":true}]}}