{"id":36991,"date":"2026-03-03T04:10:45","date_gmt":"2026-03-03T04:10:45","guid":{"rendered":"https:\/\/comprasyconsejos.store\/product\/escaner-de-libros-et16-plus-alta-velocidad-16mp-tamano-maximo-a3-soporte-de-documentos-funcion-ocr-compatible-for-office-con-velocidad-de-escaneo-rapidaa-u\/"},"modified":"2026-03-03T04:10:49","modified_gmt":"2026-03-03T04:10:49","slug":"escaner-de-libros-et16-plus-alta-velocidad-16mp-tamano-maximo-a3-soporte-de-documentos-funcion-ocr-compatible-for-office-con-velocidad-de-escaneo-rapidaa-u","status":"publish","type":"product","link":"https:\/\/comprasyconsejos.store\/en\/product\/escaner-de-libros-et16-plus-alta-velocidad-16mp-tamano-maximo-a3-soporte-de-documentos-funcion-ocr-compatible-for-office-con-velocidad-de-escaneo-rapidaa-u\/","title":{"rendered":"Esc\u00e1ner de libros ET16 Plus Alta velocidad 16MP, tama\u00f1o m\u00e1ximo A3 Soporte de documentos Funci\u00f3n OCR Compatible for Office con velocidad de escaneo r\u00e1pida(A-U)"},"content":{"rendered":"<p>Price: <span style=\"color:#b12704\">\u20ac701.92<\/span><br \/><i><small>(as of Mar 03, 2026 04:10:45 UTC &#8211; <span class=\"wp_automatic_amazon_disclaimer\" title=\"Product prices and availability are accurate as of the date\/time indicated and are subject to change. Any price and availability information displayed on [relevant Amazon Site(s), as applicable] at the time of purchase will apply to the purchase of this product.\">Details<\/span>)<\/small><\/i><\/p>\n<p><a href=\"https:\/\/amazon.es\/dp\/B0DPH54P8Y?tag=man008-21\"><img decoding=\"async\" src=\"https:\/\/valvepress.s3.amazonaws.com\/imgs\/buy_now.png\"><\/a><br \/>\n<br \/>\n    <span>Caracter\u00edstica:<br \/>Esc\u00e1ner de libros inteligente ET<br \/>Escanear libros es tan f\u00e1cil como pasar una p\u00e1gina<br \/>Curva de aplanamiento patentada<br \/>Tres l\u00edneas l\u00e1ser del impacto del esc\u00e1ner<br \/>y analizar los contornos de un libro abierto y encuadernado<\/p>\n<p>Lista de paquetes:<br \/>Esc\u00e1ner de libros x 1<\/span>    <br \/>-Este Producto es una c\u00e1mara de documentos basada en USB con un sensor integrado de 5,0 megap\u00edxeles, es la herramienta ideal para presentaciones, captura de im\u00e1genes y grabaci\u00f3n de video.<br \/>-Despu\u00e9s de conectar esta c\u00e1mara de documentos a su computadora, puede capturar cualquier documento en papel, contratos, recibos y tarjetas de presentaci\u00f3n y presentarlos a trav\u00e9s de un monitor o proyector.<br \/>-Adem\u00e1s, el exclusivo dise\u00f1o de la lente orientada hacia abajo hace que la captura de im\u00e1genes repetitivas, las demostraciones, los tutoriales y las conferencias sean c\u00f3modos y sencillos.<br \/>-Junto con estas excelentes funciones, puede usar el software de escaneo de documentos incluido con la c\u00e1mara de documentos para tomar instant\u00e1neas o grabar videos, editar im\u00e1genes y videos con las herramientas de edici\u00f3n avanzadas y disfrutar de la comodidad de compartir.<\/p>\n\n","protected":false},"excerpt":{"rendered":"<p> Caracter\u00edstica:Esc\u00e1ner de libros inteligente ETEscanear libros es tan f\u00e1cil como pasar una p\u00e1ginaCurva de aplanamiento<\/p>","protected":false},"featured_media":36992,"comment_status":"open","ping_status":"closed","template":"","meta":[],"product_brand":[],"product_cat":[60],"product_tag":[6483,4658,1990,201,3994,1982,7716,7718,7551,10878,1989,1983,4496,1986,7715,9191,6803,585,1987,1984,1985,10879,1991,4824,4598,1988,4659],"class_list":{"0":"post-36991","1":"product","2":"type-product","3":"status-publish","4":"has-post-thumbnail","6":"product_cat-scanners","7":"product_tag-16mp","8":"product_tag-alta","9":"product_tag-best-scanner","10":"product_tag-compatible","11":"product_tag-con","12":"product_tag-document-scanner","13":"product_tag-documentos","14":"product_tag-escaneo","15":"product_tag-escaner","16":"product_tag-et16","17":"product_tag-fast-document-scanner","18":"product_tag-flatbed-scanner","19":"product_tag-funcion","20":"product_tag-high-resolution-scanner","21":"product_tag-libros","22":"product_tag-maximo","23":"product_tag-ocr","24":"product_tag-office","25":"product_tag-office-scanner","26":"product_tag-photo-scanner","27":"product_tag-portable-scanner","28":"product_tag-rapidaau","29":"product_tag-scanner-price","30":"product_tag-soporte","31":"product_tag-tamano","32":"product_tag-usb-scanner","33":"product_tag-velocidad","35":"first","36":"instock","37":"shipping-taxable","38":"product-type-external"},"_links":{"self":[{"href":"https:\/\/comprasyconsejos.store\/en\/wp-json\/wp\/v2\/product\/36991","targetHints":{"allow":["GET"]}}],"collection":[{"href":"https:\/\/comprasyconsejos.store\/en\/wp-json\/wp\/v2\/product"}],"about":[{"href":"https:\/\/comprasyconsejos.store\/en\/wp-json\/wp\/v2\/types\/product"}],"replies":[{"embeddable":true,"href":"https:\/\/comprasyconsejos.store\/en\/wp-json\/wp\/v2\/comments?post=36991"}],"version-history":[{"count":0,"href":"https:\/\/comprasyconsejos.store\/en\/wp-json\/wp\/v2\/product\/36991\/revisions"}],"wp:featuredmedia":[{"embeddable":true,"href":"https:\/\/comprasyconsejos.store\/en\/wp-json\/wp\/v2\/media\/36992"}],"wp:attachment":[{"href":"https:\/\/comprasyconsejos.store\/en\/wp-json\/wp\/v2\/media?parent=36991"}],"wp:term":[{"taxonomy":"product_brand","embeddable":true,"href":"https:\/\/comprasyconsejos.store\/en\/wp-json\/wp\/v2\/product_brand?post=36991"},{"taxonomy":"product_cat","embeddable":true,"href":"https:\/\/comprasyconsejos.store\/en\/wp-json\/wp\/v2\/product_cat?post=36991"},{"taxonomy":"product_tag","embeddable":true,"href":"https:\/\/comprasyconsejos.store\/en\/wp-json\/wp\/v2\/product_tag?post=36991"}],"curies":[{"name":"wp","href":"https:\/\/api.w.org\/{rel}","templated":true}]}}