{"id":37006,"date":"2026-03-03T04:55:49","date_gmt":"2026-03-03T04:55:49","guid":{"rendered":"https:\/\/comprasyconsejos.store\/product\/hp-omen-34c-g2-34-curved-gaming-monitor-wqhd-3440-x-1440-at-180hz-219-1ms-hdmi-anti-glare-compatible-with-consoles-1800r-speakers-height-and-tilt-adjustable-black-180hz\/"},"modified":"2026-03-03T04:55:52","modified_gmt":"2026-03-03T04:55:52","slug":"hp-omen-34c-g2-34-curved-gaming-monitor-wqhd-3440-x-1440-at-180hz-219-1ms-hdmi-anti-glare-compatible-with-consoles-1800r-speakers-height-and-tilt-adjustable-black-180hz","status":"publish","type":"product","link":"https:\/\/comprasyconsejos.store\/en\/product\/hp-omen-34c-g2-34-curved-gaming-monitor-wqhd-3440-x-1440-at-180hz-219-1ms-hdmi-anti-glare-compatible-with-consoles-1800r-speakers-height-and-tilt-adjustable-black-180hz\/","title":{"rendered":"HP OMEN 34c G2 34&#8243; Curved Gaming Monitor WQHD 3440 x 1440 at 180Hz, 21:9, 1ms, HDMI, Anti-Glare, Compatible with Consoles, 1800R, Speakers, Height and Tilt Adjustable Black, 180Hz"},"content":{"rendered":"<p>Price: <span style=\"color:#b12704\">\u20ac399.00<\/span><br \/><i><small>(as of Mar 03, 2026 04:55:49 UTC &#8211; <span class=\"wp_automatic_amazon_disclaimer\" title=\"Product prices and availability are accurate as of the date\/time indicated and are subject to change. Any price and availability information displayed on [relevant Amazon Site(s), as applicable] at the time of purchase will apply to the purchase of this product.\">Details<\/span>)<\/small><\/i><\/p>\n<p><a href=\"https:\/\/amazon.es\/dp\/B0DZDB6SCG?tag=man008-21\"><img decoding=\"async\" src=\"https:\/\/valvepress.s3.amazonaws.com\/imgs\/buy_now.png\"><\/a><br \/>\n<\/p>\n<p>                                             From the manufacturer   <\/p>\n<p>                                                                                                       <img decoding=\"async\" alt=\"aplus content image\" src=\"https:\/\/images-na.ssl-images-amazon.com\/images\/G\/01\/x-locale\/common\/grey-pixel.gif\" class=\"a-lazy-loaded\" data-src=\"https:\/\/m.media-amazon.com\/images\/S\/aplus-media-library-service-media\/b96fe6a8-1bae-43f5-ad7a-aecfc4589cab.__CR0,0,2928,1200_PT0_SX1464_V1___.jpg\"><img decoding=\"async\" alt=\"aplus content image\" src=\"https:\/\/m.media-amazon.com\/images\/S\/aplus-media-library-service-media\/b96fe6a8-1bae-43f5-ad7a-aecfc4589cab.__CR0,0,2928,1200_PT0_SX1464_V1___.jpg\">                                               <\/p>\n<p>                                                                                                       <img decoding=\"async\" alt=\"aplus content image\" src=\"https:\/\/images-na.ssl-images-amazon.com\/images\/G\/01\/x-locale\/common\/grey-pixel.gif\" class=\"a-lazy-loaded\" data-src=\"https:\/\/m.media-amazon.com\/images\/S\/aplus-media-library-service-media\/d5273866-b3db-44fb-876a-7098c79cd865.__CR0,0,2928,1200_PT0_SX1464_V1___.jpg\"><img decoding=\"async\" alt=\"aplus content image\" src=\"https:\/\/m.media-amazon.com\/images\/S\/aplus-media-library-service-media\/d5273866-b3db-44fb-876a-7098c79cd865.__CR0,0,2928,1200_PT0_SX1464_V1___.jpg\">                                               <\/p>\n<p>                                                                                                       <img decoding=\"async\" alt=\"aplus content image\" src=\"https:\/\/images-na.ssl-images-amazon.com\/images\/G\/01\/x-locale\/common\/grey-pixel.gif\" class=\"a-lazy-loaded\" data-src=\"https:\/\/m.media-amazon.com\/images\/S\/aplus-media-library-service-media\/393f69d7-f406-45d2-b2d4-29838523deca.__CR0,0,2928,1200_PT0_SX1464_V1___.jpg\"><img decoding=\"async\" alt=\"aplus content image\" src=\"https:\/\/m.media-amazon.com\/images\/S\/aplus-media-library-service-media\/393f69d7-f406-45d2-b2d4-29838523deca.__CR0,0,2928,1200_PT0_SX1464_V1___.jpg\">                                               <\/p>\n<p>                                                                                                       <img decoding=\"async\" alt=\"El texto dice: \u00abDETALLES VIBRANTES\u00bb y \u00abSOSTENIBILIDAD\u00bb. Muestra una pantalla de TV o monitor con globos aerost\u00e1ticos de color naranja vivo sobre un fondo de cielo azul.\" src=\"https:\/\/images-na.ssl-images-amazon.com\/images\/G\/01\/x-locale\/common\/grey-pixel.gif\" class=\"a-lazy-loaded\" data-src=\"https:\/\/m.media-amazon.com\/images\/S\/aplus-media-library-service-media\/8fc9dadd-d447-4a34-8912-168f434cb5b1.__CR0,0,2928,1200_PT0_SX1464_V1___.jpg\"><img decoding=\"async\" alt=\"El texto dice: \u00abDETALLES VIBRANTES\u00bb y \u00abSOSTENIBILIDAD\u00bb. Muestra una pantalla de TV o monitor con globos aerost\u00e1ticos de color naranja vivo sobre un fondo de cielo azul.\" src=\"https:\/\/m.media-amazon.com\/images\/S\/aplus-media-library-service-media\/8fc9dadd-d447-4a34-8912-168f434cb5b1.__CR0,0,2928,1200_PT0_SX1464_V1___.jpg\">                                               <\/p>\n<p>                                                                                                       <img decoding=\"async\" alt=\"aplus content image\" src=\"https:\/\/images-na.ssl-images-amazon.com\/images\/G\/01\/x-locale\/common\/grey-pixel.gif\" class=\"a-lazy-loaded\" data-src=\"https:\/\/m.media-amazon.com\/images\/S\/aplus-media-library-service-media\/0c8443ae-d68c-41cb-a072-fa02538d085d.__CR0,0,2928,1200_PT0_SX1464_V1___.jpg\"><img decoding=\"async\" alt=\"aplus content image\" src=\"https:\/\/m.media-amazon.com\/images\/S\/aplus-media-library-service-media\/0c8443ae-d68c-41cb-a072-fa02538d085d.__CR0,0,2928,1200_PT0_SX1464_V1___.jpg\">                                               <\/p>\n<p>                                                                                                       <img decoding=\"async\" alt=\"El texto dice \u00abOMEN GAMING HUB\u00bb. Interfaz t\u00e9cnica o panel de juego de tem\u00e1tica oscura con l\u00edneas acentuadas en rojo y m\u00faltiples secciones de panel.\" src=\"https:\/\/images-na.ssl-images-amazon.com\/images\/G\/01\/x-locale\/common\/grey-pixel.gif\" class=\"a-lazy-loaded\" data-src=\"https:\/\/m.media-amazon.com\/images\/S\/aplus-media-library-service-media\/b5ef94d4-8174-4173-9594-8d23dfa05b39.__CR0,0,2928,1200_PT0_SX1464_V1___.jpg\"><img decoding=\"async\" alt=\"El texto dice \u00abOMEN GAMING HUB\u00bb. Interfaz t\u00e9cnica o panel de juego de tem\u00e1tica oscura con l\u00edneas acentuadas en rojo y m\u00faltiples secciones de panel.\" src=\"https:\/\/m.media-amazon.com\/images\/S\/aplus-media-library-service-media\/b5ef94d4-8174-4173-9594-8d23dfa05b39.__CR0,0,2928,1200_PT0_SX1464_V1___.jpg\">                                               <\/p>\n<p>                                                                                                       <img decoding=\"async\" alt=\"aplus content image\" src=\"https:\/\/images-na.ssl-images-amazon.com\/images\/G\/01\/x-locale\/common\/grey-pixel.gif\" class=\"a-lazy-loaded\" data-src=\"https:\/\/m.media-amazon.com\/images\/S\/aplus-media-library-service-media\/c796b197-4d5a-4977-948b-fe797b94041e.__CR0,0,2928,1200_PT0_SX1464_V1___.jpg\"><img decoding=\"async\" alt=\"aplus content image\" src=\"https:\/\/m.media-amazon.com\/images\/S\/aplus-media-library-service-media\/c796b197-4d5a-4977-948b-fe797b94041e.__CR0,0,2928,1200_PT0_SX1464_V1___.jpg\">                                               <\/p>\n<p> Product Dimensions                                            \u200f                                            :                                            \u200e                                            24.33 x 80.79 x 58.4 cm; 10.78 kg   <br \/> Manufacturer                                            \u200f                                            :                                            \u200e                                            HP   <br \/> ASIN                                            \u200f                                            :                                            \u200e                                            B0DZDB6SCG   <br \/> Item model number                                            \u200f                                            :                                            \u200e                                            AV4C1E9#ABB   <br \/> Country of origin                                            \u200f                                            :                                            \u200e                                            China   <br \/> Guaranteed software updates until                                            \u200f                                            :                                            \u200e                                            unknown   <br \/>  Customer reviews:                                                                                            4.4               4.4 out of 5 stars                                  (276)                                              var dpAcrHasRegisteredArcLinkClickAction;                    P.when(&#8216;A&#8217;, &#8216;ready&#8217;).execute(function(A) {                        if (dpAcrHasRegisteredArcLinkClickAction !== true) {                            dpAcrHasRegisteredArcLinkClickAction = true;                            A.declarative(                                &#8216;acrLink-click-metrics&#8217;, &#8216;click&#8217;,                                { \u00aballowLinkDefault\u00bb: true },                                function (event) {                                    if (window.ue) {                                        ue.count(\u00abacrLinkClickCount\u00bb, (ue.count(\u00abacrLinkClickCount\u00bb) || 0) + 1);                                    }                                }                            );                        }                    });                                             P.when(&#8216;A&#8217;, &#8216;cf&#8217;).execute(function(A) {                A.declarative(&#8216;acrStarsLink-click-metrics&#8217;, &#8216;click&#8217;, { \u00aballowLinkDefault\u00bb : true },  function(event){                    if(window.ue) {                        ue.count(\u00abacrStarsLinkWithPopoverClickCount\u00bb, (ue.count(\u00abacrStarsLinkWithPopoverClickCount\u00bb) || 0) + 1);                    }                });            });                          <\/p>\n<p>Immerse yourself in the experience with a 1500R ultrawide curved display, 34&#8243; diagonal, and 21:9 aspect ratio, along with two built-in speakers, adjustable support, and full customization via OMEN Gaming Hub<br \/>Experience the action in every frame with a fast 180Hz refresh rate, 1ms MPRT with Overdrive for smooth performance<br \/>Enjoy WQHD resolution with vibrant colors and accurate hues thanks to factory-calibrated 99% sRGB and 95% P3 Display coverage<br \/>Capture every detail, even in the shadows, with VESA DisplayHDR 400 technology for a more accurate viewing experience<br \/>Choose innovation to drive change and enhance your gaming experience<\/p>\n\n","protected":false},"excerpt":{"rendered":"<p> From the manufacturer Product Dimensions \u200f : \u200e 24.33 x 80.79 x 58.4 cm; 10.78<\/p>","protected":false},"featured_media":37007,"comment_status":"open","ping_status":"closed","template":"","meta":[],"product_brand":[],"product_cat":[54],"product_tag":[1791,3859,1778,1918,10885,876,3436,1789,307,201,2883,754,1787,1788,1792,1784,1786,1783,1790,617,544,1569,844,5813,1039,1183,1785,2099],"class_list":{"0":"post-37006","1":"product","2":"type-product","3":"status-publish","4":"has-post-thumbnail","6":"product_cat-curved-monitors","7":"product_tag-144hz-curved-monitor","8":"product_tag-1800r","9":"product_tag-180hz","10":"product_tag-1ms","11":"product_tag-34c","12":"product_tag-adjustable","13":"product_tag-antiglare","14":"product_tag-best-curved-monitor","15":"product_tag-black","16":"product_tag-compatible","17":"product_tag-consoles","18":"product_tag-curved","19":"product_tag-curved-27-inch-monitor","20":"product_tag-curved-32-inch-monitor","21":"product_tag-curved-computer-monitor","22":"product_tag-curved-gaming-monitor","23":"product_tag-curved-led-monitor","24":"product_tag-curved-monitor","25":"product_tag-curved-monitor-price","26":"product_tag-gaming","27":"product_tag-hdmi","28":"product_tag-height","29":"product_tag-monitor","30":"product_tag-omen","31":"product_tag-speakers","32":"product_tag-tilt","33":"product_tag-ultrawide-curved-monitor","34":"product_tag-wqhd","36":"first","37":"instock","38":"shipping-taxable","39":"product-type-external"},"_links":{"self":[{"href":"https:\/\/comprasyconsejos.store\/en\/wp-json\/wp\/v2\/product\/37006","targetHints":{"allow":["GET"]}}],"collection":[{"href":"https:\/\/comprasyconsejos.store\/en\/wp-json\/wp\/v2\/product"}],"about":[{"href":"https:\/\/comprasyconsejos.store\/en\/wp-json\/wp\/v2\/types\/product"}],"replies":[{"embeddable":true,"href":"https:\/\/comprasyconsejos.store\/en\/wp-json\/wp\/v2\/comments?post=37006"}],"version-history":[{"count":0,"href":"https:\/\/comprasyconsejos.store\/en\/wp-json\/wp\/v2\/product\/37006\/revisions"}],"wp:featuredmedia":[{"embeddable":true,"href":"https:\/\/comprasyconsejos.store\/en\/wp-json\/wp\/v2\/media\/37007"}],"wp:attachment":[{"href":"https:\/\/comprasyconsejos.store\/en\/wp-json\/wp\/v2\/media?parent=37006"}],"wp:term":[{"taxonomy":"product_brand","embeddable":true,"href":"https:\/\/comprasyconsejos.store\/en\/wp-json\/wp\/v2\/product_brand?post=37006"},{"taxonomy":"product_cat","embeddable":true,"href":"https:\/\/comprasyconsejos.store\/en\/wp-json\/wp\/v2\/product_cat?post=37006"},{"taxonomy":"product_tag","embeddable":true,"href":"https:\/\/comprasyconsejos.store\/en\/wp-json\/wp\/v2\/product_tag?post=37006"}],"curies":[{"name":"wp","href":"https:\/\/api.w.org\/{rel}","templated":true}]}}