{"id":37012,"date":"2026-03-03T05:10:31","date_gmt":"2026-03-03T05:10:31","guid":{"rendered":"https:\/\/comprasyconsejos.store\/product\/samsung-49-odyssey-g9-dual-qhd-gaming-monitor-5120x1440-329-25001-1000r-240hz-1ms-360cd-m%c2%b2-hdmi-freesync-premium-pro-display-hdr-1000-ls49cg954euxen\/"},"modified":"2026-03-03T05:10:32","modified_gmt":"2026-03-03T05:10:32","slug":"samsung-49-odyssey-g9-dual-qhd-gaming-monitor-5120x1440-329-25001-1000r-240hz-1ms-360cd-m%c2%b2-hdmi-freesync-premium-pro-display-hdr-1000-ls49cg954euxen","status":"publish","type":"product","link":"https:\/\/comprasyconsejos.store\/en\/product\/samsung-49-odyssey-g9-dual-qhd-gaming-monitor-5120x1440-329-25001-1000r-240hz-1ms-360cd-m%c2%b2-hdmi-freesync-premium-pro-display-hdr-1000-ls49cg954euxen\/","title":{"rendered":"Samsung 49&#8243; Odyssey G9 Dual QHD Gaming Monitor, 5120&#215;1440, 32:9, 2500:1, 1000R, 240Hz, 1ms, 360CD\/m\u00b2, HDMI, FreeSync Premium Pro, Display HDR 1000, LS49CG954EUXEN"},"content":{"rendered":"<p>Price: <span style=\"color:#b12704\"><del>\u20ac999.00<\/del> - \u20ac806.57<\/span><br \/><i><small>(as of Mar 03, 2026 05:10:31 UTC &#8211; <span class=\"wp_automatic_amazon_disclaimer\" title=\"Product prices and availability are accurate as of the date\/time indicated and are subject to change. Any price and availability information displayed on [relevant Amazon Site(s), as applicable] at the time of purchase will apply to the purchase of this product.\">Details<\/span>)<\/small><\/i><\/p>\n<p><a href=\"https:\/\/amazon.es\/dp\/B0CDTVTFFS?tag=man008-21\"><img decoding=\"async\" src=\"https:\/\/valvepress.s3.amazonaws.com\/imgs\/buy_now.png\"><\/a><br \/>\n<\/p>\n<p>                                             From the manufacturer   <\/p>\n<p>                                                                     Pantalla \u00e9pica. Juego \u00e9pico                                            <img decoding=\"async\" alt=\"Pantalla \u00e9pica. Juego \u00e9pico\" src=\"https:\/\/images-na.ssl-images-amazon.com\/images\/G\/01\/x-locale\/common\/grey-pixel.gif\" class=\"a-lazy-loaded\" data-src=\"https:\/\/m.media-amazon.com\/images\/S\/aplus-media-library-service-media\/dfd2e890-be5f-48e3-8a51-7f9e2ddfa189.__CR0,0,1464,600_PT0_SX1464_V1___.jpg\"><img decoding=\"async\" alt=\"Pantalla \u00e9pica. Juego \u00e9pico\" src=\"https:\/\/m.media-amazon.com\/images\/S\/aplus-media-library-service-media\/dfd2e890-be5f-48e3-8a51-7f9e2ddfa189.__CR0,0,1464,600_PT0_SX1464_V1___.jpg\">                                                  <\/p>\n<p>                                                                                                                                                                                                                                                     Pantalla curva 1000R con resoluci\u00f3n Dual QHD    <\/p>\n<p class=\"aplus-p2\"> Experimenta el siguiente nivel gaming , superior a todo lo que has visto antes. La pantalla 1000R de 49 pulgadas y resoluci\u00f3n QHD Dual llena tu visi\u00f3n perif\u00e9rica y te mete en la piel de los personajes. \u00b9 <\/p>\n<p>                                            <img decoding=\"async\" alt=\"Pantalla curva 1000R con resoluci\u00f3n Dual QHD\" src=\"https:\/\/m.media-amazon.com\/images\/S\/aplus-media-library-service-media\/ff8bdec4-1a41-4851-a388-a81467738ae0.__CR0,0,800,600_PT0_SX800_V1___.jpg\">                                                                                                  VESA Display HDR 1000    <\/p>\n<p class=\"aplus-p2\"> Con un brillo m\u00e1ximo de 1.000 nits y un ratio de contraste de 1.000.000:1 que mejoran la expresi\u00f3n del color y la profundidad, conseguir\u00e1s una ventaja competitiva para detectar a tus enemigos escondidos en las sombras. \u00b9 <\/p>\n<p>                                            <img decoding=\"async\" alt=\"VESA Display HDR 1000\" src=\"https:\/\/m.media-amazon.com\/images\/S\/aplus-media-library-service-media\/245644e0-e859-4802-81d7-0424243f8cc6.__CR0,0,800,600_PT0_SX800_V1___.jpg\">                                                                                                  240Hz y un 1ms (GTG) de tiempo de respuesta    <\/p>\n<p class=\"aplus-p2\"> La frecuencia de refresco de 240 Hz elimina el retardo para que disfrutes de un juego ultraflu\u00eddo. El tiempo de respuesta de 1 ms (GTG) te proporciona fotogramas sin desenfoque y sin efecto fantasma. \u00b9 \u00b2 \u00b3 \u2074 <\/p>\n<p>                                            <img decoding=\"async\" alt=\"240Hz y un 1ms (GTG) de tiempo de respuesta\" src=\"https:\/\/m.media-amazon.com\/images\/S\/aplus-media-library-service-media\/641a1e2e-94a9-4ed8-a038-4f9b960d565f.__CR0,0,800,600_PT0_SX800_V1___.jpg\">                                                          <\/p>\n<p>                                                                                              <img decoding=\"async\" alt=\" \" src=\"https:\/\/images-na.ssl-images-amazon.com\/images\/G\/01\/x-locale\/common\/grey-pixel.gif\" class=\"a-lazy-loaded\" data-src=\"https:\/\/m.media-amazon.com\/images\/S\/aplus-media-library-service-media\/7fbce8ac-1a00-49f9-b8e6-a282afb6ab94.__CR0,0,650,350_PT0_SX650_V1___.jpg\"><img decoding=\"async\" alt=\" \" src=\"https:\/\/m.media-amazon.com\/images\/S\/aplus-media-library-service-media\/7fbce8ac-1a00-49f9-b8e6-a282afb6ab94.__CR0,0,650,350_PT0_SX650_V1___.jpg\">                                            AMD FreeSync Premium Pro                                         <\/p>\n<p class=\"aplus-p3\"> Acci\u00f3n hiperr\u00e1pida sin interrupciones. Las escenas de juego complejas y r\u00e1pidas se proyectan con fluidez y sin interrupciones gracias a AMD FreeSync Premium Pro para potenciar tu ventaja competitiva. \u00b9 \u2075 <\/p>\n<p>                                           <img decoding=\"async\" alt=\" \" src=\"https:\/\/images-na.ssl-images-amazon.com\/images\/G\/01\/x-locale\/common\/grey-pixel.gif\" class=\"a-lazy-loaded\" data-src=\"https:\/\/m.media-amazon.com\/images\/S\/aplus-media-library-service-media\/8aa3f969-b2ab-4136-adaf-b44c7c20ccf2.__CR0,0,650,350_PT0_SX650_V1___.jpg\"><img decoding=\"async\" alt=\" \" src=\"https:\/\/m.media-amazon.com\/images\/S\/aplus-media-library-service-media\/8aa3f969-b2ab-4136-adaf-b44c7c20ccf2.__CR0,0,650,350_PT0_SX650_V1___.jpg\">                                            Dise\u00f1o ergon\u00f3mico                                         <\/p>\n<p class=\"aplus-p3\"> Gira, inclina y ajusta la altura hasta que encuentres la posici\u00f3n \u00f3ptima para batir a tus rivales. Compatible con el soporte VESA est\u00e1ndar. \u00b9 <\/p>\n<p>                                                                     Modo Eye Saver                                            <img decoding=\"async\" alt=\"Modo Eye Saver\" src=\"https:\/\/images-na.ssl-images-amazon.com\/images\/G\/01\/x-locale\/common\/grey-pixel.gif\" class=\"a-lazy-loaded\" data-src=\"https:\/\/m.media-amazon.com\/images\/S\/aplus-media-library-service-media\/dc876107-cbe3-4cac-addd-b16c6166920f.__CR0,0,1464,600_PT0_SX1464_V1___.jpg\"><img decoding=\"async\" alt=\"Modo Eye Saver\" src=\"https:\/\/m.media-amazon.com\/images\/S\/aplus-media-library-service-media\/dc876107-cbe3-4cac-addd-b16c6166920f.__CR0,0,1464,600_PT0_SX1464_V1___.jpg\">                                         <\/p>\n<p class=\"aplus-description aplus-container-3 aplus-p1\"> Deja que tus ojos se pongan c\u00f3modos. La avanzada tecnolog\u00eda de confort ocular certificada por T\u00dcV reduce la fatiga ocular minimizando la luz azul y reduciendo el irritante parpadeo de la pantalla. \u00b9 <\/p>\n<p class=\"description\"> \u00b9 Im\u00e1genes simuladas con fines ilustrativos. <\/p>\n<p class=\"description\"> \u00b2 1 ms\u00bb significa un milisegundo, que es el intervalo de tiempo de respuesta medio entre 1,00 ms y 1,99 ms truncado a n\u00fameros enteros. <\/p>\n<p class=\"description\"> \u00b3 Basado en GtG medido en condiciones de prueba internas. Los resultados pueden variar seg\u00fan el contenido y la configuraci\u00f3n del monitor (requiere la configuraci\u00f3n de \u00abModo extremo\u00bb). <\/p>\n<p class=\"description\"> \u2074 GtG (Gray to Gray) mide el tiempo que tarda un p\u00edxel del monitor en cambiar de un valor de gris a otro. <\/p>\n<p class=\"description\"> \u2075 AMD FreeSync Premium Pro es compatible con las tarjetas gr\u00e1ficas Radeon Rx 200 y modelos posteriores. <\/p>\n<p> Language                                            \u200f                                            :                                            \u200e                                            Spanish   <br \/> Product Dimensions                                            \u200f                                            :                                            \u200e                                            42.05 x 114.76 x 56.84 cm; 15.6 kg   <br \/> Manufacturer                                            \u200f                                            :                                            \u200e                                            Samsung   <br \/> ASIN                                            \u200f                                            :                                            \u200e                                            B0CDTVTFFS   <br \/> Item model number                                            \u200f                                            :                                            \u200e                                            LS49CG954EUXEN   <br \/> Country of origin                                            \u200f                                            :                                            \u200e                                            Germany   <br \/> Guaranteed software updates until                                            \u200f                                            :                                            \u200e                                            unknown   <br \/>  Customer reviews:                                                                                            4.3               4.3 out of 5 stars                                  (218)                                              var dpAcrHasRegisteredArcLinkClickAction;                    P.when(&#8216;A&#8217;, &#8216;ready&#8217;).execute(function(A) {                        if (dpAcrHasRegisteredArcLinkClickAction !== true) {                            dpAcrHasRegisteredArcLinkClickAction = true;                            A.declarative(                                &#8216;acrLink-click-metrics&#8217;, &#8216;click&#8217;,                                { \u00aballowLinkDefault\u00bb: true },                                function (event) {                                    if (window.ue) {                                        ue.count(\u00abacrLinkClickCount\u00bb, (ue.count(\u00abacrLinkClickCount\u00bb) || 0) + 1);                                    }                                }                            );                        }                    });                                             P.when(&#8216;A&#8217;, &#8216;cf&#8217;).execute(function(A) {                A.declarative(&#8216;acrStarsLink-click-metrics&#8217;, &#8216;click&#8217;, { \u00aballowLinkDefault\u00bb : true },  function(event){                    if(window.ue) {                        ue.count(\u00abacrStarsLinkWithPopoverClickCount\u00bb, (ue.count(\u00abacrStarsLinkWithPopoverClickCount\u00bb) || 0) + 1);                    }                });            });                          <\/p>\n<p>1000R curved screen: maximum immersion for more fun and realism.<br \/>240Hz and 1ms Response Time: Take down all your enemies, even at extreme speed, with a response time of 1ms. Forget about delays.<br \/>FreeSync Premium Pro: Play without skipping or cutting scenes. With AMD FreeSync technology, you&#8217;ll enjoy smooth HDR gaming with low latency.<br \/>VESA DisplayHDR 1000: Discover even the secrets hidden in the shadows with particularly detailed resolution.<br \/>Eye Saver Mode: Minimize blue light enough so that your eyes stay relaxed even when playing for a long time.<\/p>\n\n","protected":false},"excerpt":{"rendered":"<p> From the manufacturer Pantalla \u00e9pica. Juego \u00e9pico Pantalla curva 1000R con resoluci\u00f3n Dual QHD Experimenta<\/p>","protected":false},"featured_media":37013,"comment_status":"open","ping_status":"closed","template":"","meta":[],"product_brand":[],"product_cat":[52,54],"product_tag":[2917,1817,1822,1918,1298,1819,1821,1816,1824,10888,7827,1823,1825,561,298,1922,617,544,1813,1820,10889,844,2915,1035,163,1243,1818,249],"class_list":{"0":"post-37012","1":"product","2":"type-product","3":"status-publish","4":"has-post-thumbnail","6":"product_cat-2k-monitors","7":"product_cat-curved-monitors","8":"product_tag-1000r","9":"product_tag-1440p-monitor","10":"product_tag-144hz-2k-monitor","11":"product_tag-1ms","12":"product_tag-240hz","13":"product_tag-27-inch-2k-monitor","14":"product_tag-2k-gaming-monitor","15":"product_tag-2k-monitor","16":"product_tag-2k-monitor-price","17":"product_tag-360cdm","18":"product_tag-5120x1440","19":"product_tag-best-2k-monitor","20":"product_tag-curved-2k-monitor","21":"product_tag-display","22":"product_tag-dual","23":"product_tag-freesync","24":"product_tag-gaming","25":"product_tag-hdmi","26":"product_tag-hdr","27":"product_tag-ips-2k-monitor","28":"product_tag-ls49cg954euxen","29":"product_tag-monitor","30":"product_tag-odyssey","31":"product_tag-premium","32":"product_tag-pro","33":"product_tag-qhd","34":"product_tag-qhd-monitor","35":"product_tag-samsung","37":"first","38":"instock","39":"sale","40":"shipping-taxable","41":"product-type-external"},"_links":{"self":[{"href":"https:\/\/comprasyconsejos.store\/en\/wp-json\/wp\/v2\/product\/37012","targetHints":{"allow":["GET"]}}],"collection":[{"href":"https:\/\/comprasyconsejos.store\/en\/wp-json\/wp\/v2\/product"}],"about":[{"href":"https:\/\/comprasyconsejos.store\/en\/wp-json\/wp\/v2\/types\/product"}],"replies":[{"embeddable":true,"href":"https:\/\/comprasyconsejos.store\/en\/wp-json\/wp\/v2\/comments?post=37012"}],"version-history":[{"count":0,"href":"https:\/\/comprasyconsejos.store\/en\/wp-json\/wp\/v2\/product\/37012\/revisions"}],"wp:featuredmedia":[{"embeddable":true,"href":"https:\/\/comprasyconsejos.store\/en\/wp-json\/wp\/v2\/media\/37013"}],"wp:attachment":[{"href":"https:\/\/comprasyconsejos.store\/en\/wp-json\/wp\/v2\/media?parent=37012"}],"wp:term":[{"taxonomy":"product_brand","embeddable":true,"href":"https:\/\/comprasyconsejos.store\/en\/wp-json\/wp\/v2\/product_brand?post=37012"},{"taxonomy":"product_cat","embeddable":true,"href":"https:\/\/comprasyconsejos.store\/en\/wp-json\/wp\/v2\/product_cat?post=37012"},{"taxonomy":"product_tag","embeddable":true,"href":"https:\/\/comprasyconsejos.store\/en\/wp-json\/wp\/v2\/product_tag?post=37012"}],"curies":[{"name":"wp","href":"https:\/\/api.w.org\/{rel}","templated":true}]}}