{"id":37024,"date":"2026-03-03T05:45:33","date_gmt":"2026-03-03T05:45:33","guid":{"rendered":"https:\/\/comprasyconsejos.store\/product\/seagate-expansion-portable-1tb-external-hard-drive-hdd-usb-3-0-for-pc-laptop-and-mac-2-year-rescue-services-stea1000400\/"},"modified":"2026-03-03T05:45:34","modified_gmt":"2026-03-03T05:45:34","slug":"seagate-expansion-portable-1tb-external-hard-drive-hdd-usb-3-0-for-pc-laptop-and-mac-2-year-rescue-services-stea1000400","status":"publish","type":"product","link":"https:\/\/comprasyconsejos.store\/en\/product\/seagate-expansion-portable-1tb-external-hard-drive-hdd-usb-3-0-for-pc-laptop-and-mac-2-year-rescue-services-stea1000400\/","title":{"rendered":"Seagate Expansion Portable, 1TB, External Hard Drive, HDD, USB 3.0 for PC, Laptop and Mac, 2 Year Rescue Services (STEA1000400)"},"content":{"rendered":"<p>Price: <span style=\"color:#b12704\">\u20ac89.99<\/span><br \/><i><small>(as of Mar 03, 2026 05:45:33 UTC &#8211; <span class=\"wp_automatic_amazon_disclaimer\" title=\"Product prices and availability are accurate as of the date\/time indicated and are subject to change. Any price and availability information displayed on [relevant Amazon Site(s), as applicable] at the time of purchase will apply to the purchase of this product.\">Details<\/span>)<\/small><\/i><\/p>\n<p><a href=\"https:\/\/amazon.es\/dp\/B00TKFEEAS?tag=man008-21\"><img decoding=\"async\" src=\"https:\/\/valvepress.s3.amazonaws.com\/imgs\/buy_now.png\"><\/a><br \/>\n<\/p>\n<p>                                             From the manufacturer   <\/p>\n<p>                                                  <img decoding=\"async\" alt=\" \" src=\"https:\/\/images-na.ssl-images-amazon.com\/images\/G\/01\/x-locale\/common\/grey-pixel.gif\" class=\"a-spacing-mini a-lazy-loaded\" data-src=\"https:\/\/m.media-amazon.com\/images\/S\/aplus-media\/sota\/fef4be20-6bad-40c8-ae6a-be23edc2bb0a.__CR68,0,534,534_PT0_SX300_V1___.jpg\"><img decoding=\"async\" alt=\" \" src=\"https:\/\/m.media-amazon.com\/images\/S\/aplus-media\/sota\/fef4be20-6bad-40c8-ae6a-be23edc2bb0a.__CR68,0,534,534_PT0_SX300_V1___.jpg\">  <\/p>\n<h3 class=\"a-spacing-mini\"> La soluci\u00f3n de almacenamiento f\u00e1cil de usar. <\/h3>\n<p> La unidad de disco duro port\u00e1til Expansion se instala de forma sencilla con solo conectar un cable USB. Podr\u00e1 empezar a guardar sus archivos digitales en esta unidad de disco duro externa desde el primer instante. <\/p>\n<p>                                                  <img decoding=\"async\" alt=\"Seagate\" src=\"https:\/\/images-na.ssl-images-amazon.com\/images\/G\/01\/x-locale\/common\/grey-pixel.gif\" class=\"a-lazy-loaded\" data-src=\"https:\/\/m.media-amazon.com\/images\/S\/aplus-media\/sota\/45986270-3c74-4708-b471-2085849ce955.__CR0,0,1528,473_PT0_SX970_V1___.png\"><img decoding=\"async\" alt=\"Seagate\" src=\"https:\/\/m.media-amazon.com\/images\/S\/aplus-media\/sota\/45986270-3c74-4708-b471-2085849ce955.__CR0,0,1528,473_PT0_SX970_V1___.png\">  <\/p>\n<p>                                                  <img decoding=\"async\" alt=\" \" src=\"https:\/\/images-na.ssl-images-amazon.com\/images\/G\/01\/x-locale\/common\/grey-pixel.gif\" class=\"a-lazy-loaded\" data-src=\"https:\/\/m.media-amazon.com\/images\/S\/aplus-media\/sota\/6e331701-c80c-47d8-b592-519c6960db29.__CR79,77,387,387_PT0_SX300_V1___.jpg\"><img decoding=\"async\" alt=\" \" src=\"https:\/\/m.media-amazon.com\/images\/S\/aplus-media\/sota\/6e331701-c80c-47d8-b592-519c6960db29.__CR79,77,387,387_PT0_SX300_V1___.jpg\">  <\/p>\n<h3 class=\"a-spacing-mini\"> Almacenamiento adicional sencillo que le acompa\u00f1a a cualquier parte <\/h3>\n<p> La unidad de disco duro port\u00e1til Expansion de Seagate ofrece una soluci\u00f3n de f\u00e1cil uso cuando necesita a\u00f1adir de forma inmediata m\u00e1s espacio de almacenamiento a su ordenador y llevar consigo sus archivos. <\/p>\n<\/p>\n<p>Arrastre y suelte los archivos para guardarlos desde el primer instante.Alimentaci\u00f3n mediante USBTransferencia r\u00e1pida de datos gracias a la conexi\u00f3n USB 3.0     <\/p>\n<p> Is discontinued by manufacturer                                            \u200f                                            :                                            \u200e                                            No   <br \/> Product Dimensions                                            \u200f                                            :                                            \u200e                                            14.8 x 10.4 x 3.4 cm; 170 g   <br \/> Manufacturer                                            \u200f                                            :                                            \u200e                                            Seagate   <br \/> ASIN                                            \u200f                                            :                                            \u200e                                            B00TKFEEAS   <br \/> Item model number                                            \u200f                                            :                                            \u200e                                            STEA1000400   <br \/> Guaranteed software updates until                                            \u200f                                            :                                            \u200e                                            unknown   <br \/>  Customer reviews:                                                                                            4.6               4.6 out of 5 stars                                  (137,589)                                              var dpAcrHasRegisteredArcLinkClickAction;                    P.when(&#8216;A&#8217;, &#8216;ready&#8217;).execute(function(A) {                        if (dpAcrHasRegisteredArcLinkClickAction !== true) {                            dpAcrHasRegisteredArcLinkClickAction = true;                            A.declarative(                                &#8216;acrLink-click-metrics&#8217;, &#8216;click&#8217;,                                { \u00aballowLinkDefault\u00bb: true },                                function (event) {                                    if (window.ue) {                                        ue.count(\u00abacrLinkClickCount\u00bb, (ue.count(\u00abacrLinkClickCount\u00bb) || 0) + 1);                                    }                                }                            );                        }                    });                                             P.when(&#8216;A&#8217;, &#8216;cf&#8217;).execute(function(A) {                A.declarative(&#8216;acrStarsLink-click-metrics&#8217;, &#8216;click&#8217;, { \u00aballowLinkDefault\u00bb : true },  function(event){                    if(window.ue) {                        ue.count(\u00abacrStarsLinkWithPopoverClickCount\u00bb, (ue.count(\u00abacrStarsLinkWithPopoverClickCount\u00bb) || 0) + 1);                    }                });            });                          <\/p>\n<p>Easily store and access content wherever you go with the Seagate Expansion Portable Hard Drive<br \/>This external hard drive for Windows computers allows you to back up in a moment: just drag and drop<br \/>To perform the setup, connect the portable hard drive to your Windows computer for automatic recognition; no software is required<br \/>This USB drive provides the simplicity of plug-and-play technology with the included 45cm USB 3.0 cable<\/p>\n\n","protected":false},"excerpt":{"rendered":"<p> From the manufacturer La soluci\u00f3n de almacenamiento f\u00e1cil de usar. La unidad de disco duro<\/p>","protected":false},"featured_media":37025,"comment_status":"open","ping_status":"closed","template":"","meta":[],"product_brand":[],"product_cat":[76],"product_tag":[602,1515,1516,1519,795,1126,1476,1517,794,1514,1513,1522,1518,159,1520,774,290,1638,1636,4920,10900,1521,133,1128],"class_list":{"0":"post-37024","1":"product","2":"type-product","3":"status-publish","4":"has-post-thumbnail","6":"product_cat-hdd-drive","7":"product_tag-1tb","8":"product_tag-1tb-hard-drive","9":"product_tag-2tb-hdd","10":"product_tag-desktop-hdd","11":"product_tag-drive","12":"product_tag-expansion","13":"product_tag-external","14":"product_tag-external-hard-drive","15":"product_tag-hard","16":"product_tag-hard-drive","17":"product_tag-hdd","18":"product_tag-hdd-price","19":"product_tag-internal-hard-drive","20":"product_tag-laptop","21":"product_tag-laptop-hdd","22":"product_tag-mac","23":"product_tag-portable","24":"product_tag-rescue","25":"product_tag-seagate","26":"product_tag-services","27":"product_tag-stea1000400","28":"product_tag-storage-hard-drive","29":"product_tag-usb","30":"product_tag-year","32":"first","33":"instock","34":"shipping-taxable","35":"product-type-external"},"_links":{"self":[{"href":"https:\/\/comprasyconsejos.store\/en\/wp-json\/wp\/v2\/product\/37024","targetHints":{"allow":["GET"]}}],"collection":[{"href":"https:\/\/comprasyconsejos.store\/en\/wp-json\/wp\/v2\/product"}],"about":[{"href":"https:\/\/comprasyconsejos.store\/en\/wp-json\/wp\/v2\/types\/product"}],"replies":[{"embeddable":true,"href":"https:\/\/comprasyconsejos.store\/en\/wp-json\/wp\/v2\/comments?post=37024"}],"version-history":[{"count":0,"href":"https:\/\/comprasyconsejos.store\/en\/wp-json\/wp\/v2\/product\/37024\/revisions"}],"wp:featuredmedia":[{"embeddable":true,"href":"https:\/\/comprasyconsejos.store\/en\/wp-json\/wp\/v2\/media\/37025"}],"wp:attachment":[{"href":"https:\/\/comprasyconsejos.store\/en\/wp-json\/wp\/v2\/media?parent=37024"}],"wp:term":[{"taxonomy":"product_brand","embeddable":true,"href":"https:\/\/comprasyconsejos.store\/en\/wp-json\/wp\/v2\/product_brand?post=37024"},{"taxonomy":"product_cat","embeddable":true,"href":"https:\/\/comprasyconsejos.store\/en\/wp-json\/wp\/v2\/product_cat?post=37024"},{"taxonomy":"product_tag","embeddable":true,"href":"https:\/\/comprasyconsejos.store\/en\/wp-json\/wp\/v2\/product_tag?post=37024"}],"curies":[{"name":"wp","href":"https:\/\/api.w.org\/{rel}","templated":true}]}}