{"id":37030,"date":"2026-03-03T05:57:42","date_gmt":"2026-03-03T05:57:42","guid":{"rendered":"https:\/\/comprasyconsejos.store\/product\/thermaltake-toughpower-gf-3-1000w-pc-atx-3-0-netzteil-pcie-gen-5-0-80-plus-gold-voll-modular-leiser-140-lufter-eu-zertifiziert-black\/"},"modified":"2026-03-03T05:57:47","modified_gmt":"2026-03-03T05:57:47","slug":"thermaltake-toughpower-gf-3-1000w-pc-atx-3-0-netzteil-pcie-gen-5-0-80-plus-gold-voll-modular-leiser-140-lufter-eu-zertifiziert-black","status":"publish","type":"product","link":"https:\/\/comprasyconsejos.store\/en\/product\/thermaltake-toughpower-gf-3-1000w-pc-atx-3-0-netzteil-pcie-gen-5-0-80-plus-gold-voll-modular-leiser-140-lufter-eu-zertifiziert-black\/","title":{"rendered":"Thermaltake Toughpower GF 3 1000W | PC-ATX-3.0-Netzteil | PCIe Gen 5.0 | 80-Plus-Gold | Voll-Modular | Leiser 140 L\u00fcfter | EU Zertifiziert | Black"},"content":{"rendered":"<p>Price: <span style=\"color:#b12704\"><del>\u20ac172.90<\/del> - \u20ac159.23<\/span><br \/><i><small>(as of Mar 03, 2026 05:57:42 UTC &#8211; <span class=\"wp_automatic_amazon_disclaimer\" title=\"Product prices and availability are accurate as of the date\/time indicated and are subject to change. Any price and availability information displayed on [relevant Amazon Site(s), as applicable] at the time of purchase will apply to the purchase of this product.\">Details<\/span>)<\/small><\/i><\/p>\n<p><a href=\"https:\/\/amazon.es\/dp\/B0BF5VWL23?tag=man008-21\"><img decoding=\"async\" src=\"https:\/\/valvepress.s3.amazonaws.com\/imgs\/buy_now.png\"><\/a><br \/>\n<\/p>\n<p>                                             From the manufacturer   <\/p>\n<p>                                                  <img decoding=\"async\" alt=\"Toughpower GF3 750W\/850W\/1000W\/1200W\/1350W\/1650W\" src=\"https:\/\/images-na.ssl-images-amazon.com\/images\/G\/01\/x-locale\/common\/grey-pixel.gif\" class=\"a-lazy-loaded\" data-src=\"https:\/\/m.media-amazon.com\/images\/S\/aplus-media-library-service-media\/c9e28ff5-5d3d-4089-94b6-370ca5cbd93a.__CR0,0,970,300_PT0_SX970_V1___.jpg\"><img decoding=\"async\" alt=\"Toughpower GF3 750W\/850W\/1000W\/1200W\/1350W\/1650W\" src=\"https:\/\/m.media-amazon.com\/images\/S\/aplus-media-library-service-media\/c9e28ff5-5d3d-4089-94b6-370ca5cbd93a.__CR0,0,970,300_PT0_SX970_V1___.jpg\">  <\/p>\n<h3> Toughpower GF3 <\/h3>\n<p> Preparado para ATX 3.0 y PCIe 5 Gen <\/p>\n<p>                                                      <img decoding=\"async\" alt=\"Toughpower GF3 750W\/850W\/1000W\/1200W\/1350W\/1650W\" src=\"https:\/\/images-na.ssl-images-amazon.com\/images\/G\/01\/x-locale\/common\/grey-pixel.gif\" class=\"a-spacing-mini a-lazy-loaded\" data-src=\"https:\/\/m.media-amazon.com\/images\/S\/aplus-media-library-service-media\/2a08dd44-18cc-459f-8e7a-18c306c928d1.__CR0,0,300,400_PT0_SX300_V1___.jpg\"><img decoding=\"async\" alt=\"Toughpower GF3 750W\/850W\/1000W\/1200W\/1350W\/1650W\" src=\"https:\/\/m.media-amazon.com\/images\/S\/aplus-media-library-service-media\/2a08dd44-18cc-459f-8e7a-18c306c928d1.__CR0,0,300,400_PT0_SX300_V1___.jpg\">  <\/p>\n<p>                                                              <img decoding=\"async\" alt=\"TT Premium\" src=\"https:\/\/images-na.ssl-images-amazon.com\/images\/G\/01\/x-locale\/common\/grey-pixel.gif\" class=\"a-spacing-mini a-lazy-loaded\" data-src=\"https:\/\/m.media-amazon.com\/images\/S\/aplus-media-library-service-media\/9270a796-982a-4591-9243-579c9ddae0ad.__CR0,223,3000,1500_PT0_SX350_V1___.png\"><img decoding=\"async\" alt=\"TT Premium\" src=\"https:\/\/m.media-amazon.com\/images\/S\/aplus-media-library-service-media\/9270a796-982a-4591-9243-579c9ddae0ad.__CR0,223,3000,1500_PT0_SX350_V1___.png\">                                                                 <\/p>\n<p class=\"a-spacing-small a-size-small a-color-secondary\"> Para seguir cumpliendo con la misi\u00f3n de la empresa de proporcionar una experiencia perfecta al usuario, Thermaltake ha desarrollado \u00abTT Premium\u00bb para unir los productos con los m\u00e1s altos est\u00e1ndares de calidad bajo un mismo logotipo. TT Premium es mucho m\u00e1s que una promesa de calidad. Detr\u00e1s del nombre se encuentra la pasi\u00f3n por el bricolaje y el modding y el deseo de Thermaltake de ser la marca m\u00e1s innovadora en el mercado del hardware para PC. <\/p>\n<h3 class=\"a-spacing-mini\"> Toughpower GF3 750W\/850W\/1000W\/1200W\/1350W\/1650W <\/h3>\n<p>                                          Preparado para el nuevo conector PCIe de 5\u00aa generaci\u00f3n y el est\u00e1ndar ATX 3.0                                     <\/p>\n<p class=\"a-spacing-base\"> La serie Toughpower GF3 cuenta con un conector PCIe nativo de 12+4 pines compatible con la especificaci\u00f3n ATX 3.0 de Intel y est\u00e1 dise\u00f1ada para las tarjetas gr\u00e1ficas PCIe 5.0 de pr\u00f3xima generaci\u00f3n. <\/p>\n<p>                                                          Totalmente compatible con las especificaciones Intel PSDG ATX 3.0       Compatible con las \u00faltimas tarjetas gr\u00e1ficas       Preparado para PCIe Gen 5.0       Ventilador Smart Zero extremadamente silencioso       Regulaci\u00f3n de tensi\u00f3n extremadamente ajustada \uff1c\u00b13%.       Cable plano de perfil bajo totalmente modular       Ventilador de 140 mm de montaje hidr\u00e1ulico       Certificado 80 PLUS Gold y preparado para los estados C6\/C7 de Intel      <\/p>\n<p>                                                  <img decoding=\"async\" alt=\"Toughpower GF3 750W\/850W\/1000W\/1200W\/1350W\/1650W\" src=\"https:\/\/images-na.ssl-images-amazon.com\/images\/G\/01\/x-locale\/common\/grey-pixel.gif\" class=\"a-lazy-loaded\" data-src=\"https:\/\/m.media-amazon.com\/images\/S\/aplus-media-library-service-media\/17858c69-7356-4750-a7f6-07536f6da4c1.__CR0,0,300,300_PT0_SX300_V1___.jpg\"><img decoding=\"async\" alt=\"Toughpower GF3 750W\/850W\/1000W\/1200W\/1350W\/1650W\" src=\"https:\/\/m.media-amazon.com\/images\/S\/aplus-media-library-service-media\/17858c69-7356-4750-a7f6-07536f6da4c1.__CR0,0,300,300_PT0_SX300_V1___.jpg\">  <\/p>\n<h3 class=\"a-spacing-mini\"> Compatible con las normas m\u00e1s recientes <\/h3>\n<p> \u00a1PCIe Gen 5.0 listo! La serie Toughpower GF3 est\u00e1 equipada con dos conectores PCIe modulares nativos de 12+4 pines. Est\u00e1 dise\u00f1ado para tarjetas gr\u00e1ficas PCIe 5.0 de \u00faltima generaci\u00f3n y es compatible con las especificaciones Intel ATX 3.0. <\/p>\n<p> La serie GF3 puede manejar hasta tres veces las oscilaciones de potencia de la GPU y dos veces las oscilaciones de potencia total. <\/p>\n<p> La serie Toughpower GF3, totalmente modular, est\u00e1 disponible en niveles de potencia de 1650W, 1350W, 1200W, 1000W, 850W y 750W y cuenta con una eficiencia 80 PLUS Gold. El Toughpower GF3 1650W est\u00e1 equipado con condensadores japoneses de alta calidad al 100% y otros componentes de primera calidad para un rendimiento continuo y estable. <\/p>\n<p>                                                                      <img decoding=\"async\" alt=\"Toughpower GF3 750W\/850W\/1000W\/1200W\/1350W\/1650W\" src=\"https:\/\/images-na.ssl-images-amazon.com\/images\/G\/01\/x-locale\/common\/grey-pixel.gif\" class=\"a-spacing-mini a-lazy-loaded\" data-src=\"https:\/\/m.media-amazon.com\/images\/S\/aplus-media-library-service-media\/f38ad36d-5dc3-4900-be3e-a20002d5692f.__CR0,0,300,300_PT0_SX300_V1___.jpg\"><img decoding=\"async\" alt=\"Toughpower GF3 750W\/850W\/1000W\/1200W\/1350W\/1650W\" src=\"https:\/\/m.media-amazon.com\/images\/S\/aplus-media-library-service-media\/f38ad36d-5dc3-4900-be3e-a20002d5692f.__CR0,0,300,300_PT0_SX300_V1___.jpg\">  <\/p>\n<h3 class=\"a-spacing-mini\"> Perfecto para los juegos de gama alta <\/h3>\n<p class=\"a-spacing-base\"> La Toughpower GF3 1650W Gold est\u00e1 equipada con conectores duales de 16 pines, lo que proporciona un rendimiento fuerte y estable que permite a la fuente de alimentaci\u00f3n ejecutar las GPU de \u00faltima generaci\u00f3n con facilidad. <\/p>\n<p class=\"a-spacing-base\"> La regulaci\u00f3n del voltaje, que es m\u00e1s estricta que el est\u00e1ndar de Intel de +5%, -7% para los rieles principales y \u00b110% para -12V, se ajusta a no m\u00e1s de \u00b13% para +12V y +5V, proporcionando un rendimiento suave y limpio gracias a una estabilidad de voltaje excepcional. <\/p>\n<p class=\"a-spacing-base\"> El potente ra\u00edl \u00fanico de +12V puede proporcionar el voltaje necesario para la mejor compatibilidad. El uso de circuitos DC\/DC proporciona un funcionamiento muy estable y una mejor regulaci\u00f3n de la tensi\u00f3n. <\/p>\n<p class=\"a-spacing-base\"> El Smart Zero Fan asegura que el ventilador s\u00f3lo gira cuando la carga supera el 30% de la fuente de alimentaci\u00f3n, minimizando el ruido del ventilador. <\/p>\n<p>                                                                      <img decoding=\"async\" alt=\"Toughpower GF3 750W\/850W\/1000W\/1200W\/1350W\/1650W\" src=\"https:\/\/images-na.ssl-images-amazon.com\/images\/G\/01\/x-locale\/common\/grey-pixel.gif\" class=\"a-spacing-mini a-lazy-loaded\" data-src=\"https:\/\/m.media-amazon.com\/images\/S\/aplus-media-library-service-media\/400d48d5-5101-446c-8662-aa5138f95bdc.__CR0,0,300,300_PT0_SX300_V1___.jpg\"><img decoding=\"async\" alt=\"Toughpower GF3 750W\/850W\/1000W\/1200W\/1350W\/1650W\" src=\"https:\/\/m.media-amazon.com\/images\/S\/aplus-media-library-service-media\/400d48d5-5101-446c-8662-aa5138f95bdc.__CR0,0,300,300_PT0_SX300_V1___.jpg\">  <\/p>\n<h3 class=\"a-spacing-mini\"> Perfecto para los juegos de gama alta <\/h3>\n<p class=\"a-spacing-base\"> La Toughpower GF3 1650W Gold est\u00e1 equipada con conectores duales de 16 pines, lo que proporciona un rendimiento fuerte y estable que permite a la fuente de alimentaci\u00f3n ejecutar las GPU de \u00faltima generaci\u00f3n con facilidad. <\/p>\n<p class=\"a-spacing-base\"> La regulaci\u00f3n del voltaje, que es m\u00e1s estricta que el est\u00e1ndar de Intel de +5%, -7% para los rieles principales y \u00b110% para -12V, se ajusta a no m\u00e1s de \u00b13% para +12V y +5V, proporcionando un rendimiento suave y limpio gracias a una estabilidad de voltaje excepcional. <\/p>\n<p class=\"a-spacing-base\"> El potente ra\u00edl \u00fanico de +12V puede proporcionar el voltaje necesario para la mejor compatibilidad. El uso de circuitos DC\/DC proporciona un funcionamiento muy estable y una mejor regulaci\u00f3n de la tensi\u00f3n. <\/p>\n<p class=\"a-spacing-base\"> El Smart Zero Fan asegura que el ventilador s\u00f3lo gira cuando la carga supera el 30% de la fuente de alimentaci\u00f3n, minimizando el ruido del ventilador. <\/p>\n<p>                                                                      <img decoding=\"async\" alt=\"Toughpower GF3 750W\/850W\/1000W\/1200W\/1350W\/1650W\" src=\"https:\/\/images-na.ssl-images-amazon.com\/images\/G\/01\/x-locale\/common\/grey-pixel.gif\" class=\"a-spacing-mini a-lazy-loaded\" data-src=\"https:\/\/m.media-amazon.com\/images\/S\/aplus-media-library-service-media\/49d7dce0-b0f6-4983-89bd-e133b19fc0fe.__CR0,0,300,300_PT0_SX300_V1___.jpg\"><img decoding=\"async\" alt=\"Toughpower GF3 750W\/850W\/1000W\/1200W\/1350W\/1650W\" src=\"https:\/\/m.media-amazon.com\/images\/S\/aplus-media-library-service-media\/49d7dce0-b0f6-4983-89bd-e133b19fc0fe.__CR0,0,300,300_PT0_SX300_V1___.jpg\">  <\/p>\n<h3 class=\"a-spacing-mini\"> Perfecto para los juegos de gama alta <\/h3>\n<p class=\"a-spacing-base\"> La Toughpower GF3 1650W Gold est\u00e1 equipada con conectores duales de 16 pines, lo que proporciona un rendimiento fuerte y estable que permite a la fuente de alimentaci\u00f3n ejecutar las GPU de \u00faltima generaci\u00f3n con facilidad. <\/p>\n<p class=\"a-spacing-base\"> La regulaci\u00f3n del voltaje, que es m\u00e1s estricta que el est\u00e1ndar de Intel de +5%, -7% para los rieles principales y \u00b110% para -12V, se ajusta a no m\u00e1s de \u00b13% para +12V y +5V, proporcionando un rendimiento suave y limpio gracias a una estabilidad de voltaje excepcional. <\/p>\n<p class=\"a-spacing-base\"> El potente ra\u00edl \u00fanico de +12V puede proporcionar el voltaje necesario para la mejor compatibilidad. El uso de circuitos DC\/DC proporciona un funcionamiento muy estable y una mejor regulaci\u00f3n de la tensi\u00f3n. <\/p>\n<p class=\"a-spacing-base\"> El Smart Zero Fan asegura que el ventilador s\u00f3lo gira cuando la carga supera el 30% de la fuente de alimentaci\u00f3n, minimizando el ruido del ventilador. <\/p>\n<p>                                                                      <img decoding=\"async\" alt=\"Toughpower GF3 750W\/850W\/1000W\/1200W\/1350W\/1650W\" src=\"https:\/\/images-na.ssl-images-amazon.com\/images\/G\/01\/x-locale\/common\/grey-pixel.gif\" class=\"a-spacing-mini a-lazy-loaded\" data-src=\"https:\/\/m.media-amazon.com\/images\/S\/aplus-media-library-service-media\/314b6d9a-1289-47c0-95ca-2613f386cf73.__CR0,0,300,300_PT0_SX300_V1___.jpg\"><img decoding=\"async\" alt=\"Toughpower GF3 750W\/850W\/1000W\/1200W\/1350W\/1650W\" src=\"https:\/\/m.media-amazon.com\/images\/S\/aplus-media-library-service-media\/314b6d9a-1289-47c0-95ca-2613f386cf73.__CR0,0,300,300_PT0_SX300_V1___.jpg\">  <\/p>\n<h3 class=\"a-spacing-mini\"> Perfecto para los juegos de gama alta <\/h3>\n<p class=\"a-spacing-base\"> La Toughpower GF3 1650W Gold est\u00e1 equipada con conectores duales de 16 pines, lo que proporciona un rendimiento fuerte y estable que permite a la fuente de alimentaci\u00f3n ejecutar las GPU de \u00faltima generaci\u00f3n con facilidad. <\/p>\n<p class=\"a-spacing-base\"> La regulaci\u00f3n del voltaje, que es m\u00e1s estricta que el est\u00e1ndar de Intel de +5%, -7% para los rieles principales y \u00b110% para -12V, se ajusta a no m\u00e1s de \u00b13% para +12V y +5V, proporcionando un rendimiento suave y limpio gracias a una estabilidad de voltaje excepcional. <\/p>\n<p class=\"a-spacing-base\"> El potente ra\u00edl \u00fanico de +12V puede proporcionar el voltaje necesario para la mejor compatibilidad. El uso de circuitos DC\/DC proporciona un funcionamiento muy estable y una mejor regulaci\u00f3n de la tensi\u00f3n. <\/p>\n<p class=\"a-spacing-base\"> El Smart Zero Fan asegura que el ventilador s\u00f3lo gira cuando la carga supera el 30% de la fuente de alimentaci\u00f3n, minimizando el ruido del ventilador. <\/p>\n<p>                                                                    <img decoding=\"async\" alt=\"\" src=\"https:\/\/images-na.ssl-images-amazon.com\/images\/G\/01\/x-locale\/common\/grey-pixel.gif\" class=\"a-lazy-loaded\" data-src=\"https:\/\/m.media-amazon.com\/images\/S\/aplus-media-library-service-media\/f38ad36d-5dc3-4900-be3e-a20002d5692f.__CR0,0,300,300_PT0_SX300_V1___.jpg\"><img decoding=\"async\" alt=\"\" src=\"https:\/\/m.media-amazon.com\/images\/S\/aplus-media-library-service-media\/f38ad36d-5dc3-4900-be3e-a20002d5692f.__CR0,0,300,300_PT0_SX300_V1___.jpg\">   <\/p>\n<p>\n                                                             Toughpower GF3 750W\/850W\/1000W\/1200W   <\/p>\n<p>                                                                    <img decoding=\"async\" alt=\"\" src=\"https:\/\/images-na.ssl-images-amazon.com\/images\/G\/01\/x-locale\/common\/grey-pixel.gif\" class=\"a-lazy-loaded\" data-src=\"https:\/\/m.media-amazon.com\/images\/S\/aplus-media-library-service-media\/400d48d5-5101-446c-8662-aa5138f95bdc.__CR0,0,300,300_PT0_SX300_V1___.jpg\"><img decoding=\"async\" alt=\"\" src=\"https:\/\/m.media-amazon.com\/images\/S\/aplus-media-library-service-media\/400d48d5-5101-446c-8662-aa5138f95bdc.__CR0,0,300,300_PT0_SX300_V1___.jpg\">   <\/p>\n<p>\n                                                           Toughpower GF3 1350W   <\/p>\n<p>                                                                    <img decoding=\"async\" alt=\"\" src=\"https:\/\/images-na.ssl-images-amazon.com\/images\/G\/01\/x-locale\/common\/grey-pixel.gif\" class=\"a-lazy-loaded\" data-src=\"https:\/\/m.media-amazon.com\/images\/S\/aplus-media-library-service-media\/49d7dce0-b0f6-4983-89bd-e133b19fc0fe.__CR0,0,300,300_PT0_SX300_V1___.jpg\"><img decoding=\"async\" alt=\"\" src=\"https:\/\/m.media-amazon.com\/images\/S\/aplus-media-library-service-media\/49d7dce0-b0f6-4983-89bd-e133b19fc0fe.__CR0,0,300,300_PT0_SX300_V1___.jpg\">   <\/p>\n<p>\n                                                           Toughpower GF3 1650W   <\/p>\n<p>                                                                    <img decoding=\"async\" alt=\"\" src=\"https:\/\/images-na.ssl-images-amazon.com\/images\/G\/01\/x-locale\/common\/grey-pixel.gif\" class=\"a-lazy-loaded\" data-src=\"https:\/\/m.media-amazon.com\/images\/S\/aplus-media-library-service-media\/314b6d9a-1289-47c0-95ca-2613f386cf73.__CR0,0,300,300_PT0_SX300_V1___.jpg\"><img decoding=\"async\" alt=\"\" src=\"https:\/\/m.media-amazon.com\/images\/S\/aplus-media-library-service-media\/314b6d9a-1289-47c0-95ca-2613f386cf73.__CR0,0,300,300_PT0_SX300_V1___.jpg\">   <\/p>\n<p>\n                                                           Condensadores 100% japoneses de alta calidad a 105\u00b0C\/221\u00b0F   <\/p>\n<p class=\"apm-text-center\">\n                                                      <img decoding=\"async\" alt=\"Toughpower GF3 750W\/850W\/1000W\/1200W\/1350W\/1650W\" src=\"https:\/\/images-na.ssl-images-amazon.com\/images\/G\/01\/x-locale\/common\/grey-pixel.gif\" class=\"a-spacing-mini a-lazy-loaded\" data-src=\"https:\/\/m.media-amazon.com\/images\/S\/aplus-media-library-service-media\/3d5b005c-c858-4c86-b240-2f2241ad210f.__CR0,0,300,300_PT0_SX300_V1___.jpg\"><img decoding=\"async\" alt=\"Toughpower GF3 750W\/850W\/1000W\/1200W\/1350W\/1650W\" src=\"https:\/\/m.media-amazon.com\/images\/S\/aplus-media-library-service-media\/3d5b005c-c858-4c86-b240-2f2241ad210f.__CR0,0,300,300_PT0_SX300_V1___.jpg\">  <\/p>\n<p>                                                    Certificado 80 PLUS Gold y preparado para los estados C6\/C7 de Intel                                       <\/p>\n<p> La serie Tough Power GF3 ahorra energ\u00eda gracias a su alta eficiencia energ\u00e9tica de hasta el 90% y cuenta con la certificaci\u00f3n 80 PLUS Gold. La serie ha sido optimizada para funcionar con todas las generaciones de procesadores Intel para lograr el m\u00e1ximo ahorro de energ\u00eda. <\/p>\n<p class=\"apm-text-center\">\n                                                      <img decoding=\"async\" alt=\"Toughpower GF3 750W\/850W\/1000W\/1200W\/1350W\/1650W\" src=\"https:\/\/images-na.ssl-images-amazon.com\/images\/G\/01\/x-locale\/common\/grey-pixel.gif\" class=\"a-spacing-mini a-lazy-loaded\" data-src=\"https:\/\/m.media-amazon.com\/images\/S\/aplus-media-library-service-media\/305d64e7-b930-4a41-a738-3778381dc9b6.__CR0,0,300,300_PT0_SX300_V1___.jpg\"><img decoding=\"async\" alt=\"Toughpower GF3 750W\/850W\/1000W\/1200W\/1350W\/1650W\" src=\"https:\/\/m.media-amazon.com\/images\/S\/aplus-media-library-service-media\/305d64e7-b930-4a41-a738-3778381dc9b6.__CR0,0,300,300_PT0_SX300_V1___.jpg\">  <\/p>\n<p>                                                    Ventilador de 140 mm montado hidr\u00e1ulicamente                                       <\/p>\n<p> Equipado con un ventilador hidr\u00e1ulico de 140 mm que garantiza un excelente rendimiento de refrigeraci\u00f3n. <\/p>\n<p class=\"apm-text-center\">\n                                                      <img decoding=\"async\" alt=\"Toughpower GF3 750W\/850W\/1000W\/1200W\/1350W\/1650W\" src=\"https:\/\/images-na.ssl-images-amazon.com\/images\/G\/01\/x-locale\/common\/grey-pixel.gif\" class=\"a-spacing-mini a-lazy-loaded\" data-src=\"https:\/\/m.media-amazon.com\/images\/S\/aplus-media-library-service-media\/d18939fb-e045-4f61-9ea2-c7606f6c56a6.__CR0,0,300,300_PT0_SX300_V1___.jpg\"><img decoding=\"async\" alt=\"Toughpower GF3 750W\/850W\/1000W\/1200W\/1350W\/1650W\" src=\"https:\/\/m.media-amazon.com\/images\/S\/aplus-media-library-service-media\/d18939fb-e045-4f61-9ea2-c7606f6c56a6.__CR0,0,300,300_PT0_SX300_V1___.jpg\">  <\/p>\n<p>                                                    Cable plano totalmente modular con perfil bajo                                       <\/p>\n<p> Proporciona al usuario una amplia selecci\u00f3n de cables y suministra al sistema una tensi\u00f3n beneficiosa. Los cables planos negros de bajo perfil facilitan la gesti\u00f3n de los cables, reducen el desorden y mejoran el flujo de aire en la caja. <\/p>\n<p> Batteries                                            \u200f                                            :                                            \u200e                                            1 AAAA batteries required.   <br \/> Is discontinued by manufacturer                                            \u200f                                            :                                            \u200e                                            No   <br \/> Language                                            \u200f                                            :                                            \u200e                                            English   <br \/> Product Dimensions                                            \u200f                                            :                                            \u200e                                            50 x 50 x 28 cm; 2 kg   <br \/> Manufacturer                                            \u200f                                            :                                            \u200e                                            Thermaltake   <br \/> ASIN                                            \u200f                                            :                                            \u200e                                            B0BF5VWL23   <br \/> Item model number                                            \u200f                                            :                                            \u200e                                            PS-TPD-1000FNFAGE-4   <br \/> Country of origin                                            \u200f                                            :                                            \u200e                                            China   <br \/> Guaranteed software updates until                                            \u200f                                            :                                            \u200e                                            unknown   <br \/>  Customer reviews:                                                                                            4.4               4.4 out of 5 stars                                  (512)                                              var dpAcrHasRegisteredArcLinkClickAction;                    P.when(&#8216;A&#8217;, &#8216;ready&#8217;).execute(function(A) {                        if (dpAcrHasRegisteredArcLinkClickAction !== true) {                            dpAcrHasRegisteredArcLinkClickAction = true;                            A.declarative(                                &#8216;acrLink-click-metrics&#8217;, &#8216;click&#8217;,                                { \u00aballowLinkDefault\u00bb: true },                                function (event) {                                    if (window.ue) {                                        ue.count(\u00abacrLinkClickCount\u00bb, (ue.count(\u00abacrLinkClickCount\u00bb) || 0) + 1);                                    }                                }                            );                        }                    });                                             P.when(&#8216;A&#8217;, &#8216;cf&#8217;).execute(function(A) {                A.declarative(&#8216;acrStarsLink-click-metrics&#8217;, &#8216;click&#8217;, { \u00aballowLinkDefault\u00bb : true },  function(event){                    if(window.ue) {                        ue.count(\u00abacrStarsLinkWithPopoverClickCount\u00bb, (ue.count(\u00abacrStarsLinkWithPopoverClickCount\u00bb) || 0) + 1);                    }                });            });                          <\/p>\n<p>Fluid Dynamic Bearing 135mm Fan<br \/>Fully modular low profile flat cable<br \/>Ultra Quiet Fan<\/p>\n\n","protected":false},"excerpt":{"rendered":"<p> From the manufacturer Toughpower GF3 Preparado para ATX 3.0 y PCIe 5 Gen Para seguir<\/p>","protected":false},"featured_media":37031,"comment_status":"open","ping_status":"closed","template":"","meta":[],"product_brand":[],"product_cat":[79],"product_tag":[1030,1488,1490,1495,10903,1499,307,1500,1494,855,10905,10906,1492,1498,10902,624,1485,824,2894,9889,10904,10907],"class_list":{"0":"post-37030","1":"product","2":"type-product","3":"status-publish","4":"has-post-thumbnail","6":"product_cat-pc-power-supply-unit","7":"product_tag-1000w","8":"product_tag-650w-psu","9":"product_tag-750w-psu","10":"product_tag-80-plus-gold-psu","11":"product_tag-80plusgold","12":"product_tag-best-psu","13":"product_tag-black","14":"product_tag-computer-power-unit","15":"product_tag-gaming-power-supply","16":"product_tag-gen","17":"product_tag-leiser","18":"product_tag-lufter","19":"product_tag-modular-psu","20":"product_tag-pc-power-supply-price","21":"product_tag-pcatx3-0netzteil","22":"product_tag-pcie","23":"product_tag-power-supply","24":"product_tag-psu","25":"product_tag-thermaltake","26":"product_tag-toughpower","27":"product_tag-vollmodular","28":"product_tag-zertifiziert","30":"first","31":"instock","32":"sale","33":"shipping-taxable","34":"product-type-external"},"_links":{"self":[{"href":"https:\/\/comprasyconsejos.store\/en\/wp-json\/wp\/v2\/product\/37030","targetHints":{"allow":["GET"]}}],"collection":[{"href":"https:\/\/comprasyconsejos.store\/en\/wp-json\/wp\/v2\/product"}],"about":[{"href":"https:\/\/comprasyconsejos.store\/en\/wp-json\/wp\/v2\/types\/product"}],"replies":[{"embeddable":true,"href":"https:\/\/comprasyconsejos.store\/en\/wp-json\/wp\/v2\/comments?post=37030"}],"version-history":[{"count":0,"href":"https:\/\/comprasyconsejos.store\/en\/wp-json\/wp\/v2\/product\/37030\/revisions"}],"wp:featuredmedia":[{"embeddable":true,"href":"https:\/\/comprasyconsejos.store\/en\/wp-json\/wp\/v2\/media\/37031"}],"wp:attachment":[{"href":"https:\/\/comprasyconsejos.store\/en\/wp-json\/wp\/v2\/media?parent=37030"}],"wp:term":[{"taxonomy":"product_brand","embeddable":true,"href":"https:\/\/comprasyconsejos.store\/en\/wp-json\/wp\/v2\/product_brand?post=37030"},{"taxonomy":"product_cat","embeddable":true,"href":"https:\/\/comprasyconsejos.store\/en\/wp-json\/wp\/v2\/product_cat?post=37030"},{"taxonomy":"product_tag","embeddable":true,"href":"https:\/\/comprasyconsejos.store\/en\/wp-json\/wp\/v2\/product_tag?post=37030"}],"curies":[{"name":"wp","href":"https:\/\/api.w.org\/{rel}","templated":true}]}}