{"id":37045,"date":"2026-03-03T06:46:34","date_gmt":"2026-03-03T06:46:34","guid":{"rendered":"https:\/\/comprasyconsejos.store\/product\/sharkoon-vs4-v-black\/"},"modified":"2026-03-03T06:46:34","modified_gmt":"2026-03-03T06:46:34","slug":"sharkoon-vs4-v-black","status":"publish","type":"product","link":"https:\/\/comprasyconsejos.store\/en\/product\/sharkoon-vs4-v-black\/","title":{"rendered":"SHARKOON VS4-V Black"},"content":{"rendered":"<p>Price: <span style=\"color:#b12704\">\u20ac60.80<\/span><br \/><i><small>(as of Mar 03, 2026 06:46:34 UTC &#8211; <span class=\"wp_automatic_amazon_disclaimer\" title=\"Product prices and availability are accurate as of the date\/time indicated and are subject to change. Any price and availability information displayed on [relevant Amazon Site(s), as applicable] at the time of purchase will apply to the purchase of this product.\">Details<\/span>)<\/small><\/i><\/p>\n<p><a href=\"https:\/\/amazon.es\/dp\/B00N0W2R9W?tag=man008-21\"><img decoding=\"async\" src=\"https:\/\/valvepress.s3.amazonaws.com\/imgs\/buy_now.png\"><\/a><br \/>\n<\/p>\n<p>                                             From the manufacturer   <\/p>\n<p>                                                  <img decoding=\"async\" alt=\"v\" src=\"https:\/\/images-na.ssl-images-amazon.com\/images\/G\/01\/x-locale\/common\/grey-pixel.gif\" class=\"a-lazy-loaded\" data-src=\"https:\/\/m.media-amazon.com\/images\/S\/aplus-media\/vc\/1af27712-5241-49f7-b007-1a03d38db8aa._CR0,0,970,300_PT0_SX970__.png\"><img decoding=\"async\" alt=\"v\" src=\"https:\/\/m.media-amazon.com\/images\/S\/aplus-media\/vc\/1af27712-5241-49f7-b007-1a03d38db8aa._CR0,0,970,300_PT0_SX970__.png\">  <\/p>\n<p>                                                      <img decoding=\"async\" alt=\"v\" src=\"https:\/\/images-na.ssl-images-amazon.com\/images\/G\/01\/x-locale\/common\/grey-pixel.gif\" class=\"a-spacing-mini a-lazy-loaded\" data-src=\"https:\/\/m.media-amazon.com\/images\/S\/aplus-media\/vc\/8112df53-f737-4b83-b9fc-2ea61dd3e5dd._CR0,0,300,300_PT0_SX300__.jpg\"><img decoding=\"async\" alt=\"v\" src=\"https:\/\/m.media-amazon.com\/images\/S\/aplus-media\/vc\/8112df53-f737-4b83-b9fc-2ea61dd3e5dd._CR0,0,300,300_PT0_SX300__.jpg\">  <\/p>\n<p class=\"a-spacing-base\"> La caja VS4-V destaca por sus caracter\u00edsticas vers\u00e1tiles a un precio atractivo. La caja ATX completamente en negro en su Versi\u00f3n Value ofrece dos puertos USB 3.0 en la parte frontal. <\/p>\n<p>                                           Generoso espacio                                      <\/p>\n<p class=\"a-spacing-base\"> Gracias a los paneles laterales, ofrece espacio para una instalaci\u00f3n sin problemas de torres de refrigeraci\u00f3n con una altura de hasta 16,0 cm. Tarjetas gr\u00e1ficas con una longitud m\u00e1x. de hasta 31,0\/38,5 cm (despu\u00e9s de quitar la caja de unidad de disco duro). Se pueden instalar hasta 6 tarjetas de expansi\u00f3n. Longitud m\u00e1x. PSU: 25,0 cm; un filtro de polvo viene preinstalado en la parte inferior. <\/p>\n<p>                                                         Caracter\u00edsticas                                        Factor de forma: ATX       Ranuras de expansi\u00f3n: 6       Aperturas para refrigeraci\u00f3n por agua: 2       Lacado interior       Instalaci\u00f3n de dispositivos sin herramientas       Sistema de gesti\u00f3n del cable       Panel lateral: metal       <\/p>\n<h3 class=\"a-size-extra-large aplus-13-heading-text a-text-bold\"> Configuraci\u00f3n de los ventiladores  <\/h3>\n<p class=\"description\"> En la parte frontal viene ya preinstalado un ventilador de 120 mm y un filtro de polvo. Para crear un flujo de aire eficiente dentro de la caja, se puede montar opcionalmente un ventilador de 120 mm en el panel frontal. El panel posterior ofrece la posibilidad de instalaci\u00f3n de un ventilador de 120 mm; tambi\u00e9n se pueden montar en el panel lateral dos ventiladores adicionales de 120 mm. <\/p>\n<p>                                                      <img decoding=\"async\" alt=\"v\" src=\"https:\/\/images-na.ssl-images-amazon.com\/images\/G\/01\/x-locale\/common\/grey-pixel.gif\" class=\"a-spacing-mini a-lazy-loaded\" data-src=\"https:\/\/m.media-amazon.com\/images\/S\/aplus-media\/vc\/9d45343a-4655-4ee2-b133-aa2c11261932._CR0,0,300,300_PT0_SX300__.jpg\"><img decoding=\"async\" alt=\"v\" src=\"https:\/\/m.media-amazon.com\/images\/S\/aplus-media\/vc\/9d45343a-4655-4ee2-b133-aa2c11261932._CR0,0,300,300_PT0_SX300__.jpg\">  <\/p>\n<p>                                                                                          Conexiones frontales                                     <\/p>\n<p class=\"a-spacing-base\"> Dos puertos USB 3.0 y dos puertos de audio en el frente de la caja ofrecen r\u00e1pido acceso para la conexi\u00f3n de dispositivos perif\u00e9ricos. <\/p>\n<p>                                           Opciones de instalaci\u00f3n para unidades de disco                                      <\/p>\n<p class=\"a-spacing-base\"> 3 bah\u00edas de 5,25&#8243; para unidades \u00f3pticas (dos de las cuales incluyen instalaci\u00f3n sin herramientas) o 2 bah\u00edas 5,25&#8243; y 1 bah\u00eda 3,5 \u00bb accesible desde el exterior. Aqu\u00ed por ejemplo, un lector de tarjetas encaja f\u00e1cilmente. Internamente, 3 discos duros 3,5&#8243; se pueden instalar sin herramientas. En el segundo adaptador se pueden instalar tres 2,5&#8243; HDDs\/SDDs, en la parte inferior un 2,5&#8243; HDD\/SSD. <\/p>\n<p>                                                         Caracter\u00edsticas                                        Panel frontal: 1x 120 mm ventilador (preinstalado), 1x 120 mm ventilador (opcional)       Panel lateral: 2x 120 mm ventilador (opcional)       Panel posterior: 1x 120 mm ventilador (opcional)       Compatibilidad placa base: Mini-ITX, Micro-ATX, ATX       M\u00e1x. longitud de las tarjetas gr\u00e1ficas: 31,0\/38,5 cm       M\u00e1x. altura del refrigerador CPU: 16,0 cm       M\u00e1x. longitud de la fuente de alimentaci\u00f3n: 25,0 cm       <\/p>\n<h3 class=\"a-spacing-small\"> \u00a1Sistema de flujo de aire extraordinariamente eficiente! <\/h3>\n<p class=\"apm-text-center\">\n                                                      <img decoding=\"async\" alt=\"v\" src=\"https:\/\/images-na.ssl-images-amazon.com\/images\/G\/01\/x-locale\/common\/grey-pixel.gif\" class=\"a-spacing-mini a-lazy-loaded\" data-src=\"https:\/\/m.media-amazon.com\/images\/S\/aplus-media\/vc\/e1746a72-68c0-4c80-8abf-bc742463888c._CR0,0,300,300_PT0_SX300__.jpg\"><img decoding=\"async\" alt=\"v\" src=\"https:\/\/m.media-amazon.com\/images\/S\/aplus-media\/vc\/e1746a72-68c0-4c80-8abf-bc742463888c._CR0,0,300,300_PT0_SX300__.jpg\">  <\/p>\n<p>                                                    Elegante y sencillo dise\u00f1o                                      <\/p>\n<p class=\"apm-text-center\">\n                                                      <img decoding=\"async\" alt=\"v\" src=\"https:\/\/images-na.ssl-images-amazon.com\/images\/G\/01\/x-locale\/common\/grey-pixel.gif\" class=\"a-spacing-mini a-lazy-loaded\" data-src=\"https:\/\/m.media-amazon.com\/images\/S\/aplus-media\/vc\/728832b2-62b8-455b-a0be-4d5eecf81f4b._CR0,0,300,300_PT0_SX300__.jpg\"><img decoding=\"async\" alt=\"v\" src=\"https:\/\/m.media-amazon.com\/images\/S\/aplus-media\/vc\/728832b2-62b8-455b-a0be-4d5eecf81f4b._CR0,0,300,300_PT0_SX300__.jpg\">  <\/p>\n<p>                                                    2 USB 3.0 y 2 puertos de audio                                      <\/p>\n<p class=\"apm-text-center\">\n                                                      <img decoding=\"async\" alt=\"v\" src=\"https:\/\/images-na.ssl-images-amazon.com\/images\/G\/01\/x-locale\/common\/grey-pixel.gif\" class=\"a-spacing-mini a-lazy-loaded\" data-src=\"https:\/\/m.media-amazon.com\/images\/S\/aplus-media\/vc\/ddb50772-1616-47ea-aed9-75183bd1f0a1._CR0,0,300,300_PT0_SX300__.jpg\"><img decoding=\"async\" alt=\"v\" src=\"https:\/\/m.media-amazon.com\/images\/S\/aplus-media\/vc\/ddb50772-1616-47ea-aed9-75183bd1f0a1._CR0,0,300,300_PT0_SX300__.jpg\">  <\/p>\n<p>                                                    Generoso espacio                                          <\/p>\n<p> Is discontinued by manufacturer                                            \u200f                                            :                                            \u200e                                            No   <br \/> Language                                            \u200f                                            :                                            \u200e                                            Spanish   <br \/> Product Dimensions                                            \u200f                                            :                                            \u200e                                            19.99 x 44.5 x 43 cm; 2 kg   <br \/> Manufacturer                                            \u200f                                            :                                            \u200e                                            SHARKOON   <br \/> ASIN                                            \u200f                                            :                                            \u200e                                            B00N0W2R9W   <br \/> Item model number                                            \u200f                                            :                                            \u200e                                            4044951016037   <br \/> Country of origin                                            \u200f                                            :                                            \u200e                                            China   <br \/> Guaranteed software updates until                                            \u200f                                            :                                            \u200e                                            13 April 2030   <br \/>  Customer reviews:                                                                                            4.3               4.3 out of 5 stars                                  (1,709)                                              var dpAcrHasRegisteredArcLinkClickAction;                    P.when(&#8216;A&#8217;, &#8216;ready&#8217;).execute(function(A) {                        if (dpAcrHasRegisteredArcLinkClickAction !== true) {                            dpAcrHasRegisteredArcLinkClickAction = true;                            A.declarative(                                &#8216;acrLink-click-metrics&#8217;, &#8216;click&#8217;,                                { \u00aballowLinkDefault\u00bb: true },                                function (event) {                                    if (window.ue) {                                        ue.count(\u00abacrLinkClickCount\u00bb, (ue.count(\u00abacrLinkClickCount\u00bb) || 0) + 1);                                    }                                }                            );                        }                    });                                             P.when(&#8216;A&#8217;, &#8216;cf&#8217;).execute(function(A) {                A.declarative(&#8216;acrStarsLink-click-metrics&#8217;, &#8216;click&#8217;, { \u00aballowLinkDefault\u00bb : true },  function(event){                    if(window.ue) {                        ue.count(\u00abacrStarsLinkWithPopoverClickCount\u00bb, (ue.count(\u00abacrStarsLinkWithPopoverClickCount\u00bb) || 0) + 1);                    }                });            });                          <\/p>\n<p>It stands out for its versatile features; the atx case\/half-tower completely in black in its value version offers two USB 3.0 ports on the front<br \/>Offers space for trouble-free installation of cooling towers with a height of up to 16 cm; graphics cards with a maximum length of up to 31.0\/38.5 cm can be mounted; up to six expansion cards can be installed<br \/>A 120 mm fan and dust filter are already pre-installed on the front, to create an efficient airflow inside the case, a 120 mm fan can be optionally mounted on the front panel<br \/>Two USB 3.0 ports and two audio ports on the front of the case offer quick access for connecting peripheral devices<br \/>3 bays 5.25&#8243; for optical drives (2 of which include tool-free installation) or 2 bays 5.25&#8243; and a 3.5&#8243; bay; in the second mounting adapter can be installed three 2.5&#8243; HDD\/SDDs, at the bottom possible drive 2.5&#8243; HDD\/SSD<\/p>\n\n","protected":false},"excerpt":{"rendered":"<p> From the manufacturer La caja VS4-V destaca por sus caracter\u00edsticas vers\u00e1tiles a un precio atractivo.<\/p>","protected":false},"featured_media":37046,"comment_status":"open","ping_status":"closed","template":"","meta":[],"product_brand":[],"product_cat":[74],"product_tag":[1370,1364,1371,307,1367,1363,1365,1369,1362,1366,8530,1368,10917],"class_list":{"0":"post-37045","1":"product","2":"type-product","3":"status-publish","4":"has-post-thumbnail","6":"product_cat-cases","7":"product_tag-airflow-pc-case","8":"product_tag-atx-case","9":"product_tag-best-pc-case","10":"product_tag-black","11":"product_tag-computer-cabinet","12":"product_tag-gaming-pc-case","13":"product_tag-mid-tower-case","14":"product_tag-mini-itx-case","15":"product_tag-pc-case","16":"product_tag-rgb-pc-case","17":"product_tag-sharkoon","18":"product_tag-tempered-glass-case","19":"product_tag-vs4v","21":"first","22":"instock","23":"shipping-taxable","24":"product-type-external"},"_links":{"self":[{"href":"https:\/\/comprasyconsejos.store\/en\/wp-json\/wp\/v2\/product\/37045","targetHints":{"allow":["GET"]}}],"collection":[{"href":"https:\/\/comprasyconsejos.store\/en\/wp-json\/wp\/v2\/product"}],"about":[{"href":"https:\/\/comprasyconsejos.store\/en\/wp-json\/wp\/v2\/types\/product"}],"replies":[{"embeddable":true,"href":"https:\/\/comprasyconsejos.store\/en\/wp-json\/wp\/v2\/comments?post=37045"}],"version-history":[{"count":0,"href":"https:\/\/comprasyconsejos.store\/en\/wp-json\/wp\/v2\/product\/37045\/revisions"}],"wp:featuredmedia":[{"embeddable":true,"href":"https:\/\/comprasyconsejos.store\/en\/wp-json\/wp\/v2\/media\/37046"}],"wp:attachment":[{"href":"https:\/\/comprasyconsejos.store\/en\/wp-json\/wp\/v2\/media?parent=37045"}],"wp:term":[{"taxonomy":"product_brand","embeddable":true,"href":"https:\/\/comprasyconsejos.store\/en\/wp-json\/wp\/v2\/product_brand?post=37045"},{"taxonomy":"product_cat","embeddable":true,"href":"https:\/\/comprasyconsejos.store\/en\/wp-json\/wp\/v2\/product_cat?post=37045"},{"taxonomy":"product_tag","embeddable":true,"href":"https:\/\/comprasyconsejos.store\/en\/wp-json\/wp\/v2\/product_tag?post=37045"}],"curies":[{"name":"wp","href":"https:\/\/api.w.org\/{rel}","templated":true}]}}